{"id":42,"date":"2015-03-13T08:40:47","date_gmt":"2015-03-13T08:40:47","guid":{"rendered":"http:\/\/blogsaverroes.juntadeandalucia.es\/pre\/ceip\/?page_id=42"},"modified":"2021-12-12T18:36:21","modified_gmt":"2021-12-12T18:36:21","slug":"equipo-directivo","status":"publish","type":"page","link":"https:\/\/blogsaverroes.juntadeandalucia.es\/ceiplainmaculadaelviso\/equipo-directivo\/","title":{"rendered":"Equipo directivo"},"content":{"rendered":"<p>&nbsp;<\/p>\n<p><strong>Direcci\u00f3n:<\/strong><\/p>\n<p>Antonio S\u00e1nchez S\u00e1nchez<\/p>\n<p><strong>Jefatura de estudios:<\/strong><\/p>\n<p>Miguel \u00c1ngel G\u00f3mez Fern\u00e1ndez<\/p>\n<p><strong>Secretar\u00eda:<\/strong><\/p>\n<p>Rosa Mar\u00eda Pozuelo G\u00e1lvez<\/p>\n","protected":false},"excerpt":{"rendered":"<p>&nbsp; Direcci\u00f3n: Antonio S\u00e1nchez S\u00e1nchez Jefatura de estudios: Miguel \u00c1ngel G\u00f3mez Fern\u00e1ndez Secretar\u00eda: Rosa Mar\u00eda Pozuelo G\u00e1lvez<\/p>\n","protected":false},"author":1,"featured_media":0,"parent":0,"menu_order":0,"comment_status":"closed","ping_status":"open","template":"","meta":{"ngg_post_thumbnail":0,"footnotes":"","_mc_calendar":[]},"aioseo_notices":[],"_links":{"self":[{"href":"https:\/\/blogsaverroes.juntadeandalucia.es\/ceiplainmaculadaelviso\/wp-json\/wp\/v2\/pages\/42"}],"collection":[{"href":"https:\/\/blogsaverroes.juntadeandalucia.es\/ceiplainmaculadaelviso\/wp-json\/wp\/v2\/pages"}],"about":[{"href":"https:\/\/blogsaverroes.juntadeandalucia.es\/ceiplainmaculadaelviso\/wp-json\/wp\/v2\/types\/page"}],"author":[{"embeddable":true,"href":"https:\/\/blogsaverroes.juntadeandalucia.es\/ceiplainmaculadaelviso\/wp-json\/wp\/v2\/users\/1"}],"replies":[{"embeddable":true,"href":"https:\/\/blogsaverroes.juntadeandalucia.es\/ceiplainmaculadaelviso\/wp-json\/wp\/v2\/comments?post=42"}],"version-history":[{"count":6,"href":"https:\/\/blogsaverroes.juntadeandalucia.es\/ceiplainmaculadaelviso\/wp-json\/wp\/v2\/pages\/42\/revisions"}],"predecessor-version":[{"id":2717,"href":"https:\/\/blogsaverroes.juntadeandalucia.es\/ceiplainmaculadaelviso\/wp-json\/wp\/v2\/pages\/42\/revisions\/2717"}],"wp:attachment":[{"href":"https:\/\/blogsaverroes.juntadeandalucia.es\/ceiplainmaculadaelviso\/wp-json\/wp\/v2\/media?parent=42"}],"curies":[{"name":"wp","href":"https:\/\/api.w.org\/{rel}","templated":true}]}}