{"id":44,"date":"2015-03-13T08:42:15","date_gmt":"2015-03-13T08:42:15","guid":{"rendered":"http:\/\/blogsaverroes.juntadeandalucia.es\/pre\/ceip\/?page_id=44"},"modified":"2020-12-02T19:50:51","modified_gmt":"2020-12-02T19:50:51","slug":"planes-y-proyectos","status":"publish","type":"page","link":"https:\/\/blogsaverroes.juntadeandalucia.es\/ceiplainmaculadaelviso\/planes-y-proyectos\/","title":{"rendered":"Planes y Programas"},"content":{"rendered":"<p><img loading=\"lazy\" decoding=\"async\" class=\"alignnone size-medium wp-image-1667\" src=\"https:\/\/blogsaverroes.juntadeandalucia.es\/ceiplainmaculadaelviso\/files\/2015\/03\/planes-300x150.png\" alt=\"planes\" width=\"300\" height=\"150\" srcset=\"https:\/\/blogsaverroes.juntadeandalucia.es\/ceiplainmaculadaelviso\/files\/2015\/03\/planes-300x150.png 300w, https:\/\/blogsaverroes.juntadeandalucia.es\/ceiplainmaculadaelviso\/files\/2015\/03\/planes.png 640w\" sizes=\"(max-width: 300px) 100vw, 300px\" \/><\/p>\n<p>Los <strong>Planes y Programas<\/strong> promovidos desde la Consejer\u00eda de Educaci\u00f3n, Cultura y Deporte, desarrollados por el centro son los siguientes:<\/p>\n<p><a href=\"https:\/\/blogsaverroes.juntadeandalucia.es\/ceiplainmaculadaelviso\/files\/2020\/11\/PLAN-DE-ACTUACI\u00d3N-CRECIENDO-EN-SALUD.pdf\">PLAN DE ACTUACI\u00d3N CRECIENDO EN SALUD<\/a><\/p>\n<p><a href=\"https:\/\/blogsaverroes.juntadeandalucia.es\/ceiplainmaculadaelviso\/files\/2020\/11\/PLNA-DE-ACTUACI\u00d3N-COMUNICA.pdf\">PLAN DE ACTUACI\u00d3N COMUNICA<\/a><\/p>\n<p><a href=\"https:\/\/blogsaverroes.juntadeandalucia.es\/ceiplainmaculadaelviso\/files\/2020\/12\/ESCUELA-ESPACIO-DE-PAZ.pdf\">ESCUELA ESPACIO DE PAZ<\/a><\/p>\n","protected":false},"excerpt":{"rendered":"<p>Los Planes y Programas promovidos desde la Consejer\u00eda de Educaci\u00f3n, Cultura y Deporte, desarrollados por el centro son los siguientes: PLAN DE ACTUACI\u00d3N CRECIENDO EN SALUD PLAN DE ACTUACI\u00d3N COMUNICA ESCUELA ESPACIO DE PAZ<\/p>\n","protected":false},"author":1,"featured_media":0,"parent":0,"menu_order":0,"comment_status":"closed","ping_status":"closed","template":"page-cs.php","meta":{"ngg_post_thumbnail":0,"footnotes":"","_mc_calendar":[]},"aioseo_notices":[],"_links":{"self":[{"href":"https:\/\/blogsaverroes.juntadeandalucia.es\/ceiplainmaculadaelviso\/wp-json\/wp\/v2\/pages\/44"}],"collection":[{"href":"https:\/\/blogsaverroes.juntadeandalucia.es\/ceiplainmaculadaelviso\/wp-json\/wp\/v2\/pages"}],"about":[{"href":"https:\/\/blogsaverroes.juntadeandalucia.es\/ceiplainmaculadaelviso\/wp-json\/wp\/v2\/types\/page"}],"author":[{"embeddable":true,"href":"https:\/\/blogsaverroes.juntadeandalucia.es\/ceiplainmaculadaelviso\/wp-json\/wp\/v2\/users\/1"}],"replies":[{"embeddable":true,"href":"https:\/\/blogsaverroes.juntadeandalucia.es\/ceiplainmaculadaelviso\/wp-json\/wp\/v2\/comments?post=44"}],"version-history":[{"count":8,"href":"https:\/\/blogsaverroes.juntadeandalucia.es\/ceiplainmaculadaelviso\/wp-json\/wp\/v2\/pages\/44\/revisions"}],"predecessor-version":[{"id":2393,"href":"https:\/\/blogsaverroes.juntadeandalucia.es\/ceiplainmaculadaelviso\/wp-json\/wp\/v2\/pages\/44\/revisions\/2393"}],"wp:attachment":[{"href":"https:\/\/blogsaverroes.juntadeandalucia.es\/ceiplainmaculadaelviso\/wp-json\/wp\/v2\/media?parent=44"}],"curies":[{"name":"wp","href":"https:\/\/api.w.org\/{rel}","templated":true}]}}