{"id":77,"date":"2015-03-16T06:54:56","date_gmt":"2015-03-16T06:54:56","guid":{"rendered":"http:\/\/blogsaverroes.juntadeandalucia.es\/pre\/ceip\/?page_id=77"},"modified":"2020-10-26T12:53:51","modified_gmt":"2020-10-26T12:53:51","slug":"secretaria","status":"publish","type":"page","link":"https:\/\/blogsaverroes.juntadeandalucia.es\/ceiplainmaculadaelviso\/secretaria\/","title":{"rendered":"Secretar\u00eda"},"content":{"rendered":"<p>El horario de secretar\u00eda es de 9 a 14:00 horas, de lunes a viernes previa petici\u00f3n de cita.<\/p>\n<p>Se atender\u00e1n entre otras cosas, admisiones, matr\u00edculas, certificados, etc.<\/p>\n","protected":false},"excerpt":{"rendered":"<p>El horario de secretar\u00eda es de 9 a 14:00 horas, de lunes a viernes previa petici\u00f3n de cita. Se atender\u00e1n entre otras cosas, admisiones, matr\u00edculas, certificados, etc.<\/p>\n","protected":false},"author":1,"featured_media":0,"parent":0,"menu_order":0,"comment_status":"closed","ping_status":"open","template":"page-cs.php","meta":{"ngg_post_thumbnail":0,"footnotes":"","_mc_calendar":[]},"aioseo_notices":[],"_links":{"self":[{"href":"https:\/\/blogsaverroes.juntadeandalucia.es\/ceiplainmaculadaelviso\/wp-json\/wp\/v2\/pages\/77"}],"collection":[{"href":"https:\/\/blogsaverroes.juntadeandalucia.es\/ceiplainmaculadaelviso\/wp-json\/wp\/v2\/pages"}],"about":[{"href":"https:\/\/blogsaverroes.juntadeandalucia.es\/ceiplainmaculadaelviso\/wp-json\/wp\/v2\/types\/page"}],"author":[{"embeddable":true,"href":"https:\/\/blogsaverroes.juntadeandalucia.es\/ceiplainmaculadaelviso\/wp-json\/wp\/v2\/users\/1"}],"replies":[{"embeddable":true,"href":"https:\/\/blogsaverroes.juntadeandalucia.es\/ceiplainmaculadaelviso\/wp-json\/wp\/v2\/comments?post=77"}],"version-history":[{"count":6,"href":"https:\/\/blogsaverroes.juntadeandalucia.es\/ceiplainmaculadaelviso\/wp-json\/wp\/v2\/pages\/77\/revisions"}],"predecessor-version":[{"id":2244,"href":"https:\/\/blogsaverroes.juntadeandalucia.es\/ceiplainmaculadaelviso\/wp-json\/wp\/v2\/pages\/77\/revisions\/2244"}],"wp:attachment":[{"href":"https:\/\/blogsaverroes.juntadeandalucia.es\/ceiplainmaculadaelviso\/wp-json\/wp\/v2\/media?parent=77"}],"curies":[{"name":"wp","href":"https:\/\/api.w.org\/{rel}","templated":true}]}}