{"id":1106,"date":"2024-10-17T08:27:36","date_gmt":"2024-10-17T07:27:36","guid":{"rendered":"https:\/\/blogsaverroes.juntadeandalucia.es\/ceiplajarilla\/?page_id=1106"},"modified":"2024-12-15T21:27:44","modified_gmt":"2024-12-15T20:27:44","slug":"plan-de-centro","status":"publish","type":"page","link":"https:\/\/blogsaverroes.juntadeandalucia.es\/ceiplajarilla\/plan-de-centro\/","title":{"rendered":"Plan de Centro"},"content":{"rendered":"<p>[et_pb_section fb_built=&#8221;1&#8243; _builder_version=&#8221;4.16&#8243; global_colors_info=&#8221;{}&#8221;][et_pb_row _builder_version=&#8221;4.16&#8243; background_size=&#8221;initial&#8221; background_position=&#8221;top_left&#8221; background_repeat=&#8221;repeat&#8221; global_colors_info=&#8221;{}&#8221;][et_pb_column type=&#8221;4_4&#8243; _builder_version=&#8221;4.16&#8243; custom_padding=&#8221;|||&#8221; global_colors_info=&#8221;{}&#8221; custom_padding__hover=&#8221;|||&#8221;][et_pb_image src=&#8221;https:\/\/blogsaverroes.juntadeandalucia.es\/ceiplajarilla\/files\/2024\/10\/Plan-de-centro.jpeg&#8221; title_text=&#8221;Plan de centro&#8221; align=&#8221;center&#8221; _builder_version=&#8221;4.24.2&#8243; _module_preset=&#8221;default&#8221; border_width_all=&#8221;1px&#8221; border_color_all=&#8221;#000000&#8243; box_shadow_style=&#8221;preset4&#8243; global_colors_info=&#8221;{}&#8221;][\/et_pb_image][et_pb_text admin_label=&#8221;Texto&#8221; _builder_version=&#8221;4.24.2&#8243; background_size=&#8221;initial&#8221; background_position=&#8221;top_left&#8221; background_repeat=&#8221;repeat&#8221; hover_enabled=&#8221;0&#8243; global_colors_info=&#8221;{}&#8221; sticky_enabled=&#8221;0&#8243;]<\/p>\n<p>&nbsp;<\/p>\n<p>El Plan de Centro del CEIP La Jarilla est\u00e1 integrado por el Proyecto Educativo, Reglamento de Organizaci\u00f3n y Funcionamiento; y el Proyecto de Gesti\u00f3n:<\/p>\n<p><a href=\"https:\/\/blogsaverroes.juntadeandalucia.es\/ceiplajarilla\/files\/2024\/12\/1.-PLAN-DE-CENTRO-24-25.pdf\" target=\"_blank\" rel=\"noopener\">1. PLAN DE CENTRO 24\/25<\/a><\/p>\n<p><a href=\"https:\/\/blogsaverroes.juntadeandalucia.es\/ceiplajarilla\/files\/2024\/12\/2.-PLAN-DE-ATT-DIVERSIDAD-24-25.pdf\" target=\"_blank\" rel=\"noopener\">2. PLAN DE ATENCI\u00d3N A LA DIVERSIDAD<\/a><\/p>\n<p><a href=\"https:\/\/blogsaverroes.juntadeandalucia.es\/ceiplajarilla\/files\/2024\/12\/3.-PLAN-DE-CONVIVENCIA-24-25.pdf\" target=\"_blank\" rel=\"noopener\">3. PLAN DE CONVIVENCIA<\/a><\/p>\n<p><a href=\"https:\/\/blogsaverroes.juntadeandalucia.es\/ceiplajarilla\/files\/2024\/12\/4_CRITERIOS_Y_PROCEDIMIENTOS_PARA_LA_EVALUACION_Y_PROMOCION_DEL.pdf\" target=\"_blank\" rel=\"noopener\">4. CRITERIOS Y PROCEDIMIENTOS PARA LA EVALUACI\u00d3N Y PROMOCI\u00d3N<\/a><\/p>\n<p><a href=\"https:\/\/blogsaverroes.juntadeandalucia.es\/ceiplajarilla\/files\/2024\/12\/5.-POAT.pdf\" target=\"_blank\" rel=\"noopener\">5. PLAN ORIENTACI\u00d3N Y ACCI\u00d3N TUTORIAL \u2013 POAT<\/a><\/p>\n<p><a href=\"https:\/\/blogsaverroes.juntadeandalucia.es\/ceiplajarilla\/files\/2024\/12\/6.-PROYECTO-PAZ-24-25.pdf\" target=\"_blank\" rel=\"noopener\">6. PROYECTO DE PAZ<\/a><\/p>\n<p><a href=\"https:\/\/blogsaverroes.juntadeandalucia.es\/ceiplajarilla\/files\/2024\/12\/7.-PROYECTO-HUERTO-24-25.pdf\" target=\"_blank\" rel=\"noopener\">7. PROYECTO HUERTO ESCOLAR<\/a><\/p>\n<p><a href=\"https:\/\/blogsaverroes.juntadeandalucia.es\/ceiplajarilla\/files\/2024\/12\/8.-Guia-TIC-24-25.pdf\" target=\"_blank\" rel=\"noopener\">8. GU\u00cdA TIC<\/a><\/p>\n<p><a href=\"https:\/\/blogsaverroes.juntadeandalucia.es\/ceiplajarilla\/files\/2024\/12\/9.-PLAN-RAZONAMIENTO-MATEMATICO.pdf\" target=\"_blank\" rel=\"noopener\">9. PLAN DE RAZONAMIENTO MATEM\u00c1TICO<\/a><\/p>\n<p><a href=\"https:\/\/blogsaverroes.juntadeandalucia.es\/ceiplajarilla\/files\/2024\/12\/10.-CIMA-24-25.pdf\" target=\"_blank\" rel=\"noopener\">10. PROGRAMA PARA LA INNOVACI\u00d3N Y MEJORA DEL APRENDIZAJE &#8211; CIMA<\/a><\/p>\n<p>11. PLAN DE BIBLIOTECA<\/p>\n<p><a href=\"https:\/\/blogsaverroes.juntadeandalucia.es\/ceiplajarilla\/files\/2024\/12\/12.-PLC-24-25.pdf\" target=\"_blank\" rel=\"noopener\">12. PROYECTO LING\u00dc\u00cdSTICO DE CENTRO &#8211; PLC<\/a><\/p>\n<p><a href=\"https:\/\/blogsaverroes.juntadeandalucia.es\/ceiplajarilla\/files\/2024\/12\/13.-PROGRAMA-ERASMUS-23-24-copia.pdf\" target=\"_blank\" rel=\"noopener\">13. PROGRAMA ERASMUS+<\/a><\/p>\n<p><a href=\"https:\/\/blogsaverroes.juntadeandalucia.es\/ceiplajarilla\/files\/2024\/12\/14.-PAE.pdf\" target=\"_blank\" rel=\"noopener\">14. PLAN DE SALUD LABORAL Y PREVENCI\u00d3N DE RIESGOS &#8211; PAE<\/a><\/p>\n<p><a href=\"https:\/\/blogsaverroes.juntadeandalucia.es\/ceiplajarilla\/files\/2024\/12\/15.-ROF-24-25.pdf\" target=\"_blank\" rel=\"noopener\">15. REGLAMENTO DE ORGANIZACI\u00d3N Y FUNCIONAMIENTO &#8211; ROF<\/a><\/p>\n<p>[\/et_pb_text][\/et_pb_column][\/et_pb_row][\/et_pb_section]<\/p>\n","protected":false},"excerpt":{"rendered":"<p>&nbsp; El Plan de Centro del CEIP La Jarilla est\u00e1 integrado por el Proyecto Educativo, Reglamento de Organizaci\u00f3n y Funcionamiento; y el Proyecto de Gesti\u00f3n: 1. PLAN DE CENTRO 24\/25 2. PLAN DE ATENCI\u00d3N A LA DIVERSIDAD 3. PLAN DE CONVIVENCIA 4. CRITERIOS Y PROCEDIMIENTOS PARA LA EVALUACI\u00d3N Y PROMOCI\u00d3N 5. PLAN ORIENTACI\u00d3N Y ACCI\u00d3N [&hellip;]<\/p>\n","protected":false},"author":19962,"featured_media":0,"parent":0,"menu_order":0,"comment_status":"closed","ping_status":"closed","template":"","meta":{"_et_pb_use_builder":"on","_et_pb_old_content":"<p><img class=\"size-medium wp-image-1179 aligncenter\" src=\"https:\/\/blogsaverroes.juntadeandalucia.es\/ceiplajarilla\/files\/2024\/10\/Plan-de-centro-300x93.jpeg\" alt=\"\" width=\"300\" height=\"93\"><\/p><p>El Plan de Centro del CEIP La Jarilla est\u00e1 integrado por el Proyecto Educativo, Reglamento de Organizaci\u00f3n y Funcionamiento; y el Proyecto de Gesti\u00f3n:<\/p><p><a href=\"https:\/\/blogsaverroes.juntadeandalucia.es\/ceiplajarilla\/files\/2024\/10\/1Plan-de-Centro23-24.pdf\" target=\"_blank\" rel=\"noopener\">1. PLAN DE CENTRO 23\/24<\/a><\/p><p><a href=\"https:\/\/blogsaverroes.juntadeandalucia.es\/ceiplajarilla\/files\/2024\/10\/2.PADiversidad.pdf\" target=\"_blank\" rel=\"noopener\">2. PLAN DE ATENCI\u00d3N A LA DIVERSIDAD<\/a><\/p><p><a href=\"https:\/\/blogsaverroes.juntadeandalucia.es\/ceiplajarilla\/files\/2024\/10\/3.Plan-Convivencia.pdf\" target=\"_blank\" rel=\"noopener\">3. PLAN DE CONVIVENCIA<\/a><\/p><p><a href=\"https:\/\/blogsaverroes.juntadeandalucia.es\/ceiplajarilla\/files\/2024\/10\/4.Criterios-Evaluacion-alumnado.pdf\" target=\"_blank\" rel=\"noopener\">4. CRITERIOS Y PROCEDIMIENTOS PARA LA EVALUACI\u00d3N Y PROMOCI\u00d3N<\/a><\/p><p><a href=\"https:\/\/blogsaverroes.juntadeandalucia.es\/ceiplajarilla\/files\/2024\/10\/5.POAT_.pdf\" target=\"_blank\" rel=\"noopener\">5. PLAN ORIENTACI\u00d3N Y ACCI\u00d3N TUTORIAL \u2013 POAT<\/a><\/p><p><a href=\"https:\/\/blogsaverroes.juntadeandalucia.es\/ceiplajarilla\/files\/2024\/10\/6.EScuela-espacio-Paz.pdf\" target=\"_blank\" rel=\"noopener\">6. PROYECTO DE PAZ<\/a><\/p><p><a href=\"https:\/\/blogsaverroes.juntadeandalucia.es\/ceiplajarilla\/files\/2024\/10\/7.Huerto.pdf\" target=\"_blank\" rel=\"noopener\">7. PROYECTO HUERTO ESCOLAR<\/a><\/p><p><a href=\"8. PROYECTO AJEDREZ\" target=\"_blank\" rel=\"noopener\">8. PROYECTO AJEDREZ<\/a><\/p><p><a href=\"https:\/\/blogsaverroes.juntadeandalucia.es\/ceiplajarilla\/files\/2024\/10\/9.-PROGRAMA-ERASMUS-23-24.pdf\" target=\"_blank\" rel=\"noopener\">9. ERASMUS+<\/a><\/p><p><a href=\"https:\/\/blogsaverroes.juntadeandalucia.es\/ceiplajarilla\/files\/2024\/10\/10.ROF_.pdf\" target=\"_blank\" rel=\"noopener\">10. REGLAMENTO DE ORGANIZACI\u00d3N Y FUNCIONAMIENTO \u2013 ROF<\/a><\/p>","_et_gb_content_width":"","ngg_post_thumbnail":0,"footnotes":""},"aioseo_notices":[],"_links":{"self":[{"href":"https:\/\/blogsaverroes.juntadeandalucia.es\/ceiplajarilla\/wp-json\/wp\/v2\/pages\/1106"}],"collection":[{"href":"https:\/\/blogsaverroes.juntadeandalucia.es\/ceiplajarilla\/wp-json\/wp\/v2\/pages"}],"about":[{"href":"https:\/\/blogsaverroes.juntadeandalucia.es\/ceiplajarilla\/wp-json\/wp\/v2\/types\/page"}],"author":[{"embeddable":true,"href":"https:\/\/blogsaverroes.juntadeandalucia.es\/ceiplajarilla\/wp-json\/wp\/v2\/users\/19962"}],"replies":[{"embeddable":true,"href":"https:\/\/blogsaverroes.juntadeandalucia.es\/ceiplajarilla\/wp-json\/wp\/v2\/comments?post=1106"}],"version-history":[{"count":10,"href":"https:\/\/blogsaverroes.juntadeandalucia.es\/ceiplajarilla\/wp-json\/wp\/v2\/pages\/1106\/revisions"}],"predecessor-version":[{"id":1966,"href":"https:\/\/blogsaverroes.juntadeandalucia.es\/ceiplajarilla\/wp-json\/wp\/v2\/pages\/1106\/revisions\/1966"}],"wp:attachment":[{"href":"https:\/\/blogsaverroes.juntadeandalucia.es\/ceiplajarilla\/wp-json\/wp\/v2\/media?parent=1106"}],"curies":[{"name":"wp","href":"https:\/\/api.w.org\/{rel}","templated":true}]}}