{"id":1192,"date":"2024-10-18T06:32:23","date_gmt":"2024-10-18T05:32:23","guid":{"rendered":"https:\/\/blogsaverroes.juntadeandalucia.es\/ceiplajarilla\/?page_id=1192"},"modified":"2024-10-18T07:03:13","modified_gmt":"2024-10-18T06:03:13","slug":"proyecto-linguistico-de-centro","status":"publish","type":"page","link":"https:\/\/blogsaverroes.juntadeandalucia.es\/ceiplajarilla\/proyecto-linguistico-de-centro\/","title":{"rendered":"Proyecto Ling\u00fc\u00edstico de Centro"},"content":{"rendered":"<p>El Proyecto Ling\u00fc\u00edstico de Centro (PLC) posee como objetivo fundamental impulsar y apoyar la puesta en marcha en los centros educativos de un proyecto global para la mejora de la competencia en comunicaci\u00f3n ling\u00fc\u00edstica en el que participe el profesorado de las distintas \u00e1reas y materias.<\/p>\n<p>Un Proyecto Ling\u00fc\u00edstico de Centro constituye un proyecto ambicioso que debe irse elaborando e implementando de manera progresiva.<\/p>\n<p>El programa PLC es un proyecto de car\u00e1cter plurianual, que se desarrollar\u00e1 en progresi\u00f3n a lo largo de tres cursos acad\u00e9micos.<\/p>\n<p>El Proyecto Ling\u00fc\u00edstico de Centro implica a todo el profesorado y a la comunidad educativa, liderados por el equipo directivo y la persona coordinadora del PLC.<\/p>\n","protected":false},"excerpt":{"rendered":"<p>El Proyecto Ling\u00fc\u00edstico de Centro (PLC) posee como objetivo fundamental impulsar y apoyar la puesta en marcha en los centros educativos de un proyecto global para la mejora de la competencia en comunicaci\u00f3n ling\u00fc\u00edstica en el que participe el profesorado de las distintas \u00e1reas y materias. Un Proyecto Ling\u00fc\u00edstico de Centro constituye un proyecto ambicioso [&hellip;]<\/p>\n","protected":false},"author":19962,"featured_media":0,"parent":0,"menu_order":0,"comment_status":"closed","ping_status":"closed","template":"","meta":{"_et_pb_use_builder":"","_et_pb_old_content":"","_et_gb_content_width":"","ngg_post_thumbnail":0,"footnotes":""},"aioseo_notices":[],"_links":{"self":[{"href":"https:\/\/blogsaverroes.juntadeandalucia.es\/ceiplajarilla\/wp-json\/wp\/v2\/pages\/1192"}],"collection":[{"href":"https:\/\/blogsaverroes.juntadeandalucia.es\/ceiplajarilla\/wp-json\/wp\/v2\/pages"}],"about":[{"href":"https:\/\/blogsaverroes.juntadeandalucia.es\/ceiplajarilla\/wp-json\/wp\/v2\/types\/page"}],"author":[{"embeddable":true,"href":"https:\/\/blogsaverroes.juntadeandalucia.es\/ceiplajarilla\/wp-json\/wp\/v2\/users\/19962"}],"replies":[{"embeddable":true,"href":"https:\/\/blogsaverroes.juntadeandalucia.es\/ceiplajarilla\/wp-json\/wp\/v2\/comments?post=1192"}],"version-history":[{"count":2,"href":"https:\/\/blogsaverroes.juntadeandalucia.es\/ceiplajarilla\/wp-json\/wp\/v2\/pages\/1192\/revisions"}],"predecessor-version":[{"id":1242,"href":"https:\/\/blogsaverroes.juntadeandalucia.es\/ceiplajarilla\/wp-json\/wp\/v2\/pages\/1192\/revisions\/1242"}],"wp:attachment":[{"href":"https:\/\/blogsaverroes.juntadeandalucia.es\/ceiplajarilla\/wp-json\/wp\/v2\/media?parent=1192"}],"curies":[{"name":"wp","href":"https:\/\/api.w.org\/{rel}","templated":true}]}}