{"id":1194,"date":"2024-10-18T06:33:27","date_gmt":"2024-10-18T05:33:27","guid":{"rendered":"https:\/\/blogsaverroes.juntadeandalucia.es\/ceiplajarilla\/?page_id=1194"},"modified":"2024-10-21T15:20:46","modified_gmt":"2024-10-21T14:20:46","slug":"plan-de-igualdad","status":"publish","type":"page","link":"https:\/\/blogsaverroes.juntadeandalucia.es\/ceiplajarilla\/plan-de-igualdad\/","title":{"rendered":"Plan de Igualdad"},"content":{"rendered":"<p>[et_pb_section fb_built=&#8221;1&#8243; _builder_version=&#8221;4.16&#8243; global_colors_info=&#8221;{}&#8221;][et_pb_row _builder_version=&#8221;4.16&#8243; background_size=&#8221;initial&#8221; background_position=&#8221;top_left&#8221; background_repeat=&#8221;repeat&#8221; global_colors_info=&#8221;{}&#8221;][et_pb_column type=&#8221;4_4&#8243; _builder_version=&#8221;4.16&#8243; custom_padding=&#8221;|||&#8221; global_colors_info=&#8221;{}&#8221; custom_padding__hover=&#8221;|||&#8221;][et_pb_text _builder_version=&#8221;4.24.2&#8243; background_size=&#8221;initial&#8221; background_position=&#8221;top_left&#8221; background_repeat=&#8221;repeat&#8221; hover_enabled=&#8221;0&#8243; global_colors_info=&#8221;{}&#8221; sticky_enabled=&#8221;0&#8243;]<\/p>\n<p style=\"text-align: center\"><strong><span style=\"font-size: 36pt\">PLAN DE IGUALDAD<\/span><\/strong><\/p>\n<p>[\/et_pb_text][et_pb_image src=&#8221;https:\/\/blogsaverroes.juntadeandalucia.es\/ceiplajarilla\/files\/2024\/10\/Plan-de-Igualdad.png&#8221; title_text=&#8221;Plan-de-Igualdad&#8221; align=&#8221;center&#8221; _builder_version=&#8221;4.24.2&#8243; _module_preset=&#8221;default&#8221; custom_margin=&#8221;||3px||false|false&#8221; border_width_all=&#8221;2px&#8221; border_color_all=&#8221;#8300E9&#8243; box_shadow_style=&#8221;preset6&#8243; global_colors_info=&#8221;{}&#8221;][\/et_pb_image][et_pb_text _builder_version=&#8221;4.16&#8243; background_size=&#8221;initial&#8221; background_position=&#8221;top_left&#8221; background_repeat=&#8221;repeat&#8221; global_colors_info=&#8221;{}&#8221;]&nbsp;<\/p>\n<p>&nbsp;<\/p>\n<p>La educaci\u00f3n integral de las personas implica la adquisici\u00f3n de un conjunto de capacidades b\u00e1sicas de tipo cognitivo, emocional y \u00e9tico. Esto supone que a la necesidad incuestionable de educar en habilidades y conocimientos se a\u00f1ade la de educar para una mejor calidad de vida y para dotar a esta de sentido moral.<\/p>\n<p>El sistema educativo debe hacerse cargo de crear las condiciones necesarias para que la escuela potencie los aprendizajes para la vida afectiva e incorpore el valor y la riqueza que supone la diversidad de modos de ser hombre y de ser mujer que son el sustrato imprescindible para establecer unas relaciones basadas en la equidad, el respeto y la corresponsabilidad.<\/p>\n<p>El colegio trabaja para dar la m\u00e1xima normalidad a las actuaciones de la vida cotidiana independientemente de los estereotipos sexuales de los protagonistas, evitando las situaciones de desigualdad en todas las tareas y momentos del horario escolar, y desarrollando la consolidaci\u00f3n de esta forma de vida para la etapa adulta.<br \/>\n[\/et_pb_text][\/et_pb_column][\/et_pb_row][\/et_pb_section]<\/p>\n","protected":false},"excerpt":{"rendered":"<p>PLAN DE IGUALDAD&nbsp; &nbsp; La educaci\u00f3n integral de las personas implica la adquisici\u00f3n de un conjunto de capacidades b\u00e1sicas de tipo cognitivo, emocional y \u00e9tico. Esto supone que a la necesidad incuestionable de educar en habilidades y conocimientos se a\u00f1ade la de educar para una mejor calidad de vida y para dotar a esta de [&hellip;]<\/p>\n","protected":false},"author":19962,"featured_media":0,"parent":0,"menu_order":0,"comment_status":"closed","ping_status":"closed","template":"","meta":{"_et_pb_use_builder":"on","_et_pb_old_content":"<p>\u00a0<\/p><p>\u00a0<\/p><p>La educaci\u00f3n integral de las personas implica la adquisici\u00f3n de un conjunto de capacidades b\u00e1sicas de tipo cognitivo, emocional y \u00e9tico. Esto supone que a la necesidad incuestionable de educar en habilidades y conocimientos se a\u00f1ade la de educar para una mejor calidad de vida y para dotar a esta de sentido moral.<\/p><p>El sistema educativo debe hacerse cargo de crear las condiciones necesarias para que la escuela potencie los aprendizajes para la vida afectiva e incorpore el valor y la riqueza que supone la diversidad de modos de ser hombre y de ser mujer que son el sustrato imprescindible para establecer unas relaciones basadas en la equidad, el respeto y la corresponsabilidad.<\/p><p>El colegio trabaja para dar la m\u00e1xima normalidad a las actuaciones de la vida cotidiana independientemente de los estereotipos sexuales de los protagonistas, evitando las situaciones de desigualdad en todas las tareas y momentos del horario escolar, y desarrollando la consolidaci\u00f3n de esta forma de vida para la etapa adulta.<\/p>","_et_gb_content_width":"","ngg_post_thumbnail":0,"footnotes":""},"aioseo_notices":[],"_links":{"self":[{"href":"https:\/\/blogsaverroes.juntadeandalucia.es\/ceiplajarilla\/wp-json\/wp\/v2\/pages\/1194"}],"collection":[{"href":"https:\/\/blogsaverroes.juntadeandalucia.es\/ceiplajarilla\/wp-json\/wp\/v2\/pages"}],"about":[{"href":"https:\/\/blogsaverroes.juntadeandalucia.es\/ceiplajarilla\/wp-json\/wp\/v2\/types\/page"}],"author":[{"embeddable":true,"href":"https:\/\/blogsaverroes.juntadeandalucia.es\/ceiplajarilla\/wp-json\/wp\/v2\/users\/19962"}],"replies":[{"embeddable":true,"href":"https:\/\/blogsaverroes.juntadeandalucia.es\/ceiplajarilla\/wp-json\/wp\/v2\/comments?post=1194"}],"version-history":[{"count":4,"href":"https:\/\/blogsaverroes.juntadeandalucia.es\/ceiplajarilla\/wp-json\/wp\/v2\/pages\/1194\/revisions"}],"predecessor-version":[{"id":1393,"href":"https:\/\/blogsaverroes.juntadeandalucia.es\/ceiplajarilla\/wp-json\/wp\/v2\/pages\/1194\/revisions\/1393"}],"wp:attachment":[{"href":"https:\/\/blogsaverroes.juntadeandalucia.es\/ceiplajarilla\/wp-json\/wp\/v2\/media?parent=1194"}],"curies":[{"name":"wp","href":"https:\/\/api.w.org\/{rel}","templated":true}]}}