{"id":1196,"date":"2024-10-18T06:34:03","date_gmt":"2024-10-18T05:34:03","guid":{"rendered":"https:\/\/blogsaverroes.juntadeandalucia.es\/ceiplajarilla\/?page_id=1196"},"modified":"2024-10-18T06:52:39","modified_gmt":"2024-10-18T05:52:39","slug":"plan-de-apertura-de-centro","status":"publish","type":"page","link":"https:\/\/blogsaverroes.juntadeandalucia.es\/ceiplajarilla\/plan-de-apertura-de-centro\/","title":{"rendered":"Plan de apertura de centro"},"content":{"rendered":"<p>Este plan, com\u00fan a todos los centros p\u00fablicos andaluces, pretende el establecimiento de opciones de conciliaci\u00f3n de la vida familiar y escolar. Para ello se ponen a disposici\u00f3n de las personas que lo necesiten los servicios de Aula Matinal, Comedor escolar y Actividades Extraescolares por la tarde, de 16:00 a 18:00 horas.<\/p>\n","protected":false},"excerpt":{"rendered":"<p>Este plan, com\u00fan a todos los centros p\u00fablicos andaluces, pretende el establecimiento de opciones de conciliaci\u00f3n de la vida familiar y escolar. Para ello se ponen a disposici\u00f3n de las personas que lo necesiten los servicios de Aula Matinal, Comedor escolar y Actividades Extraescolares por la tarde, de 16:00 a 18:00 horas.<\/p>\n","protected":false},"author":19962,"featured_media":0,"parent":0,"menu_order":0,"comment_status":"closed","ping_status":"closed","template":"","meta":{"_et_pb_use_builder":"","_et_pb_old_content":"","_et_gb_content_width":"","ngg_post_thumbnail":0,"footnotes":""},"aioseo_notices":[],"_links":{"self":[{"href":"https:\/\/blogsaverroes.juntadeandalucia.es\/ceiplajarilla\/wp-json\/wp\/v2\/pages\/1196"}],"collection":[{"href":"https:\/\/blogsaverroes.juntadeandalucia.es\/ceiplajarilla\/wp-json\/wp\/v2\/pages"}],"about":[{"href":"https:\/\/blogsaverroes.juntadeandalucia.es\/ceiplajarilla\/wp-json\/wp\/v2\/types\/page"}],"author":[{"embeddable":true,"href":"https:\/\/blogsaverroes.juntadeandalucia.es\/ceiplajarilla\/wp-json\/wp\/v2\/users\/19962"}],"replies":[{"embeddable":true,"href":"https:\/\/blogsaverroes.juntadeandalucia.es\/ceiplajarilla\/wp-json\/wp\/v2\/comments?post=1196"}],"version-history":[{"count":2,"href":"https:\/\/blogsaverroes.juntadeandalucia.es\/ceiplajarilla\/wp-json\/wp\/v2\/pages\/1196\/revisions"}],"predecessor-version":[{"id":1229,"href":"https:\/\/blogsaverroes.juntadeandalucia.es\/ceiplajarilla\/wp-json\/wp\/v2\/pages\/1196\/revisions\/1229"}],"wp:attachment":[{"href":"https:\/\/blogsaverroes.juntadeandalucia.es\/ceiplajarilla\/wp-json\/wp\/v2\/media?parent=1196"}],"curies":[{"name":"wp","href":"https:\/\/api.w.org\/{rel}","templated":true}]}}