{"id":1198,"date":"2024-10-18T06:34:35","date_gmt":"2024-10-18T05:34:35","guid":{"rendered":"https:\/\/blogsaverroes.juntadeandalucia.es\/ceiplajarilla\/?page_id=1198"},"modified":"2025-09-28T10:40:12","modified_gmt":"2025-09-28T09:40:12","slug":"transformacion-digital-educativa","status":"publish","type":"page","link":"https:\/\/blogsaverroes.juntadeandalucia.es\/ceiplajarilla\/transformacion-digital-educativa\/","title":{"rendered":"Transformaci\u00f3n digital educativa"},"content":{"rendered":"<p>Desde el plan de Transformaci\u00f3n Digital Educativa (TDE), se realizan multitud de acciones a lo largo del curso con el fin de mejorar la competencia digital en el alumnado y profesorado.<\/p>\n<p>Para el curso 2025\/26 se participa en &#8220;C\u00f3digo Escuela 4.0&#8221;, es un programa nacional del Ministerio de Educaci\u00f3n para implantar el pensamiento computacional, la rob\u00f3tica y la programaci\u00f3n en centros p\u00fablicos de Infantil, Primaria y ESO,<span style=\"color: #000000\">&nbsp;<\/span><span data-huuid=\"11183724080854565880\">implementado en Andaluc\u00eda bajo la cooperaci\u00f3n territorial entre el gobierno central y la Consejer\u00eda de Desarrollo Educativo y Formaci\u00f3n Profesional de la Junta.&nbsp;<\/span><span data-huuid=\"11183724080854567529\">A nivel auton\u00f3mico, su implementaci\u00f3n en Andaluc\u00eda se concreta en la normativa y en el apoyo a trav\u00e9s de la&nbsp;red de Asesor\u00edas T\u00e9cnicas de Innovaci\u00f3n&nbsp;y la formaci\u00f3n al profesorado, con el objetivo de fomentar vocaciones digitales y reducir la brecha de g\u00e9nero.<span class=\"pjBG2e\" data-cid=\"2925b86d-6ba0-41e1-b3a9-1bfb2f0dc010\"><span class=\"UV3uM\">&nbsp;<\/span><\/span><\/span><\/p>\n<p><a href=\"https:\/\/youtu.be\/i91zunzGaro\">Tutorial&nbsp;<\/a>para el manejo en casa de los ordenadores port\u00e1tiles Educandos.<\/p>\n<p>&nbsp;<\/p>\n","protected":false},"excerpt":{"rendered":"<p>Desde el plan de Transformaci\u00f3n Digital Educativa (TDE), se realizan multitud de acciones a lo largo del curso con el fin de mejorar la competencia digital en el alumnado y profesorado. Para el curso 2025\/26 se participa en &#8220;C\u00f3digo Escuela 4.0&#8221;, es un programa nacional del Ministerio de Educaci\u00f3n para implantar el pensamiento computacional, la [&hellip;]<\/p>\n","protected":false},"author":19962,"featured_media":0,"parent":0,"menu_order":0,"comment_status":"closed","ping_status":"closed","template":"","meta":{"_et_pb_use_builder":"","_et_pb_old_content":"","_et_gb_content_width":"","ngg_post_thumbnail":0,"footnotes":""},"aioseo_notices":[],"_links":{"self":[{"href":"https:\/\/blogsaverroes.juntadeandalucia.es\/ceiplajarilla\/wp-json\/wp\/v2\/pages\/1198"}],"collection":[{"href":"https:\/\/blogsaverroes.juntadeandalucia.es\/ceiplajarilla\/wp-json\/wp\/v2\/pages"}],"about":[{"href":"https:\/\/blogsaverroes.juntadeandalucia.es\/ceiplajarilla\/wp-json\/wp\/v2\/types\/page"}],"author":[{"embeddable":true,"href":"https:\/\/blogsaverroes.juntadeandalucia.es\/ceiplajarilla\/wp-json\/wp\/v2\/users\/19962"}],"replies":[{"embeddable":true,"href":"https:\/\/blogsaverroes.juntadeandalucia.es\/ceiplajarilla\/wp-json\/wp\/v2\/comments?post=1198"}],"version-history":[{"count":4,"href":"https:\/\/blogsaverroes.juntadeandalucia.es\/ceiplajarilla\/wp-json\/wp\/v2\/pages\/1198\/revisions"}],"predecessor-version":[{"id":2159,"href":"https:\/\/blogsaverroes.juntadeandalucia.es\/ceiplajarilla\/wp-json\/wp\/v2\/pages\/1198\/revisions\/2159"}],"wp:attachment":[{"href":"https:\/\/blogsaverroes.juntadeandalucia.es\/ceiplajarilla\/wp-json\/wp\/v2\/media?parent=1198"}],"curies":[{"name":"wp","href":"https:\/\/api.w.org\/{rel}","templated":true}]}}