{"id":1200,"date":"2024-10-18T06:35:15","date_gmt":"2024-10-18T05:35:15","guid":{"rendered":"https:\/\/blogsaverroes.juntadeandalucia.es\/ceiplajarilla\/?page_id=1200"},"modified":"2024-10-18T07:02:27","modified_gmt":"2024-10-18T06:02:27","slug":"plan-de-salud-laboral-y-proteccion-de-riesgos-laborales","status":"publish","type":"page","link":"https:\/\/blogsaverroes.juntadeandalucia.es\/ceiplajarilla\/plan-de-salud-laboral-y-proteccion-de-riesgos-laborales\/","title":{"rendered":"Plan de salud laboral y protecci\u00f3n de riesgos laborales"},"content":{"rendered":"<p>Plan, com\u00fan a todos los centros p\u00fablicos de Andaluc\u00eda, que tiene como finalidad implantar la cultura preventiva en la sociedad andaluza e impulsar la gesti\u00f3n de la calidad, integrando la prevenci\u00f3n en todas las decisiones, actividades y niveles jer\u00e1rquicos de la Administraci\u00f3n educativa. Aspectos como la salud, la dotaci\u00f3n y mantenimiento de equipos de protecci\u00f3n, as\u00ed como la formaci\u00f3n de profesorado y alumnado en cuestiones preventivas son primordiales para evitar situaciones de riesgo.<\/p>\n","protected":false},"excerpt":{"rendered":"<p>Plan, com\u00fan a todos los centros p\u00fablicos de Andaluc\u00eda, que tiene como finalidad implantar la cultura preventiva en la sociedad andaluza e impulsar la gesti\u00f3n de la calidad, integrando la prevenci\u00f3n en todas las decisiones, actividades y niveles jer\u00e1rquicos de la Administraci\u00f3n educativa. Aspectos como la salud, la dotaci\u00f3n y mantenimiento de equipos de protecci\u00f3n, [&hellip;]<\/p>\n","protected":false},"author":19962,"featured_media":0,"parent":0,"menu_order":0,"comment_status":"closed","ping_status":"closed","template":"","meta":{"_et_pb_use_builder":"","_et_pb_old_content":"","_et_gb_content_width":"","ngg_post_thumbnail":0,"footnotes":""},"aioseo_notices":[],"_links":{"self":[{"href":"https:\/\/blogsaverroes.juntadeandalucia.es\/ceiplajarilla\/wp-json\/wp\/v2\/pages\/1200"}],"collection":[{"href":"https:\/\/blogsaverroes.juntadeandalucia.es\/ceiplajarilla\/wp-json\/wp\/v2\/pages"}],"about":[{"href":"https:\/\/blogsaverroes.juntadeandalucia.es\/ceiplajarilla\/wp-json\/wp\/v2\/types\/page"}],"author":[{"embeddable":true,"href":"https:\/\/blogsaverroes.juntadeandalucia.es\/ceiplajarilla\/wp-json\/wp\/v2\/users\/19962"}],"replies":[{"embeddable":true,"href":"https:\/\/blogsaverroes.juntadeandalucia.es\/ceiplajarilla\/wp-json\/wp\/v2\/comments?post=1200"}],"version-history":[{"count":2,"href":"https:\/\/blogsaverroes.juntadeandalucia.es\/ceiplajarilla\/wp-json\/wp\/v2\/pages\/1200\/revisions"}],"predecessor-version":[{"id":1241,"href":"https:\/\/blogsaverroes.juntadeandalucia.es\/ceiplajarilla\/wp-json\/wp\/v2\/pages\/1200\/revisions\/1241"}],"wp:attachment":[{"href":"https:\/\/blogsaverroes.juntadeandalucia.es\/ceiplajarilla\/wp-json\/wp\/v2\/media?parent=1200"}],"curies":[{"name":"wp","href":"https:\/\/api.w.org\/{rel}","templated":true}]}}