{"id":1202,"date":"2024-10-18T06:35:53","date_gmt":"2024-10-18T05:35:53","guid":{"rendered":"https:\/\/blogsaverroes.juntadeandalucia.es\/ceiplajarilla\/?page_id=1202"},"modified":"2024-10-18T06:51:45","modified_gmt":"2024-10-18T05:51:45","slug":"pacto-de-estado-contra-la-violencia-de-genero","status":"publish","type":"page","link":"https:\/\/blogsaverroes.juntadeandalucia.es\/ceiplajarilla\/pacto-de-estado-contra-la-violencia-de-genero\/","title":{"rendered":"Pacto de Estado contra la violencia de g\u00e9nero"},"content":{"rendered":"<p>El Pacto de Estado es una Ley consensuada entre todos los partidos pol\u00edticos, gobierne quien gobierne, cuyo principal objetivo es prevenir situaciones de violencia de g\u00e9nero, a trav\u00e9s de la erradicaci\u00f3n de las relaciones desiguales de poder entre mujeres y hombres, haciendo efectiva la igualdad real.<\/p>\n<p><a href=\"https:\/\/violenciagenero.igualdad.gob.es\/pactoEstado\/docs\/FolletoPEVGcastweb.pdf\">Ley Org\u00e1nica 1\/2004<\/a>.<\/p>\n","protected":false},"excerpt":{"rendered":"<p>El Pacto de Estado es una Ley consensuada entre todos los partidos pol\u00edticos, gobierne quien gobierne, cuyo principal objetivo es prevenir situaciones de violencia de g\u00e9nero, a trav\u00e9s de la erradicaci\u00f3n de las relaciones desiguales de poder entre mujeres y hombres, haciendo efectiva la igualdad real. Ley Org\u00e1nica 1\/2004.<\/p>\n","protected":false},"author":19962,"featured_media":0,"parent":0,"menu_order":0,"comment_status":"closed","ping_status":"closed","template":"","meta":{"_et_pb_use_builder":"","_et_pb_old_content":"","_et_gb_content_width":"","ngg_post_thumbnail":0,"footnotes":""},"aioseo_notices":[],"_links":{"self":[{"href":"https:\/\/blogsaverroes.juntadeandalucia.es\/ceiplajarilla\/wp-json\/wp\/v2\/pages\/1202"}],"collection":[{"href":"https:\/\/blogsaverroes.juntadeandalucia.es\/ceiplajarilla\/wp-json\/wp\/v2\/pages"}],"about":[{"href":"https:\/\/blogsaverroes.juntadeandalucia.es\/ceiplajarilla\/wp-json\/wp\/v2\/types\/page"}],"author":[{"embeddable":true,"href":"https:\/\/blogsaverroes.juntadeandalucia.es\/ceiplajarilla\/wp-json\/wp\/v2\/users\/19962"}],"replies":[{"embeddable":true,"href":"https:\/\/blogsaverroes.juntadeandalucia.es\/ceiplajarilla\/wp-json\/wp\/v2\/comments?post=1202"}],"version-history":[{"count":2,"href":"https:\/\/blogsaverroes.juntadeandalucia.es\/ceiplajarilla\/wp-json\/wp\/v2\/pages\/1202\/revisions"}],"predecessor-version":[{"id":1228,"href":"https:\/\/blogsaverroes.juntadeandalucia.es\/ceiplajarilla\/wp-json\/wp\/v2\/pages\/1202\/revisions\/1228"}],"wp:attachment":[{"href":"https:\/\/blogsaverroes.juntadeandalucia.es\/ceiplajarilla\/wp-json\/wp\/v2\/media?parent=1202"}],"curies":[{"name":"wp","href":"https:\/\/api.w.org\/{rel}","templated":true}]}}