{"id":1204,"date":"2024-10-18T06:36:47","date_gmt":"2024-10-18T05:36:47","guid":{"rendered":"https:\/\/blogsaverroes.juntadeandalucia.es\/ceiplajarilla\/?page_id=1204"},"modified":"2025-09-28T11:15:21","modified_gmt":"2025-09-28T10:15:21","slug":"aulas-verdes-abiertas","status":"publish","type":"page","link":"https:\/\/blogsaverroes.juntadeandalucia.es\/ceiplajarilla\/aulas-verdes-abiertas\/","title":{"rendered":"Aulas verdes abiertas"},"content":{"rendered":"<p><a href=\"https:\/\/blogsaverroes.juntadeandalucia.es\/ceiplajarilla\/files\/2025\/09\/aulas-verdes.jpeg\"><img loading=\"lazy\" decoding=\"async\" class=\"aligncenter size-full wp-image-2164\" src=\"https:\/\/blogsaverroes.juntadeandalucia.es\/ceiplajarilla\/files\/2025\/09\/aulas-verdes.jpeg\" alt=\"\" width=\"400\" height=\"225\" srcset=\"https:\/\/blogsaverroes.juntadeandalucia.es\/ceiplajarilla\/files\/2025\/09\/aulas-verdes.jpeg 400w, https:\/\/blogsaverroes.juntadeandalucia.es\/ceiplajarilla\/files\/2025\/09\/aulas-verdes-300x169.jpeg 300w\" sizes=\"(max-width: 400px) 100vw, 400px\" \/><\/a><\/p>\n<p><span class=\"a_GcMg font-feature-liga-off font-feature-clig-off font-feature-calt-off text-decoration-none text-strikethrough-none\">El Proyecto Aulas Verdes Abiertas es una iniciativa educativa para <\/span><span class=\"a_GcMg font-feature-liga-off font-feature-clig-off font-feature-calt-off text-decoration-none text-strikethrough-none\">redise\u00f1ar y renaturalizar los espacios exteriores de los centros<\/span><span class=\"a_GcMg font-feature-liga-off font-feature-clig-off font-feature-calt-off text-decoration-none text-strikethrough-none\">, convirti\u00e9ndolos en entornos de aprendizaje sostenibles, saludables y vers\u00e1tiles.<\/span><\/p>\n<p>&nbsp;<\/p>\n","protected":false},"excerpt":{"rendered":"<p>El Proyecto Aulas Verdes Abiertas es una iniciativa educativa para redise\u00f1ar y renaturalizar los espacios exteriores de los centros, convirti\u00e9ndolos en entornos de aprendizaje sostenibles, saludables y vers\u00e1tiles. &nbsp;<\/p>\n","protected":false},"author":19962,"featured_media":0,"parent":0,"menu_order":0,"comment_status":"closed","ping_status":"closed","template":"","meta":{"_et_pb_use_builder":"","_et_pb_old_content":"","_et_gb_content_width":"","ngg_post_thumbnail":0,"footnotes":""},"aioseo_notices":[],"_links":{"self":[{"href":"https:\/\/blogsaverroes.juntadeandalucia.es\/ceiplajarilla\/wp-json\/wp\/v2\/pages\/1204"}],"collection":[{"href":"https:\/\/blogsaverroes.juntadeandalucia.es\/ceiplajarilla\/wp-json\/wp\/v2\/pages"}],"about":[{"href":"https:\/\/blogsaverroes.juntadeandalucia.es\/ceiplajarilla\/wp-json\/wp\/v2\/types\/page"}],"author":[{"embeddable":true,"href":"https:\/\/blogsaverroes.juntadeandalucia.es\/ceiplajarilla\/wp-json\/wp\/v2\/users\/19962"}],"replies":[{"embeddable":true,"href":"https:\/\/blogsaverroes.juntadeandalucia.es\/ceiplajarilla\/wp-json\/wp\/v2\/comments?post=1204"}],"version-history":[{"count":4,"href":"https:\/\/blogsaverroes.juntadeandalucia.es\/ceiplajarilla\/wp-json\/wp\/v2\/pages\/1204\/revisions"}],"predecessor-version":[{"id":2165,"href":"https:\/\/blogsaverroes.juntadeandalucia.es\/ceiplajarilla\/wp-json\/wp\/v2\/pages\/1204\/revisions\/2165"}],"wp:attachment":[{"href":"https:\/\/blogsaverroes.juntadeandalucia.es\/ceiplajarilla\/wp-json\/wp\/v2\/media?parent=1204"}],"curies":[{"name":"wp","href":"https:\/\/api.w.org\/{rel}","templated":true}]}}