{"id":1208,"date":"2024-10-18T06:38:17","date_gmt":"2024-10-18T05:38:17","guid":{"rendered":"https:\/\/blogsaverroes.juntadeandalucia.es\/ceiplajarilla\/?page_id=1208"},"modified":"2024-11-17T19:58:10","modified_gmt":"2024-11-17T18:58:10","slug":"huerto-ecologico-escolar","status":"publish","type":"page","link":"https:\/\/blogsaverroes.juntadeandalucia.es\/ceiplajarilla\/huerto-ecologico-escolar\/","title":{"rendered":"Huerto ecol\u00f3gico escolar"},"content":{"rendered":"<p>El huerto ecol\u00f3gico escolar de La Jarilla, desarrolla actividades con la participaci\u00f3n de la comunidad educativa con la finalidad de fomentar el trabajo cooperativo, con actividades en contacto con el medio natural para la mejora de la convivencia y la adquisici\u00f3n de h\u00e1bitos saludables.<\/p>\n<p><span style=\"font-size: 14pt\"><strong>Visita nuestro Blog&nbsp;<\/strong><\/span> &nbsp; &nbsp;<img loading=\"lazy\" decoding=\"async\" class=\"alignnone  wp-image-1651\" src=\"https:\/\/blogsaverroes.juntadeandalucia.es\/ceiplajarilla\/files\/2024\/11\/flecha1-300x169.png\" alt=\"\" width=\"50\" height=\"28\"> <a href=\"https:\/\/blogsaverroes.juntadeandalucia.es\/huertojarilla\/\" target=\"_blank\" rel=\"noopener\"><img loading=\"lazy\" decoding=\"async\" class=\"alignnone size-medium wp-image-1740\" src=\"https:\/\/blogsaverroes.juntadeandalucia.es\/ceiplajarilla\/files\/2024\/11\/sinfon_blog-1380-x-280-px-1-300x61.jpg\" alt=\"\" width=\"300\" height=\"61\"><\/a><\/p>\n","protected":false},"excerpt":{"rendered":"<p>El huerto ecol\u00f3gico escolar de La Jarilla, desarrolla actividades con la participaci\u00f3n de la comunidad educativa con la finalidad de fomentar el trabajo cooperativo, con actividades en contacto con el medio natural para la mejora de la convivencia y la adquisici\u00f3n de h\u00e1bitos saludables. Visita nuestro Blog&nbsp; &nbsp; &nbsp;<\/p>\n","protected":false},"author":19962,"featured_media":0,"parent":0,"menu_order":0,"comment_status":"closed","ping_status":"closed","template":"","meta":{"_et_pb_use_builder":"","_et_pb_old_content":"","_et_gb_content_width":"","ngg_post_thumbnail":0,"footnotes":""},"aioseo_notices":[],"_links":{"self":[{"href":"https:\/\/blogsaverroes.juntadeandalucia.es\/ceiplajarilla\/wp-json\/wp\/v2\/pages\/1208"}],"collection":[{"href":"https:\/\/blogsaverroes.juntadeandalucia.es\/ceiplajarilla\/wp-json\/wp\/v2\/pages"}],"about":[{"href":"https:\/\/blogsaverroes.juntadeandalucia.es\/ceiplajarilla\/wp-json\/wp\/v2\/types\/page"}],"author":[{"embeddable":true,"href":"https:\/\/blogsaverroes.juntadeandalucia.es\/ceiplajarilla\/wp-json\/wp\/v2\/users\/19962"}],"replies":[{"embeddable":true,"href":"https:\/\/blogsaverroes.juntadeandalucia.es\/ceiplajarilla\/wp-json\/wp\/v2\/comments?post=1208"}],"version-history":[{"count":3,"href":"https:\/\/blogsaverroes.juntadeandalucia.es\/ceiplajarilla\/wp-json\/wp\/v2\/pages\/1208\/revisions"}],"predecessor-version":[{"id":1741,"href":"https:\/\/blogsaverroes.juntadeandalucia.es\/ceiplajarilla\/wp-json\/wp\/v2\/pages\/1208\/revisions\/1741"}],"wp:attachment":[{"href":"https:\/\/blogsaverroes.juntadeandalucia.es\/ceiplajarilla\/wp-json\/wp\/v2\/media?parent=1208"}],"curies":[{"name":"wp","href":"https:\/\/api.w.org\/{rel}","templated":true}]}}