{"id":1221,"date":"2024-10-18T06:43:05","date_gmt":"2024-10-18T05:43:05","guid":{"rendered":"https:\/\/blogsaverroes.juntadeandalucia.es\/ceiplajarilla\/?page_id=1221"},"modified":"2025-10-10T17:22:04","modified_gmt":"2025-10-10T16:22:04","slug":"plan-de-convivencia","status":"publish","type":"page","link":"https:\/\/blogsaverroes.juntadeandalucia.es\/ceiplajarilla\/plan-de-convivencia\/","title":{"rendered":"Plan de convivencia y bienestar emocional"},"content":{"rendered":"<p>El Pan de Convivencia pretende divulgar los valores universales de la Cultura de Paz y contribuir, de manera especial, a dar a conocer el importante y generoso trabajo que, en el \u00e1mbito de la convivencia, desarrollan los centros educativos. Mereciendo una especial menci\u00f3n la participaci\u00f3n del CEIP La Jarilla en la Red Andaluza \u201cEscuela: Espacio de Paz\u201d, que vela por la construcci\u00f3n, d\u00eda a d\u00eda, de una sociedad m\u00e1s justa y m\u00e1s participativa. Una sociedad enraizada en la tolerancia, en la convivencia pac\u00edfica y en la solidaridad.<\/p>\n<p><a href=\"https:\/\/blogsaverroes.juntadeandalucia.es\/ceiplajarilla\/files\/2024\/10\/4.2.PLAN-DE-CONVIVENCIA-22-23-2.pdf\" target=\"_blank\" rel=\"noopener\">Novedades del Plan de Convivencia<\/a><\/p>\n","protected":false},"excerpt":{"rendered":"<p>El Pan de Convivencia pretende divulgar los valores universales de la Cultura de Paz y contribuir, de manera especial, a dar a conocer el importante y generoso trabajo que, en el \u00e1mbito de la convivencia, desarrollan los centros educativos. Mereciendo una especial menci\u00f3n la participaci\u00f3n del CEIP La Jarilla en la Red Andaluza \u201cEscuela: Espacio [&hellip;]<\/p>\n","protected":false},"author":19962,"featured_media":0,"parent":0,"menu_order":0,"comment_status":"closed","ping_status":"closed","template":"","meta":{"_et_pb_use_builder":"","_et_pb_old_content":"","_et_gb_content_width":"","ngg_post_thumbnail":0,"footnotes":""},"aioseo_notices":[],"_links":{"self":[{"href":"https:\/\/blogsaverroes.juntadeandalucia.es\/ceiplajarilla\/wp-json\/wp\/v2\/pages\/1221"}],"collection":[{"href":"https:\/\/blogsaverroes.juntadeandalucia.es\/ceiplajarilla\/wp-json\/wp\/v2\/pages"}],"about":[{"href":"https:\/\/blogsaverroes.juntadeandalucia.es\/ceiplajarilla\/wp-json\/wp\/v2\/types\/page"}],"author":[{"embeddable":true,"href":"https:\/\/blogsaverroes.juntadeandalucia.es\/ceiplajarilla\/wp-json\/wp\/v2\/users\/19962"}],"replies":[{"embeddable":true,"href":"https:\/\/blogsaverroes.juntadeandalucia.es\/ceiplajarilla\/wp-json\/wp\/v2\/comments?post=1221"}],"version-history":[{"count":5,"href":"https:\/\/blogsaverroes.juntadeandalucia.es\/ceiplajarilla\/wp-json\/wp\/v2\/pages\/1221\/revisions"}],"predecessor-version":[{"id":2178,"href":"https:\/\/blogsaverroes.juntadeandalucia.es\/ceiplajarilla\/wp-json\/wp\/v2\/pages\/1221\/revisions\/2178"}],"wp:attachment":[{"href":"https:\/\/blogsaverroes.juntadeandalucia.es\/ceiplajarilla\/wp-json\/wp\/v2\/media?parent=1221"}],"curies":[{"name":"wp","href":"https:\/\/api.w.org\/{rel}","templated":true}]}}