{"id":1223,"date":"2024-10-18T06:44:29","date_gmt":"2024-10-18T05:44:29","guid":{"rendered":"https:\/\/blogsaverroes.juntadeandalucia.es\/ceiplajarilla\/?page_id=1223"},"modified":"2024-11-17T20:08:11","modified_gmt":"2024-11-17T19:08:11","slug":"ajedrez-en-el-aula","status":"publish","type":"page","link":"https:\/\/blogsaverroes.juntadeandalucia.es\/ceiplajarilla\/ajedrez-en-el-aula\/","title":{"rendered":"Ajedrez en el aula"},"content":{"rendered":"<p>[et_pb_section fb_built=&#8221;1&#8243; _builder_version=&#8221;4.16&#8243; global_colors_info=&#8221;{}&#8221;][et_pb_row _builder_version=&#8221;4.16&#8243; background_size=&#8221;initial&#8221; background_position=&#8221;top_left&#8221; background_repeat=&#8221;repeat&#8221; global_colors_info=&#8221;{}&#8221;][et_pb_column type=&#8221;4_4&#8243; _builder_version=&#8221;4.16&#8243; custom_padding=&#8221;|||&#8221; global_colors_info=&#8221;{}&#8221; custom_padding__hover=&#8221;|||&#8221;][et_pb_text _builder_version=&#8221;4.24.2&#8243; background_size=&#8221;initial&#8221; background_position=&#8221;top_left&#8221; background_repeat=&#8221;repeat&#8221; hover_enabled=&#8221;0&#8243; global_colors_info=&#8221;{}&#8221; sticky_enabled=&#8221;0&#8243;]<\/p>\n<p><img loading=\"lazy\" decoding=\"async\" class=\"size-medium wp-image-1750 aligncenter\" src=\"https:\/\/blogsaverroes.juntadeandalucia.es\/ceiplajarilla\/files\/2024\/11\/nino-juega-ajedrez-p-300x143.jpg\" alt=\"\" width=\"300\" height=\"143\"><\/p>\n<p>&nbsp;<\/p>\n<p style=\"text-align: center\"><strong><span style=\"font-size: 18pt\">AJEDREZ EN EL AULA<\/span><\/strong><\/p>\n<p>&nbsp;<\/p>\n<p>En las \u00faltimas d\u00e9cadas, y en distintos contextos y lugares, el ajedrez se ha revelado como un recurso eficaz de innovaci\u00f3n educativa, l\u00fadico, transversal e interdisciplinar. El presente proyecto nace con el objetivo de formar y capacitar al profesorado de los distintos ciclos educativos, a fin de que puedan implementar el ajedrez como una herramienta pedag\u00f3gica en el aula.<\/p>\n<p>&nbsp;<\/p>\n<p>[\/et_pb_text][et_pb_tabs _builder_version=&#8221;4.24.2&#8243; _module_preset=&#8221;default&#8221; global_colors_info=&#8221;{}&#8221;][et_pb_tab title=&#8221;Nivel principiante&#8221; _builder_version=&#8221;4.24.2&#8243; _module_preset=&#8221;default&#8221; global_colors_info=&#8221;{}&#8221;]<\/p>\n<div class=\"thim-widget-link template-base\">\n<h4 class=\"title\"><a href=\"https:\/\/thezugzwangblog.com\/reglas-del-ajedrez\/\">0. Reglas b\u00e1sicas de ajedrez<\/a><\/h4>\n<\/div>\n<div class=\"thim-widget-link template-base\">\n<h4 class=\"title\"><a href=\"https:\/\/www.youtube.com\/watch?v=s3O7FQWVLv0\">1. El tablero<\/a><\/h4>\n<\/div>\n<div class=\"thim-widget-link template-base\">\n<h4 class=\"title\"><a href=\"https:\/\/www.youtube.com\/watch?v=1jH1P1XSduI\">2. Las piezas de ajedrez, nombre y colocaci\u00f3n<\/a><\/h4>\n<\/div>\n<div class=\"thim-widget-link template-base\">\n<h4 class=\"title\"><a href=\"https:\/\/www.youtube.com\/watch?v=_XAzOaFtxCk\">3. Movimientos de las piezas de ajedrez<\/a><\/h4>\n<\/div>\n<div class=\"thim-widget-link template-base\">\n<h4 class=\"title\"><a href=\"https:\/\/www.youtube.com\/watch?v=o-LsTUhLF_g\">4. Los valores de las piezas<\/a><\/h4>\n<\/div>\n<div class=\"thim-widget-link template-base\">\n<h4 class=\"title\"><a href=\"https:\/\/www.youtube.com\/watch?v=B-1N4sm_9cE\">5. El enroque<\/a><\/h4>\n<\/div>\n<div class=\"thim-widget-link template-base\">\n<h4 class=\"title\"><a href=\"https:\/\/www.youtube.com\/watch?v=qsuCHdVlI74\">6. Coronaci\u00f3n de un pe\u00f3n o promoci\u00f3n de un pe\u00f3n<\/a><\/h4>\n<\/div>\n<div class=\"thim-widget-link template-base\">\n<h4 class=\"title\"><a href=\"https:\/\/youtu.be\/jfExdQhEklE\">7. Jaque, Jaque mate y uso del reoloj<\/a><\/h4>\n<\/div>\n<div class=\"thim-widget-link template-base\">\n<h4 class=\"title\"><a href=\"https:\/\/www.youtube.com\/watch?v=x4R2EPkYzZk\">8. V\u00eddeo tutorial, Pepe Cuenca, maestro del ajedrez<\/a><\/h4>\n<\/div>\n<div class=\"thim-widget-link template-base\">\n<h4 class=\"title\"><a href=\"https:\/\/youtu.be\/7es3ucBXOcs\">9. B\u00e1sico para principiantes<\/a><\/h4>\n<\/div>\n<p>[\/et_pb_tab][et_pb_tab title=&#8221;Nivel iniciado&#8221; _builder_version=&#8221;4.24.2&#8243; _module_preset=&#8221;default&#8221; global_colors_info=&#8221;{}&#8221;]<\/p>\n<div class=\"thim-widget-link template-base\">\n<h4 class=\"title\"><a href=\"https:\/\/youtu.be\/KwnNeSrTxHQ\">1. Aperturas de ajedrez solidas y seguras para jugar con blancas<\/a><\/h4>\n<div class=\"desc\">\u201cLUIS\u00d3N\u201d, Maestro FIDE de la Federaci\u00f3n Internacional de Ajedrez:<\/div>\n<\/div>\n<div class=\"thim-widget-link template-base\">\n<h4 class=\"title\"><a href=\"https:\/\/youtu.be\/Qe1BHUum6Qg?list=PLr6H6zwk9SGLQoZx_uiyyPIKml-cG_Bow\">2. Aperturas de ajedrez: el gambito de Dama, con blancas.<\/a><\/h4>\n<div class=\"desc\">\u201cLUIS\u00d3N\u201d, Maestro FIDE de la Federaci\u00f3n Internacional de Ajedrez:<\/div>\n<\/div>\n<div class=\"thim-widget-link template-base\">\n<h4 class=\"title\"><a href=\"https:\/\/youtu.be\/PFFreRt7p7Q\">3. Las 5 aperturas de ajedrez m\u00e1s agresivas con negras<\/a><\/h4>\n<div class=\"desc\">\u201cLUIS\u00d3N\u201d, Maestro FIDE de la Federaci\u00f3n Internacional de Ajedrez:<\/div>\n<\/div>\n<div class=\"thim-widget-link template-base\">\n<h4 class=\"title\"><a href=\"https:\/\/www.youtube.com\/watch?v=W4HvkB1TukE\">4. 10 trucos para GANAR R\u00c1PIDO en ajedrez con blancas<\/a><\/h4>\n<div class=\"desc\">\u201cLUIS\u00d3N\u201d, Maestro FIDE de la Federaci\u00f3n Internacional de Ajedrez:<\/div>\n<\/div>\n<div class=\"thim-widget-link template-base\">\n<h4 class=\"title\"><a href=\"https:\/\/youtu.be\/e57NqRHE6AY\">5. Aprende a jugar Aperturas en Ajedrez (Gu\u00eda PASO a PASO para PRINCIPIANTES)<\/a><\/h4>\n<div class=\"desc\">REY ENIGMA MAESTRO DE AJEDREZ ENMASCARADO<\/div>\n<\/div>\n<div class=\"thim-widget-link template-base\">\n<h4 class=\"title\"><a href=\"https:\/\/youtu.be\/7Jc5Uza2VUQ\">6. 100 CONSEJOS de AJEDREZ para Principiantes (y AVANZADOS!) en 10 MIN<\/a><\/h4>\n<div class=\"desc\">REY ENIGMA MAESTRO DE AJEDREZ ENMASCARADO<\/div>\n<\/div>\n<p>[\/et_pb_tab][et_pb_tab title=&#8221;Ajedrez on line&#8221; _builder_version=&#8221;4.24.2&#8243; _module_preset=&#8221;default&#8221; global_colors_info=&#8221;{}&#8221;]<\/p>\n<div class=\"thim-widget-link template-base\">\n<h4 class=\"title\"><a href=\"https:\/\/lichess.org\/es\">lichess.org<\/a><\/h4>\n<\/div>\n<div class=\"thim-widget-link template-base\">\n<h4 class=\"title\"><a href=\"https:\/\/www.chess.com\/\">chess.com<\/a><\/h4>\n<\/div>\n<div class=\"thim-widget-link template-base\">\n<h4 class=\"title\"><a href=\"https:\/\/chess24.com\/es\">chess24.com<\/a><\/h4>\n<\/div>\n<p>[\/et_pb_tab][\/et_pb_tabs][\/et_pb_column][\/et_pb_row][\/et_pb_section]<\/p>\n","protected":false},"excerpt":{"rendered":"<p>&nbsp; AJEDREZ EN EL AULA &nbsp; En las \u00faltimas d\u00e9cadas, y en distintos contextos y lugares, el ajedrez se ha revelado como un recurso eficaz de innovaci\u00f3n educativa, l\u00fadico, transversal e interdisciplinar. El presente proyecto nace con el objetivo de formar y capacitar al profesorado de los distintos ciclos educativos, a fin de que puedan [&hellip;]<\/p>\n","protected":false},"author":19962,"featured_media":0,"parent":0,"menu_order":0,"comment_status":"closed","ping_status":"closed","template":"","meta":{"_et_pb_use_builder":"on","_et_pb_old_content":"<p>En las \u00faltimas d\u00e9cadas, y en distintos contextos y lugares, el ajedrez se ha revelado como un recurso eficaz de innovaci\u00f3n educativa, l\u00fadico, transversal e interdisciplinar. El presente proyecto nace con el objetivo de formar y capacitar al profesorado de los distintos ciclos educativos, a fin de que puedan implementar el ajedrez como una herramienta pedag\u00f3gica en el aula.<\/p><p>\u00a0<\/p>","_et_gb_content_width":"","ngg_post_thumbnail":0,"footnotes":""},"aioseo_notices":[],"_links":{"self":[{"href":"https:\/\/blogsaverroes.juntadeandalucia.es\/ceiplajarilla\/wp-json\/wp\/v2\/pages\/1223"}],"collection":[{"href":"https:\/\/blogsaverroes.juntadeandalucia.es\/ceiplajarilla\/wp-json\/wp\/v2\/pages"}],"about":[{"href":"https:\/\/blogsaverroes.juntadeandalucia.es\/ceiplajarilla\/wp-json\/wp\/v2\/types\/page"}],"author":[{"embeddable":true,"href":"https:\/\/blogsaverroes.juntadeandalucia.es\/ceiplajarilla\/wp-json\/wp\/v2\/users\/19962"}],"replies":[{"embeddable":true,"href":"https:\/\/blogsaverroes.juntadeandalucia.es\/ceiplajarilla\/wp-json\/wp\/v2\/comments?post=1223"}],"version-history":[{"count":6,"href":"https:\/\/blogsaverroes.juntadeandalucia.es\/ceiplajarilla\/wp-json\/wp\/v2\/pages\/1223\/revisions"}],"predecessor-version":[{"id":1753,"href":"https:\/\/blogsaverroes.juntadeandalucia.es\/ceiplajarilla\/wp-json\/wp\/v2\/pages\/1223\/revisions\/1753"}],"wp:attachment":[{"href":"https:\/\/blogsaverroes.juntadeandalucia.es\/ceiplajarilla\/wp-json\/wp\/v2\/media?parent=1223"}],"curies":[{"name":"wp","href":"https:\/\/api.w.org\/{rel}","templated":true}]}}