{"id":1306,"date":"2024-10-20T11:08:23","date_gmt":"2024-10-20T10:08:23","guid":{"rendered":"https:\/\/blogsaverroes.juntadeandalucia.es\/ceiplajarilla\/?page_id=1306"},"modified":"2025-05-08T19:23:56","modified_gmt":"2025-05-08T18:23:56","slug":"contenido","status":"publish","type":"page","link":"https:\/\/blogsaverroes.juntadeandalucia.es\/ceiplajarilla\/contenido\/","title":{"rendered":"Contenido"},"content":{"rendered":"<p>[et_pb_section fb_built=&#8221;1&#8243; _builder_version=&#8221;4.24.2&#8243; _module_preset=&#8221;default&#8221; global_colors_info=&#8221;{}&#8221;][et_pb_row _builder_version=&#8221;4.24.2&#8243; _module_preset=&#8221;default&#8221; global_colors_info=&#8221;{}&#8221;][et_pb_column type=&#8221;4_4&#8243; _builder_version=&#8221;4.24.2&#8243; _module_preset=&#8221;default&#8221; global_colors_info=&#8221;{}&#8221;][et_pb_image src=&#8221;https:\/\/blogsaverroes.juntadeandalucia.es\/ceiplajarilla\/files\/2024\/10\/biblioteca.jpg&#8221; title_text=&#8221;biblioteca&#8221; align=&#8221;center&#8221; _builder_version=&#8221;4.24.2&#8243; _module_preset=&#8221;default&#8221; global_colors_info=&#8221;{}&#8221;][\/et_pb_image][et_pb_text _builder_version=&#8221;4.24.2&#8243; _module_preset=&#8221;default&#8221; hover_enabled=&#8221;0&#8243; global_colors_info=&#8221;{}&#8221; sticky_enabled=&#8221;0&#8243;]<\/p>\n<p><a href=\"http:\/\/bibliotecalajarilla.blogspot.com\/\" target=\"_blank\" rel=\"noopener\">http:\/\/bibliotecalajarilla.blogspot.com\/<\/a>Contamos en nuestro centro con una biblioteca dotada de una gran cantidad de fondos librarios adaptados a las necesidades y gustos de nuestro alumnado y profesorado; un mobiliario adecuado y un equipamiento inform\u00e1tico operativo. Disponemos de una sala de lectura y consulta y un rinc\u00f3n que invita a nuestro alumnado a la lectura compartida o individual al que hemos incorporado un espacio para la visualizaci\u00f3n de documentos audiovisuales.<\/p>\n<p>La biblioteca del centro ofrece los siguientes servicios:<\/p>\n<ul>\n<li>Acceso a nuestro cat\u00e1logo on line en&nbsp; &nbsp;<a href=\"https:\/\/www.juntadeandalucia.es\/educacion\/senecav2\/seneca\/biblioweb\/portal\/04006173\" target=\"_blank\" rel=\"noopener\"><img loading=\"lazy\" decoding=\"async\" class=\"alignnone wp-image-1320\" src=\"https:\/\/blogsaverroes.juntadeandalucia.es\/ceiplajarilla\/files\/2024\/10\/biblioweb-png2.jpg\" alt=\"\" width=\"86\" height=\"77\"><\/a><\/li>\n<li>Servicio de pr\u00e9stamo individual semanal en el m\u00f3dulo horario que cada tutor\u00eda tiene asignado.<\/li>\n<li>Servicio de consulta en sala y acceso a internet para consulta y elaboraci\u00f3n de trabajos en el tramo horario asignado a cada tutor\u00eda y durante los recreos.<\/li>\n<li>Servicio de pr\u00e9stamo al profesorado.<\/li>\n<li>Colaboraci\u00f3n con los Planes y Programas del centro.<\/li>\n<li>Espacio de exposiciones<\/li>\n<li>Difusi\u00f3n de las actividades:&nbsp;<\/li>\n<\/ul>\n<p>&nbsp; &nbsp; &nbsp; &nbsp; &nbsp; &nbsp; <a href=\"http:\/\/bibliotecalajarilla.blogspot.com\/\" target=\"_blank\" rel=\"noopener\"><img loading=\"lazy\" decoding=\"async\" class=\"alignnone wp-image-1309\" src=\"https:\/\/blogsaverroes.juntadeandalucia.es\/ceiplajarilla\/files\/2024\/10\/blogger-icon-logo.png\" alt=\"\" width=\"52\" height=\"52\" srcset=\"https:\/\/blogsaverroes.juntadeandalucia.es\/ceiplajarilla\/files\/2024\/10\/blogger-icon-logo.png 300w, https:\/\/blogsaverroes.juntadeandalucia.es\/ceiplajarilla\/files\/2024\/10\/blogger-icon-logo-150x150.png 150w\" sizes=\"(max-width: 52px) 100vw, 52px\" \/><\/a> &nbsp;<a href=\"http:\/\/bibliotecalajarilla.blogspot.com\/\">htt<\/a><a href=\"http:\/\/bibliotecalajarilla.blogspot.com\/\">p:\/\/bibliotecalajarilla.blogs<\/a><a href=\"http:\/\/bibliotecalajarilla.blogspot.com\/\">pot.com\/<\/a>&nbsp; &nbsp; &nbsp; &nbsp; &nbsp; &nbsp; &nbsp; &nbsp; &nbsp; &nbsp; &nbsp; &nbsp; &nbsp; &nbsp; &nbsp; &nbsp; &nbsp;<a href=\"\/\/www.instagram.com\/bibliotecalajarilla\/\" target=\"_blank\" rel=\"noopener\"><img loading=\"lazy\" decoding=\"async\" class=\"alignnone wp-image-1310\" src=\"https:\/\/blogsaverroes.juntadeandalucia.es\/ceiplajarilla\/files\/2024\/10\/Instagram_icon-300x300.png\" alt=\"\" width=\"45\" height=\"45\"><\/a>&nbsp;@bibliotecalajarilla.&nbsp; <a href=\"https:\/\/www.instagram.com\/bibliotecalajarilla\/\">https:\/\/www.instagram.com\/bibliotecalajarilla\/<\/a><\/p>\n<p>[\/et_pb_text][\/et_pb_column][\/et_pb_row][\/et_pb_section]<\/p>\n","protected":false},"excerpt":{"rendered":"<p>http:\/\/bibliotecalajarilla.blogspot.com\/Contamos en nuestro centro con una biblioteca dotada de una gran cantidad de fondos librarios adaptados a las necesidades y gustos de nuestro alumnado y profesorado; un mobiliario adecuado y un equipamiento inform\u00e1tico operativo. Disponemos de una sala de lectura y consulta y un rinc\u00f3n que invita a nuestro alumnado a la lectura compartida o [&hellip;]<\/p>\n","protected":false},"author":19962,"featured_media":0,"parent":0,"menu_order":0,"comment_status":"closed","ping_status":"closed","template":"","meta":{"_et_pb_use_builder":"on","_et_pb_old_content":"","_et_gb_content_width":"","ngg_post_thumbnail":0,"footnotes":""},"aioseo_notices":[],"_links":{"self":[{"href":"https:\/\/blogsaverroes.juntadeandalucia.es\/ceiplajarilla\/wp-json\/wp\/v2\/pages\/1306"}],"collection":[{"href":"https:\/\/blogsaverroes.juntadeandalucia.es\/ceiplajarilla\/wp-json\/wp\/v2\/pages"}],"about":[{"href":"https:\/\/blogsaverroes.juntadeandalucia.es\/ceiplajarilla\/wp-json\/wp\/v2\/types\/page"}],"author":[{"embeddable":true,"href":"https:\/\/blogsaverroes.juntadeandalucia.es\/ceiplajarilla\/wp-json\/wp\/v2\/users\/19962"}],"replies":[{"embeddable":true,"href":"https:\/\/blogsaverroes.juntadeandalucia.es\/ceiplajarilla\/wp-json\/wp\/v2\/comments?post=1306"}],"version-history":[{"count":7,"href":"https:\/\/blogsaverroes.juntadeandalucia.es\/ceiplajarilla\/wp-json\/wp\/v2\/pages\/1306\/revisions"}],"predecessor-version":[{"id":1391,"href":"https:\/\/blogsaverroes.juntadeandalucia.es\/ceiplajarilla\/wp-json\/wp\/v2\/pages\/1306\/revisions\/1391"}],"wp:attachment":[{"href":"https:\/\/blogsaverroes.juntadeandalucia.es\/ceiplajarilla\/wp-json\/wp\/v2\/media?parent=1306"}],"curies":[{"name":"wp","href":"https:\/\/api.w.org\/{rel}","templated":true}]}}