{"id":1488,"date":"2024-10-23T11:51:24","date_gmt":"2024-10-23T10:51:24","guid":{"rendered":"https:\/\/blogsaverroes.juntadeandalucia.es\/ceiplajarilla\/?page_id=1488"},"modified":"2025-10-10T12:45:02","modified_gmt":"2025-10-10T11:45:02","slug":"erasmus","status":"publish","type":"page","link":"https:\/\/blogsaverroes.juntadeandalucia.es\/ceiplajarilla\/erasmus\/","title":{"rendered":"Erasmus+"},"content":{"rendered":"<p>[et_pb_section fb_built=&#8221;1&#8243; _builder_version=&#8221;4.24.2&#8243; _module_preset=&#8221;default&#8221; global_colors_info=&#8221;{}&#8221;][et_pb_row _builder_version=&#8221;4.24.2&#8243; _module_preset=&#8221;default&#8221; global_colors_info=&#8221;{}&#8221;][et_pb_column type=&#8221;4_4&#8243; _builder_version=&#8221;4.24.2&#8243; _module_preset=&#8221;default&#8221; global_colors_info=&#8221;{}&#8221;][et_pb_image src=&#8221;https:\/\/blogsaverroes.juntadeandalucia.es\/ceiplajarilla\/files\/2024\/10\/Erasmusfblanco-2.png&#8221; title_text=&#8221;Erasmusfblanco&#8221; align=&#8221;center&#8221; _builder_version=&#8221;4.24.2&#8243; _module_preset=&#8221;default&#8221; global_colors_info=&#8221;{}&#8221;][\/et_pb_image][et_pb_text _builder_version=&#8221;4.24.2&#8243; _module_preset=&#8221;default&#8221; hover_enabled=&#8221;0&#8243; global_colors_info=&#8221;{}&#8221; sticky_enabled=&#8221;0&#8243;]<\/p>\n<div class=\"block block-layout-builder block-field-blocknodepagefield-page-intro-text\">\n<div class=\"eac-hero\">Erasmus+ es el programa de la UE para apoyar la educaci\u00f3n, la formaci\u00f3n, la juventud y el deporte en Europa.<\/div>\n<\/div>\n<div class=\"block block-layout-builder block-field-blocknodepagefield-page-content\">\n<div class=\"\">&nbsp;<\/div>\n<div class=\"full-html-body\">\n<div class=\"ecl-container\">\n<div class=\"ecl-row\">\n<div class=\"eac-body lc-stripe-wrapper-text\">\n<p>Para el per\u00edodo 2021-2027, el programa hace especial hincapi\u00e9 en la inclusi\u00f3n social, las transiciones ecol\u00f3gica y digital, y el fomento de la participaci\u00f3n de las personas j\u00f3venes en la vida democr\u00e1tica.<\/p>\n<p>Apoya las prioridades y actividades establecidas en el Espacio Europeo de Educaci\u00f3n, el Plan de Acci\u00f3n de Educaci\u00f3n Digital y la Agenda de Capacidades Europea. El programa tambi\u00e9n:<\/p>\n<ul>\n<li>apoya el pilar europeo de derechos sociales,<\/li>\n<li>aplica la Estrategia de la UE para la Juventud 2019-2027,<\/li>\n<li>desarrolla la dimensi\u00f3n europea del deporte.<\/li>\n<\/ul>\n<\/div>\n<\/div>\n<\/div>\n<\/div>\n<\/div>\n<p>&nbsp;<\/p>\n<p><img loading=\"lazy\" decoding=\"async\" class=\"size-full wp-image-1571 aligncenter\" src=\"https:\/\/blogsaverroes.juntadeandalucia.es\/ceiplajarilla\/files\/2024\/10\/avion2.png\" alt=\"\" width=\"300\" height=\"100\"><\/p>\n<div class=\"block block-layout-builder block-field-blocknodepagefield-page-content\">\n<div class=\"full-html-body\">\n<div class=\"ecl-container\">\n<div class=\"ecl-row\">\n<div class=\"eac-body lc-stripe-wrapper-text\">&nbsp;<\/div>\n<\/div>\n<\/div>\n<\/div>\n<p><strong>DOCUMENTOS SOBRE LA MOVILIDAD DEL ALUMNADO<\/strong><\/p>\n<ul style=\"list-style-type: square\">\n<li><a href=\"https:\/\/blogsaverroes.juntadeandalucia.es\/ceiplajarilla\/files\/2025\/10\/Primera-reunion-con-familias.pdf\" target=\"_blank\" rel=\"noopener\">Informaci\u00f3n de la primera reuni\u00f3n con familias<\/a><\/li>\n<li><a href=\"https:\/\/blogsaverroes.juntadeandalucia.es\/ceiplajarilla\/files\/2024\/11\/INSCRIPCION-DEL-ALUMNADO-PARA-MOVILIDAD-DEL-PROYECTO-ERASMUS-1.pdf\" target=\"_blank\" rel=\"noopener\">Solicitud de participaci\u00f3n del alumnado<\/a><\/li>\n<li><a href=\"https:\/\/blogsaverroes.juntadeandalucia.es\/ceiplajarilla\/files\/2025\/10\/BAREMO-ERASMUS-ALUMNADO.pdf\" target=\"_blank\" rel=\"noopener\">Baremo<\/a><\/li>\n<li><a href=\"https:\/\/blogsaverroes.juntadeandalucia.es\/ceiplajarilla\/files\/2024\/11\/Rubricas-24-25.pdf\" target=\"_blank\" rel=\"noopener\">R\u00fabricas de evaluaci\u00f3n para la selecci\u00f3n del alumnado<\/a><\/li>\n<\/ul>\n<\/div>\n<p>[\/et_pb_text][et_pb_tabs admin_label=&#8221;Pesta\u00f1as erasmus&#8221; _builder_version=&#8221;4.24.2&#8243; _module_preset=&#8221;default&#8221; box_shadow_style=&#8221;preset5&#8243; global_colors_info=&#8221;{}&#8221;][et_pb_tab title=&#8221;Proyecto KA101 %22La Jarilla comunica%22&#8243; _builder_version=&#8221;4.24.2&#8243; _module_preset=&#8221;default&#8221; tab_text_color=&#8221;#7CDA24&#8243; global_colors_info=&#8221;{}&#8221;]<\/p>\n<p style=\"text-align: center\"><span style=\"color: #008000\"><strong><span style=\"font-size: 24pt\">LA JARILLA COMUNICA<\/span><\/strong><\/span><\/p>\n<p><img loading=\"lazy\" decoding=\"async\" class=\"wp-image-1494 alignleft\" src=\"https:\/\/blogsaverroes.juntadeandalucia.es\/ceiplajarilla\/files\/2024\/10\/logoflor-297x300.png\" alt=\"\" width=\"131\" height=\"133\" srcset=\"https:\/\/blogsaverroes.juntadeandalucia.es\/ceiplajarilla\/files\/2024\/10\/logoflor-297x300.png 297w, https:\/\/blogsaverroes.juntadeandalucia.es\/ceiplajarilla\/files\/2024\/10\/logoflor.png 336w\" sizes=\"(max-width: 131px) 100vw, 131px\" \/>&nbsp; &nbsp; &nbsp; &nbsp; &nbsp; &nbsp; &nbsp; &nbsp; &nbsp; &nbsp; &nbsp; &nbsp; &nbsp; &nbsp; &nbsp; &nbsp; &nbsp; &nbsp; &nbsp; &nbsp; &nbsp; &nbsp; &nbsp; &nbsp; &nbsp; &nbsp; &nbsp; &nbsp; &nbsp; &nbsp; &nbsp; &nbsp; &nbsp; &nbsp; &nbsp; &nbsp; &nbsp; &nbsp; &nbsp; &nbsp; &nbsp; &nbsp; &nbsp; &nbsp; &nbsp; &nbsp; &nbsp; &nbsp; &nbsp; &nbsp; &nbsp; &nbsp; &nbsp; &nbsp; &nbsp; &nbsp; &nbsp; &nbsp; &nbsp; &nbsp; &nbsp; &nbsp; &nbsp; &nbsp; &nbsp; &nbsp; &nbsp; &nbsp; &nbsp; &nbsp; &nbsp; &nbsp; &nbsp; &nbsp; &nbsp; &nbsp; &nbsp; &nbsp; &nbsp; &nbsp; &nbsp; &nbsp; &nbsp; &nbsp; &nbsp; &nbsp; &nbsp; &nbsp; &nbsp; &nbsp; &nbsp; &nbsp; &nbsp; &nbsp; &nbsp; &nbsp; &nbsp; &nbsp; &nbsp; &nbsp; &nbsp; &nbsp; &nbsp; &nbsp; &nbsp; &nbsp; &nbsp; &nbsp; &nbsp; &nbsp; &nbsp; &nbsp; &nbsp; &nbsp; &nbsp; &nbsp; &nbsp; &nbsp; &nbsp; &nbsp;<img loading=\"lazy\" decoding=\"async\" class=\"size-medium wp-image-1495 alignright\" src=\"https:\/\/blogsaverroes.juntadeandalucia.es\/ceiplajarilla\/files\/2024\/10\/LOGO-ERASMUS-600x146-1-300x73.png\" alt=\"\" width=\"300\" height=\"73\"><\/p>\n<p>&nbsp;<\/p>\n<p>&nbsp;<\/p>\n<p>&nbsp;<\/p>\n<p><span style=\"color: #0000ff;font-size: 14pt\"><strong><a style=\"color: #0000ff\" href=\"https:\/\/blogsaverroes.juntadeandalucia.es\/ceiplajarilla\/files\/2024\/10\/CANVA-WEB-1.pdf\">&gt;&gt;PRESENTACI\u00d3N DEL PROYECTO <\/a> <\/strong><\/span><\/p>\n<p>&nbsp;<\/p>\n<p><img loading=\"lazy\" decoding=\"async\" class=\" wp-image-1529 aligncenter\" src=\"https:\/\/blogsaverroes.juntadeandalucia.es\/ceiplajarilla\/files\/2024\/10\/Mapa-flechas-212x300.jpeg\" alt=\"\" width=\"309\" height=\"437\"><\/p>\n<p>[\/et_pb_tab][et_pb_tab title=&#8221;Proyecto acreditado %22Movil\u00edzate con La Jarilla&#8221; _builder_version=&#8221;4.24.2&#8243; _module_preset=&#8221;default&#8221; tab_text_color=&#8221;#1FD7E0&#8243; global_colors_info=&#8221;{}&#8221;]<\/p>\n<p style=\"text-align: center\"><span style=\"color: #008000\"><strong><span style=\"font-size: 24pt\">MOVIL\u00cdZATE CON LA JARILLA<\/span><\/strong><\/span><\/p>\n<p>&nbsp;<\/p>\n<p style=\"text-align: center\"><img loading=\"lazy\" decoding=\"async\" class=\"wp-image-1494 alignleft\" src=\"https:\/\/blogsaverroes.juntadeandalucia.es\/ceiplajarilla\/files\/2024\/10\/logoflor-297x300.png\" alt=\"\" width=\"131\" height=\"133\" srcset=\"https:\/\/blogsaverroes.juntadeandalucia.es\/ceiplajarilla\/files\/2024\/10\/logoflor-297x300.png 297w, https:\/\/blogsaverroes.juntadeandalucia.es\/ceiplajarilla\/files\/2024\/10\/logoflor.png 336w\" sizes=\"(max-width: 131px) 100vw, 131px\" \/><img loading=\"lazy\" decoding=\"async\" class=\"size-medium wp-image-1495 alignright\" src=\"https:\/\/blogsaverroes.juntadeandalucia.es\/ceiplajarilla\/files\/2024\/10\/LOGO-ERASMUS-600x146-1-300x73.png\" alt=\"\" width=\"300\" height=\"73\"> &nbsp; &nbsp; &nbsp; &nbsp; &nbsp; &nbsp; &nbsp; &nbsp; &nbsp; &nbsp; &nbsp; &nbsp; &nbsp; &nbsp; &nbsp; &nbsp; &nbsp; &nbsp; &nbsp; &nbsp; &nbsp; &nbsp; &nbsp; &nbsp; &nbsp; &nbsp; &nbsp; &nbsp; &nbsp; &nbsp; &nbsp; &nbsp; &nbsp; &nbsp; &nbsp; &nbsp; &nbsp; &nbsp; &nbsp; &nbsp; &nbsp; &nbsp; &nbsp; &nbsp; &nbsp; &nbsp; &nbsp; &nbsp; &nbsp; &nbsp; &nbsp; &nbsp; &nbsp; &nbsp; &nbsp; &nbsp; &nbsp; &nbsp; &nbsp; &nbsp; &nbsp; &nbsp; &nbsp; &nbsp; &nbsp; &nbsp; &nbsp; &nbsp; &nbsp; &nbsp; &nbsp; &nbsp; &nbsp; &nbsp; &nbsp; &nbsp; &nbsp; &nbsp; &nbsp; &nbsp; &nbsp; &nbsp; &nbsp; &nbsp; &nbsp; &nbsp; &nbsp; &nbsp; &nbsp; &nbsp; &nbsp; &nbsp; &nbsp; &nbsp; &nbsp; &nbsp; &nbsp; &nbsp;<\/p>\n<p>&nbsp;<\/p>\n<p>&nbsp;<\/p>\n<p>&nbsp;<\/p>\n<blockquote>\n<p><span style=\"color: #0000ff\"><strong><span style=\"font-size: 14pt\"><a style=\"color: #0000ff\" href=\"https:\/\/blogsaverroes.juntadeandalucia.es\/ceiplajarilla\/files\/2024\/10\/CANVA-WEB-2.pdf\">&gt;PRESENTACI\u00d3N DEL PROYECTO&nbsp;<\/a><\/span><\/strong><\/span><\/p>\n<\/blockquote>\n<p>&nbsp;<\/p>\n<p>&nbsp;<\/p>\n<p>&nbsp;<\/p>\n<p>[\/et_pb_tab][\/et_pb_tabs][\/et_pb_column][\/et_pb_row][\/et_pb_section]<\/p>\n","protected":false},"excerpt":{"rendered":"<p>Erasmus+ es el programa de la UE para apoyar la educaci\u00f3n, la formaci\u00f3n, la juventud y el deporte en Europa. &nbsp; Para el per\u00edodo 2021-2027, el programa hace especial hincapi\u00e9 en la inclusi\u00f3n social, las transiciones ecol\u00f3gica y digital, y el fomento de la participaci\u00f3n de las personas j\u00f3venes en la vida democr\u00e1tica. Apoya las [&hellip;]<\/p>\n","protected":false},"author":19962,"featured_media":0,"parent":0,"menu_order":0,"comment_status":"closed","ping_status":"closed","template":"","meta":{"_et_pb_use_builder":"on","_et_pb_old_content":"","_et_gb_content_width":"","ngg_post_thumbnail":0,"footnotes":""},"aioseo_notices":[],"_links":{"self":[{"href":"https:\/\/blogsaverroes.juntadeandalucia.es\/ceiplajarilla\/wp-json\/wp\/v2\/pages\/1488"}],"collection":[{"href":"https:\/\/blogsaverroes.juntadeandalucia.es\/ceiplajarilla\/wp-json\/wp\/v2\/pages"}],"about":[{"href":"https:\/\/blogsaverroes.juntadeandalucia.es\/ceiplajarilla\/wp-json\/wp\/v2\/types\/page"}],"author":[{"embeddable":true,"href":"https:\/\/blogsaverroes.juntadeandalucia.es\/ceiplajarilla\/wp-json\/wp\/v2\/users\/19962"}],"replies":[{"embeddable":true,"href":"https:\/\/blogsaverroes.juntadeandalucia.es\/ceiplajarilla\/wp-json\/wp\/v2\/comments?post=1488"}],"version-history":[{"count":50,"href":"https:\/\/blogsaverroes.juntadeandalucia.es\/ceiplajarilla\/wp-json\/wp\/v2\/pages\/1488\/revisions"}],"predecessor-version":[{"id":2177,"href":"https:\/\/blogsaverroes.juntadeandalucia.es\/ceiplajarilla\/wp-json\/wp\/v2\/pages\/1488\/revisions\/2177"}],"wp:attachment":[{"href":"https:\/\/blogsaverroes.juntadeandalucia.es\/ceiplajarilla\/wp-json\/wp\/v2\/media?parent=1488"}],"curies":[{"name":"wp","href":"https:\/\/api.w.org\/{rel}","templated":true}]}}