{"id":1717,"date":"2024-11-15T07:48:53","date_gmt":"2024-11-15T06:48:53","guid":{"rendered":"https:\/\/blogsaverroes.juntadeandalucia.es\/ceiplajarilla\/?page_id=1717"},"modified":"2025-06-17T15:45:03","modified_gmt":"2025-06-17T14:45:03","slug":"secretaria","status":"publish","type":"page","link":"https:\/\/blogsaverroes.juntadeandalucia.es\/ceiplajarilla\/secretaria\/","title":{"rendered":"Secretar\u00eda"},"content":{"rendered":"<p><img loading=\"lazy\" decoding=\"async\" class=\"size-medium wp-image-1723 aligncenter\" src=\"https:\/\/blogsaverroes.juntadeandalucia.es\/ceiplajarilla\/files\/2024\/11\/secre2-300x180.png\" alt=\"\" width=\"300\" height=\"180\"><\/p>\n<p>&nbsp;<\/p>\n<p>&nbsp;<\/p>\n<p><span style=\"font-size: 12pt\"><strong>Atenci\u00f3n al p\u00fablico:&nbsp;Lunes a Viernes de 09:30 a 11:30 horas.<\/strong><\/span><\/p>\n<p><span style=\"color: #000080;font-size: 12pt\"><strong>DATOS DE CONTACTO:<\/strong><\/span><\/p>\n<ul style=\"list-style-type: square\">\n<li>Tel\u00e9fono: 950156914<\/li>\n<li>Correo electr\u00f3nico: 04006173.administracion.edu@juntadeandalucia.es<\/li>\n<\/ul>\n<p>&nbsp;<\/p>\n<p><b>IMPORTANTE:<\/b>&nbsp;Se recomienda que de cualquier documento que entreguen en la secretar\u00eda del centro acompa\u00f1en una copia para su registro y que les sirva como copia justificativa de entrega, esto incluye las solicitudes de centro, servicios y matr\u00edcula.<\/p>\n<p>&nbsp; &nbsp; &nbsp; &nbsp; &nbsp; &nbsp; &nbsp; &nbsp; &nbsp; &nbsp; &nbsp; <img loading=\"lazy\" decoding=\"async\" class=\"alignnone wp-image-1651\" src=\"https:\/\/blogsaverroes.juntadeandalucia.es\/ceiplajarilla\/files\/2024\/11\/flecha1-300x169.png\" alt=\"\" width=\"53\" height=\"30\"> <a href=\"https:\/\/www.juntadeandalucia.es\/educacion\/secretariavirtual\/\" target=\"_blank\" rel=\"noopener\"><img loading=\"lazy\" decoding=\"async\" class=\"alignnone size-medium wp-image-1725\" src=\"https:\/\/blogsaverroes.juntadeandalucia.es\/ceiplajarilla\/files\/2024\/11\/virtual2-300x68.png\" alt=\"\" width=\"300\" height=\"68\" srcset=\"https:\/\/blogsaverroes.juntadeandalucia.es\/ceiplajarilla\/files\/2024\/11\/virtual2-300x68.png 300w, https:\/\/blogsaverroes.juntadeandalucia.es\/ceiplajarilla\/files\/2024\/11\/virtual2.png 472w\" sizes=\"(max-width: 300px) 100vw, 300px\" \/><\/a><\/p>\n","protected":false},"excerpt":{"rendered":"<p>&nbsp; &nbsp; Atenci\u00f3n al p\u00fablico:&nbsp;Lunes a Viernes de 09:30 a 11:30 horas. DATOS DE CONTACTO: Tel\u00e9fono: 950156914 Correo electr\u00f3nico: 04006173.administracion.edu@juntadeandalucia.es &nbsp; IMPORTANTE:&nbsp;Se recomienda que de cualquier documento que entreguen en la secretar\u00eda del centro acompa\u00f1en una copia para su registro y que les sirva como copia justificativa de entrega, esto incluye las solicitudes de centro, [&hellip;]<\/p>\n","protected":false},"author":19962,"featured_media":0,"parent":0,"menu_order":0,"comment_status":"closed","ping_status":"closed","template":"","meta":{"_et_pb_use_builder":"","_et_pb_old_content":"","_et_gb_content_width":"","ngg_post_thumbnail":0,"footnotes":""},"aioseo_notices":[],"_links":{"self":[{"href":"https:\/\/blogsaverroes.juntadeandalucia.es\/ceiplajarilla\/wp-json\/wp\/v2\/pages\/1717"}],"collection":[{"href":"https:\/\/blogsaverroes.juntadeandalucia.es\/ceiplajarilla\/wp-json\/wp\/v2\/pages"}],"about":[{"href":"https:\/\/blogsaverroes.juntadeandalucia.es\/ceiplajarilla\/wp-json\/wp\/v2\/types\/page"}],"author":[{"embeddable":true,"href":"https:\/\/blogsaverroes.juntadeandalucia.es\/ceiplajarilla\/wp-json\/wp\/v2\/users\/19962"}],"replies":[{"embeddable":true,"href":"https:\/\/blogsaverroes.juntadeandalucia.es\/ceiplajarilla\/wp-json\/wp\/v2\/comments?post=1717"}],"version-history":[{"count":6,"href":"https:\/\/blogsaverroes.juntadeandalucia.es\/ceiplajarilla\/wp-json\/wp\/v2\/pages\/1717\/revisions"}],"predecessor-version":[{"id":2127,"href":"https:\/\/blogsaverroes.juntadeandalucia.es\/ceiplajarilla\/wp-json\/wp\/v2\/pages\/1717\/revisions\/2127"}],"wp:attachment":[{"href":"https:\/\/blogsaverroes.juntadeandalucia.es\/ceiplajarilla\/wp-json\/wp\/v2\/media?parent=1717"}],"curies":[{"name":"wp","href":"https:\/\/api.w.org\/{rel}","templated":true}]}}