{"id":2033,"date":"2025-05-07T19:34:26","date_gmt":"2025-05-07T18:34:26","guid":{"rendered":"https:\/\/blogsaverroes.juntadeandalucia.es\/ceiplajarilla\/?page_id=2033"},"modified":"2025-05-28T12:43:15","modified_gmt":"2025-05-28T11:43:15","slug":"escuela-deportiva-de-balonmano","status":"publish","type":"page","link":"https:\/\/blogsaverroes.juntadeandalucia.es\/ceiplajarilla\/escuela-deportiva-de-balonmano\/","title":{"rendered":"Escuela deportiva de Balonmano"},"content":{"rendered":"<p>[et_pb_section fb_built=&#8221;1&#8243; _builder_version=&#8221;4.16&#8243; global_colors_info=&#8221;{}&#8221;][et_pb_row _builder_version=&#8221;4.16&#8243; background_size=&#8221;initial&#8221; background_position=&#8221;top_left&#8221; background_repeat=&#8221;repeat&#8221; global_colors_info=&#8221;{}&#8221;][et_pb_column type=&#8221;4_4&#8243; _builder_version=&#8221;4.16&#8243; custom_padding=&#8221;|||&#8221; global_colors_info=&#8221;{}&#8221; custom_padding__hover=&#8221;|||&#8221;][et_pb_image src=&#8221;https:\/\/blogsaverroes.juntadeandalucia.es\/ceiplajarilla\/files\/2025\/05\/Esculas-deportivas-de-Balonmano.jpg&#8221; title_text=&#8221;Esculas deportivas de Balonmano&#8221; _builder_version=&#8221;4.24.2&#8243; _module_preset=&#8221;default&#8221; global_colors_info=&#8221;{}&#8221;][\/et_pb_image][et_pb_text _builder_version=&#8221;4.24.2&#8243; background_size=&#8221;initial&#8221; background_position=&#8221;top_left&#8221; background_repeat=&#8221;repeat&#8221; hover_enabled=&#8221;0&#8243; global_colors_info=&#8221;{}&#8221; sticky_enabled=&#8221;0&#8243;]<\/p>\n<p>&nbsp;<\/p>\n<p><a href=\"https:\/\/blogsaverroes.juntadeandalucia.es\/ceiplajarilla\/files\/2025\/05\/Info-Base-Huercal-La-Jarilla.pdf\" target=\"_blank\" rel=\"noopener\"><img loading=\"lazy\" decoding=\"async\" class=\"aligncenter size-full wp-image-2080\" src=\"https:\/\/blogsaverroes.juntadeandalucia.es\/ceiplajarilla\/files\/2025\/05\/Info-Base-Huercal-La-Jarilla_pages-to-jpg-0001.jpg\" alt=\"\" width=\"462\" height=\"657\" srcset=\"https:\/\/blogsaverroes.juntadeandalucia.es\/ceiplajarilla\/files\/2025\/05\/Info-Base-Huercal-La-Jarilla_pages-to-jpg-0001.jpg 462w, https:\/\/blogsaverroes.juntadeandalucia.es\/ceiplajarilla\/files\/2025\/05\/Info-Base-Huercal-La-Jarilla_pages-to-jpg-0001-211x300.jpg 211w\" sizes=\"(max-width: 462px) 100vw, 462px\" \/><\/a><\/p>\n<p>[\/et_pb_text][\/et_pb_column][\/et_pb_row][\/et_pb_section]<\/p>\n","protected":false},"excerpt":{"rendered":"<p>&nbsp;<\/p>\n","protected":false},"author":19962,"featured_media":0,"parent":0,"menu_order":0,"comment_status":"closed","ping_status":"closed","template":"","meta":{"_et_pb_use_builder":"on","_et_pb_old_content":"<p><a href=\"https:\/\/blogsaverroes.juntadeandalucia.es\/ceiplajarilla\/files\/2025\/05\/Esculas-deportivas-de-Balonmano.jpg\"><img class=\"aligncenter size-large wp-image-2034\" src=\"https:\/\/blogsaverroes.juntadeandalucia.es\/ceiplajarilla\/files\/2025\/05\/Esculas-deportivas-de-Balonmano-1024x256.jpg\" alt=\"\" width=\"1024\" height=\"256\"><\/a><\/p><p style=\"text-align: center;\"><span style=\"font-size: 18pt;\"><strong><span style=\"color: #ff0000;\">**Esta p\u00e1gina est\u00e1 en construcci\u00f3n. En breve albergar\u00e1 informaci\u00f3n sobre el curso 2025\/26.<\/span><\/strong><\/span><\/p>","_et_gb_content_width":"","ngg_post_thumbnail":0,"footnotes":""},"aioseo_notices":[],"_links":{"self":[{"href":"https:\/\/blogsaverroes.juntadeandalucia.es\/ceiplajarilla\/wp-json\/wp\/v2\/pages\/2033"}],"collection":[{"href":"https:\/\/blogsaverroes.juntadeandalucia.es\/ceiplajarilla\/wp-json\/wp\/v2\/pages"}],"about":[{"href":"https:\/\/blogsaverroes.juntadeandalucia.es\/ceiplajarilla\/wp-json\/wp\/v2\/types\/page"}],"author":[{"embeddable":true,"href":"https:\/\/blogsaverroes.juntadeandalucia.es\/ceiplajarilla\/wp-json\/wp\/v2\/users\/19962"}],"replies":[{"embeddable":true,"href":"https:\/\/blogsaverroes.juntadeandalucia.es\/ceiplajarilla\/wp-json\/wp\/v2\/comments?post=2033"}],"version-history":[{"count":7,"href":"https:\/\/blogsaverroes.juntadeandalucia.es\/ceiplajarilla\/wp-json\/wp\/v2\/pages\/2033\/revisions"}],"predecessor-version":[{"id":2082,"href":"https:\/\/blogsaverroes.juntadeandalucia.es\/ceiplajarilla\/wp-json\/wp\/v2\/pages\/2033\/revisions\/2082"}],"wp:attachment":[{"href":"https:\/\/blogsaverroes.juntadeandalucia.es\/ceiplajarilla\/wp-json\/wp\/v2\/media?parent=2033"}],"curies":[{"name":"wp","href":"https:\/\/api.w.org\/{rel}","templated":true}]}}