{"id":836,"date":"2020-12-18T08:37:22","date_gmt":"2020-12-18T07:37:22","guid":{"rendered":"https:\/\/blogsaverroes.juntadeandalucia.es\/pre\/plantilla-pencil\/?page_id=836"},"modified":"2025-05-29T17:04:34","modified_gmt":"2025-05-29T16:04:34","slug":"serviciosdelcentro","status":"publish","type":"page","link":"https:\/\/blogsaverroes.juntadeandalucia.es\/ceiplajarilla\/serviciosdelcentro\/","title":{"rendered":"Servicios del centro"},"content":{"rendered":"<p>[et_pb_section fb_built=&#8221;1&#8243; _builder_version=&#8221;4.16&#8243; custom_padding=&#8221;0px||0px|&#8221; z_index_tablet=&#8221;500&#8243; box_shadow_horizontal_tablet=&#8221;0px&#8221; box_shadow_vertical_tablet=&#8221;0px&#8221; box_shadow_blur_tablet=&#8221;40px&#8221; box_shadow_spread_tablet=&#8221;0px&#8221; global_colors_info=&#8221;{}&#8221;][et_pb_row _builder_version=&#8221;4.16&#8243; background_size=&#8221;initial&#8221; background_position=&#8221;top_left&#8221; background_repeat=&#8221;repeat&#8221; global_colors_info=&#8221;{}&#8221;][et_pb_column type=&#8221;4_4&#8243; _builder_version=&#8221;4.16&#8243; custom_padding=&#8221;|||&#8221; global_colors_info=&#8221;{}&#8221; custom_padding__hover=&#8221;|||&#8221;][et_pb_image src=&#8221;https:\/\/blogsaverroes.juntadeandalucia.es\/ceiplajarilla\/files\/2025\/05\/Copia-de-Esculas-deportivas-de-Balonmano.jpg&#8221; title_text=&#8221;Copia de Esculas deportivas de Balonmano&#8221; admin_label=&#8221;Imagen de la portada&#8221; _builder_version=&#8221;4.24.2&#8243; hover_enabled=&#8221;0&#8243; z_index_tablet=&#8221;500&#8243; box_shadow_horizontal_tablet=&#8221;0px&#8221; box_shadow_vertical_tablet=&#8221;0px&#8221; box_shadow_blur_tablet=&#8221;40px&#8221; box_shadow_spread_tablet=&#8221;0px&#8221; global_colors_info=&#8221;{}&#8221; sticky_enabled=&#8221;0&#8243;][\/et_pb_image][et_pb_text admin_label=&#8221;Texto descriptivo&#8221; _builder_version=&#8221;4.24.2&#8243; z_index_tablet=&#8221;500&#8243; text_text_shadow_horizontal_length_tablet=&#8221;0px&#8221; text_text_shadow_vertical_length_tablet=&#8221;0px&#8221; text_text_shadow_blur_strength_tablet=&#8221;1px&#8221; link_text_shadow_horizontal_length_tablet=&#8221;0px&#8221; link_text_shadow_vertical_length_tablet=&#8221;0px&#8221; link_text_shadow_blur_strength_tablet=&#8221;1px&#8221; ul_text_shadow_horizontal_length_tablet=&#8221;0px&#8221; ul_text_shadow_vertical_length_tablet=&#8221;0px&#8221; ul_text_shadow_blur_strength_tablet=&#8221;1px&#8221; ol_text_shadow_horizontal_length_tablet=&#8221;0px&#8221; ol_text_shadow_vertical_length_tablet=&#8221;0px&#8221; ol_text_shadow_blur_strength_tablet=&#8221;1px&#8221; quote_text_shadow_horizontal_length_tablet=&#8221;0px&#8221; quote_text_shadow_vertical_length_tablet=&#8221;0px&#8221; quote_text_shadow_blur_strength_tablet=&#8221;1px&#8221; header_text_shadow_horizontal_length_tablet=&#8221;0px&#8221; header_text_shadow_vertical_length_tablet=&#8221;0px&#8221; header_text_shadow_blur_strength_tablet=&#8221;1px&#8221; header_2_text_shadow_horizontal_length_tablet=&#8221;0px&#8221; header_2_text_shadow_vertical_length_tablet=&#8221;0px&#8221; header_2_text_shadow_blur_strength_tablet=&#8221;1px&#8221; header_3_text_shadow_horizontal_length_tablet=&#8221;0px&#8221; header_3_text_shadow_vertical_length_tablet=&#8221;0px&#8221; header_3_text_shadow_blur_strength_tablet=&#8221;1px&#8221; header_4_text_shadow_horizontal_length_tablet=&#8221;0px&#8221; header_4_text_shadow_vertical_length_tablet=&#8221;0px&#8221; header_4_text_shadow_blur_strength_tablet=&#8221;1px&#8221; header_5_text_shadow_horizontal_length_tablet=&#8221;0px&#8221; header_5_text_shadow_vertical_length_tablet=&#8221;0px&#8221; header_5_text_shadow_blur_strength_tablet=&#8221;1px&#8221; header_6_text_shadow_horizontal_length_tablet=&#8221;0px&#8221; header_6_text_shadow_vertical_length_tablet=&#8221;0px&#8221; header_6_text_shadow_blur_strength_tablet=&#8221;1px&#8221; box_shadow_horizontal_tablet=&#8221;0px&#8221; box_shadow_vertical_tablet=&#8221;0px&#8221; box_shadow_blur_tablet=&#8221;40px&#8221; box_shadow_spread_tablet=&#8221;0px&#8221; global_colors_info=&#8221;{}&#8221;]<\/p>\n<p style=\"text-align: center\"><strong><span style=\"color: #ff0000;font-size: 14pt\">SERVICIOS DEL CENTRO PARA EL CURSO 2025\/26<\/span><\/strong><\/p>\n<p style=\"text-align: center\"><iframe loading=\"lazy\" src=\"https:\/\/drive.google.com\/file\/d\/1LNUl6eHNC8fTHKx9hVs66uDU9JW70STf\/preview\" width=\"640\" height=\"480\"><\/iframe><\/p>\n<p>&nbsp;<\/p>\n<p>Se podr\u00e1n consultar presencialmente en el centro o en la&nbsp;<strong><a href=\"https:\/\/www.juntadeandalucia.es\/educacion\/secretariavirtual\/\">Secretar\u00eda virtual<\/a><\/strong><\/p>\n<p><strong>CONTACTO DE LAS EMPRESAS DE SERVICIOS<\/strong><\/p>\n<p><strong>SERVICIO DE AULA MATINAL Y ACTIVIDADES EXTRAESCOLARES:&nbsp;<\/strong><\/p>\n<p>Empresa Concesionaria: Celem\u00edn.&nbsp; &nbsp; &nbsp; &nbsp; &nbsp; <a href=\"www.celemin.es\" target=\"_blank\" rel=\"noopener\">www.celemin.es<\/a><\/p>\n<p>Tlf.: 902509732&nbsp; &nbsp; &nbsp; &nbsp; &nbsp; &nbsp;email: info@celemin.es<\/p>\n<p>&nbsp;<\/p>\n<p><strong>SERVICIO DE COMEDOR:&nbsp;<\/strong><em>Las ausencias hay que comunicarlas al colegio antes de las 09:30 horas para la organizaci\u00f3n del comedor, para los cobros hay que comunicarlo 3 d\u00edas antes a la empresa Mediterr\u00e1nea de Alimentaci\u00f3n.<\/em><\/p>\n<p>MEDIATERR\u00c1NEA DE ALIMENTACI\u00d3N:<a href=\"https:\/\/blogsaverroes.juntadeandalucia.es\/ceiplajarilla\/files\/2024\/10\/Carta-presentacion-curso-2022-2023-ALMERIA.pdf\" target=\"_blank\" rel=\"noopener\">&nbsp;Carta de presentaci\u00f3n y condiciones de uso.<\/a><\/p>\n<p>PARA DIETAS:&nbsp;<a href=\"mailto:dietetica.andalucia@mediterranea-group.com\">dietetica.andalucia@mediterranea-group.com<\/a><\/p>\n<p>PARA COMUNICAR AUSENCIAS Y QUE NO LO COBREN:&nbsp;<a href=\"mailto:administracion.almeria@mediterranea-group.com\">administracion.almeria@mediterranea-group.com<\/a><\/p>\n<p>&nbsp;<\/p>\n<p>[\/et_pb_text][\/et_pb_column][\/et_pb_row][\/et_pb_section]<\/p>\n","protected":false},"excerpt":{"rendered":"<p>SERVICIOS DEL CENTRO PARA EL CURSO 2025\/26 &nbsp; Se podr\u00e1n consultar presencialmente en el centro o en la&nbsp;Secretar\u00eda virtual CONTACTO DE LAS EMPRESAS DE SERVICIOS SERVICIO DE AULA MATINAL Y ACTIVIDADES EXTRAESCOLARES:&nbsp; Empresa Concesionaria: Celem\u00edn.&nbsp; &nbsp; &nbsp; &nbsp; &nbsp; www.celemin.es Tlf.: 902509732&nbsp; &nbsp; &nbsp; &nbsp; &nbsp; &nbsp;email: info@celemin.es &nbsp; SERVICIO DE COMEDOR:&nbsp;Las ausencias hay que [&hellip;]<\/p>\n","protected":false},"author":7051,"featured_media":0,"parent":0,"menu_order":0,"comment_status":"closed","ping_status":"closed","template":"","meta":{"_et_pb_use_builder":"on","_et_pb_old_content":"","_et_gb_content_width":"","ngg_post_thumbnail":0,"footnotes":""},"aioseo_notices":[],"_links":{"self":[{"href":"https:\/\/blogsaverroes.juntadeandalucia.es\/ceiplajarilla\/wp-json\/wp\/v2\/pages\/836"}],"collection":[{"href":"https:\/\/blogsaverroes.juntadeandalucia.es\/ceiplajarilla\/wp-json\/wp\/v2\/pages"}],"about":[{"href":"https:\/\/blogsaverroes.juntadeandalucia.es\/ceiplajarilla\/wp-json\/wp\/v2\/types\/page"}],"author":[{"embeddable":true,"href":"https:\/\/blogsaverroes.juntadeandalucia.es\/ceiplajarilla\/wp-json\/wp\/v2\/users\/7051"}],"replies":[{"embeddable":true,"href":"https:\/\/blogsaverroes.juntadeandalucia.es\/ceiplajarilla\/wp-json\/wp\/v2\/comments?post=836"}],"version-history":[{"count":20,"href":"https:\/\/blogsaverroes.juntadeandalucia.es\/ceiplajarilla\/wp-json\/wp\/v2\/pages\/836\/revisions"}],"predecessor-version":[{"id":2112,"href":"https:\/\/blogsaverroes.juntadeandalucia.es\/ceiplajarilla\/wp-json\/wp\/v2\/pages\/836\/revisions\/2112"}],"wp:attachment":[{"href":"https:\/\/blogsaverroes.juntadeandalucia.es\/ceiplajarilla\/wp-json\/wp\/v2\/media?parent=836"}],"curies":[{"name":"wp","href":"https:\/\/api.w.org\/{rel}","templated":true}]}}