{"id":3283,"date":"2021-06-09T10:53:25","date_gmt":"2021-06-09T10:53:25","guid":{"rendered":"https:\/\/blogsaverroes.juntadeandalucia.es\/ceiplamolina\/?page_id=3283"},"modified":"2022-12-31T10:52:31","modified_gmt":"2022-12-31T10:52:31","slug":"plan-igualdad","status":"publish","type":"page","link":"https:\/\/blogsaverroes.juntadeandalucia.es\/ceiplamolina\/plan-igualdad\/","title":{"rendered":"Plan Igualdad"},"content":{"rendered":"<p align=\"JUSTIFY\"><span style=\"font-family: Times New Roman, serif\"><span style=\"font-size: medium\"><b><span style=\"color: #555555\"><span style=\"font-family: Verdana, sans-serif\"><span style=\"font-size: small\"><a href=\"https:\/\/blogsaverroes.juntadeandalucia.es\/ceiplamolina\/files\/2022\/03\/Banner-tres-logos.jpg\"><img decoding=\"async\" class=\"size-medium wp-image-4119 aligncenter\" src=\"https:\/\/blogsaverroes.juntadeandalucia.es\/ceiplamolina\/files\/2022\/03\/Banner-tres-logos-300x51.jpg\" alt=\"\" width=\"300\" height=\"51\" srcset=\"https:\/\/blogsaverroes.juntadeandalucia.es\/ceiplamolina\/files\/2022\/03\/Banner-tres-logos-300x51.jpg 300w, https:\/\/blogsaverroes.juntadeandalucia.es\/ceiplamolina\/files\/2022\/03\/Banner-tres-logos-1024x173.jpg 1024w, https:\/\/blogsaverroes.juntadeandalucia.es\/ceiplamolina\/files\/2022\/03\/Banner-tres-logos-768x129.jpg 768w, https:\/\/blogsaverroes.juntadeandalucia.es\/ceiplamolina\/files\/2022\/03\/Banner-tres-logos-24x4.jpg 24w, https:\/\/blogsaverroes.juntadeandalucia.es\/ceiplamolina\/files\/2022\/03\/Banner-tres-logos-36x6.jpg 36w, https:\/\/blogsaverroes.juntadeandalucia.es\/ceiplamolina\/files\/2022\/03\/Banner-tres-logos-48x8.jpg 48w, https:\/\/blogsaverroes.juntadeandalucia.es\/ceiplamolina\/files\/2022\/03\/Banner-tres-logos.jpg 1175w\" sizes=\"(max-width: 300px) 100vw, 300px\" \/><\/a><a href=\"https:\/\/blogsaverroes.juntadeandalucia.es\/ceiplamolina\/files\/2021\/12\/IMG_4831.jpg\"><img fetchpriority=\"high\" decoding=\"async\" class=\"size-medium wp-image-3822 aligncenter\" src=\"https:\/\/blogsaverroes.juntadeandalucia.es\/ceiplamolina\/files\/2021\/12\/IMG_4831-300x234.jpg\" alt=\"\" width=\"300\" height=\"234\" srcset=\"https:\/\/blogsaverroes.juntadeandalucia.es\/ceiplamolina\/files\/2021\/12\/IMG_4831-300x234.jpg 300w, https:\/\/blogsaverroes.juntadeandalucia.es\/ceiplamolina\/files\/2021\/12\/IMG_4831-1024x800.jpg 1024w, https:\/\/blogsaverroes.juntadeandalucia.es\/ceiplamolina\/files\/2021\/12\/IMG_4831-768x600.jpg 768w, https:\/\/blogsaverroes.juntadeandalucia.es\/ceiplamolina\/files\/2021\/12\/IMG_4831-1536x1201.jpg 1536w, https:\/\/blogsaverroes.juntadeandalucia.es\/ceiplamolina\/files\/2021\/12\/IMG_4831-2048x1601.jpg 2048w, https:\/\/blogsaverroes.juntadeandalucia.es\/ceiplamolina\/files\/2021\/12\/IMG_4831-24x19.jpg 24w, https:\/\/blogsaverroes.juntadeandalucia.es\/ceiplamolina\/files\/2021\/12\/IMG_4831-36x28.jpg 36w, https:\/\/blogsaverroes.juntadeandalucia.es\/ceiplamolina\/files\/2021\/12\/IMG_4831-48x38.jpg 48w, https:\/\/blogsaverroes.juntadeandalucia.es\/ceiplamolina\/files\/2021\/12\/IMG_4831.jpg 1600w\" sizes=\"(max-width: 300px) 100vw, 300px\" \/><\/a><\/span><\/span><\/span><\/b><\/span><\/span><\/p>\n<p align=\"JUSTIFY\"><span style=\"font-family: Times New Roman, serif\"><span style=\"font-size: medium\"><b><span style=\"color: #555555\"><span style=\"font-family: Verdana, sans-serif\"><span style=\"font-size: small\">Nuestro centro est\u00e1 adscrito al Plan de Igualdad <\/span><\/span><\/span><\/b><span style=\"color: #555555\"><span style=\"font-family: Verdana, sans-serif\"><span style=\"font-size: small\">que viene a dar respuesta a la necesidad de conquistar derechos igualitarios para las mujeres, eliminando los obst\u00e1culos que se interponen a la igualdad real y al acceso al \u00e1mbito de lo p\u00fablico.<\/span><\/span><\/span><\/span><\/span><\/p>\n<p align=\"JUSTIFY\"><img decoding=\"async\" class=\"alignleft\" src=\"https:\/\/violenciagenero.igualdad.gob.es\/pactoEstado\/IMG\/logopactoestadocolor.png\" width=\"281\" height=\"216\"><\/p>\n<p align=\"JUSTIFY\"><span style=\"font-family: Times New Roman, serif\"><span style=\"font-size: medium\"><span style=\"color: #555555\"><span style=\"font-family: Verdana, sans-serif\"><span style=\"font-size: small\">El<\/span><\/span><\/span><b><span style=\"color: #555555\"><span style=\"font-family: Verdana, sans-serif\"><span style=\"font-size: small\">&nbsp;II Plan Estrat\u00e9gico de Igualdad de G\u00e9nero en Educaci\u00f3n<\/span><\/span><\/span><\/b><span style=\"color: #555555\"><span style=\"font-family: Verdana, sans-serif\"><span style=\"font-size: small\">&nbsp;propone actuaciones en este mismo sentido a favor de los derechos de las mujeres y adem\u00e1s, incorpora actuaciones que incidan en la cultura real que sustenta la desigualdad, con actuaciones a favor de los hombres y de las mujeres en aquellas desigualdades espec\u00edficas que produce la tradicional socializaci\u00f3n diferenciada.<\/span><\/span><\/span><\/span><\/span><\/p>\n<p align=\"JUSTIFY\"><span style=\"color: #555555\"><span style=\"font-family: Verdana, sans-serif\"><span style=\"font-size: small\">De esta forma tanto las chicas como los chicos refuerzan los aspectos que, en cada caso, les son favorables y recuperan los que se les hab\u00eda prohibido, posibilitando su pleno desarrollo como personas.<\/span><\/span><\/span><\/p>\n<p align=\"JUSTIFY\"><span style=\"color: #555555\"><span style=\"font-family: Verdana, sans-serif\"><span style=\"font-size: small\">El II Plan contribuye a fomentar, desde esta doble mirada a favor de las mujeres y a favor de los hombres, planteamientos cooperativos de \u201cyo gano, t\u00fa ganas\u201d, que configuran los pilares b\u00e1sicos de una sociedad igualitaria y justa.<\/span><\/span><\/span><\/p>\n<p align=\"JUSTIFY\"><span style=\"color: #555555\"><span style=\"font-family: Verdana, sans-serif\"><span style=\"font-size: small\">Se sustenta en una estructura de avance sobre la ya existente desde el Decreto 19\/2007, de 23 de enero, por el que se adoptan medidas para la promoci\u00f3n de la cultura de paz y la mejora de la convivencia en los centros docentes sostenidos con fondos p\u00fablicos, asign\u00e1ndoles nuevas funciones en materia de coeducaci\u00f3n, igualdad y prevenci\u00f3n de la violencia de g\u00e9nero.<\/span><\/span><\/span><\/p>\n<h3 style=\"text-align: center\" align=\"JUSTIFY\"><strong><span style=\"color: #ff00ff\"><span style=\"font-family: Verdana, sans-serif\"><span style=\"font-size: small\">ENLACE PARA EL PORTAL DE IGUALDAD<\/span><\/span><\/span><\/strong><\/h3>\n<p align=\"JUSTIFY\"><span style=\"color: #555555\"><span style=\"font-family: Verdana, sans-serif\"><span style=\"font-size: small\">El siguiente enlace que ofrecemos est\u00e1 organizado por a Junta de Andaluc\u00eda en la que se pueden ver las propuestas de actividades, selecci\u00f3n de cuentos coeducativos, charlas, art\u00edculos informativos para trabajar en la Coeducaci\u00f3n.<\/span><\/span><\/span><\/p>\n<p style=\"text-align: center\" align=\"JUSTIFY\"><a href=\"https:\/\/www.juntadeandalucia.es\/educacion\/portals\/web\/igualdad\" target=\"_blank\" rel=\"noopener noreferrer\">https:\/\/www.juntadeandalucia.es\/educacion\/portals\/web\/igualdad<\/a><\/p>\n<p align=\"JUSTIFY\">&nbsp;<\/p>\n<p style=\"text-align: center\"><a href=\"https:\/\/blogsaverroes.juntadeandalucia.es\/ceiplamolina\/files\/2021\/03\/dia-de-la-mujer.png\"><img loading=\"lazy\" decoding=\"async\" class=\"alignnone wp-image-2873\" src=\"https:\/\/blogsaverroes.juntadeandalucia.es\/ceiplamolina\/files\/2021\/03\/dia-de-la-mujer-300x300.png\" alt=\"\" width=\"171\" height=\"171\" srcset=\"https:\/\/blogsaverroes.juntadeandalucia.es\/ceiplamolina\/files\/2021\/03\/dia-de-la-mujer-300x300.png 300w, https:\/\/blogsaverroes.juntadeandalucia.es\/ceiplamolina\/files\/2021\/03\/dia-de-la-mujer-150x150.png 150w, https:\/\/blogsaverroes.juntadeandalucia.es\/ceiplamolina\/files\/2021\/03\/dia-de-la-mujer-100x100.png 100w, https:\/\/blogsaverroes.juntadeandalucia.es\/ceiplamolina\/files\/2021\/03\/dia-de-la-mujer-24x24.png 24w, https:\/\/blogsaverroes.juntadeandalucia.es\/ceiplamolina\/files\/2021\/03\/dia-de-la-mujer-36x36.png 36w, https:\/\/blogsaverroes.juntadeandalucia.es\/ceiplamolina\/files\/2021\/03\/dia-de-la-mujer-48x48.png 48w, https:\/\/blogsaverroes.juntadeandalucia.es\/ceiplamolina\/files\/2021\/03\/dia-de-la-mujer.png 512w\" sizes=\"(max-width: 171px) 100vw, 171px\" \/><\/a><\/p>\n<p style=\"text-align: center\">El CEIP La Molina celebra el D\u00eda Internacional para la Eliminaci\u00f3n de la Violencia contra la Mujer<\/p>\n<p>&nbsp;<\/p>\n<p style=\"text-align: center\"><iframe src=\"\/\/www.youtube.com\/embed\/oF07g1pPYEY\" width=\"560\" height=\"314\"><\/iframe><\/p>\n<h3 style=\"text-align: center\"><span style=\"color: #800080\">CAMPA\u00d1A DEL JUEGO Y JUGUETE NO SEXISTA, NO VIOLENTO 22-23<\/span><\/h3>\n<div dir=\"ltr\" style=\"text-align: justify\"><a href=\"https:\/\/blogsaverroes.juntadeandalucia.es\/ceiplamolina\/files\/2022\/12\/4037654-scaled.jpg\"><img loading=\"lazy\" decoding=\"async\" class=\" wp-image-4584 alignleft\" src=\"https:\/\/blogsaverroes.juntadeandalucia.es\/ceiplamolina\/files\/2022\/12\/4037654-scaled.jpg\" alt=\"\" width=\"348\" height=\"232\" srcset=\"https:\/\/blogsaverroes.juntadeandalucia.es\/ceiplamolina\/files\/2022\/12\/4037654-scaled.jpg 1600w, https:\/\/blogsaverroes.juntadeandalucia.es\/ceiplamolina\/files\/2022\/12\/4037654-300x200.jpg 300w, https:\/\/blogsaverroes.juntadeandalucia.es\/ceiplamolina\/files\/2022\/12\/4037654-1024x683.jpg 1024w, https:\/\/blogsaverroes.juntadeandalucia.es\/ceiplamolina\/files\/2022\/12\/4037654-768x512.jpg 768w, https:\/\/blogsaverroes.juntadeandalucia.es\/ceiplamolina\/files\/2022\/12\/4037654-1536x1024.jpg 1536w, https:\/\/blogsaverroes.juntadeandalucia.es\/ceiplamolina\/files\/2022\/12\/4037654-2048x1365.jpg 2048w, https:\/\/blogsaverroes.juntadeandalucia.es\/ceiplamolina\/files\/2022\/12\/4037654-24x16.jpg 24w, https:\/\/blogsaverroes.juntadeandalucia.es\/ceiplamolina\/files\/2022\/12\/4037654-36x24.jpg 36w, https:\/\/blogsaverroes.juntadeandalucia.es\/ceiplamolina\/files\/2022\/12\/4037654-48x32.jpg 48w\" sizes=\"(max-width: 348px) 100vw, 348px\" \/><\/a>Lo que juegan hoy, lo vivir\u00e1n ma\u00f1ana. Regala igualdad.<\/div>\n<div dir=\"ltr\" style=\"text-align: justify\">El Instituto Andaluz de la Mujer realiza, anualmente, la Campa\u00f1a del Juego y el Juguete No Sexista, No Violento, con el objetivo de sensibilizar y concienciar a la poblaci\u00f3n en general, y a la comunidad educativa en particular, sobre la necesidad de eliminar el contenido sexista y violento de juegos y juguetes, y contribuir as\u00ed al desarrollo de actitudes y comportamientos de cooperaci\u00f3n, respeto a las diferencias y relaciones de igualdad entre las ni\u00f1as y los ni\u00f1os y en la juventud.<\/div>\n<div dir=\"ltr\" style=\"text-align: justify\">&nbsp;<\/div>\n<div dir=\"ltr\" style=\"text-align: justify\">Este a\u00f1o , el lema \u201cLo que juegan hoy, lo vivir\u00e1n ma\u00f1ana. Regala igualdad\u201d reivindica la toma de conciencia sobre la importancia de regalar juguetes que les ayuden a ser personas libres de sexismo y de violencia, interpelando la importancia del juego como herramienta fundamental para conformar el pensamiento y el desarrollo integral de la personalidad.<\/div>\n<div dir=\"ltr\">&nbsp;<\/div>\n<div dir=\"ltr\">Campa\u00f1a del Juego y el Juguete No Sexista, No violento 2022\/23<\/div>\n<div dir=\"ltr\">&nbsp;<\/div>\n<div dir=\"ltr\" style=\"text-align: center\"><iframe src=\"\/\/www.youtube.com\/embed\/jrWml2DllsM\" width=\"560\" height=\"314\"><\/iframe><\/div>\n<p>&nbsp;<\/p>\n","protected":false},"excerpt":{"rendered":"<p>Nuestro centro est\u00e1 adscrito al Plan de Igualdad que viene a dar respuesta a la necesidad de conquistar derechos igualitarios para las mujeres, eliminando los obst\u00e1culos que se interponen a la igualdad real y&#46;&#46;&#46;<\/p>\n","protected":false},"author":11627,"featured_media":0,"parent":0,"menu_order":0,"comment_status":"closed","ping_status":"closed","template":"","meta":{"footnotes":"","_mc_calendar":[]},"aioseo_notices":[],"_links":{"self":[{"href":"https:\/\/blogsaverroes.juntadeandalucia.es\/ceiplamolina\/wp-json\/wp\/v2\/pages\/3283"}],"collection":[{"href":"https:\/\/blogsaverroes.juntadeandalucia.es\/ceiplamolina\/wp-json\/wp\/v2\/pages"}],"about":[{"href":"https:\/\/blogsaverroes.juntadeandalucia.es\/ceiplamolina\/wp-json\/wp\/v2\/types\/page"}],"author":[{"embeddable":true,"href":"https:\/\/blogsaverroes.juntadeandalucia.es\/ceiplamolina\/wp-json\/wp\/v2\/users\/11627"}],"replies":[{"embeddable":true,"href":"https:\/\/blogsaverroes.juntadeandalucia.es\/ceiplamolina\/wp-json\/wp\/v2\/comments?post=3283"}],"version-history":[{"count":9,"href":"https:\/\/blogsaverroes.juntadeandalucia.es\/ceiplamolina\/wp-json\/wp\/v2\/pages\/3283\/revisions"}],"predecessor-version":[{"id":4589,"href":"https:\/\/blogsaverroes.juntadeandalucia.es\/ceiplamolina\/wp-json\/wp\/v2\/pages\/3283\/revisions\/4589"}],"wp:attachment":[{"href":"https:\/\/blogsaverroes.juntadeandalucia.es\/ceiplamolina\/wp-json\/wp\/v2\/media?parent=3283"}],"curies":[{"name":"wp","href":"https:\/\/api.w.org\/{rel}","templated":true}]}}