{"id":35,"date":"2015-03-13T08:21:43","date_gmt":"2015-03-13T08:21:43","guid":{"rendered":"http:\/\/blogsaverroes.juntadeandalucia.es\/pre\/ceip\/?page_id=35"},"modified":"2021-05-21T10:21:59","modified_gmt":"2021-05-21T10:21:59","slug":"el-centro-2","status":"publish","type":"page","link":"https:\/\/blogsaverroes.juntadeandalucia.es\/ceiplamolina\/el-centro-2\/","title":{"rendered":"Datos del centro"},"content":{"rendered":"<h1 style=\"text-align: center\"><strong><span style=\"color: #0000ff\">DATOS DEL CENTRO<\/span><\/strong><\/h1>\n<h3><strong><a href=\"https:\/\/blogsaverroes.juntadeandalucia.es\/ceiplamolina\/files\/2021\/02\/direcciones.png\"><img decoding=\"async\" src=\"https:\/\/blogsaverroes.juntadeandalucia.es\/ceiplamolina\/files\/2021\/02\/direcciones-300x300.png\" alt=\"\" width=\"69\" height=\"69\"><\/a>&nbsp; &nbsp; <span style=\"color: #0000ff\">Direcci\u00f3n del centro:<\/span><\/strong><\/h3>\n<p>&nbsp;<\/p>\n<p><iframe src=\"https:\/\/www.google.com\/maps\/embed?pb=!1m18!1m12!1m3!1d3196.494760586827!2d-2.6205181853606936!3d36.758696677735884!2m3!1f0!2f0!3f0!3m2!1i1024!2i768!4f13.1!3m3!1m2!1s0xd707008984c3cb5%3A0x24b7d5ab04a8845a!2sCEIP%20La%20Molina!5e0!3m2!1ses!2ses!4v1612782284781!5m2!1ses!2ses\" width=\"400\" height=\"300\" frameborder=\"0\"><\/iframe><\/p>\n<p>&nbsp;<\/p>\n<h4><strong>Calle<i> Camino del Puerto 19<\/i>, Roquetas de Mar 04740. Almer\u00eda<\/strong><\/h4>\n<p><strong>FAX: 950153331<\/strong><br \/>\n<strong>Email:<\/strong> 04007700.edu@juntadeandalucia.es<\/p>\n<p>&nbsp;<\/p>\n<h3><strong><a href=\"https:\/\/blogsaverroes.juntadeandalucia.es\/ceiplamolina\/files\/2021\/02\/contacto.png\"><img decoding=\"async\" src=\"https:\/\/blogsaverroes.juntadeandalucia.es\/ceiplamolina\/files\/2021\/02\/contacto-300x300.png\" alt=\"\" width=\"50\" height=\"50\"><\/a>&nbsp; &nbsp; <span style=\"color: #0000ff\">Secretar\u00eda:<\/span><\/strong><\/h3>\n<p><strong>Tel\u00e9fono<\/strong>: 950153330<br \/>\n<strong>Email<\/strong>: secretariacolegiolamolina@gmail.com<\/p>\n<h3><strong><a href=\"https:\/\/blogsaverroes.juntadeandalucia.es\/ceiplamolina\/files\/2021\/02\/contacto.png\"><img decoding=\"async\" src=\"https:\/\/blogsaverroes.juntadeandalucia.es\/ceiplamolina\/files\/2021\/02\/contacto-300x300.png\" alt=\"\" width=\"50\" height=\"50\"><\/a>&nbsp; &nbsp; <span style=\"color: #0000ff\">Jefatura de Estudios:<\/span><\/strong><\/h3>\n<p><strong>Tel\u00e9fono<\/strong>: 950153330<\/p>\n<h3><strong><a href=\"https:\/\/blogsaverroes.juntadeandalucia.es\/ceiplamolina\/files\/2021\/02\/contacto.png\"><img decoding=\"async\" src=\"https:\/\/blogsaverroes.juntadeandalucia.es\/ceiplamolina\/files\/2021\/02\/contacto-300x300.png\" alt=\"\" width=\"50\" height=\"50\"><\/a>&nbsp; &nbsp; <span style=\"color: #0000ff\">Direcci\u00f3n:<\/span><\/strong><\/h3>\n<p><strong>Tel\u00e9fono<\/strong>: 671531017<\/p>\n<h2 style=\"text-align: center\"><strong><span style=\"color: #0000ff\">CONOCE NUESTRO COLEGIO<\/span><\/strong><\/h2>\n<p>Si quieres conocer mejor nuestro colegio te lo presentamos en el siguiente v\u00eddeo promocional:<\/p>\n<p style=\"text-align: center\"><iframe src=\"\/\/www.youtube.com\/embed\/dTOQT8nIpOk\" width=\"560\" height=\"314\"><\/iframe><\/p>\n<p>&nbsp;<\/p>\n","protected":false},"excerpt":{"rendered":"<p>DATOS DEL CENTRO &nbsp; &nbsp; Direcci\u00f3n del centro: &nbsp; &nbsp; Calle Camino del Puerto 19, Roquetas de Mar 04740. Almer\u00eda FAX: 950153331 Email: 04007700.edu@juntadeandalucia.es &nbsp; &nbsp; &nbsp; Secretar\u00eda: Tel\u00e9fono: 950153330 Email: secretariacolegiolamolina@gmail.com &nbsp; &nbsp;&#46;&#46;&#46;<\/p>\n","protected":false},"author":1,"featured_media":0,"parent":0,"menu_order":0,"comment_status":"closed","ping_status":"open","template":"page-cs.php","meta":{"footnotes":"","_mc_calendar":[]},"aioseo_notices":[],"_links":{"self":[{"href":"https:\/\/blogsaverroes.juntadeandalucia.es\/ceiplamolina\/wp-json\/wp\/v2\/pages\/35"}],"collection":[{"href":"https:\/\/blogsaverroes.juntadeandalucia.es\/ceiplamolina\/wp-json\/wp\/v2\/pages"}],"about":[{"href":"https:\/\/blogsaverroes.juntadeandalucia.es\/ceiplamolina\/wp-json\/wp\/v2\/types\/page"}],"author":[{"embeddable":true,"href":"https:\/\/blogsaverroes.juntadeandalucia.es\/ceiplamolina\/wp-json\/wp\/v2\/users\/1"}],"replies":[{"embeddable":true,"href":"https:\/\/blogsaverroes.juntadeandalucia.es\/ceiplamolina\/wp-json\/wp\/v2\/comments?post=35"}],"version-history":[{"count":55,"href":"https:\/\/blogsaverroes.juntadeandalucia.es\/ceiplamolina\/wp-json\/wp\/v2\/pages\/35\/revisions"}],"predecessor-version":[{"id":3151,"href":"https:\/\/blogsaverroes.juntadeandalucia.es\/ceiplamolina\/wp-json\/wp\/v2\/pages\/35\/revisions\/3151"}],"wp:attachment":[{"href":"https:\/\/blogsaverroes.juntadeandalucia.es\/ceiplamolina\/wp-json\/wp\/v2\/media?parent=35"}],"curies":[{"name":"wp","href":"https:\/\/api.w.org\/{rel}","templated":true}]}}