{"id":3534,"date":"2021-09-29T10:41:37","date_gmt":"2021-09-29T10:41:37","guid":{"rendered":"https:\/\/blogsaverroes.juntadeandalucia.es\/ceiplamolina\/?page_id=3534"},"modified":"2021-09-29T10:53:07","modified_gmt":"2021-09-29T10:53:07","slug":"recuerdos","status":"publish","type":"page","link":"https:\/\/blogsaverroes.juntadeandalucia.es\/ceiplamolina\/recuerdos\/","title":{"rendered":"Recuerdos&#8230;"},"content":{"rendered":"<p><a href=\"https:\/\/blogsaverroes.juntadeandalucia.es\/ceiplamolina\/files\/2021\/09\/historia.png\"><img decoding=\"async\" class=\"wp-image-3544 alignleft\" src=\"https:\/\/blogsaverroes.juntadeandalucia.es\/ceiplamolina\/files\/2021\/09\/historia-300x300.png\" alt=\"\" width=\"108\" height=\"108\" srcset=\"https:\/\/blogsaverroes.juntadeandalucia.es\/ceiplamolina\/files\/2021\/09\/historia-300x300.png 300w, https:\/\/blogsaverroes.juntadeandalucia.es\/ceiplamolina\/files\/2021\/09\/historia-150x150.png 150w, https:\/\/blogsaverroes.juntadeandalucia.es\/ceiplamolina\/files\/2021\/09\/historia-100x100.png 100w, https:\/\/blogsaverroes.juntadeandalucia.es\/ceiplamolina\/files\/2021\/09\/historia-24x24.png 24w, https:\/\/blogsaverroes.juntadeandalucia.es\/ceiplamolina\/files\/2021\/09\/historia-36x36.png 36w, https:\/\/blogsaverroes.juntadeandalucia.es\/ceiplamolina\/files\/2021\/09\/historia-48x48.png 48w, https:\/\/blogsaverroes.juntadeandalucia.es\/ceiplamolina\/files\/2021\/09\/historia.png 512w\" sizes=\"(max-width: 108px) 100vw, 108px\" \/><\/a><\/p>\n<h3>Aqu\u00ed podr\u00e1s encontrar una recopilaci\u00f3n de las actividades y eventos m\u00e1s importantes que han transcurrido a lo largo de los a\u00f1os en nuestro centro.&nbsp;<\/h3>\n<p>&nbsp;<\/p>\n","protected":false},"excerpt":{"rendered":"<p>Aqu\u00ed podr\u00e1s encontrar una recopilaci\u00f3n de las actividades y eventos m\u00e1s importantes que han transcurrido a lo largo de los a\u00f1os en nuestro centro.&nbsp; &nbsp;<\/p>\n","protected":false},"author":11627,"featured_media":0,"parent":0,"menu_order":0,"comment_status":"closed","ping_status":"closed","template":"","meta":{"footnotes":"","_mc_calendar":[]},"aioseo_notices":[],"_links":{"self":[{"href":"https:\/\/blogsaverroes.juntadeandalucia.es\/ceiplamolina\/wp-json\/wp\/v2\/pages\/3534"}],"collection":[{"href":"https:\/\/blogsaverroes.juntadeandalucia.es\/ceiplamolina\/wp-json\/wp\/v2\/pages"}],"about":[{"href":"https:\/\/blogsaverroes.juntadeandalucia.es\/ceiplamolina\/wp-json\/wp\/v2\/types\/page"}],"author":[{"embeddable":true,"href":"https:\/\/blogsaverroes.juntadeandalucia.es\/ceiplamolina\/wp-json\/wp\/v2\/users\/11627"}],"replies":[{"embeddable":true,"href":"https:\/\/blogsaverroes.juntadeandalucia.es\/ceiplamolina\/wp-json\/wp\/v2\/comments?post=3534"}],"version-history":[{"count":4,"href":"https:\/\/blogsaverroes.juntadeandalucia.es\/ceiplamolina\/wp-json\/wp\/v2\/pages\/3534\/revisions"}],"predecessor-version":[{"id":3545,"href":"https:\/\/blogsaverroes.juntadeandalucia.es\/ceiplamolina\/wp-json\/wp\/v2\/pages\/3534\/revisions\/3545"}],"wp:attachment":[{"href":"https:\/\/blogsaverroes.juntadeandalucia.es\/ceiplamolina\/wp-json\/wp\/v2\/media?parent=3534"}],"curies":[{"name":"wp","href":"https:\/\/api.w.org\/{rel}","templated":true}]}}