{"id":42,"date":"2015-03-13T08:40:47","date_gmt":"2015-03-13T08:40:47","guid":{"rendered":"http:\/\/blogsaverroes.juntadeandalucia.es\/pre\/ceip\/?page_id=42"},"modified":"2021-12-13T10:29:20","modified_gmt":"2021-12-13T10:29:20","slug":"equipo-directivo","status":"publish","type":"page","link":"https:\/\/blogsaverroes.juntadeandalucia.es\/ceiplamolina\/equipo-directivo\/","title":{"rendered":"Equipo directivo"},"content":{"rendered":"<h3 style=\"text-align: center\"><span style=\"color: #008080\">Equipo directivo<\/span><\/h3>\n<p><strong><span style=\"color: #008080\">Direcci\u00f3n<\/span>: M\u00aa&nbsp; Nieves Rodr\u00edguez Garc\u00eda<\/strong><\/p>\n<p><strong><span style=\"color: #008080\">Jefatura de Estudios:<\/span> Dolores Izquierdo Asensio<\/strong><\/p>\n<p><strong><span style=\"color: #008080\">Secretar\u00eda:<\/span> Cristina J\u00e1\u00f1ez Giganto<\/strong><\/p>\n","protected":false},"excerpt":{"rendered":"<p>Equipo directivo Direcci\u00f3n: M\u00aa&nbsp; Nieves Rodr\u00edguez Garc\u00eda Jefatura de Estudios: Dolores Izquierdo Asensio Secretar\u00eda: Cristina J\u00e1\u00f1ez Giganto<\/p>\n","protected":false},"author":1,"featured_media":0,"parent":0,"menu_order":0,"comment_status":"closed","ping_status":"open","template":"","meta":{"footnotes":"","_mc_calendar":[]},"aioseo_notices":[],"_links":{"self":[{"href":"https:\/\/blogsaverroes.juntadeandalucia.es\/ceiplamolina\/wp-json\/wp\/v2\/pages\/42"}],"collection":[{"href":"https:\/\/blogsaverroes.juntadeandalucia.es\/ceiplamolina\/wp-json\/wp\/v2\/pages"}],"about":[{"href":"https:\/\/blogsaverroes.juntadeandalucia.es\/ceiplamolina\/wp-json\/wp\/v2\/types\/page"}],"author":[{"embeddable":true,"href":"https:\/\/blogsaverroes.juntadeandalucia.es\/ceiplamolina\/wp-json\/wp\/v2\/users\/1"}],"replies":[{"embeddable":true,"href":"https:\/\/blogsaverroes.juntadeandalucia.es\/ceiplamolina\/wp-json\/wp\/v2\/comments?post=42"}],"version-history":[{"count":10,"href":"https:\/\/blogsaverroes.juntadeandalucia.es\/ceiplamolina\/wp-json\/wp\/v2\/pages\/42\/revisions"}],"predecessor-version":[{"id":3794,"href":"https:\/\/blogsaverroes.juntadeandalucia.es\/ceiplamolina\/wp-json\/wp\/v2\/pages\/42\/revisions\/3794"}],"wp:attachment":[{"href":"https:\/\/blogsaverroes.juntadeandalucia.es\/ceiplamolina\/wp-json\/wp\/v2\/media?parent=42"}],"curies":[{"name":"wp","href":"https:\/\/api.w.org\/{rel}","templated":true}]}}