{"id":424,"date":"2015-03-20T07:05:20","date_gmt":"2015-03-20T07:05:20","guid":{"rendered":"http:\/\/blogsaverroes.juntadeandalucia.es\/pre\/ceip\/?page_id=424"},"modified":"2021-05-26T10:34:14","modified_gmt":"2021-05-26T10:34:14","slug":"educacion-infantil","status":"publish","type":"page","link":"https:\/\/blogsaverroes.juntadeandalucia.es\/ceiplamolina\/educacion-infantil\/","title":{"rendered":"Educaci\u00f3n infantil"},"content":{"rendered":"<p><a href=\"http:\/\/blogsaverroes.juntadeandalucia.es\/pre\/ceip\/files\/2015\/03\/letra.jpg\"><img fetchpriority=\"high\" decoding=\"async\" class=\"alignnone size-medium wp-image-465\" src=\"http:\/\/blogsaverroes.juntadeandalucia.es\/pre\/ceip\/files\/2015\/03\/letra-300x212.jpg\" alt=\"letra\" width=\"300\" height=\"212\"><\/a><\/p>\n<p>El CEIP La Molina cuenta con tres l\u00edneas de Educaci\u00f3n Infantil de 3 a 5 a\u00f1os, siendo esta etapa de gran importancia para que los ni\u00f1os y ni\u00f1as se inicien en la escolarizaci\u00f3n previa a la etapa obligatoria , a partir de los 6 a\u00f1os.<\/p>\n<p>La Educaci\u00f3n Infantil&nbsp;es la etapa educativa que atiende a ni\u00f1as y ni\u00f1os <strong>desde el nacimiento hasta los seis a\u00f1os <\/strong>con la finalidad de contribuir a su desarrollo f\u00edsico, afectivo, social e intelectual. Se ordena en dos ciclos: el primero comprende hasta los tres a\u00f1os; el segundo, que es gratuito, va&nbsp;desde los tres a los seis a\u00f1os de edad.<\/p>\n<p>Teniendo&nbsp;<strong>car\u00e1cter voluntario<\/strong>, este segundo ciclo se ha generalizado en toda Espa\u00f1a, de modo que en la actualidad pr\u00e1cticamente el 100% de los ni\u00f1os y ni\u00f1as de 3 a 6 a\u00f1os acuden al colegio de manera gratuita. La escolarizaci\u00f3n temprana se considera un gran logro que incidir\u00e1 positivamente en la mejora del rendimiento escolar futuro, por eso otras iniciativas como el Programa Educa 3 fomentan ahora la creaci\u00f3n de nuevas plazas educativas para ni\u00f1os de menos de 3 a\u00f1os.<\/p>\n<p>En&nbsp;los dos&nbsp;ciclos de la Educaci\u00f3n Infantil se atiende progresivamente al desarrollo afectivo, al movimiento y a los h\u00e1bitos de control corporal, a las manifestaciones de la comunicaci\u00f3n y del lenguaje, a las pautas elementales de convivencia y relaci\u00f3n social, as\u00ed como al descubrimiento de las caracter\u00edsticas f\u00edsicas y sociales del medio. Adem\u00e1s se&nbsp;propicia que ni\u00f1as y ni\u00f1os&nbsp;logren una imagen positiva y equilibrada de s\u00ed mismos&nbsp;y adquieran autonom\u00eda personal.<\/p>\n<h2 style=\"text-align: center\"><span style=\"color: #cc99ff\"><span style=\"color: #3366ff\"><a href=\"https:\/\/blogsaverroes.juntadeandalucia.es\/ceiplamolina\/files\/2021\/05\/nina.png\"><img decoding=\"async\" class=\"alignnone wp-image-3171\" src=\"https:\/\/blogsaverroes.juntadeandalucia.es\/ceiplamolina\/files\/2021\/05\/nina-300x300.png\" alt=\"\" width=\"71\" height=\"71\" srcset=\"https:\/\/blogsaverroes.juntadeandalucia.es\/ceiplamolina\/files\/2021\/05\/nina-300x300.png 300w, https:\/\/blogsaverroes.juntadeandalucia.es\/ceiplamolina\/files\/2021\/05\/nina-150x150.png 150w, https:\/\/blogsaverroes.juntadeandalucia.es\/ceiplamolina\/files\/2021\/05\/nina-100x100.png 100w, https:\/\/blogsaverroes.juntadeandalucia.es\/ceiplamolina\/files\/2021\/05\/nina-24x24.png 24w, https:\/\/blogsaverroes.juntadeandalucia.es\/ceiplamolina\/files\/2021\/05\/nina-36x36.png 36w, https:\/\/blogsaverroes.juntadeandalucia.es\/ceiplamolina\/files\/2021\/05\/nina-48x48.png 48w, https:\/\/blogsaverroes.juntadeandalucia.es\/ceiplamolina\/files\/2021\/05\/nina.png 512w\" sizes=\"(max-width: 71px) 100vw, 71px\" \/><\/a>&nbsp; &nbsp;ACOGIDA DEL ALUMNADO DE 3 A\u00d1OS&nbsp; <a href=\"https:\/\/blogsaverroes.juntadeandalucia.es\/ceiplamolina\/files\/2021\/05\/numero.png\"><img decoding=\"async\" class=\"alignnone wp-image-3169\" src=\"https:\/\/blogsaverroes.juntadeandalucia.es\/ceiplamolina\/files\/2021\/05\/numero-300x300.png\" alt=\"\" width=\"81\" height=\"81\" srcset=\"https:\/\/blogsaverroes.juntadeandalucia.es\/ceiplamolina\/files\/2021\/05\/numero-300x300.png 300w, https:\/\/blogsaverroes.juntadeandalucia.es\/ceiplamolina\/files\/2021\/05\/numero-150x150.png 150w, https:\/\/blogsaverroes.juntadeandalucia.es\/ceiplamolina\/files\/2021\/05\/numero-100x100.png 100w, https:\/\/blogsaverroes.juntadeandalucia.es\/ceiplamolina\/files\/2021\/05\/numero-24x24.png 24w, https:\/\/blogsaverroes.juntadeandalucia.es\/ceiplamolina\/files\/2021\/05\/numero-36x36.png 36w, https:\/\/blogsaverroes.juntadeandalucia.es\/ceiplamolina\/files\/2021\/05\/numero-48x48.png 48w, https:\/\/blogsaverroes.juntadeandalucia.es\/ceiplamolina\/files\/2021\/05\/numero.png 512w\" sizes=\"(max-width: 81px) 100vw, 81px\" \/><\/a><\/span><\/span><\/h2>\n<p><a href=\"https:\/\/blogsaverroes.juntadeandalucia.es\/ceiplamolina\/files\/2021\/05\/acogida1.png\"><img loading=\"lazy\" decoding=\"async\" class=\" wp-image-3178 aligncenter\" src=\"https:\/\/blogsaverroes.juntadeandalucia.es\/ceiplamolina\/files\/2021\/05\/acogida1-300x206.png\" alt=\"\" width=\"442\" height=\"303\" srcset=\"https:\/\/blogsaverroes.juntadeandalucia.es\/ceiplamolina\/files\/2021\/05\/acogida1-300x206.png 300w, https:\/\/blogsaverroes.juntadeandalucia.es\/ceiplamolina\/files\/2021\/05\/acogida1-768x528.png 768w, https:\/\/blogsaverroes.juntadeandalucia.es\/ceiplamolina\/files\/2021\/05\/acogida1-24x16.png 24w, https:\/\/blogsaverroes.juntadeandalucia.es\/ceiplamolina\/files\/2021\/05\/acogida1-36x25.png 36w, https:\/\/blogsaverroes.juntadeandalucia.es\/ceiplamolina\/files\/2021\/05\/acogida1-48x33.png 48w, https:\/\/blogsaverroes.juntadeandalucia.es\/ceiplamolina\/files\/2021\/05\/acogida1.png 895w\" sizes=\"(max-width: 442px) 100vw, 442px\" \/><\/a><\/p>\n<p>&nbsp;<\/p>\n<p><a href=\"https:\/\/blogsaverroes.juntadeandalucia.es\/ceiplamolina\/files\/2021\/05\/acogida2.png\"><img loading=\"lazy\" decoding=\"async\" class=\" wp-image-3179 aligncenter\" src=\"https:\/\/blogsaverroes.juntadeandalucia.es\/ceiplamolina\/files\/2021\/05\/acogida2-300x204.png\" alt=\"\" width=\"436\" height=\"296\" srcset=\"https:\/\/blogsaverroes.juntadeandalucia.es\/ceiplamolina\/files\/2021\/05\/acogida2-300x204.png 300w, https:\/\/blogsaverroes.juntadeandalucia.es\/ceiplamolina\/files\/2021\/05\/acogida2-768x522.png 768w, https:\/\/blogsaverroes.juntadeandalucia.es\/ceiplamolina\/files\/2021\/05\/acogida2-24x16.png 24w, https:\/\/blogsaverroes.juntadeandalucia.es\/ceiplamolina\/files\/2021\/05\/acogida2-36x24.png 36w, https:\/\/blogsaverroes.juntadeandalucia.es\/ceiplamolina\/files\/2021\/05\/acogida2-48x33.png 48w, https:\/\/blogsaverroes.juntadeandalucia.es\/ceiplamolina\/files\/2021\/05\/acogida2.png 882w\" sizes=\"(max-width: 436px) 100vw, 436px\" \/><\/a><\/p>\n","protected":false},"excerpt":{"rendered":"<p>El CEIP La Molina cuenta con tres l\u00edneas de Educaci\u00f3n Infantil de 3 a 5 a\u00f1os, siendo esta etapa de gran importancia para que los ni\u00f1os y ni\u00f1as se inicien en la escolarizaci\u00f3n previa&#46;&#46;&#46;<\/p>\n","protected":false},"author":1,"featured_media":0,"parent":0,"menu_order":0,"comment_status":"closed","ping_status":"open","template":"page-sc.php","meta":{"footnotes":"","_mc_calendar":[]},"aioseo_notices":[],"_links":{"self":[{"href":"https:\/\/blogsaverroes.juntadeandalucia.es\/ceiplamolina\/wp-json\/wp\/v2\/pages\/424"}],"collection":[{"href":"https:\/\/blogsaverroes.juntadeandalucia.es\/ceiplamolina\/wp-json\/wp\/v2\/pages"}],"about":[{"href":"https:\/\/blogsaverroes.juntadeandalucia.es\/ceiplamolina\/wp-json\/wp\/v2\/types\/page"}],"author":[{"embeddable":true,"href":"https:\/\/blogsaverroes.juntadeandalucia.es\/ceiplamolina\/wp-json\/wp\/v2\/users\/1"}],"replies":[{"embeddable":true,"href":"https:\/\/blogsaverroes.juntadeandalucia.es\/ceiplamolina\/wp-json\/wp\/v2\/comments?post=424"}],"version-history":[{"count":8,"href":"https:\/\/blogsaverroes.juntadeandalucia.es\/ceiplamolina\/wp-json\/wp\/v2\/pages\/424\/revisions"}],"predecessor-version":[{"id":3180,"href":"https:\/\/blogsaverroes.juntadeandalucia.es\/ceiplamolina\/wp-json\/wp\/v2\/pages\/424\/revisions\/3180"}],"wp:attachment":[{"href":"https:\/\/blogsaverroes.juntadeandalucia.es\/ceiplamolina\/wp-json\/wp\/v2\/media?parent=424"}],"curies":[{"name":"wp","href":"https:\/\/api.w.org\/{rel}","templated":true}]}}