{"id":44,"date":"2015-03-13T08:42:15","date_gmt":"2015-03-13T08:42:15","guid":{"rendered":"http:\/\/blogsaverroes.juntadeandalucia.es\/pre\/ceip\/?page_id=44"},"modified":"2022-03-09T12:50:05","modified_gmt":"2022-03-09T12:50:05","slug":"planes-y-proyectos","status":"publish","type":"page","link":"https:\/\/blogsaverroes.juntadeandalucia.es\/ceiplamolina\/planes-y-proyectos\/","title":{"rendered":"Planes y Programas"},"content":{"rendered":"<p>&nbsp;<\/p>\n<p style=\"text-align: justify\">Nuestro centro participa en los distintos Planes y Programas que favorecen la consecuci\u00f3n de los objetivos y las l\u00edneas de actuaci\u00f3n de nuestro proyecto, entre ellos se encuentran:<\/p>\n<ul style=\"text-align: justify\">\n<li><span style=\"color: #800080\"><strong>Plan de igualdad<\/strong><\/span><\/li>\n<\/ul>\n<p><a href=\"https:\/\/blogsaverroes.juntadeandalucia.es\/ceiplamolina\/files\/2022\/03\/Banner-tres-logos.jpg\"><img decoding=\"async\" class=\"size-medium wp-image-4119 aligncenter\" src=\"https:\/\/blogsaverroes.juntadeandalucia.es\/ceiplamolina\/files\/2022\/03\/Banner-tres-logos-300x51.jpg\" alt=\"\" width=\"300\" height=\"51\" srcset=\"https:\/\/blogsaverroes.juntadeandalucia.es\/ceiplamolina\/files\/2022\/03\/Banner-tres-logos-300x51.jpg 300w, https:\/\/blogsaverroes.juntadeandalucia.es\/ceiplamolina\/files\/2022\/03\/Banner-tres-logos-1024x173.jpg 1024w, https:\/\/blogsaverroes.juntadeandalucia.es\/ceiplamolina\/files\/2022\/03\/Banner-tres-logos-768x129.jpg 768w, https:\/\/blogsaverroes.juntadeandalucia.es\/ceiplamolina\/files\/2022\/03\/Banner-tres-logos-24x4.jpg 24w, https:\/\/blogsaverroes.juntadeandalucia.es\/ceiplamolina\/files\/2022\/03\/Banner-tres-logos-36x6.jpg 36w, https:\/\/blogsaverroes.juntadeandalucia.es\/ceiplamolina\/files\/2022\/03\/Banner-tres-logos-48x8.jpg 48w, https:\/\/blogsaverroes.juntadeandalucia.es\/ceiplamolina\/files\/2022\/03\/Banner-tres-logos.jpg 1175w\" sizes=\"(max-width: 300px) 100vw, 300px\" \/><\/a><\/p>\n<p style=\"text-align: justify\">A trav\u00e9s de las actuaciones desde este Plan se fomenta en el alumnado que la igualdad de g\u00e9nero sea una realidad en la sociedad en que nos encontramos inmersos, y que mejor lugar para fomentar esta igualdad que la escuela.<\/p>\n<ul style=\"text-align: justify\">\n<li><span style=\"color: #0000ff\"><strong>Plan de apertura.<\/strong><\/span><\/li>\n<\/ul>\n<p style=\"text-align: justify\">Este Plan es imprescindible para favorecer&nbsp; e integrar a las familias en el mundo laboral, ofreci\u00e9ndoles servicios que se adaptan a sus horario desde las 7:30 de la ma\u00f1ana hasta las 17:00h de la tarde.&nbsp;<\/p>\n<ul style=\"text-align: justify\">\n<li><span style=\"color: #008080\"><strong>Proyecto biling\u00fce.<\/strong><\/span><\/li>\n<\/ul>\n<p style=\"text-align: justify\">Nuestro centro comenz\u00f3 con el Proyecto Biling\u00fce en el curso 2018\/19, pasando cada curso a incorporar&nbsp; un nuevo nivel a dicho proyecto.<\/p>\n<ul style=\"text-align: justify\">\n<li><span style=\"color: #ff6600\"><strong>Escuela espacio de paz.<\/strong><\/span><\/li>\n<\/ul>\n<p style=\"text-align: justify\">Desde los primeros a\u00f1os de funcionamiento del centro, se vi\u00f3 la necesidad de participar en este programa, que va totalmente ligado a la convivencia positiva, realizando cada curso escolar actividades que favorecen dicha convivencia.<\/p>\n<ul>\n<li style=\"text-align: justify\"><span style=\"color: #008000\"><span style=\"color: #008000\"><strong>Creciendo en salud.<\/strong><\/span><\/span><\/li>\n<li>Este plan se desarrolla en el centro, y pretende educar al alumnado en&nbsp; h\u00e1bitos de vida saludable, como el consumo de frutas y verduras, educaci\u00f3n emocional&#8230;Adem\u00e1s de estos Planes y Proyectos, cada a\u00f1o se estudia la posibilidad de participar en nuevos programas que se ofertan, y que se puedan llevar a cabo en el centro.<\/li>\n<li><strong><span style=\"color: #800000\">Impulsa<\/span><\/strong><\/li>\n<li>&nbsp;Dentro de los planes de innovaci\u00f3n educativa, se plantea&nbsp; &nbsp; &nbsp; &nbsp; &nbsp; &nbsp; llevar a cabo en el centro Impulsa, con el desarrollo de un&nbsp; &nbsp; &nbsp; &nbsp; &nbsp; proyecto&nbsp; sobre la radio escolar, como incentivo para el&nbsp; &nbsp; &nbsp; &nbsp; &nbsp; &nbsp; &nbsp; alumnado de tercer ciclo, con el cual se va a llevar a cabo.<\/li>\n<li><span style=\"color: #ff6600\"><strong>CONRED<\/strong><\/span><\/li>\n<\/ul>\n<p>Programa para trabajar con el alumnado de tercer ciclo el acoso escolar y el ciberacoso.<\/p>\n<p>&nbsp;<\/p>\n","protected":false},"excerpt":{"rendered":"<p>&nbsp; Nuestro centro participa en los distintos Planes y Programas que favorecen la consecuci\u00f3n de los objetivos y las l\u00edneas de actuaci\u00f3n de nuestro proyecto, entre ellos se encuentran: Plan de igualdad A trav\u00e9s&#46;&#46;&#46;<\/p>\n","protected":false},"author":1,"featured_media":0,"parent":0,"menu_order":0,"comment_status":"closed","ping_status":"closed","template":"page-cs.php","meta":{"footnotes":"","_mc_calendar":[]},"aioseo_notices":[],"_links":{"self":[{"href":"https:\/\/blogsaverroes.juntadeandalucia.es\/ceiplamolina\/wp-json\/wp\/v2\/pages\/44"}],"collection":[{"href":"https:\/\/blogsaverroes.juntadeandalucia.es\/ceiplamolina\/wp-json\/wp\/v2\/pages"}],"about":[{"href":"https:\/\/blogsaverroes.juntadeandalucia.es\/ceiplamolina\/wp-json\/wp\/v2\/types\/page"}],"author":[{"embeddable":true,"href":"https:\/\/blogsaverroes.juntadeandalucia.es\/ceiplamolina\/wp-json\/wp\/v2\/users\/1"}],"replies":[{"embeddable":true,"href":"https:\/\/blogsaverroes.juntadeandalucia.es\/ceiplamolina\/wp-json\/wp\/v2\/comments?post=44"}],"version-history":[{"count":11,"href":"https:\/\/blogsaverroes.juntadeandalucia.es\/ceiplamolina\/wp-json\/wp\/v2\/pages\/44\/revisions"}],"predecessor-version":[{"id":4123,"href":"https:\/\/blogsaverroes.juntadeandalucia.es\/ceiplamolina\/wp-json\/wp\/v2\/pages\/44\/revisions\/4123"}],"wp:attachment":[{"href":"https:\/\/blogsaverroes.juntadeandalucia.es\/ceiplamolina\/wp-json\/wp\/v2\/media?parent=44"}],"curies":[{"name":"wp","href":"https:\/\/api.w.org\/{rel}","templated":true}]}}