{"id":4692,"date":"2023-05-25T08:10:23","date_gmt":"2023-05-25T08:10:23","guid":{"rendered":"https:\/\/blogsaverroes.juntadeandalucia.es\/ceiplamolina\/?page_id=4692"},"modified":"2023-11-08T08:14:39","modified_gmt":"2023-11-08T08:14:39","slug":"bilinguismo","status":"publish","type":"page","link":"https:\/\/blogsaverroes.juntadeandalucia.es\/ceiplamolina\/bilinguismo\/","title":{"rendered":"Biling\u00fcismo"},"content":{"rendered":"<p><a href=\"https:\/\/blogsaverroes.juntadeandalucia.es\/ceiplamolina\/files\/2023\/11\/image-1.jpeg\"><img fetchpriority=\"high\" decoding=\"async\" class=\" wp-image-4844\" src=\"https:\/\/blogsaverroes.juntadeandalucia.es\/ceiplamolina\/files\/2023\/11\/image-1.jpeg\" alt=\"\" width=\"328\" height=\"229\" srcset=\"https:\/\/blogsaverroes.juntadeandalucia.es\/ceiplamolina\/files\/2023\/11\/image-1.jpeg 496w, https:\/\/blogsaverroes.juntadeandalucia.es\/ceiplamolina\/files\/2023\/11\/image-1-300x210.jpeg 300w, https:\/\/blogsaverroes.juntadeandalucia.es\/ceiplamolina\/files\/2023\/11\/image-1-24x17.jpeg 24w, https:\/\/blogsaverroes.juntadeandalucia.es\/ceiplamolina\/files\/2023\/11\/image-1-36x25.jpeg 36w, https:\/\/blogsaverroes.juntadeandalucia.es\/ceiplamolina\/files\/2023\/11\/image-1-48x34.jpeg 48w\" sizes=\"(max-width: 328px) 100vw, 328px\" \/><\/a><\/p>\n<p>Desde el Plan de Bilingu\u00efsmo os dejamos este v\u00eddeo para que disfrut\u00e9is de los mejores momentos vividos en la celebraci\u00f3n de Halloween en nuestro centro.<\/p>\n<p><a href=\"https:\/\/blogsaverroes.juntadeandalucia.es\/ceiplamolina\/files\/2021\/11\/halloween.png\"><img decoding=\"async\" class=\"wp-image-3692 alignright\" src=\"https:\/\/blogsaverroes.juntadeandalucia.es\/ceiplamolina\/files\/2021\/11\/halloween.png\" alt=\"\" width=\"182\" height=\"182\" srcset=\"https:\/\/blogsaverroes.juntadeandalucia.es\/ceiplamolina\/files\/2021\/11\/halloween.png 512w, https:\/\/blogsaverroes.juntadeandalucia.es\/ceiplamolina\/files\/2021\/11\/halloween-300x300.png 300w, https:\/\/blogsaverroes.juntadeandalucia.es\/ceiplamolina\/files\/2021\/11\/halloween-150x150.png 150w, https:\/\/blogsaverroes.juntadeandalucia.es\/ceiplamolina\/files\/2021\/11\/halloween-100x100.png 100w, https:\/\/blogsaverroes.juntadeandalucia.es\/ceiplamolina\/files\/2021\/11\/halloween-24x24.png 24w, https:\/\/blogsaverroes.juntadeandalucia.es\/ceiplamolina\/files\/2021\/11\/halloween-36x36.png 36w, https:\/\/blogsaverroes.juntadeandalucia.es\/ceiplamolina\/files\/2021\/11\/halloween-48x48.png 48w\" sizes=\"(max-width: 182px) 100vw, 182px\" \/><\/a><\/p>\n<p>&nbsp;<\/p>\n<p>&nbsp;<\/p>\n<p style=\"text-align: center\"><iframe src=\"\/\/www.youtube.com\/embed\/a_Xeoe-PCAg\" width=\"560\" height=\"314\"><\/iframe><\/p>\n","protected":false},"excerpt":{"rendered":"<p>Desde el Plan de Bilingu\u00efsmo os dejamos este v\u00eddeo para que disfrut\u00e9is de los mejores momentos vividos en la celebraci\u00f3n de Halloween en nuestro centro. &nbsp; &nbsp;<\/p>\n","protected":false},"author":11627,"featured_media":0,"parent":0,"menu_order":0,"comment_status":"closed","ping_status":"closed","template":"","meta":{"footnotes":"","_mc_calendar":[]},"aioseo_notices":[],"_links":{"self":[{"href":"https:\/\/blogsaverroes.juntadeandalucia.es\/ceiplamolina\/wp-json\/wp\/v2\/pages\/4692"}],"collection":[{"href":"https:\/\/blogsaverroes.juntadeandalucia.es\/ceiplamolina\/wp-json\/wp\/v2\/pages"}],"about":[{"href":"https:\/\/blogsaverroes.juntadeandalucia.es\/ceiplamolina\/wp-json\/wp\/v2\/types\/page"}],"author":[{"embeddable":true,"href":"https:\/\/blogsaverroes.juntadeandalucia.es\/ceiplamolina\/wp-json\/wp\/v2\/users\/11627"}],"replies":[{"embeddable":true,"href":"https:\/\/blogsaverroes.juntadeandalucia.es\/ceiplamolina\/wp-json\/wp\/v2\/comments?post=4692"}],"version-history":[{"count":3,"href":"https:\/\/blogsaverroes.juntadeandalucia.es\/ceiplamolina\/wp-json\/wp\/v2\/pages\/4692\/revisions"}],"predecessor-version":[{"id":4845,"href":"https:\/\/blogsaverroes.juntadeandalucia.es\/ceiplamolina\/wp-json\/wp\/v2\/pages\/4692\/revisions\/4845"}],"wp:attachment":[{"href":"https:\/\/blogsaverroes.juntadeandalucia.es\/ceiplamolina\/wp-json\/wp\/v2\/media?parent=4692"}],"curies":[{"name":"wp","href":"https:\/\/api.w.org\/{rel}","templated":true}]}}