{"id":4697,"date":"2023-05-25T09:11:28","date_gmt":"2023-05-25T09:11:28","guid":{"rendered":"https:\/\/blogsaverroes.juntadeandalucia.es\/ceiplamolina\/?page_id=4697"},"modified":"2025-03-05T19:44:58","modified_gmt":"2025-03-05T19:44:58","slug":"language-assistant","status":"publish","type":"page","link":"https:\/\/blogsaverroes.juntadeandalucia.es\/ceiplamolina\/language-assistant\/","title":{"rendered":"Language Assistant"},"content":{"rendered":"<p style=\"text-align: justify\"><span style=\"font-weight: 400\"><a href=\"https:\/\/blogsaverroes.juntadeandalucia.es\/ceiplamolina\/files\/2023\/06\/PHOTO-2023-06-05-13-32-21-4.jpg\"><img fetchpriority=\"high\" decoding=\"async\" class=\"wp-image-4735 alignleft\" src=\"https:\/\/blogsaverroes.juntadeandalucia.es\/ceiplamolina\/files\/2023\/06\/PHOTO-2023-06-05-13-32-21-4.jpg\" alt=\"\" width=\"418\" height=\"313\" srcset=\"https:\/\/blogsaverroes.juntadeandalucia.es\/ceiplamolina\/files\/2023\/06\/PHOTO-2023-06-05-13-32-21-4.jpg 1024w, https:\/\/blogsaverroes.juntadeandalucia.es\/ceiplamolina\/files\/2023\/06\/PHOTO-2023-06-05-13-32-21-4-300x225.jpg 300w, https:\/\/blogsaverroes.juntadeandalucia.es\/ceiplamolina\/files\/2023\/06\/PHOTO-2023-06-05-13-32-21-4-768x576.jpg 768w, https:\/\/blogsaverroes.juntadeandalucia.es\/ceiplamolina\/files\/2023\/06\/PHOTO-2023-06-05-13-32-21-4-24x18.jpg 24w, https:\/\/blogsaverroes.juntadeandalucia.es\/ceiplamolina\/files\/2023\/06\/PHOTO-2023-06-05-13-32-21-4-36x27.jpg 36w, https:\/\/blogsaverroes.juntadeandalucia.es\/ceiplamolina\/files\/2023\/06\/PHOTO-2023-06-05-13-32-21-4-48x36.jpg 48w\" sizes=\"(max-width: 418px) 100vw, 418px\" \/><\/a>Some of our fondest memories of elementary school were the field trips! And with La Molina, we went on two great ones: the Sierra Nevada, where the kids had a day in the snow and Oasys Mini Hollywood, which hosts a zoo and Old West reenactments. It was a great break from the normal schedule and super fun to be around the kids outside of the traditional school setting.<\/span><\/p>\n<p style=\"text-align: justify\"><span style=\"font-weight: 400\">\u00a1Algunos de nuestros mejores recuerdos de la escuela primaria fueron las excursiones! Y con La Molina, fuimos a dos grandes: Sierra Nevada, donde los ni\u00f1os pasaron un d\u00eda en la nieve y Oasys Mini Hollywood, que contiene un zool\u00f3gico y recreaciones del \u201cOld West\u201d. Fue un gran descanso del horario normal y muy divertido estar con los ni\u00f1os fuera del entorno escolar tradicional.<\/span><\/p>\n<p>&nbsp;<\/p>\n<p style=\"text-align: justify\"><span style=\"font-weight: 400\">One of our minor roles as assistants was to decorate the \u201cbilingual area\u201d as we celebrated different holidays<a href=\"https:\/\/blogsaverroes.juntadeandalucia.es\/ceiplamolina\/files\/2023\/06\/PHOTO-2023-06-05-13-32-21-3.jpg\"><img decoding=\"async\" class=\"wp-image-4736 alignright\" src=\"https:\/\/blogsaverroes.juntadeandalucia.es\/ceiplamolina\/files\/2023\/06\/PHOTO-2023-06-05-13-32-21-3.jpg\" alt=\"\" width=\"337\" height=\"449\" srcset=\"https:\/\/blogsaverroes.juntadeandalucia.es\/ceiplamolina\/files\/2023\/06\/PHOTO-2023-06-05-13-32-21-3.jpg 768w, https:\/\/blogsaverroes.juntadeandalucia.es\/ceiplamolina\/files\/2023\/06\/PHOTO-2023-06-05-13-32-21-3-225x300.jpg 225w, https:\/\/blogsaverroes.juntadeandalucia.es\/ceiplamolina\/files\/2023\/06\/PHOTO-2023-06-05-13-32-21-3-18x24.jpg 18w, https:\/\/blogsaverroes.juntadeandalucia.es\/ceiplamolina\/files\/2023\/06\/PHOTO-2023-06-05-13-32-21-3-27x36.jpg 27w, https:\/\/blogsaverroes.juntadeandalucia.es\/ceiplamolina\/files\/2023\/06\/PHOTO-2023-06-05-13-32-21-3-36x48.jpg 36w\" sizes=\"(max-width: 337px) 100vw, 337px\" \/><\/a> <\/span><span style=\"font-weight: 400\">throughout the year. The kids contributed just about all of the material, but our gluing and taping skills were unmatched!<\/span><\/p>\n<p style=\"text-align: justify\"><span style=\"font-weight: 400\">Uno de nuestros roles menores como asistentes fue decorar el \u201c\u00e1rea biling\u00fce\u201d mientras celebr\u00e1bamos diferentes d\u00edas\u00e7festivos a lo largo del a\u00f1o. Los ni\u00f1os realizaron casi todo el material, \u00a1pero nuestras habilidades atar con cinta fueron inigualables!<\/span><\/p>\n<p style=\"text-align: justify\"><span style=\"font-weight: 400\">Just before the long winter break, the teachers had an ugly sweater competition and went out for a great dinner. The students also got in on the fun, as seen posing in front of the big sweater.<\/span><\/p>\n<p style=\"text-align: justify\"><span style=\"font-weight: 400\">Justo antes de las largas vacaciones de invierno, los maestros tuvieron una competencia de jers\u00e9is feos y salieron a comer. Los estudiantes tambi\u00e9n se divirtieron, como se ve posando frente al jersey grande.<\/span><\/p>\n<p>&nbsp;<\/p>\n<p>&nbsp;<\/p>\n<p>&nbsp;<\/p>\n<p style=\"text-align: justify\"><span style=\"font-weight: 400\"><a href=\"https:\/\/blogsaverroes.juntadeandalucia.es\/ceiplamolina\/files\/2023\/06\/PHOTO-2023-06-05-13-32-21.jpg\"><img decoding=\"async\" class=\"wp-image-4734 alignleft\" src=\"https:\/\/blogsaverroes.juntadeandalucia.es\/ceiplamolina\/files\/2023\/06\/PHOTO-2023-06-05-13-32-21.jpg\" alt=\"\" width=\"371\" height=\"279\" srcset=\"https:\/\/blogsaverroes.juntadeandalucia.es\/ceiplamolina\/files\/2023\/06\/PHOTO-2023-06-05-13-32-21.jpg 1024w, https:\/\/blogsaverroes.juntadeandalucia.es\/ceiplamolina\/files\/2023\/06\/PHOTO-2023-06-05-13-32-21-300x225.jpg 300w, https:\/\/blogsaverroes.juntadeandalucia.es\/ceiplamolina\/files\/2023\/06\/PHOTO-2023-06-05-13-32-21-768x576.jpg 768w, https:\/\/blogsaverroes.juntadeandalucia.es\/ceiplamolina\/files\/2023\/06\/PHOTO-2023-06-05-13-32-21-24x18.jpg 24w, https:\/\/blogsaverroes.juntadeandalucia.es\/ceiplamolina\/files\/2023\/06\/PHOTO-2023-06-05-13-32-21-36x27.jpg 36w, https:\/\/blogsaverroes.juntadeandalucia.es\/ceiplamolina\/files\/2023\/06\/PHOTO-2023-06-05-13-32-21-48x36.jpg 48w\" sizes=\"(max-width: 371px) 100vw, 371px\" \/><\/a>To celebrate carnaval, we teamed up with the 1st and 2nd grade teachers in dressing up as superheroes.<\/span><\/p>\n<p style=\"text-align: justify\"><span style=\"font-weight: 400\">Para celebrar el carnaval, nos unimos a los maestros de 1\u00b0 y 2\u00b0 de primaria para disfrazarnos de superh\u00e9roes.<\/span><\/p>\n<p style=\"text-align: justify\"><span style=\"font-weight: 400\">In the teacher&#8217;s lounge, you will often find churros on Thursday mornings. Also, it&#8217;s customary for teachers to bring in something sweet to share on their birthday.<\/span><\/p>\n<p style=\"text-align: justify\"><span style=\"font-weight: 400\">En la sala de profesores, a menudo encontrar\u00e1s churros los jueves por la ma\u00f1ana. Adem\u00e1s, es costumbre que los maestros traigan algo dulce para compartir en su cumplea\u00f1os.<\/span><\/p>\n<p style=\"text-align: justify\"><span style=\"font-weight: 400\">Only having 12 hours face-to-face with the students each week means there\u00b4s plenty of extra time to work on activities or presentations for class. If you\u00b4re caught up with that work, breaks between classes served as a nice time<a href=\"https:\/\/blogsaverroes.juntadeandalucia.es\/ceiplamolina\/files\/2023\/06\/PHOTO-2023-06-05-13-32-21-1.jpg\"><img loading=\"lazy\" decoding=\"async\" class=\"wp-image-4733 alignright\" src=\"https:\/\/blogsaverroes.juntadeandalucia.es\/ceiplamolina\/files\/2023\/06\/PHOTO-2023-06-05-13-32-21-1.jpg\" alt=\"\" width=\"304\" height=\"405\" srcset=\"https:\/\/blogsaverroes.juntadeandalucia.es\/ceiplamolina\/files\/2023\/06\/PHOTO-2023-06-05-13-32-21-1.jpg 768w, https:\/\/blogsaverroes.juntadeandalucia.es\/ceiplamolina\/files\/2023\/06\/PHOTO-2023-06-05-13-32-21-1-225x300.jpg 225w, https:\/\/blogsaverroes.juntadeandalucia.es\/ceiplamolina\/files\/2023\/06\/PHOTO-2023-06-05-13-32-21-1-18x24.jpg 18w, https:\/\/blogsaverroes.juntadeandalucia.es\/ceiplamolina\/files\/2023\/06\/PHOTO-2023-06-05-13-32-21-1-27x36.jpg 27w, https:\/\/blogsaverroes.juntadeandalucia.es\/ceiplamolina\/files\/2023\/06\/PHOTO-2023-06-05-13-32-21-1-36x48.jpg 36w\" sizes=\"(max-width: 304px) 100vw, 304px\" \/><\/a> to chat with other teachers, drink coffee and play mobile games.<\/span><\/p>\n<p style=\"text-align: justify\"><span style=\"font-weight: 400\">Solo tener 12 horas cara a cara con los estudiantes cada semana significa que hay mucho tiempo extra para trabajar en actividades o presentaciones para la clase. Si est\u00e1s al d\u00eda con ese trabajo, los descansos entre clases son un buen momento para conversar con otros profesores, tomar caf\u00e9 y jugar juegos m\u00f3viles.<\/span><\/p>\n<p style=\"text-align: justify\"><span style=\"font-weight: 400\">Our day to day work with the 1st through 5th graders includes largely natural and social science topics. In some cases, we stay inside the class to assist with lessons. We also take two students at a time out into the hallway to practice vocabulary and basic conversations.<\/span><\/p>\n<p style=\"text-align: justify\"><span style=\"font-weight: 400\">Nuestro trabajo diario con los alumnos de 1\u00b0 a 5\u00b0 grado incluye principalmente temas de ciencias naturales y sociales. En algunos casos, nos quedamos dentro de la clase para ayudar con las lecciones. Tambi\u00e9n llevamos a dos estudiantes a la vez al pasillo para practicar vocabulario y conversaciones b\u00e1sicas.<\/span><\/p>\n<p>&nbsp;<\/p>\n<p>Os dejamos unas im\u00e1genes de su paso por nuestro centro y las actividades realizadas.<\/p>\n<p>&nbsp;<\/p>\n<p>[ngg src=\u00bbgalleries\u00bb ids=\u00bb30&#8243; display=\u00bbbasic_slideshow\u00bb]<\/p>\n","protected":false},"excerpt":{"rendered":"<p>Some of our fondest memories of elementary school were the field trips! And with La Molina, we went on two great ones: the Sierra Nevada, where the kids had a day in the snow&#46;&#46;&#46;<\/p>\n","protected":false},"author":11627,"featured_media":0,"parent":0,"menu_order":0,"comment_status":"closed","ping_status":"closed","template":"","meta":{"footnotes":"","_mc_calendar":[]},"aioseo_notices":[],"_links":{"self":[{"href":"https:\/\/blogsaverroes.juntadeandalucia.es\/ceiplamolina\/wp-json\/wp\/v2\/pages\/4697"}],"collection":[{"href":"https:\/\/blogsaverroes.juntadeandalucia.es\/ceiplamolina\/wp-json\/wp\/v2\/pages"}],"about":[{"href":"https:\/\/blogsaverroes.juntadeandalucia.es\/ceiplamolina\/wp-json\/wp\/v2\/types\/page"}],"author":[{"embeddable":true,"href":"https:\/\/blogsaverroes.juntadeandalucia.es\/ceiplamolina\/wp-json\/wp\/v2\/users\/11627"}],"replies":[{"embeddable":true,"href":"https:\/\/blogsaverroes.juntadeandalucia.es\/ceiplamolina\/wp-json\/wp\/v2\/comments?post=4697"}],"version-history":[{"count":6,"href":"https:\/\/blogsaverroes.juntadeandalucia.es\/ceiplamolina\/wp-json\/wp\/v2\/pages\/4697\/revisions"}],"predecessor-version":[{"id":5218,"href":"https:\/\/blogsaverroes.juntadeandalucia.es\/ceiplamolina\/wp-json\/wp\/v2\/pages\/4697\/revisions\/5218"}],"wp:attachment":[{"href":"https:\/\/blogsaverroes.juntadeandalucia.es\/ceiplamolina\/wp-json\/wp\/v2\/media?parent=4697"}],"curies":[{"name":"wp","href":"https:\/\/api.w.org\/{rel}","templated":true}]}}