{"id":4793,"date":"2023-06-26T10:56:41","date_gmt":"2023-06-26T10:56:41","guid":{"rendered":"https:\/\/blogsaverroes.juntadeandalucia.es\/ceiplamolina\/?page_id=4793"},"modified":"2023-06-26T11:16:41","modified_gmt":"2023-06-26T11:16:41","slug":"curso-21-22","status":"publish","type":"page","link":"https:\/\/blogsaverroes.juntadeandalucia.es\/ceiplamolina\/curso-21-22\/","title":{"rendered":"Curso 21-22"},"content":{"rendered":"<h2 style=\"text-align: center\"><span style=\"color: #008000\">SALIDA TERCER CICLO PROGRAMA INVESCLIMA<\/span><\/h2>\n<p style=\"text-align: justify\">Con motivo del <strong>D\u00eda del Medio Ambiente<\/strong> y en colaboraci\u00f3n con el <strong>Programa \u00abInvesclima\u00bb<\/strong>, en el que el centro investiga los efectos del cambio clim\u00e1tico en las especies animales y vegetales de la zona, los alumnos\/as de <strong>sexto curso<\/strong> realizan una salida al entorno de Punta Entinas donde recogen datos sobre especies de aves e insectos, especies vegetales, distancia al mar de diferentes moluscos encontrados en las proximidades&#8230; y comprueban como el nivel del mar ha bajado, de forma considerable, desde los a\u00f1os 50 en el que existen datos de mediciones realizadas.<\/p>\n<p style=\"text-align: justify\">Os dejamos una fotos de los talleres realizados&#8230;<\/p>\n<p>[ngg src=\u00bbgalleries\u00bb ids=\u00bb22&#8243; display=\u00bbbasic_slideshow\u00bb]<\/p>\n<h2 style=\"text-align: center\"><span style=\"color: #ff0000\">SALIDA QUINTO DE PRIMARIA TOYO AVENTURA<\/span><\/h2>\n<p style=\"text-align: justify\">Despu\u00e9s de dos a\u00f1os sin poder realizar actividades fuera del centro nuestro alumnos\/as de<strong> quinto curso<\/strong> realizaron una estupenda salida a \u00abToyo Aventura\u00bb donde desarrollaron diferentes actividades y talleres en contacto con el entorno.<\/p>\n<p style=\"text-align: justify\">Os dejamos unas im\u00e1genes de esos entra\u00f1ables momentos vividos&#8230;<\/p>\n<p>&nbsp;<\/p>\n<p>[ngg src=\u00bbgalleries\u00bb ids=\u00bb19&#8243; display=\u00bbbasic_slideshow\u00bb]&nbsp;<\/p>\n<h2 style=\"text-align: left\"><span style=\"color: #60f059\">PROYECTO INVESCLIMA <a href=\"https:\/\/blogsaverroes.juntadeandalucia.es\/ceiplamolina\/files\/2021\/06\/Melissa-Pintican-5a.jpg\"><img fetchpriority=\"high\" decoding=\"async\" class=\"size-medium wp-image-3243 alignright\" src=\"https:\/\/blogsaverroes.juntadeandalucia.es\/ceiplamolina\/files\/2021\/06\/Melissa-Pintican-5a-300x212.jpg\" alt=\"\" width=\"300\" height=\"212\" srcset=\"https:\/\/blogsaverroes.juntadeandalucia.es\/ceiplamolina\/files\/2021\/06\/Melissa-Pintican-5a-300x212.jpg 300w, https:\/\/blogsaverroes.juntadeandalucia.es\/ceiplamolina\/files\/2021\/06\/Melissa-Pintican-5a-1024x724.jpg 1024w, https:\/\/blogsaverroes.juntadeandalucia.es\/ceiplamolina\/files\/2021\/06\/Melissa-Pintican-5a-768x543.jpg 768w, https:\/\/blogsaverroes.juntadeandalucia.es\/ceiplamolina\/files\/2021\/06\/Melissa-Pintican-5a-1536x1087.jpg 1536w, https:\/\/blogsaverroes.juntadeandalucia.es\/ceiplamolina\/files\/2021\/06\/Melissa-Pintican-5a-2048x1449.jpg 2048w, https:\/\/blogsaverroes.juntadeandalucia.es\/ceiplamolina\/files\/2021\/06\/Melissa-Pintican-5a-24x17.jpg 24w, https:\/\/blogsaverroes.juntadeandalucia.es\/ceiplamolina\/files\/2021\/06\/Melissa-Pintican-5a-36x25.jpg 36w, https:\/\/blogsaverroes.juntadeandalucia.es\/ceiplamolina\/files\/2021\/06\/Melissa-Pintican-5a-48x34.jpg 48w, https:\/\/blogsaverroes.juntadeandalucia.es\/ceiplamolina\/files\/2021\/06\/Melissa-Pintican-5a.jpg 1600w\" sizes=\"(max-width: 300px) 100vw, 300px\" \/><\/a><\/span><\/h2>\n<p style=\"text-align: justify\">Los alumnos\/as de sexto curso dise\u00f1an <strong>comederos para alimentar y estudiar a las aves aut\u00f3ctonas<\/strong> de la zona. Para ello utilizan diferentes materiales y envases aprendiendo a darle un nuevo uso.<\/p>\n<p>&nbsp;<\/p>\n<p>&nbsp;<\/p>\n<p>&nbsp;<\/p>\n<p>[ngg src=\u00bbgalleries\u00bb ids=\u00bb18&#8243; display=\u00bbbasic_slideshow\u00bb]&nbsp;<\/p>\n<h2 style=\"text-align: center\"><span style=\"color: #008000\">EXPOSICI\u00d3N DE PINTURA: \u00abPOR TIERRAS ANDALUZAS\u00bb<\/span><\/h2>\n<p>El alumnado de Tercer Ciclo de Primaria, para conmemorar el <strong>D\u00eda de Andaluc\u00eda<\/strong>, realiza un recorrido, por las tierras andaluzas, con dibujos hechos a l\u00e1piz de los monumentos y lugares de inter\u00e9s de nuestra preciosa tierra.<\/p>\n<p style=\"text-align: center\">\u00a1Qu\u00e9 disfruten de estos peque\u00f1os artistas!!<\/p>\n<p>&nbsp;<\/p>\n<p>[ngg src=\u00bbgalleries\u00bb ids=\u00bb17&#8243; display=\u00bbbasic_slideshow\u00bb]&nbsp;<\/p>\n<p style=\"text-align: center\"><a href=\"https:\/\/blogsaverroes.juntadeandalucia.es\/ceiplamolina\/files\/2022\/02\/Attachment-1-10.png\"><img decoding=\"async\" class=\"alignnone wp-image-3963\" src=\"https:\/\/blogsaverroes.juntadeandalucia.es\/ceiplamolina\/files\/2022\/02\/Attachment-1-10-300x300.png\" alt=\"\" width=\"189\" height=\"189\" srcset=\"https:\/\/blogsaverroes.juntadeandalucia.es\/ceiplamolina\/files\/2022\/02\/Attachment-1-10-300x300.png 300w, https:\/\/blogsaverroes.juntadeandalucia.es\/ceiplamolina\/files\/2022\/02\/Attachment-1-10-150x150.png 150w, https:\/\/blogsaverroes.juntadeandalucia.es\/ceiplamolina\/files\/2022\/02\/Attachment-1-10-100x100.png 100w, https:\/\/blogsaverroes.juntadeandalucia.es\/ceiplamolina\/files\/2022\/02\/Attachment-1-10-24x24.png 24w, https:\/\/blogsaverroes.juntadeandalucia.es\/ceiplamolina\/files\/2022\/02\/Attachment-1-10-36x36.png 36w, https:\/\/blogsaverroes.juntadeandalucia.es\/ceiplamolina\/files\/2022\/02\/Attachment-1-10-48x48.png 48w, https:\/\/blogsaverroes.juntadeandalucia.es\/ceiplamolina\/files\/2022\/02\/Attachment-1-10.png 398w\" sizes=\"(max-width: 189px) 100vw, 189px\" \/><\/a><\/p>\n<p>&nbsp;<\/p>\n<p>Los alumnos\/as de 6\u00baB realizan una actividad, desde el \u00e1rea de Sociedad de la Informaci\u00f3n y Competencia Digital, para conmemorar este d\u00eda, mandando mensajes a sus compa\u00f1eros utilizando una app de gamificaci\u00f3n.<\/p>\n<p>Os dejamos el resultado de esta preciosa actividad&#8230;<\/p>\n<h2 style=\"text-align: center\"><span style=\"color: #ff0000\">D\u00cdA DE LA AMISTAD <\/span><\/h2>\n<p style=\"text-align: center\"><iframe src=\"\/\/www.youtube.com\/embed\/2sabdBeUOR4\" width=\"560\" height=\"314\"><\/iframe><\/p>\n<h2 style=\"text-align: center\"><span style=\"color: #ff6600\">SALIDA INFANTIL TOYO AVENTURA<\/span><\/h2>\n<p>Despu\u00e9s de dos a\u00f1os sin salir al entorno los <strong>alumnos\/as de infantil<\/strong> realizan una salida al centro de multiaventura<span style=\"color: #ff0000\"> \u00abToyo Aventura\u00bb<\/span> donde realizaron diferentes talleres en contacto con la Naturaleza.<\/p>\n<p>\u00a1\u00a1Os dejamos unas im\u00e1genes de esos entra\u00f1ables momentos!!<\/p>\n<p>&nbsp;<\/p>\n<p>[ngg src=\u00bbgalleries\u00bb ids=\u00bb21&#8243; display=\u00bbbasic_slideshow\u00bb]<\/p>\n<h2 style=\"text-align: center\"><strong><span style=\"color: #ff0000\"><em>\u00a1FELIZ NAVIDAD!<\/em><\/span><\/strong><\/h2>\n<h2 style=\"text-align: center\"><em><strong> <a href=\"https:\/\/blogsaverroes.juntadeandalucia.es\/ceiplamolina\/files\/2021\/02\/arbol-de-navidad.png\"><img decoding=\"async\" class=\"alignnone wp-image-2461\" src=\"https:\/\/blogsaverroes.juntadeandalucia.es\/ceiplamolina\/files\/2021\/02\/arbol-de-navidad-300x300.png\" alt=\"\" width=\"156\" height=\"156\" srcset=\"https:\/\/blogsaverroes.juntadeandalucia.es\/ceiplamolina\/files\/2021\/02\/arbol-de-navidad-300x300.png 300w, https:\/\/blogsaverroes.juntadeandalucia.es\/ceiplamolina\/files\/2021\/02\/arbol-de-navidad-150x150.png 150w, https:\/\/blogsaverroes.juntadeandalucia.es\/ceiplamolina\/files\/2021\/02\/arbol-de-navidad.png 512w\" sizes=\"(max-width: 156px) 100vw, 156px\" \/><\/a><\/strong><\/em><\/h2>\n<p style=\"text-align: center\">Los alumnos y alumnas de Infantil os desean unas felices fiestas con estos preciosos villancicos<\/p>\n<h3 style=\"text-align: center\"><span style=\"color: #00ccff\">4 a\u00f1os C y 3 a\u00f1os A<\/span><\/h3>\n<p>&nbsp;<\/p>\n<p style=\"text-align: center\"><iframe src=\"\/\/www.youtube.com\/embed\/NYuJh_FKwGo\" width=\"560\" height=\"314\"><\/iframe><\/p>\n<h3 style=\"text-align: center\"><span style=\"color: #ff00ff\">4 a\u00f1os A y B y Aula TEA<\/span><\/h3>\n<p>&nbsp;<\/p>\n<p style=\"text-align: center\"><iframe src=\"\/\/www.youtube.com\/embed\/i5oRhj1Co44\" width=\"560\" height=\"314\"><\/iframe><\/p>\n<h3 style=\"text-align: center\"><span style=\"color: #61eda7\">3 a\u00f1os B y 3 a\u00f1os C<\/span><\/h3>\n<p>&nbsp;<\/p>\n<p style=\"text-align: center\"><iframe src=\"\/\/www.youtube.com\/embed\/H2MdUqYGW4o\" width=\"560\" height=\"314\"><\/iframe><\/p>\n<p>&nbsp;<\/p>\n<h3 style=\"text-align: center\"><span style=\"color: #cc99ff\">5 a\u00f1os<\/span><\/h3>\n<p>&nbsp;<\/p>\n<p style=\"text-align: center\"><iframe src=\"\/\/www.youtube.com\/embed\/2zVvciQiAGc\" width=\"560\" height=\"314\"><\/iframe><\/p>\n","protected":false},"excerpt":{"rendered":"<p>SALIDA TERCER CICLO PROGRAMA INVESCLIMA Con motivo del D\u00eda del Medio Ambiente y en colaboraci\u00f3n con el Programa \u00abInvesclima\u00bb, en el que el centro investiga los efectos del cambio clim\u00e1tico en las especies animales&#46;&#46;&#46;<\/p>\n","protected":false},"author":11627,"featured_media":0,"parent":0,"menu_order":0,"comment_status":"closed","ping_status":"closed","template":"","meta":{"footnotes":"","_mc_calendar":[]},"aioseo_notices":[],"_links":{"self":[{"href":"https:\/\/blogsaverroes.juntadeandalucia.es\/ceiplamolina\/wp-json\/wp\/v2\/pages\/4793"}],"collection":[{"href":"https:\/\/blogsaverroes.juntadeandalucia.es\/ceiplamolina\/wp-json\/wp\/v2\/pages"}],"about":[{"href":"https:\/\/blogsaverroes.juntadeandalucia.es\/ceiplamolina\/wp-json\/wp\/v2\/types\/page"}],"author":[{"embeddable":true,"href":"https:\/\/blogsaverroes.juntadeandalucia.es\/ceiplamolina\/wp-json\/wp\/v2\/users\/11627"}],"replies":[{"embeddable":true,"href":"https:\/\/blogsaverroes.juntadeandalucia.es\/ceiplamolina\/wp-json\/wp\/v2\/comments?post=4793"}],"version-history":[{"count":8,"href":"https:\/\/blogsaverroes.juntadeandalucia.es\/ceiplamolina\/wp-json\/wp\/v2\/pages\/4793\/revisions"}],"predecessor-version":[{"id":4805,"href":"https:\/\/blogsaverroes.juntadeandalucia.es\/ceiplamolina\/wp-json\/wp\/v2\/pages\/4793\/revisions\/4805"}],"wp:attachment":[{"href":"https:\/\/blogsaverroes.juntadeandalucia.es\/ceiplamolina\/wp-json\/wp\/v2\/media?parent=4793"}],"curies":[{"name":"wp","href":"https:\/\/api.w.org\/{rel}","templated":true}]}}