{"id":82,"date":"2015-03-16T06:59:55","date_gmt":"2015-03-16T06:59:55","guid":{"rendered":"http:\/\/blogsaverroes.juntadeandalucia.es\/pre\/ceip\/?page_id=82"},"modified":"2021-02-05T11:56:11","modified_gmt":"2021-02-05T11:56:11","slug":"horarios","status":"publish","type":"page","link":"https:\/\/blogsaverroes.juntadeandalucia.es\/ceiplamolina\/horarios\/","title":{"rendered":"Horarios"},"content":{"rendered":"<p>&nbsp;<\/p>\n<p style=\"text-align: left\">El <span style=\"color: #0000ff\">horario lectivo<\/span> del centro es de lunes a viernes de <span style=\"color: #0000ff\">9:00h a 14:00h<\/span>, siendo la hora de <span style=\"color: #0000ff\">tutor\u00eda,<\/span> de atenci\u00f3n a familias, ser\u00e1 los <span style=\"color: #0000ff\">lunes de 16:00ha 17:00h.<\/span><\/p>\n<p>En este curso escolar 2020\/21, debido a la situaci\u00f3n de pandedmia,&nbsp; es conveniente seguir el protocolo de actuaci\u00f3n Covid y las tutor\u00edas preferiblemente deben ser telem\u00e1ticas utilizando moodle y pasen como sistemas de comunicaci\u00f3n con los tutores\/as.<\/p>\n<p style=\"text-align: left\">&nbsp;Adem\u00e1s, con el objetivo de favorecer la conciliaci\u00f3n de la vida laboral y familiar se ofrecen actividades extraescolares que se desarrollar\u00e1n fuera del horario lectivo.<\/p>\n<p style=\"text-align: left\">Estas actividades extraescolares est\u00e1n encaminadas a potenciar la apertura del centro a su entorno favoreciendo la convivencia de todos los sectores de la comunidad educativa y al mismo tiempo pretenden facilitar la formaci\u00f3n integral del alumnado a trav\u00e9s del desarrollo de actividades&nbsp; l\u00fadicas con otras que traten aspectos formativos de inter\u00e9s para los\/as alumnos\/as pero que tengan un car\u00e1cter educativo e integrador de los\/as mismos\/as y est\u00e9n referidas a la ampliaci\u00f3n de su horizonte cultural y a su preparaci\u00f3n para su inserci\u00f3n en la sociedad o el uso de su tiempo libre.<\/p>\n<p style=\"text-align: left\">Estas actividades las dividimos en dos tipos:<\/p>\n<ol type=\"a\">\n<li><strong>Actividades acogidas al Plan de Apoyo a las Familias Andaluzas:<\/strong>\n<p style=\"text-align: left\">Estas actividades est\u00e1n a cargo de la empresa JASOAL . Se desarrollan en&nbsp; horario&nbsp; de 16:00h a 17:00h, entre los meses de Octubre y Mayo. Su precio es de 15,40 euros mensuales por actividad, aunque puede beneficiarse de reducciones en funci\u00f3n de su renta.<\/p>\n<\/li>\n<\/ol>\n","protected":false},"excerpt":{"rendered":"<p>&nbsp; El horario lectivo del centro es de lunes a viernes de 9:00h a 14:00h, siendo la hora de tutor\u00eda, de atenci\u00f3n a familias, ser\u00e1 los lunes de 16:00ha 17:00h. En este curso escolar&#46;&#46;&#46;<\/p>\n","protected":false},"author":1,"featured_media":0,"parent":0,"menu_order":0,"comment_status":"closed","ping_status":"open","template":"page-cs.php","meta":{"footnotes":"","_mc_calendar":[]},"aioseo_notices":[],"_links":{"self":[{"href":"https:\/\/blogsaverroes.juntadeandalucia.es\/ceiplamolina\/wp-json\/wp\/v2\/pages\/82"}],"collection":[{"href":"https:\/\/blogsaverroes.juntadeandalucia.es\/ceiplamolina\/wp-json\/wp\/v2\/pages"}],"about":[{"href":"https:\/\/blogsaverroes.juntadeandalucia.es\/ceiplamolina\/wp-json\/wp\/v2\/types\/page"}],"author":[{"embeddable":true,"href":"https:\/\/blogsaverroes.juntadeandalucia.es\/ceiplamolina\/wp-json\/wp\/v2\/users\/1"}],"replies":[{"embeddable":true,"href":"https:\/\/blogsaverroes.juntadeandalucia.es\/ceiplamolina\/wp-json\/wp\/v2\/comments?post=82"}],"version-history":[{"count":7,"href":"https:\/\/blogsaverroes.juntadeandalucia.es\/ceiplamolina\/wp-json\/wp\/v2\/pages\/82\/revisions"}],"predecessor-version":[{"id":2396,"href":"https:\/\/blogsaverroes.juntadeandalucia.es\/ceiplamolina\/wp-json\/wp\/v2\/pages\/82\/revisions\/2396"}],"wp:attachment":[{"href":"https:\/\/blogsaverroes.juntadeandalucia.es\/ceiplamolina\/wp-json\/wp\/v2\/media?parent=82"}],"curies":[{"name":"wp","href":"https:\/\/api.w.org\/{rel}","templated":true}]}}