{"id":102,"date":"2018-04-15T12:23:50","date_gmt":"2018-04-15T12:23:50","guid":{"rendered":"https:\/\/blogsaverroes.juntadeandalucia.es\/ceiplanoria\/?page_id=102"},"modified":"2018-04-15T14:48:23","modified_gmt":"2018-04-15T14:48:23","slug":"biblioteca","status":"publish","type":"page","link":"https:\/\/blogsaverroes.juntadeandalucia.es\/ceiplanoria\/biblioteca\/","title":{"rendered":"D\u00eda de la Lectura"},"content":{"rendered":"<div>Como conmemoraci\u00f3n al<span style=\"color: #ff0000;font-size: x-large\"><b>&nbsp;D\u00cdA DE LA LECTURA EN ANDALUC\u00cdA<\/b><\/span>&nbsp;(16-12-2015) se realiz\u00f3 una actividad muy interesante:<\/div>\n<div><b><span style=\"color: #0000ff;font-size: medium\">ESTRADOS LECTORES.<\/span><\/b><\/div>\n<div>Cuatro alumnos\/a del tercer ciclo de primaria, uno de cada unidad, se repartieron en cuatro estrados: uno por ciclo, y leyeron al resto del alumnado del centro un texto previamente seleccionado. Una vez finalizada la lectura se dieron una fichas a los asistentes como recuerdo.<\/div>\n<div>\n<div><a href=\"https:\/\/sites.google.com\/site\/lanoriasweb\/biblioteca\/poetas.jpg?attredirects=0\"><img decoding=\"async\" class=\"aligncenter\" src=\"https:\/\/sites.google.com\/site\/lanoriasweb\/_\/rsrc\/1468870096306\/biblioteca\/poetas.jpg\" border=\"0\"><\/a><\/div>\n<div><b><span style=\"font-size: medium\">Las lecturas seleccionadas fueron:&nbsp;<\/span><\/b><\/div>\n<div><span style=\"color: #ff9900\">Infantil: El gallo kirico<\/span><\/div>\n<div><span style=\"color: #ff00ff\">Primer Ciclo de Primaria: La ni\u00f1a del zurr\u00f3n.<\/span><\/div>\n<div><span style=\"color: #0000ff\">Segundo Ciclo de Primaria: \u00abLos Reyes Magos\u00bb de Juan Ram\u00f3n Jim\u00e9nez<\/span><\/div>\n<div><span style=\"color: #38761d\">Tercer Ciclo de Infantil: Leyendas de B\u00e9cquer<\/span><\/div>\n<div><span style=\"font-size: medium\"><b>Nuestros lectores y lectoras fueron:<\/b><\/span><\/div>\n<div><span style=\"font-size: medium\"><b>5\u00baA: Jos\u00e9 Mora Cordero<\/b><\/span><\/div>\n<div><span style=\"font-size: medium\"><b>5\u00baB: Gabriel Mingorance P\u00e9rez<\/b><\/span><\/div>\n<div><span style=\"font-size: medium\"><b>6\u00baA: Patricia \u00c1lvarez Santana<\/b><\/span><\/div>\n<div><span style=\"font-size: medium\"><b>6\u00baB: Mar\u00eda Oria Reyes<\/b><\/span><\/div>\n<div><span style=\"font-size: medium\">Que lo hicieron fant\u00e1sticamente, atrayendo la atenci\u00f3n del oyente. &nbsp;Gracias a ellos y a todos los participantes la actividad se desarroll\u00f3 con \u00e9xito.<\/span><\/div>\n<div>\n<p><a href=\"https:\/\/sites.google.com\/site\/lanoriasweb\/biblioteca\/2015-12-17%2011.23.34.jpg?attredirects=0\"><img loading=\"lazy\" decoding=\"async\" src=\"https:\/\/sites.google.com\/site\/lanoriasweb\/_\/rsrc\/1468870098979\/biblioteca\/2015-12-17%2011.23.34.jpg?height=200&amp;width=150\" width=\"150\" height=\"200\" border=\"0\"><\/a>&nbsp; &nbsp; &nbsp; &nbsp;&nbsp;<img loading=\"lazy\" decoding=\"async\" class=\"\" src=\"https:\/\/sites.google.com\/site\/lanoriasweb\/_\/rsrc\/1468870094285\/biblioteca\/2015-12-18%2013.42.09.jpg?height=133&amp;width=200\" width=\"297\" height=\"201\" border=\"0\">&nbsp; &nbsp; &nbsp; &nbsp; &nbsp;&nbsp;<img loading=\"lazy\" decoding=\"async\" class=\"\" src=\"https:\/\/sites.google.com\/site\/lanoriasweb\/_\/rsrc\/1468870096492\/biblioteca\/2015-12-18%2013.42.22.jpg?height=112&amp;width=200\" width=\"343\" height=\"199\" border=\"0\"><\/p>\n<div>&nbsp;<\/div>\n<\/div>\n<\/div>\n","protected":false},"excerpt":{"rendered":"<p>Como conmemoraci\u00f3n al&nbsp;D\u00cdA DE LA LECTURA EN ANDALUC\u00cdA&nbsp;(16-12-2015) se realiz\u00f3 una actividad muy interesante: ESTRADOS LECTORES. Cuatro alumnos\/a del tercer ciclo de primaria, uno de cada unidad, se repartieron en cuatro estrados: uno por&#46;&#46;&#46;<\/p>\n","protected":false},"author":5935,"featured_media":0,"parent":0,"menu_order":0,"comment_status":"closed","ping_status":"closed","template":"","meta":{"ngg_post_thumbnail":0,"footnotes":""},"aioseo_notices":[],"_links":{"self":[{"href":"https:\/\/blogsaverroes.juntadeandalucia.es\/ceiplanoria\/wp-json\/wp\/v2\/pages\/102"}],"collection":[{"href":"https:\/\/blogsaverroes.juntadeandalucia.es\/ceiplanoria\/wp-json\/wp\/v2\/pages"}],"about":[{"href":"https:\/\/blogsaverroes.juntadeandalucia.es\/ceiplanoria\/wp-json\/wp\/v2\/types\/page"}],"author":[{"embeddable":true,"href":"https:\/\/blogsaverroes.juntadeandalucia.es\/ceiplanoria\/wp-json\/wp\/v2\/users\/5935"}],"replies":[{"embeddable":true,"href":"https:\/\/blogsaverroes.juntadeandalucia.es\/ceiplanoria\/wp-json\/wp\/v2\/comments?post=102"}],"version-history":[{"count":5,"href":"https:\/\/blogsaverroes.juntadeandalucia.es\/ceiplanoria\/wp-json\/wp\/v2\/pages\/102\/revisions"}],"predecessor-version":[{"id":261,"href":"https:\/\/blogsaverroes.juntadeandalucia.es\/ceiplanoria\/wp-json\/wp\/v2\/pages\/102\/revisions\/261"}],"wp:attachment":[{"href":"https:\/\/blogsaverroes.juntadeandalucia.es\/ceiplanoria\/wp-json\/wp\/v2\/media?parent=102"}],"curies":[{"name":"wp","href":"https:\/\/api.w.org\/{rel}","templated":true}]}}