{"id":125,"date":"2024-10-15T12:33:13","date_gmt":"2024-10-15T10:33:13","guid":{"rendered":"https:\/\/blogsaverroes.juntadeandalucia.es\/ceiplanoria\/?page_id=125"},"modified":"2024-10-24T21:16:34","modified_gmt":"2024-10-24T19:16:34","slug":"secretaria","status":"publish","type":"page","link":"https:\/\/blogsaverroes.juntadeandalucia.es\/ceiplanoria\/secretaria\/","title":{"rendered":"Secretar\u00eda"},"content":{"rendered":"<p>Horario de atenci\u00f3n al p\u00fablico: de lunes a viernes de 9:15h a 11:45h<\/p>\n<p>Tel\u00e9fono: 959489579<\/p>\n<p>FAX: 959489580<\/p>\n<p>E-mail: 21600787@g.educaand.es&nbsp;<\/p>\n<p>Direcci\u00f3n postal: C\/ Per\u00fa s\/n 21440 Lepe (Huelva)<\/p>\n<p>&nbsp;<\/p>\n","protected":false},"excerpt":{"rendered":"<p>Horario de atenci\u00f3n al p\u00fablico: de lunes a viernes de 9:15h a 11:45h Tel\u00e9fono: 959489579 FAX: 959489580 E-mail: 21600787@g.educaand.es&nbsp; Direcci\u00f3n postal: C\/ Per\u00fa s\/n 21440 Lepe (Huelva) &nbsp;<\/p>\n","protected":false},"author":5935,"featured_media":0,"parent":0,"menu_order":0,"comment_status":"closed","ping_status":"closed","template":"","meta":{"ngg_post_thumbnail":0,"footnotes":""},"aioseo_notices":[],"_links":{"self":[{"href":"https:\/\/blogsaverroes.juntadeandalucia.es\/ceiplanoria\/wp-json\/wp\/v2\/pages\/125"}],"collection":[{"href":"https:\/\/blogsaverroes.juntadeandalucia.es\/ceiplanoria\/wp-json\/wp\/v2\/pages"}],"about":[{"href":"https:\/\/blogsaverroes.juntadeandalucia.es\/ceiplanoria\/wp-json\/wp\/v2\/types\/page"}],"author":[{"embeddable":true,"href":"https:\/\/blogsaverroes.juntadeandalucia.es\/ceiplanoria\/wp-json\/wp\/v2\/users\/5935"}],"replies":[{"embeddable":true,"href":"https:\/\/blogsaverroes.juntadeandalucia.es\/ceiplanoria\/wp-json\/wp\/v2\/comments?post=125"}],"version-history":[{"count":13,"href":"https:\/\/blogsaverroes.juntadeandalucia.es\/ceiplanoria\/wp-json\/wp\/v2\/pages\/125\/revisions"}],"predecessor-version":[{"id":1553,"href":"https:\/\/blogsaverroes.juntadeandalucia.es\/ceiplanoria\/wp-json\/wp\/v2\/pages\/125\/revisions\/1553"}],"wp:attachment":[{"href":"https:\/\/blogsaverroes.juntadeandalucia.es\/ceiplanoria\/wp-json\/wp\/v2\/media?parent=125"}],"curies":[{"name":"wp","href":"https:\/\/api.w.org\/{rel}","templated":true}]}}