{"id":129,"date":"2018-04-15T12:34:02","date_gmt":"2018-04-15T12:34:02","guid":{"rendered":"https:\/\/blogsaverroes.juntadeandalucia.es\/ceiplanoria\/?page_id=129"},"modified":"2019-02-25T20:20:56","modified_gmt":"2019-02-25T20:20:56","slug":"localizacion","status":"publish","type":"page","link":"https:\/\/blogsaverroes.juntadeandalucia.es\/ceiplanoria\/localizacion\/","title":{"rendered":"Historia"},"content":{"rendered":"<p>El Centro est\u00e1 ubicado en la barriada la Noria de Lepe.<\/p>\n<p>Fue creado en el a\u00f1o 1987, dado el crecimiento de la poblaci\u00f3n en los barrios colindantes,&nbsp; fue necesaria una ampliaci\u00f3n en el a\u00f1o 1989, cre\u00e1ndose cuatro aulas nuevas.<\/p>\n<p>El pueblo sigue creciendo por esa zona, siendo cada vez m\u00e1s necesario una ampliaci\u00f3n, es por ello que, en el a\u00f1o 2007 se ampl\u00eda nuevamente el colegio, en esta ocasi\u00f3n es una reforma m\u00e1s ambiciosa, ya que se hizo un edificio nuevo para infantil, un gimnasio y se amplio el edificio de primaria, para as\u00ed configurarlo de dos l\u00edneas, con biblioteca y aulas de Apoyo a la Integraci\u00f3n, Audici\u00f3n y Lengua y Espec\u00edfica de Educaci\u00f3n especial.&nbsp;<\/p>\n<p>El edificio construido en 1989, pasa a ser en su planta baja comedor, a\u00f1adi\u00e9ndole una cocina y en su planta alta Sala de Usos M\u00faltiples.<\/p>\n<p>En todos estos cursos han pasado m\u00e1s de 2000 alumnos y alumnas por nuestras aulas, empezamos con 275 y ahora tenemos m\u00e1s de 450.<\/p>\n<p><a href=\"https:\/\/blogsaverroes.juntadeandalucia.es\/ceiplanoria\/files\/2018\/04\/IMG-20140620-WA0018.jpg\"><\/a><a href=\"https:\/\/blogsaverroes.juntadeandalucia.es\/ceiplanoria\/files\/2018\/04\/IMG-20190221-WA0013.jpg\"><img loading=\"lazy\" decoding=\"async\" class=\"aligncenter size-medium wp-image-493\" src=\"https:\/\/blogsaverroes.juntadeandalucia.es\/ceiplanoria\/files\/2018\/04\/IMG-20190221-WA0013-300x278.jpg\" alt=\"\" width=\"300\" height=\"278\" srcset=\"https:\/\/blogsaverroes.juntadeandalucia.es\/ceiplanoria\/files\/2018\/04\/IMG-20190221-WA0013-300x278.jpg 300w, https:\/\/blogsaverroes.juntadeandalucia.es\/ceiplanoria\/files\/2018\/04\/IMG-20190221-WA0013-768x712.jpg 768w, https:\/\/blogsaverroes.juntadeandalucia.es\/ceiplanoria\/files\/2018\/04\/IMG-20190221-WA0013-1024x949.jpg 1024w, https:\/\/blogsaverroes.juntadeandalucia.es\/ceiplanoria\/files\/2018\/04\/IMG-20190221-WA0013-24x22.jpg 24w, https:\/\/blogsaverroes.juntadeandalucia.es\/ceiplanoria\/files\/2018\/04\/IMG-20190221-WA0013-36x33.jpg 36w, https:\/\/blogsaverroes.juntadeandalucia.es\/ceiplanoria\/files\/2018\/04\/IMG-20190221-WA0013-48x45.jpg 48w, https:\/\/blogsaverroes.juntadeandalucia.es\/ceiplanoria\/files\/2018\/04\/IMG-20190221-WA0013.jpg 1566w\" sizes=\"(max-width: 300px) 100vw, 300px\" \/><\/a><a href=\"https:\/\/blogsaverroes.juntadeandalucia.es\/ceiplanoria\/files\/2018\/04\/IMG-20190221-WA0014.jpg\"><img loading=\"lazy\" decoding=\"async\" class=\"size-medium wp-image-492 alignnone\" src=\"https:\/\/blogsaverroes.juntadeandalucia.es\/ceiplanoria\/files\/2018\/04\/IMG-20190221-WA0014-300x225.jpg\" alt=\"\" width=\"300\" height=\"225\" srcset=\"https:\/\/blogsaverroes.juntadeandalucia.es\/ceiplanoria\/files\/2018\/04\/IMG-20190221-WA0014-300x225.jpg 300w, https:\/\/blogsaverroes.juntadeandalucia.es\/ceiplanoria\/files\/2018\/04\/IMG-20190221-WA0014-768x576.jpg 768w, https:\/\/blogsaverroes.juntadeandalucia.es\/ceiplanoria\/files\/2018\/04\/IMG-20190221-WA0014-1024x768.jpg 1024w, https:\/\/blogsaverroes.juntadeandalucia.es\/ceiplanoria\/files\/2018\/04\/IMG-20190221-WA0014-24x18.jpg 24w, https:\/\/blogsaverroes.juntadeandalucia.es\/ceiplanoria\/files\/2018\/04\/IMG-20190221-WA0014-36x27.jpg 36w, https:\/\/blogsaverroes.juntadeandalucia.es\/ceiplanoria\/files\/2018\/04\/IMG-20190221-WA0014-48x36.jpg 48w, https:\/\/blogsaverroes.juntadeandalucia.es\/ceiplanoria\/files\/2018\/04\/IMG-20190221-WA0014.jpg 1600w\" sizes=\"(max-width: 300px) 100vw, 300px\" \/><\/a><a href=\"https:\/\/blogsaverroes.juntadeandalucia.es\/ceiplanoria\/files\/2018\/04\/IMG-20180227-WA0024.jpg\"><img loading=\"lazy\" decoding=\"async\" class=\"aligncenter size-medium wp-image-490\" src=\"https:\/\/blogsaverroes.juntadeandalucia.es\/ceiplanoria\/files\/2018\/04\/IMG-20180227-WA0024-268x300.jpg\" alt=\"\" width=\"268\" height=\"300\" srcset=\"https:\/\/blogsaverroes.juntadeandalucia.es\/ceiplanoria\/files\/2018\/04\/IMG-20180227-WA0024-268x300.jpg 268w, https:\/\/blogsaverroes.juntadeandalucia.es\/ceiplanoria\/files\/2018\/04\/IMG-20180227-WA0024-768x859.jpg 768w, https:\/\/blogsaverroes.juntadeandalucia.es\/ceiplanoria\/files\/2018\/04\/IMG-20180227-WA0024-915x1024.jpg 915w, https:\/\/blogsaverroes.juntadeandalucia.es\/ceiplanoria\/files\/2018\/04\/IMG-20180227-WA0024-21x24.jpg 21w, https:\/\/blogsaverroes.juntadeandalucia.es\/ceiplanoria\/files\/2018\/04\/IMG-20180227-WA0024-32x36.jpg 32w, https:\/\/blogsaverroes.juntadeandalucia.es\/ceiplanoria\/files\/2018\/04\/IMG-20180227-WA0024-43x48.jpg 43w, https:\/\/blogsaverroes.juntadeandalucia.es\/ceiplanoria\/files\/2018\/04\/IMG-20180227-WA0024.jpg 1069w\" sizes=\"(max-width: 268px) 100vw, 268px\" \/><\/a><a href=\"https:\/\/blogsaverroes.juntadeandalucia.es\/ceiplanoria\/files\/2018\/04\/IMG-20140620-WA0018.jpg\"><img loading=\"lazy\" decoding=\"async\" class=\"size-medium wp-image-495 alignleft\" src=\"https:\/\/blogsaverroes.juntadeandalucia.es\/ceiplanoria\/files\/2018\/04\/IMG-20140620-WA0018-300x169.jpg\" alt=\"\" width=\"300\" height=\"169\" srcset=\"https:\/\/blogsaverroes.juntadeandalucia.es\/ceiplanoria\/files\/2018\/04\/IMG-20140620-WA0018-300x169.jpg 300w, https:\/\/blogsaverroes.juntadeandalucia.es\/ceiplanoria\/files\/2018\/04\/IMG-20140620-WA0018-768x432.jpg 768w, https:\/\/blogsaverroes.juntadeandalucia.es\/ceiplanoria\/files\/2018\/04\/IMG-20140620-WA0018-24x14.jpg 24w, https:\/\/blogsaverroes.juntadeandalucia.es\/ceiplanoria\/files\/2018\/04\/IMG-20140620-WA0018-36x20.jpg 36w, https:\/\/blogsaverroes.juntadeandalucia.es\/ceiplanoria\/files\/2018\/04\/IMG-20140620-WA0018-48x27.jpg 48w, https:\/\/blogsaverroes.juntadeandalucia.es\/ceiplanoria\/files\/2018\/04\/IMG-20140620-WA0018.jpg 800w\" sizes=\"(max-width: 300px) 100vw, 300px\" \/><\/a><\/p>\n","protected":false},"excerpt":{"rendered":"<p>El Centro est\u00e1 ubicado en la barriada la Noria de Lepe. Fue creado en el a\u00f1o 1987, dado el crecimiento de la poblaci\u00f3n en los barrios colindantes,&nbsp; fue necesaria una ampliaci\u00f3n en el a\u00f1o&#46;&#46;&#46;<\/p>\n","protected":false},"author":5935,"featured_media":0,"parent":0,"menu_order":0,"comment_status":"closed","ping_status":"closed","template":"","meta":{"ngg_post_thumbnail":0,"footnotes":""},"aioseo_notices":[],"_links":{"self":[{"href":"https:\/\/blogsaverroes.juntadeandalucia.es\/ceiplanoria\/wp-json\/wp\/v2\/pages\/129"}],"collection":[{"href":"https:\/\/blogsaverroes.juntadeandalucia.es\/ceiplanoria\/wp-json\/wp\/v2\/pages"}],"about":[{"href":"https:\/\/blogsaverroes.juntadeandalucia.es\/ceiplanoria\/wp-json\/wp\/v2\/types\/page"}],"author":[{"embeddable":true,"href":"https:\/\/blogsaverroes.juntadeandalucia.es\/ceiplanoria\/wp-json\/wp\/v2\/users\/5935"}],"replies":[{"embeddable":true,"href":"https:\/\/blogsaverroes.juntadeandalucia.es\/ceiplanoria\/wp-json\/wp\/v2\/comments?post=129"}],"version-history":[{"count":6,"href":"https:\/\/blogsaverroes.juntadeandalucia.es\/ceiplanoria\/wp-json\/wp\/v2\/pages\/129\/revisions"}],"predecessor-version":[{"id":496,"href":"https:\/\/blogsaverroes.juntadeandalucia.es\/ceiplanoria\/wp-json\/wp\/v2\/pages\/129\/revisions\/496"}],"wp:attachment":[{"href":"https:\/\/blogsaverroes.juntadeandalucia.es\/ceiplanoria\/wp-json\/wp\/v2\/media?parent=129"}],"curies":[{"name":"wp","href":"https:\/\/api.w.org\/{rel}","templated":true}]}}