{"id":140,"date":"2023-05-29T09:00:46","date_gmt":"2023-05-29T07:00:46","guid":{"rendered":"https:\/\/blogsaverroes.juntadeandalucia.es\/ceiplanoria\/?page_id=140"},"modified":"2023-05-31T11:47:42","modified_gmt":"2023-05-31T09:47:42","slug":"autoproteccion","status":"publish","type":"page","link":"https:\/\/blogsaverroes.juntadeandalucia.es\/ceiplanoria\/autoproteccion\/","title":{"rendered":"Autoprotecci\u00f3n"},"content":{"rendered":"<p>Es obligatorio que en todos los centros haya una persona responsable de riesgos laborales y un Plan de Autoprotecci\u00f3n actualizado. Nuestro centro tiene ambas cosas.<\/p>\n<p><em><u>OBJETIVOS&nbsp; DEL PLAN:<\/u><\/em><\/p>\n<ul>\n<li>Proteger a las personas y a los usuarios del centro, as\u00ed como los bienes, estableciendo una estructura y unos procedimientos que aseguren las respuestas m\u00e1s adecuadas ante las posibles emergencias.<\/li>\n<li>Facilitar la estructura organizativa del centro, los instrumentos y recursos en relaci\u00f3n con la seguridad y control de las posibles situaciones de emergencia.<\/li>\n<li>Concienciar y sensibilizar a la comunidad educativa sobre la importancia de establecer protocolos de actuaci\u00f3n y h\u00e1bitos de entrenamiento para solventar situaciones de emergencia de diversa \u00edndole.<\/li>\n<li>Conocer el centro y su entorno (edificio e instalaciones), los focos de peligro reales, los medios disponibles y las normas de actuaci\u00f3n en el caso de que ocurra un siniestro, estudiar las v\u00edas de evacuaci\u00f3n y las formas de confinamiento, y adoptar las medidas preventivas necesarias.<\/li>\n<li>Garantizar la fiabilidad de todos los medios de protecci\u00f3n y disponer de un equipo de personas formadas, informadas y organizadas que garanticen rapidez y eficacia en las acciones a emprender ante las emergencias.<\/li>\n<li>Realizar el mantenimiento preventivo de las instalaciones, la detecci\u00f3n y eliminaci\u00f3n de los riesgos, definiendo una organizaci\u00f3n que implante y actualice el Plan de Autoprotecci\u00f3n.<\/li>\n<li>Posibilitar la coordinaci\u00f3n entre los medios de emergencia externos y el centro, para optimizar las medidas de prevenci\u00f3n, protecci\u00f3n e intervenci\u00f3n, garantizando la conexi\u00f3n con los procedimientos y planificaci\u00f3n de \u00e1mbito superior, planes de autoprotecci\u00f3n locales, supramunicipales, auton\u00f3micos y nacionales.<\/li>\n<\/ul>\n<hr>\n<p>DOCUMENTOS:<\/p>\n<ul>\n<li><a href=\"https:\/\/blogsaverroes.juntadeandalucia.es\/ceiplanoria\/files\/2023\/03\/Plan-de-autoprotecci\u00f3n-CEIP-La-Noria-22.23pdf.pdf\">Plan de autoprotecci\u00f3n CEIP La Noria 22.23pdf<\/a><\/li>\n<li><a href=\"https:\/\/blogsaverroes.juntadeandalucia.es\/ceiplanoria\/files\/2023\/05\/PROTOCOLO-OLAS-DE-CALOR.pdf\">PROTOCOLO OLAS DE CALOR<\/a><\/li>\n<\/ul>\n","protected":false},"excerpt":{"rendered":"<p>Es obligatorio que en todos los centros haya una persona responsable de riesgos laborales y un Plan de Autoprotecci\u00f3n actualizado. Nuestro centro tiene ambas cosas. OBJETIVOS&nbsp; DEL PLAN: Proteger a las personas y a&#46;&#46;&#46;<\/p>\n","protected":false},"author":5935,"featured_media":0,"parent":0,"menu_order":0,"comment_status":"closed","ping_status":"closed","template":"","meta":{"ngg_post_thumbnail":0,"footnotes":""},"aioseo_notices":[],"_links":{"self":[{"href":"https:\/\/blogsaverroes.juntadeandalucia.es\/ceiplanoria\/wp-json\/wp\/v2\/pages\/140"}],"collection":[{"href":"https:\/\/blogsaverroes.juntadeandalucia.es\/ceiplanoria\/wp-json\/wp\/v2\/pages"}],"about":[{"href":"https:\/\/blogsaverroes.juntadeandalucia.es\/ceiplanoria\/wp-json\/wp\/v2\/types\/page"}],"author":[{"embeddable":true,"href":"https:\/\/blogsaverroes.juntadeandalucia.es\/ceiplanoria\/wp-json\/wp\/v2\/users\/5935"}],"replies":[{"embeddable":true,"href":"https:\/\/blogsaverroes.juntadeandalucia.es\/ceiplanoria\/wp-json\/wp\/v2\/comments?post=140"}],"version-history":[{"count":10,"href":"https:\/\/blogsaverroes.juntadeandalucia.es\/ceiplanoria\/wp-json\/wp\/v2\/pages\/140\/revisions"}],"predecessor-version":[{"id":1411,"href":"https:\/\/blogsaverroes.juntadeandalucia.es\/ceiplanoria\/wp-json\/wp\/v2\/pages\/140\/revisions\/1411"}],"wp:attachment":[{"href":"https:\/\/blogsaverroes.juntadeandalucia.es\/ceiplanoria\/wp-json\/wp\/v2\/media?parent=140"}],"curies":[{"name":"wp","href":"https:\/\/api.w.org\/{rel}","templated":true}]}}