{"id":147,"date":"2024-10-15T12:55:04","date_gmt":"2024-10-15T10:55:04","guid":{"rendered":"https:\/\/blogsaverroes.juntadeandalucia.es\/ceiplanoria\/?page_id=147"},"modified":"2024-10-24T21:15:09","modified_gmt":"2024-10-24T19:15:09","slug":"equipo-directivo","status":"publish","type":"page","link":"https:\/\/blogsaverroes.juntadeandalucia.es\/ceiplanoria\/equipo-directivo\/","title":{"rendered":"Equipo Directivo"},"content":{"rendered":"<div>Nuestro equipo directivo est\u00e1 compuesto por tres miembros, cada una con sus funciones diferenciadas.<\/div>\n<div>Tema administrativo: secretaria<\/div>\n<div>Tema acad\u00e9mico: jefa de estudios<\/div>\n<div>Otros: directora<\/div>\n<div>&nbsp;<\/div>\n<div>Hay que pedir cita para cualquier consulta al tel\u00e9fono del centro 959489579 o al email 21600787@g.educaand.es. La monitora escolar tomar\u00e1 nota y ya nuestro equipo se pondr\u00e1 en contacto v\u00eda Ipasen con ustedes.<\/div>\n<div>&nbsp;<\/div>\n<div><span style=\"color: #000000;font-size: medium\"><strong>Directora:<\/strong> D\u00aa Pilar&nbsp;<\/span><\/div>\n<div><span style=\"font-size: medium\"><strong>Jefe de Estudios:<\/strong> D\u00aa Roc\u00edo&nbsp;<\/span><\/div>\n<div><span style=\"font-size: medium\"><strong>Secretaria:<\/strong> D\u00aa M\u00aa Jes\u00fas&nbsp;<\/span><\/div>\n<div>&nbsp;<\/div>\n<div>&nbsp;<\/div>\n","protected":false},"excerpt":{"rendered":"<p>Nuestro equipo directivo est\u00e1 compuesto por tres miembros, cada una con sus funciones diferenciadas. Tema administrativo: secretaria Tema acad\u00e9mico: jefa de estudios Otros: directora &nbsp; Hay que pedir cita para cualquier consulta al tel\u00e9fono&#46;&#46;&#46;<\/p>\n","protected":false},"author":5935,"featured_media":0,"parent":0,"menu_order":0,"comment_status":"closed","ping_status":"closed","template":"","meta":{"ngg_post_thumbnail":0,"footnotes":""},"aioseo_notices":[],"_links":{"self":[{"href":"https:\/\/blogsaverroes.juntadeandalucia.es\/ceiplanoria\/wp-json\/wp\/v2\/pages\/147"}],"collection":[{"href":"https:\/\/blogsaverroes.juntadeandalucia.es\/ceiplanoria\/wp-json\/wp\/v2\/pages"}],"about":[{"href":"https:\/\/blogsaverroes.juntadeandalucia.es\/ceiplanoria\/wp-json\/wp\/v2\/types\/page"}],"author":[{"embeddable":true,"href":"https:\/\/blogsaverroes.juntadeandalucia.es\/ceiplanoria\/wp-json\/wp\/v2\/users\/5935"}],"replies":[{"embeddable":true,"href":"https:\/\/blogsaverroes.juntadeandalucia.es\/ceiplanoria\/wp-json\/wp\/v2\/comments?post=147"}],"version-history":[{"count":17,"href":"https:\/\/blogsaverroes.juntadeandalucia.es\/ceiplanoria\/wp-json\/wp\/v2\/pages\/147\/revisions"}],"predecessor-version":[{"id":1552,"href":"https:\/\/blogsaverroes.juntadeandalucia.es\/ceiplanoria\/wp-json\/wp\/v2\/pages\/147\/revisions\/1552"}],"wp:attachment":[{"href":"https:\/\/blogsaverroes.juntadeandalucia.es\/ceiplanoria\/wp-json\/wp\/v2\/media?parent=147"}],"curies":[{"name":"wp","href":"https:\/\/api.w.org\/{rel}","templated":true}]}}