{"id":153,"date":"2024-09-25T09:00:28","date_gmt":"2024-09-25T07:00:28","guid":{"rendered":"https:\/\/blogsaverroes.juntadeandalucia.es\/ceiplanoria\/?page_id=153"},"modified":"2024-09-25T12:28:29","modified_gmt":"2024-09-25T10:28:29","slug":"actividades-extraescolares","status":"publish","type":"page","link":"https:\/\/blogsaverroes.juntadeandalucia.es\/ceiplanoria\/actividades-extraescolares\/","title":{"rendered":"Actividades extraescolares"},"content":{"rendered":"<div style=\"padding-left: 40px\">Este curso, como en cursos anteriores, la empresa encargada de llevar a cabo las actividades extraescolares ser\u00e1 Coperaula.<\/div>\n<div>En el centro se imparten:&nbsp;<\/div>\n<div>1. Ingl\u00e9s infantil<\/div>\n<div>2. Ingl\u00e9s primaria<\/div>\n<div>3. Patinaje primaria<\/div>\n<div>4. Teatro infantil y primaria<\/div>\n<div>El horario es el siguiente:<\/div>\n<p>LUNES Y MI\u00c9RCOLES DE 16:00 A 17:00 Ingl\u00e9s infantil<\/p>\n<p>LUNES Y MI\u00c9RCOLES DE 17:00 A 18:00 Ingl\u00e9s de primaria<\/p>\n<p>MARTES Y JUEVES DE 16:00 A 17:00 Patinaje de primaria<\/p>\n<p>LUNES Y MI\u00c9RCOLES DE 17:00 A 18:00 Teatro infantil y primaria<\/p>\n<p><a href=\"https:\/\/blogsaverroes.juntadeandalucia.es\/ceiplanoria\/files\/2024\/09\/CEIP-LA-NORIA_page-0001.jpg\"><img loading=\"lazy\" decoding=\"async\" class=\"aligncenter size-large wp-image-1536\" src=\"https:\/\/blogsaverroes.juntadeandalucia.es\/ceiplanoria\/files\/2024\/09\/CEIP-LA-NORIA_page-0001-576x1024.jpg\" alt=\"\" width=\"576\" height=\"1024\" srcset=\"https:\/\/blogsaverroes.juntadeandalucia.es\/ceiplanoria\/files\/2024\/09\/CEIP-LA-NORIA_page-0001-576x1024.jpg 576w, https:\/\/blogsaverroes.juntadeandalucia.es\/ceiplanoria\/files\/2024\/09\/CEIP-LA-NORIA_page-0001-169x300.jpg 169w, https:\/\/blogsaverroes.juntadeandalucia.es\/ceiplanoria\/files\/2024\/09\/CEIP-LA-NORIA_page-0001-768x1365.jpg 768w, https:\/\/blogsaverroes.juntadeandalucia.es\/ceiplanoria\/files\/2024\/09\/CEIP-LA-NORIA_page-0001-864x1536.jpg 864w, https:\/\/blogsaverroes.juntadeandalucia.es\/ceiplanoria\/files\/2024\/09\/CEIP-LA-NORIA_page-0001-1152x2048.jpg 1152w, https:\/\/blogsaverroes.juntadeandalucia.es\/ceiplanoria\/files\/2024\/09\/CEIP-LA-NORIA_page-0001.jpg 900w\" sizes=\"(max-width: 576px) 100vw, 576px\" \/><\/a><\/p>\n<div>&nbsp;<\/div>\n<div>&nbsp;<\/div>\n","protected":false},"excerpt":{"rendered":"<p>Este curso, como en cursos anteriores, la empresa encargada de llevar a cabo las actividades extraescolares ser\u00e1 Coperaula. En el centro se imparten:&nbsp; 1. Ingl\u00e9s infantil 2. Ingl\u00e9s primaria 3. Patinaje primaria 4. Teatro&#46;&#46;&#46;<\/p>\n","protected":false},"author":5935,"featured_media":0,"parent":0,"menu_order":0,"comment_status":"closed","ping_status":"closed","template":"","meta":{"ngg_post_thumbnail":0,"footnotes":""},"aioseo_notices":[],"_links":{"self":[{"href":"https:\/\/blogsaverroes.juntadeandalucia.es\/ceiplanoria\/wp-json\/wp\/v2\/pages\/153"}],"collection":[{"href":"https:\/\/blogsaverroes.juntadeandalucia.es\/ceiplanoria\/wp-json\/wp\/v2\/pages"}],"about":[{"href":"https:\/\/blogsaverroes.juntadeandalucia.es\/ceiplanoria\/wp-json\/wp\/v2\/types\/page"}],"author":[{"embeddable":true,"href":"https:\/\/blogsaverroes.juntadeandalucia.es\/ceiplanoria\/wp-json\/wp\/v2\/users\/5935"}],"replies":[{"embeddable":true,"href":"https:\/\/blogsaverroes.juntadeandalucia.es\/ceiplanoria\/wp-json\/wp\/v2\/comments?post=153"}],"version-history":[{"count":8,"href":"https:\/\/blogsaverroes.juntadeandalucia.es\/ceiplanoria\/wp-json\/wp\/v2\/pages\/153\/revisions"}],"predecessor-version":[{"id":1537,"href":"https:\/\/blogsaverroes.juntadeandalucia.es\/ceiplanoria\/wp-json\/wp\/v2\/pages\/153\/revisions\/1537"}],"wp:attachment":[{"href":"https:\/\/blogsaverroes.juntadeandalucia.es\/ceiplanoria\/wp-json\/wp\/v2\/media?parent=153"}],"curies":[{"name":"wp","href":"https:\/\/api.w.org\/{rel}","templated":true}]}}