{"id":215,"date":"2018-04-15T14:00:18","date_gmt":"2018-04-15T14:00:18","guid":{"rendered":"https:\/\/blogsaverroes.juntadeandalucia.es\/ceiplanoria\/?page_id=215"},"modified":"2018-04-15T14:31:25","modified_gmt":"2018-04-15T14:31:25","slug":"plan-director","status":"publish","type":"page","link":"https:\/\/blogsaverroes.juntadeandalucia.es\/ceiplanoria\/plan-director\/","title":{"rendered":"Plan Director"},"content":{"rendered":"<div><span style=\"color: #cc0000;font-size: large\">2 DE NOVIEMBRE DE 2017<\/span><\/div>\n<div><span style=\"color: #cc0000;font-size: large\">&nbsp;<\/span><\/div>\n<div><span style=\"font-size: x-large\">CHARLAS DE LA GUARDIA CIVIL PARA NUESTRO ALUMNADO DEL TERCER CICLO<\/span><\/div>\n<p><img decoding=\"async\" src=\"https:\/\/blogsaverroes.juntadeandalucia.es\/ceipelzargal\/files\/2016\/11\/cartel-plan-director-seguridad-internet-redes-630x300.jpg\" alt=\"Resultado de imagen de charlas plan director guardia civil\"><\/p>\n<div><span style=\"font-size: medium\"><span style=\"font-size: medium\">&nbsp;&nbsp; &nbsp;La charla, como en cursos anteriores ha sido muy interesante y \u00fatil para nuestro alumnado, desde El Plan Director se pretende&nbsp; como principal objetivo responder de manera coordinada y eficaz a las cuestiones relacionadas con la seguridad de menores y j\u00f3venes en la escuela y su entorno, fortaleciendo la cooperaci\u00f3n policial con las autoridades educativas en sus actuaciones para mejorar la convivencia y la seguridad en el \u00e1mbito escolar, reforzando el conocimiento y confianza en los Cuerpos policiales.<\/span><\/span><\/div>\n<div><img decoding=\"async\" class=\"alignleft\" src=\"https:\/\/sites.google.com\/site\/lanoriasweb\/_\/rsrc\/1509654837828\/plan-director\/IMG_1381.JPG?height=240&amp;width=320\"><img decoding=\"async\" class=\"alignleft\" src=\"https:\/\/sites.google.com\/site\/lanoriasweb\/_\/rsrc\/1509654841196\/plan-director\/IMG_1384.JPG?height=240&amp;width=320\"><\/div>\n<div><span style=\"font-size: medium\">&nbsp;<\/span><\/div>\n<div>&nbsp;<\/div>\n<div>&nbsp;<\/div>\n<div>&nbsp;<\/div>\n<div>&nbsp;<\/div>\n<div>&nbsp;<\/div>\n<div>&nbsp;<\/div>\n<div>&nbsp;<\/div>\n<div>&nbsp;<\/div>\n<div>&nbsp;<\/div>\n<div>&nbsp;<\/div>\n<div>\n<hr>\n<\/div>\n<div>DOCUMENTOS:<\/div>\n<ul>\n<li><a href=\"https:\/\/blogsaverroes.juntadeandalucia.es\/ceiplanoria\/files\/2018\/04\/CENTROS-EDUCATIVOS-2017.pdf\">CENTROS EDUCATIVOS 2017<\/a><\/li>\n<li><a href=\"https:\/\/blogsaverroes.juntadeandalucia.es\/ceiplanoria\/files\/2018\/04\/TRIPTICO-ALUMNO-2017.pdf\">TRIPTICO ALUMNO 2017<\/a><\/li>\n<\/ul>\n","protected":false},"excerpt":{"rendered":"<p>2 DE NOVIEMBRE DE 2017 &nbsp; CHARLAS DE LA GUARDIA CIVIL PARA NUESTRO ALUMNADO DEL TERCER CICLO &nbsp;&nbsp; &nbsp;La charla, como en cursos anteriores ha sido muy interesante y \u00fatil para nuestro alumnado, desde&#46;&#46;&#46;<\/p>\n","protected":false},"author":5935,"featured_media":0,"parent":0,"menu_order":0,"comment_status":"closed","ping_status":"closed","template":"","meta":{"ngg_post_thumbnail":0,"footnotes":""},"aioseo_notices":[],"_links":{"self":[{"href":"https:\/\/blogsaverroes.juntadeandalucia.es\/ceiplanoria\/wp-json\/wp\/v2\/pages\/215"}],"collection":[{"href":"https:\/\/blogsaverroes.juntadeandalucia.es\/ceiplanoria\/wp-json\/wp\/v2\/pages"}],"about":[{"href":"https:\/\/blogsaverroes.juntadeandalucia.es\/ceiplanoria\/wp-json\/wp\/v2\/types\/page"}],"author":[{"embeddable":true,"href":"https:\/\/blogsaverroes.juntadeandalucia.es\/ceiplanoria\/wp-json\/wp\/v2\/users\/5935"}],"replies":[{"embeddable":true,"href":"https:\/\/blogsaverroes.juntadeandalucia.es\/ceiplanoria\/wp-json\/wp\/v2\/comments?post=215"}],"version-history":[{"count":6,"href":"https:\/\/blogsaverroes.juntadeandalucia.es\/ceiplanoria\/wp-json\/wp\/v2\/pages\/215\/revisions"}],"predecessor-version":[{"id":246,"href":"https:\/\/blogsaverroes.juntadeandalucia.es\/ceiplanoria\/wp-json\/wp\/v2\/pages\/215\/revisions\/246"}],"wp:attachment":[{"href":"https:\/\/blogsaverroes.juntadeandalucia.es\/ceiplanoria\/wp-json\/wp\/v2\/media?parent=215"}],"curies":[{"name":"wp","href":"https:\/\/api.w.org\/{rel}","templated":true}]}}