{"id":223,"date":"2018-04-15T14:13:03","date_gmt":"2018-04-15T14:13:03","guid":{"rendered":"https:\/\/blogsaverroes.juntadeandalucia.es\/ceiplanoria\/?page_id=223"},"modified":"2018-04-15T14:38:44","modified_gmt":"2018-04-15T14:38:44","slug":"escuela-espacio-de-paz","status":"publish","type":"page","link":"https:\/\/blogsaverroes.juntadeandalucia.es\/ceiplanoria\/escuela-espacio-de-paz\/","title":{"rendered":"Escuela Espacio de Paz"},"content":{"rendered":"<p><a href=\"https:\/\/blogsaverroes.juntadeandalucia.es\/ceiplanoria\/files\/2018\/04\/Logo-RAEEP-recuadro-IMAGEN-INICIO.jpg\"><img loading=\"lazy\" decoding=\"async\" class=\" wp-image-234 alignleft\" src=\"https:\/\/blogsaverroes.juntadeandalucia.es\/ceiplanoria\/files\/2018\/04\/Logo-RAEEP-recuadro-IMAGEN-INICIO-300x179.jpg\" alt=\"\" width=\"226\" height=\"140\" srcset=\"https:\/\/blogsaverroes.juntadeandalucia.es\/ceiplanoria\/files\/2018\/04\/Logo-RAEEP-recuadro-IMAGEN-INICIO-24x14.jpg 24w, https:\/\/blogsaverroes.juntadeandalucia.es\/ceiplanoria\/files\/2018\/04\/Logo-RAEEP-recuadro-IMAGEN-INICIO-36x21.jpg 36w, https:\/\/blogsaverroes.juntadeandalucia.es\/ceiplanoria\/files\/2018\/04\/Logo-RAEEP-recuadro-IMAGEN-INICIO-48x29.jpg 48w\" sizes=\"(max-width: 226px) 100vw, 226px\" \/><\/a>Estamos en el Proyecto \u00abEscuela: Espacio de Paz\u00bb dentro de un programa intercentros: IES El Sur, CEIP R\u00edo Piedras, CEIP C\u00e9sar Barrios y CEIP La Noria.<\/p>\n<p>\u00abEscuela: Espacio de Paz\u00bb&nbsp; es una red de centros interesados en compartir iniciativas, recursos y experiencias para la mejora de la convivencia escolar y la difusi\u00f3n de la Cultura de Paz, contrayendo un compromiso de profundizaci\u00f3n en aspectos concretos de su Plan de Convivencia. La normativa que regula el funcionamiento de la Red pone el acento en la cultura de la evaluaci\u00f3n, en la necesidad de visibilizar las buenas pr\u00e1cticas desarrolladas en los centros y en la voluntad de trabajar en red compartiendo propuestas, estrategias y recursos con toda la comunidad educativa.<\/p>\n<p>&nbsp;<\/p>\n<p>Desde la Red Andaluza \u00abEscuela: Espacio de Paz\u00bb se proponen seis \u00e1mbitos de actuaci\u00f3n y profundizaci\u00f3n para la mejora de la convivencia escolar:<\/p>\n<ul>\n<li>Mejora desde la gesti\u00f3n y organizaci\u00f3n.<\/li>\n<li>Desarrollo de la participaci\u00f3n.<\/li>\n<li>Promoci\u00f3n de la convivencia: desarrollo de valores, actitudes, habilidades y h\u00e1bitos.<\/li>\n<li>Prevenci\u00f3n de situaciones de riesgo para la convivencia.<\/li>\n<li>Intervenci\u00f3n ante conductas contrarias a la convivencia.<\/li>\n<li>Reeducaci\u00f3n de actitudes y restauraci\u00f3n de la convivencia.<\/li>\n<\/ul>\n","protected":false},"excerpt":{"rendered":"<p>Estamos en el Proyecto \u00abEscuela: Espacio de Paz\u00bb dentro de un programa intercentros: IES El Sur, CEIP R\u00edo Piedras, CEIP C\u00e9sar Barrios y CEIP La Noria. \u00abEscuela: Espacio de Paz\u00bb&nbsp; es una red de&#46;&#46;&#46;<\/p>\n","protected":false},"author":5935,"featured_media":0,"parent":0,"menu_order":0,"comment_status":"closed","ping_status":"closed","template":"","meta":{"ngg_post_thumbnail":0,"footnotes":""},"aioseo_notices":[],"_links":{"self":[{"href":"https:\/\/blogsaverroes.juntadeandalucia.es\/ceiplanoria\/wp-json\/wp\/v2\/pages\/223"}],"collection":[{"href":"https:\/\/blogsaverroes.juntadeandalucia.es\/ceiplanoria\/wp-json\/wp\/v2\/pages"}],"about":[{"href":"https:\/\/blogsaverroes.juntadeandalucia.es\/ceiplanoria\/wp-json\/wp\/v2\/types\/page"}],"author":[{"embeddable":true,"href":"https:\/\/blogsaverroes.juntadeandalucia.es\/ceiplanoria\/wp-json\/wp\/v2\/users\/5935"}],"replies":[{"embeddable":true,"href":"https:\/\/blogsaverroes.juntadeandalucia.es\/ceiplanoria\/wp-json\/wp\/v2\/comments?post=223"}],"version-history":[{"count":12,"href":"https:\/\/blogsaverroes.juntadeandalucia.es\/ceiplanoria\/wp-json\/wp\/v2\/pages\/223\/revisions"}],"predecessor-version":[{"id":254,"href":"https:\/\/blogsaverroes.juntadeandalucia.es\/ceiplanoria\/wp-json\/wp\/v2\/pages\/223\/revisions\/254"}],"wp:attachment":[{"href":"https:\/\/blogsaverroes.juntadeandalucia.es\/ceiplanoria\/wp-json\/wp\/v2\/media?parent=223"}],"curies":[{"name":"wp","href":"https:\/\/api.w.org\/{rel}","templated":true}]}}