{"id":113,"date":"2015-03-16T08:06:00","date_gmt":"2015-03-16T08:06:00","guid":{"rendered":"http:\/\/blogsaverroes.juntadeandalucia.es\/pre\/ceip\/?page_id=113"},"modified":"2025-07-21T12:26:45","modified_gmt":"2025-07-21T12:26:45","slug":"biblioteca","status":"publish","type":"page","link":"https:\/\/blogsaverroes.juntadeandalucia.es\/ceiplapachar\/biblioteca\/","title":{"rendered":"Biblioteca"},"content":{"rendered":"<table style=\"width: 700px;border-collapse: collapse\">\n<tbody>\n<tr style=\"background-color: #bff1f2\">\n<td style=\"width: 50%\"><a href=\"https:\/\/blogsaverroes.juntadeandalucia.es\/ceiplapachar\/files\/2021\/12\/BIBLIOTECA2.jpg\"><img decoding=\"async\" class=\"wp-image-3825 aligncenter\" src=\"https:\/\/blogsaverroes.juntadeandalucia.es\/ceiplapachar\/files\/2021\/12\/BIBLIOTECA2-218x300.jpg\" alt=\"\" width=\"185\" height=\"255\" srcset=\"https:\/\/blogsaverroes.juntadeandalucia.es\/ceiplapachar\/files\/2021\/12\/BIBLIOTECA2-218x300.jpg 218w, https:\/\/blogsaverroes.juntadeandalucia.es\/ceiplapachar\/files\/2021\/12\/BIBLIOTECA2.jpg 436w\" sizes=\"(max-width: 185px) 100vw, 185px\" \/><\/a><\/td>\n<td style=\"width: 50%;text-align: center\"><strong>En esta p\u00e1gina ire<a href=\"https:\/\/blogsaverroes.juntadeandalucia.es\/ceiplapachar\/files\/2021\/12\/logo.jpg\"><img decoding=\"async\" class=\"wp-image-3743 size-thumbnail alignright\" src=\"https:\/\/blogsaverroes.juntadeandalucia.es\/ceiplapachar\/files\/2021\/12\/logo-150x150.jpg\" alt=\"\" width=\"150\" height=\"150\"><\/a>mos incluyendo las noticias, trabajos, novedades, enlaces &#8230; RELACIONADOS CON LA BIBLIOTECA M\u00c1GICA DEL COLE.<\/strong><\/td>\n<\/tr>\n<\/tbody>\n<\/table>\n<p style=\"text-align: center\"><strong>OBJETIVOS DEL PLAN DE TRABAJO DE LA BIBLIOTECA M\u00c1GICA.<\/strong><\/p>\n<table style=\"width: 100%;border-collapse: collapse;background-color: #f2f553\">\n<tbody>\n<tr>\n<td style=\"width: 100%\">\n<ul>\n<li><em><strong>Apertura de la biblioteca en los recreo<\/strong><\/em> para el pr\u00e9stamo de libros, devoluciones, juegos de ajedrez, lectura, realizaci\u00f3n de trabajos, b\u00fasqueda en internet y actividades de animaci\u00f3n a la lectura.<\/li>\n<li>Organizaci\u00f3n de un horario del equipo de biblioteca para la guardia del recreo.<\/li>\n<li><em><strong>Mejora del espacio<\/strong><\/em> de la biblioteca.<\/li>\n<li><em><strong>Actualizaci\u00f3n del cat\u00e1logo <\/strong><\/em> de ejemplares.<\/li>\n<li><em><strong>Mejora del aspecto de las colecciones y su situaci\u00f3n en las estanter\u00edas.<\/strong><\/em><\/li>\n<li><em><strong>Difusi\u00f3n de las novedades literarias<\/strong><\/em>, junto con recomendaciones a trav\u00e9s de Biblioweb de forma peri\u00f3dica.<\/li>\n<li>Dar a conocer la posibilidad de <em><strong>reserva a trav\u00e9s de Biblioweb<\/strong><\/em> por parte del alumnado.<\/li>\n<li><em><strong>Formaci\u00f3n del profesorado<\/strong><\/em> en la gesti\u00f3n de pr\u00e9stamos y devoluciones a trav\u00e9s de S\u00e9neca.<\/li>\n<li>Incorporaci\u00f3n de im\u00e1genes a los libros ofertado en Biblioweb.<\/li>\n<li><em><strong>Informaci\u00f3n a las familias<\/strong><\/em> v\u00eda electr\u00f3nica sobre las actividades de biblioteca.<\/li>\n<li><em><strong>Rese\u00f1as en Biblioweb por parte del alumnado.<\/strong><\/em><\/li>\n<\/ul>\n<\/td>\n<\/tr>\n<\/tbody>\n<\/table>\n<table style=\"border-collapse: collapse;width: 100%\">\n<tbody>\n<tr>\n<td style=\"width: 100%;background-color: #c9f0ed\"><strong><a href=\"https:\/\/www.juntadeandalucia.es\/averroes\/centros-tic\/11002274\/helvia\/aula\/archivos\/repositorio\/\/0\/4\/html\/_index.htm\">Pincha para ver el LIBRO COLECTIVO&#8230; \u00abChipiona, mi pueblo\u00bb, realizado por los alumnos del C.E.I.P. LAPACHAR.<\/a><\/strong><\/td>\n<\/tr>\n<\/tbody>\n<\/table>\n<p style=\"text-align: center\"><a href=\"https:\/\/blogsaverroes.juntadeandalucia.es\/ceiplapachar\/files\/2021\/12\/biblioteca1.png\"><img decoding=\"async\" class=\"wp-image-3824 aligncenter\" src=\"https:\/\/blogsaverroes.juntadeandalucia.es\/ceiplapachar\/files\/2021\/12\/biblioteca1-300x300.png\" alt=\"\" width=\"95\" height=\"95\" srcset=\"https:\/\/blogsaverroes.juntadeandalucia.es\/ceiplapachar\/files\/2021\/12\/biblioteca1-300x300.png 300w, https:\/\/blogsaverroes.juntadeandalucia.es\/ceiplapachar\/files\/2021\/12\/biblioteca1-150x150.png 150w, https:\/\/blogsaverroes.juntadeandalucia.es\/ceiplapachar\/files\/2021\/12\/biblioteca1.png 500w\" sizes=\"(max-width: 95px) 100vw, 95px\" \/><\/a><\/p>\n","protected":false},"excerpt":{"rendered":"<p>En esta p\u00e1gina iremos incluyendo las noticias, trabajos, novedades, enlaces &#8230; RELACIONADOS CON LA BIBLIOTECA M\u00c1GICA DEL COLE. OBJETIVOS DEL PLAN DE TRABAJO DE LA BIBLIOTECA M\u00c1GICA. Apertura de la biblioteca en los recreo&#46;&#46;&#46;<\/p>\n","protected":false},"author":1,"featured_media":0,"parent":0,"menu_order":0,"comment_status":"closed","ping_status":"open","template":"","meta":{"ngg_post_thumbnail":0,"footnotes":"","_mc_calendar":[]},"aioseo_notices":[],"_links":{"self":[{"href":"https:\/\/blogsaverroes.juntadeandalucia.es\/ceiplapachar\/wp-json\/wp\/v2\/pages\/113"}],"collection":[{"href":"https:\/\/blogsaverroes.juntadeandalucia.es\/ceiplapachar\/wp-json\/wp\/v2\/pages"}],"about":[{"href":"https:\/\/blogsaverroes.juntadeandalucia.es\/ceiplapachar\/wp-json\/wp\/v2\/types\/page"}],"author":[{"embeddable":true,"href":"https:\/\/blogsaverroes.juntadeandalucia.es\/ceiplapachar\/wp-json\/wp\/v2\/users\/1"}],"replies":[{"embeddable":true,"href":"https:\/\/blogsaverroes.juntadeandalucia.es\/ceiplapachar\/wp-json\/wp\/v2\/comments?post=113"}],"version-history":[{"count":10,"href":"https:\/\/blogsaverroes.juntadeandalucia.es\/ceiplapachar\/wp-json\/wp\/v2\/pages\/113\/revisions"}],"predecessor-version":[{"id":6703,"href":"https:\/\/blogsaverroes.juntadeandalucia.es\/ceiplapachar\/wp-json\/wp\/v2\/pages\/113\/revisions\/6703"}],"wp:attachment":[{"href":"https:\/\/blogsaverroes.juntadeandalucia.es\/ceiplapachar\/wp-json\/wp\/v2\/media?parent=113"}],"curies":[{"name":"wp","href":"https:\/\/api.w.org\/{rel}","templated":true}]}}