{"id":2432,"date":"2021-10-04T15:27:28","date_gmt":"2021-10-04T15:27:28","guid":{"rendered":"https:\/\/blogsaverroes.juntadeandalucia.es\/ceiplapachar\/?page_id=2432"},"modified":"2025-07-10T12:27:37","modified_gmt":"2025-07-10T12:27:37","slug":"comedor-escolar-2","status":"publish","type":"page","link":"https:\/\/blogsaverroes.juntadeandalucia.es\/ceiplapachar\/comedor-escolar-2\/","title":{"rendered":"COMEDOR ESCOLAR"},"content":{"rendered":"<div id=\"contenido_principal\">\n<table id=\"\" style=\"width: 101.151%;height: 822px\" border=\"0\" width=\"100%\" cellspacing=\"0\" cellpadding=\"0\">\n<tbody>\n<tr style=\"height: 822px\">\n<td class=\"col-contenido\" style=\"width: 99.2327%;height: 822px\" valign=\"top\">\n<div id=\"contenido\" class=\"contenido\">\n<div id=\"contenido_sitio\">\n<p class=\"texto2\" style=\"text-align: center\">&nbsp; &nbsp;<\/p>\n<table style=\"border-collapse: collapse;width: 100%\">\n<tbody>\n<tr>\n<td style=\"width: 50%\"><a href=\"https:\/\/blogsaverroes.juntadeandalucia.es\/ceiplapachar\/files\/2025\/07\/CARTEL-COMEDOR-ESCOLAR.png\"><img fetchpriority=\"high\" decoding=\"async\" class=\"size-medium wp-image-6936 aligncenter\" src=\"https:\/\/blogsaverroes.juntadeandalucia.es\/ceiplapachar\/files\/2025\/07\/CARTEL-COMEDOR-ESCOLAR-300x232.png\" alt=\"\" width=\"300\" height=\"232\" srcset=\"https:\/\/blogsaverroes.juntadeandalucia.es\/ceiplapachar\/files\/2025\/07\/CARTEL-COMEDOR-ESCOLAR-300x232.png 300w, https:\/\/blogsaverroes.juntadeandalucia.es\/ceiplapachar\/files\/2025\/07\/CARTEL-COMEDOR-ESCOLAR.png 512w\" sizes=\"(max-width: 300px) 100vw, 300px\" \/><\/a><\/td>\n<td style=\"width: 50%;text-align: center\"><strong><span style=\"color: #0000ff\">COMEDOR ESCOLAR <\/span><\/strong><\/p>\n<p><strong><span style=\"color: #0000ff\">DE GESTI\u00d3N PROPIA <\/span><\/strong><\/p>\n<p><strong><span style=\"color: #0000ff\">DEL C.E.I.P. LAPACHAR<\/span><\/strong><\/td>\n<\/tr>\n<\/tbody>\n<\/table>\n<p>&nbsp;<\/p>\n<p class=\"texto2\" style=\"text-align: justify\">&nbsp; Nuestro comedor se encuentra situado en la planta baja, frente a la entrada principal. Es un espacio muy amplio y&nbsp; bien iluminado, con una capacidad para unos 250 usuarios.<\/p>\n<p class=\"texto2\" style=\"text-align: justify\">&nbsp; &nbsp; Estamos muy orgullosos de nuestro Comedor Escolar. Es el \u00fanico de gesti\u00f3n propia de Chipiona y de la zona, y disponemos de un equipo de cocineros\/as excepcionales.<\/p>\n<p><a href=\"https:\/\/blogsaverroes.juntadeandalucia.es\/ceiplapachar\/files\/2025\/07\/COMEDOR2-768x576-1.jpeg\"><img decoding=\"async\" class=\"aligncenter wp-image-6937 size-full\" src=\"https:\/\/blogsaverroes.juntadeandalucia.es\/ceiplapachar\/files\/2025\/07\/COMEDOR2-768x576-1.jpeg\" alt=\"\" width=\"768\" height=\"576\" srcset=\"https:\/\/blogsaverroes.juntadeandalucia.es\/ceiplapachar\/files\/2025\/07\/COMEDOR2-768x576-1.jpeg 768w, https:\/\/blogsaverroes.juntadeandalucia.es\/ceiplapachar\/files\/2025\/07\/COMEDOR2-768x576-1-300x225.jpeg 300w\" sizes=\"(max-width: 768px) 100vw, 768px\" \/><\/a><\/p>\n<p class=\"texto2\" style=\"text-align: justify\">&nbsp; &nbsp; Para este curso escolar 25-26 tenemos concedido dos turnos para poder atender al alumnado procedente del I.E.S. Salmedina, al que estamos adscritos.&nbsp;&nbsp;<\/p>\n<p class=\"texto2\">&nbsp; &nbsp;&nbsp;Tenemos concedidas 235 plazas, algunas de ellas reservadas para el alumnado del I.E.S.<\/p>\n<p class=\"texto2\">&nbsp; &nbsp; En la actualidad disponemos de una cocineras y cuatro ayudantes de cocina que, entre cacerolas y fogones, desarrollan una labor encomiable elaborando unos exquisitos platos que son apreciados por todos.&nbsp;<\/p>\n<\/div>\n<p>&nbsp; &nbsp; En las dos secciones de esta p\u00e1gina podr\u00e1s encontrar los men\u00fas mensuales y toda la informaci\u00f3n sobre las solicitudes de plaza y bonificaciones.<\/p>\n<div id=\"contenido_sitio\">\n<p class=\"texto2\">&nbsp;<\/p>\n<\/div>\n<div>&nbsp;<\/div>\n<\/div>\n<\/td>\n<\/tr>\n<\/tbody>\n<\/table>\n<\/div>\n","protected":false},"excerpt":{"rendered":"<p>&nbsp; &nbsp; COMEDOR ESCOLAR DE GESTI\u00d3N PROPIA DEL C.E.I.P. LAPACHAR &nbsp; &nbsp; Nuestro comedor se encuentra situado en la planta baja, frente a la entrada principal. Es un espacio muy amplio y&nbsp; bien iluminado,&#46;&#46;&#46;<\/p>\n","protected":false},"author":11673,"featured_media":0,"parent":0,"menu_order":0,"comment_status":"closed","ping_status":"closed","template":"","meta":{"ngg_post_thumbnail":0,"footnotes":"","_mc_calendar":[]},"aioseo_notices":[],"_links":{"self":[{"href":"https:\/\/blogsaverroes.juntadeandalucia.es\/ceiplapachar\/wp-json\/wp\/v2\/pages\/2432"}],"collection":[{"href":"https:\/\/blogsaverroes.juntadeandalucia.es\/ceiplapachar\/wp-json\/wp\/v2\/pages"}],"about":[{"href":"https:\/\/blogsaverroes.juntadeandalucia.es\/ceiplapachar\/wp-json\/wp\/v2\/types\/page"}],"author":[{"embeddable":true,"href":"https:\/\/blogsaverroes.juntadeandalucia.es\/ceiplapachar\/wp-json\/wp\/v2\/users\/11673"}],"replies":[{"embeddable":true,"href":"https:\/\/blogsaverroes.juntadeandalucia.es\/ceiplapachar\/wp-json\/wp\/v2\/comments?post=2432"}],"version-history":[{"count":6,"href":"https:\/\/blogsaverroes.juntadeandalucia.es\/ceiplapachar\/wp-json\/wp\/v2\/pages\/2432\/revisions"}],"predecessor-version":[{"id":6939,"href":"https:\/\/blogsaverroes.juntadeandalucia.es\/ceiplapachar\/wp-json\/wp\/v2\/pages\/2432\/revisions\/6939"}],"wp:attachment":[{"href":"https:\/\/blogsaverroes.juntadeandalucia.es\/ceiplapachar\/wp-json\/wp\/v2\/media?parent=2432"}],"curies":[{"name":"wp","href":"https:\/\/api.w.org\/{rel}","templated":true}]}}