{"id":2438,"date":"2021-10-04T15:35:02","date_gmt":"2021-10-04T15:35:02","guid":{"rendered":"https:\/\/blogsaverroes.juntadeandalucia.es\/ceiplapachar\/?page_id=2438"},"modified":"2026-05-04T20:56:33","modified_gmt":"2026-05-04T20:56:33","slug":"menus-mensuales","status":"publish","type":"page","link":"https:\/\/blogsaverroes.juntadeandalucia.es\/ceiplapachar\/menus-mensuales\/","title":{"rendered":"MEN\u00daS MENSUALES"},"content":{"rendered":"<div>\n<table style=\"border-collapse: collapse;width: 100%;height: 255px\">\n<tbody>\n<tr style=\"height: 255px\">\n<td style=\"height: 255px;width: 86.5729%\" colspan=\"3\"><a href=\"https:\/\/blogsaverroes.juntadeandalucia.es\/ceiplapachar\/files\/2024\/02\/4820652-dibujos-animados-libro-de-recetas-ilustraci\u00f3n-vectorial.jpg\"><img fetchpriority=\"high\" decoding=\"async\" class=\"size-medium wp-image-6001 alignleft\" src=\"https:\/\/blogsaverroes.juntadeandalucia.es\/ceiplapachar\/files\/2024\/02\/4820652-dibujos-animados-libro-de-recetas-ilustraci\u00f3n-vectorial-247x300.jpg\" alt=\"\" width=\"247\" height=\"300\" srcset=\"https:\/\/blogsaverroes.juntadeandalucia.es\/ceiplapachar\/files\/2024\/02\/4820652-dibujos-animados-libro-de-recetas-ilustraci\u00f3n-vectorial-247x300.jpg 247w, https:\/\/blogsaverroes.juntadeandalucia.es\/ceiplapachar\/files\/2024\/02\/4820652-dibujos-animados-libro-de-recetas-ilustraci\u00f3n-vectorial-843x1024.jpg 843w, https:\/\/blogsaverroes.juntadeandalucia.es\/ceiplapachar\/files\/2024\/02\/4820652-dibujos-animados-libro-de-recetas-ilustraci\u00f3n-vectorial-768x933.jpg 768w, https:\/\/blogsaverroes.juntadeandalucia.es\/ceiplapachar\/files\/2024\/02\/4820652-dibujos-animados-libro-de-recetas-ilustraci\u00f3n-vectorial.jpg 1070w\" sizes=\"(max-width: 247px) 100vw, 247px\" \/><\/a><\/p>\n<h2>&nbsp;<\/h2>\n<h2>&nbsp;<\/h2>\n<h1 style=\"text-align: center\"><span style=\"color: #339966\"><strong>MEN\u00daS MENSUALES<\/strong><\/span><\/h1>\n<h1 style=\"text-align: center\"><span style=\"color: #339966\"><strong>COMEDOR ESCOLAR DEL<\/strong><\/span><\/h1>\n<h1 style=\"text-align: center\"><span style=\"color: #339966\"><strong> C.E.I.P. LAPACHAR<\/strong><\/span><\/h1>\n<\/td>\n<\/tr>\n<\/tbody>\n<\/table>\n<\/div>\n<p>&nbsp;<span style=\"color: #0000ff\"><strong> &nbsp;Pincha<\/strong><\/span> para acceder a cada men\u00fa&#8230;<\/p>\n<p>&nbsp;<\/p>\n<table style=\"border-collapse: collapse;width: 100%;height: 656px\">\n<tbody>\n<tr>\n<td style=\"width: 100%;background-color: #f0ee95\">\n<p style=\"text-align: center\"><a href=\"https:\/\/blogsaverroes.juntadeandalucia.es\/ceiplapachar\/files\/2026\/05\/Menu-mayo-26.pdf\"><span style=\"color: #333399\"><strong><span style=\"text-decoration: underline\">MEN\u00da MAYO &#8211; 2.026<\/span><\/strong><\/span><\/a><\/p>\n<p><span style=\"color: #0000ff\"><strong>OBSERVACIONES<\/strong>:<\/span> Las modificaciones del men\u00fa principal por intolerancias y alergias a los distintos productos est\u00e1n recogidos a pie de p\u00e1gina del men\u00fa.<\/p>\n<p style=\"text-align: center\"><span style=\"color: #333399\"><strong><span style=\"text-decoration: underline\">&nbsp;<\/span><\/strong><\/span><\/p>\n<\/td>\n<\/tr>\n<tr>\n<td style=\"width: 100%;background-color: #b1f0ed\">\n<p style=\"text-align: center\"><a href=\"https:\/\/blogsaverroes.juntadeandalucia.es\/ceiplapachar\/files\/2026\/04\/Menu-Abril-26.pdf\"><span style=\"color: #333399\"><strong><span style=\"text-decoration: underline\">MEN\u00da ABRIL &#8211; 2.026<\/span><\/strong><\/span><\/a><\/p>\n<p><span style=\"color: #0000ff\"><strong>OBSERVACIONES<\/strong>:<\/span> Las modificaciones del men\u00fa principal por intolerancias y alergias a los distintos productos est\u00e1n recogidos a pie de p\u00e1gina del men\u00fa.<\/td>\n<\/tr>\n<tr>\n<td style=\"width: 100%;background-color: #ebd723\">\n<p style=\"text-align: center\"><a href=\"https:\/\/blogsaverroes.juntadeandalucia.es\/ceiplapachar\/files\/2026\/03\/Menu-marzo-26.pdf\"><span style=\"color: #333399\"><strong><span style=\"text-decoration: underline\">MEN\u00da MARZO &#8211; 2.026<\/span><\/strong><\/span><\/a><\/p>\n<p><span style=\"color: #0000ff\"><strong>OBSERVACIONES<\/strong>:<\/span> Las modificaciones del men\u00fa principal por intolerancias y alergias a los distintos productos est\u00e1n recogidos a pie de p\u00e1gina del men\u00fa.<\/td>\n<\/tr>\n<tr style=\"height: 56px\">\n<td style=\"width: 100%;background-color: #f3c6f5;height: 56px\">\n<p style=\"text-align: center\"><a href=\"https:\/\/blogsaverroes.juntadeandalucia.es\/ceiplapachar\/files\/2026\/02\/Menu-febrero26.pdf\"><span style=\"color: #333399\"><strong><span style=\"text-decoration: underline\">MEN\u00da FEBRERO &#8211; 2.026<\/span><\/strong><\/span><\/a><\/p>\n<p><span style=\"color: #0000ff\"><strong>OBSERVACIONES<\/strong>:<\/span> Las modificaciones del men\u00fa principal por intolerancias y alergias a los distintos productos est\u00e1n recogidos a pie de p\u00e1gina del men\u00fa.<\/td>\n<\/tr>\n<tr style=\"height: 120px\">\n<td style=\"width: 100%;background-color: #f2d59b;height: 120px\">\n<p style=\"text-align: center\"><a href=\"https:\/\/blogsaverroes.juntadeandalucia.es\/ceiplapachar\/files\/2026\/01\/Menu-Enero-2026.pdf\"><span style=\"color: #333399\"><strong><span style=\"text-decoration: underline\">MEN\u00da ENERO &#8211; 2.026<\/span><\/strong><\/span><\/a><\/p>\n<p><span style=\"color: #0000ff\"><strong>OBSERVACIONES<\/strong>:<\/span> Las modificaciones del men\u00fa principal por intolerancias y alergias a los distintos productos est\u00e1n recogidos a pie de p\u00e1gina del men\u00fa.<\/td>\n<\/tr>\n<tr style=\"height: 120px\">\n<td style=\"width: 100%;background-color: #44f041;height: 120px\">\n<p style=\"text-align: center\"><a href=\"https:\/\/blogsaverroes.juntadeandalucia.es\/ceiplapachar\/files\/2025\/11\/Menu-diciembre-25.pdf\"><span style=\"color: #333399\"><strong><span style=\"text-decoration: underline\">MEN\u00da DICIEMBRE &#8211; 2.025<\/span><\/strong><\/span><\/a><\/p>\n<p><span style=\"color: #0000ff\"><strong>OBSERVACIONES<\/strong>:<\/span> Las modificaciones del men\u00fa principal por intolerancias y alergias a los distintos productos est\u00e1n recogidos a pie de p\u00e1gina del men\u00fa.<\/td>\n<\/tr>\n<tr style=\"height: 120px\">\n<td style=\"width: 100%;background-color: #b9ede6;height: 120px\">\n<p style=\"text-align: center\"><a href=\"https:\/\/blogsaverroes.juntadeandalucia.es\/ceiplapachar\/files\/2025\/10\/Menu-noviembre-2025.pdf\"><span style=\"color: #333399\"><strong><span style=\"text-decoration: underline\">MEN\u00da NOVIEMBRE &#8211; 2.025<\/span><\/strong><\/span><\/a><\/p>\n<p><span style=\"color: #0000ff\"><strong>OBSERVACIONES<\/strong>:<\/span> Las modificaciones del men\u00fa principal por intolerancias y alergias a los distintos productos est\u00e1n recogidos a pie de p\u00e1gina del men\u00fa.<\/td>\n<\/tr>\n<tr style=\"height: 120px\">\n<td style=\"width: 100%;background-color: #ebf056;height: 120px\">\n<p style=\"text-align: center\"><a href=\"https:\/\/blogsaverroes.juntadeandalucia.es\/ceiplapachar\/files\/2025\/09\/Menu-octubre-25.pdf\"><span style=\"color: #333399\"><strong><span style=\"text-decoration: underline\">MEN\u00da OCTUBRE &#8211; 2.025<\/span><\/strong><\/span><\/a><\/p>\n<p><span style=\"color: #0000ff\"><strong>OBSERVACIONES<\/strong>:<\/span> Las modificaciones del men\u00fa principal por intolerancias y alergias a los distintos productos est\u00e1n recogidos a pie de p\u00e1gina del men\u00fa.<\/td>\n<\/tr>\n<tr style=\"background-color: #edbbe5\">\n<td style=\"width: 100%;background-color: #eef0b1;height: 120px\">\n<p style=\"text-align: center\"><a href=\"https:\/\/blogsaverroes.juntadeandalucia.es\/ceiplapachar\/files\/2025\/09\/Menu-Septembre-25.pdf\"><span style=\"color: #333399\"><strong><span style=\"text-decoration: underline\">MEN\u00da SEPTIEMBRE &#8211; 2.025<\/span><\/strong><\/span><\/a><\/p>\n<p><span style=\"color: #0000ff\"><strong>OBSERVACIONES<\/strong>:<\/span> Las modificaciones del men\u00fa principal por intolerancias y alergias a los distintos productos est\u00e1n recogidos a pie de p\u00e1gina del men\u00fa.<\/td>\n<\/tr>\n<\/tbody>\n<\/table>\n<p style=\"text-align: center\">&nbsp;<\/p>\n<div>&nbsp;<\/div>\n","protected":false},"excerpt":{"rendered":"<p>&nbsp; &nbsp; MEN\u00daS MENSUALES COMEDOR ESCOLAR DEL C.E.I.P. LAPACHAR &nbsp; &nbsp;Pincha para acceder a cada men\u00fa&#8230; &nbsp; MEN\u00da MAYO &#8211; 2.026 OBSERVACIONES: Las modificaciones del men\u00fa principal por intolerancias y alergias a los distintos&#46;&#46;&#46;<\/p>\n","protected":false},"author":11673,"featured_media":0,"parent":0,"menu_order":0,"comment_status":"closed","ping_status":"closed","template":"","meta":{"ngg_post_thumbnail":0,"footnotes":"","_mc_calendar":[]},"aioseo_notices":[],"_links":{"self":[{"href":"https:\/\/blogsaverroes.juntadeandalucia.es\/ceiplapachar\/wp-json\/wp\/v2\/pages\/2438"}],"collection":[{"href":"https:\/\/blogsaverroes.juntadeandalucia.es\/ceiplapachar\/wp-json\/wp\/v2\/pages"}],"about":[{"href":"https:\/\/blogsaverroes.juntadeandalucia.es\/ceiplapachar\/wp-json\/wp\/v2\/types\/page"}],"author":[{"embeddable":true,"href":"https:\/\/blogsaverroes.juntadeandalucia.es\/ceiplapachar\/wp-json\/wp\/v2\/users\/11673"}],"replies":[{"embeddable":true,"href":"https:\/\/blogsaverroes.juntadeandalucia.es\/ceiplapachar\/wp-json\/wp\/v2\/comments?post=2438"}],"version-history":[{"count":106,"href":"https:\/\/blogsaverroes.juntadeandalucia.es\/ceiplapachar\/wp-json\/wp\/v2\/pages\/2438\/revisions"}],"predecessor-version":[{"id":7348,"href":"https:\/\/blogsaverroes.juntadeandalucia.es\/ceiplapachar\/wp-json\/wp\/v2\/pages\/2438\/revisions\/7348"}],"wp:attachment":[{"href":"https:\/\/blogsaverroes.juntadeandalucia.es\/ceiplapachar\/wp-json\/wp\/v2\/media?parent=2438"}],"curies":[{"name":"wp","href":"https:\/\/api.w.org\/{rel}","templated":true}]}}