{"id":2582,"date":"2021-11-02T16:59:35","date_gmt":"2021-11-02T16:59:35","guid":{"rendered":"https:\/\/blogsaverroes.juntadeandalucia.es\/ceiplapachar\/?page_id=2582"},"modified":"2021-11-02T17:07:24","modified_gmt":"2021-11-02T17:07:24","slug":"actividades-virtuales","status":"publish","type":"page","link":"https:\/\/blogsaverroes.juntadeandalucia.es\/ceiplapachar\/actividades-virtuales\/","title":{"rendered":"ACTIVIDADES VIRTUALES"},"content":{"rendered":"<div id=\"tituloItem\" class=\"blockTituloItem\"><span class=\"tituloItem\">Actividades Erasmus +<\/span><\/div>\n<div id=\"contenido_sitio\">\n<table border=\"0\" align=\"center\">\n<tbody>\n<tr>\n<td style=\"text-align: center\"><img decoding=\"async\" src=\"http:\/\/www.juntadeandalucia.es\/averroes\/centros-tic\/11002274\/helvia\/sitio\/upload\/img\/Erasmusnews.png\" border=\"0\"><\/td>\n<td colspan=\"2\"><img decoding=\"async\" class=\"aligncenter\" src=\"http:\/\/www.juntadeandalucia.es\/averroes\/centros-tic\/11002274\/helvia\/sitio\/upload\/img\/plataformasvideoconferencia.jpg\" border=\"0\"><\/td>\n<\/tr>\n<tr style=\"background-color: #e2f07d\">\n<td style=\"text-align: center\" colspan=\"3\"><strong>VIDEOCONFERENCIAS &#8211; PROYECTO ERASMUS + G.O.A.L.<\/strong><\/td>\n<\/tr>\n<\/tbody>\n<\/table>\n<div>&nbsp; &nbsp; &nbsp;<\/div>\n<div>\n<table border=\"1\" align=\"center\">\n<tbody>\n<tr style=\"background-color: #abf5ea\">\n<td style=\"text-align: center\" colspan=\"2\"><strong>VIDEOCONFERENCIA&nbsp; &nbsp;DE ALUMNOS\/AS DEL C.E.I.P. LAPACHAR CON SUS COMPA\u00d1EROS\/AS&nbsp; DEL COLEGIO MERSINLI SEHIT AHMET ULUDAG ORTAOKULU DE TURQU\u00cdA.<\/strong><\/td>\n<\/tr>\n<tr>\n<td style=\"text-align: center\" colspan=\"2\">&nbsp;&nbsp;&nbsp; &nbsp;El pasado jueves, 3 de junio de 2.021, tuvo lugar esta videoconferencia, en la que se trat\u00f3 el tema de las<strong>&nbsp;dunas costeras de Chipiona y su conservaci\u00f3n.<\/strong>&nbsp;Se presentaron dos power-points explicndo la importancia que tienen las dunas en la regeneraci\u00f3n de nuestras playas, como habitat de especies animales y vegetales en peligro de extinci\u00f3n, y en definitiva, para nuestro ecosistema y medio ambiente. La otra presentaci\u00f3n trat\u00f3 de la&nbsp;<strong>fauna y flora<\/strong>&nbsp;que habita este ecosistema y la forma de ayudar a su conservaci\u00f3n para que no se extingan.<\/td>\n<\/tr>\n<tr>\n<td><img decoding=\"async\" class=\"aligncenter\" src=\"http:\/\/www.juntadeandalucia.es\/averroes\/centros-tic\/11002274\/helvia\/sitio\/upload\/img\/5_3.jpg\" border=\"0\"><\/td>\n<td><img decoding=\"async\" class=\"aligncenter\" src=\"http:\/\/www.juntadeandalucia.es\/averroes\/centros-tic\/11002274\/helvia\/sitio\/upload\/img\/3_7.jpg\" border=\"0\"><\/td>\n<\/tr>\n<tr>\n<td><img decoding=\"async\" class=\"aligncenter\" src=\"http:\/\/www.juntadeandalucia.es\/averroes\/centros-tic\/11002274\/helvia\/sitio\/upload\/img\/1_6.jpg\" border=\"0\"><\/td>\n<td><img decoding=\"async\" class=\"aligncenter\" src=\"http:\/\/www.juntadeandalucia.es\/averroes\/centros-tic\/11002274\/helvia\/sitio\/upload\/img\/4_5.jpg\" border=\"0\"><\/td>\n<\/tr>\n<tr>\n<td><img decoding=\"async\" class=\"aligncenter\" src=\"http:\/\/www.juntadeandalucia.es\/averroes\/centros-tic\/11002274\/helvia\/sitio\/upload\/img\/2_8.jpg\" border=\"0\"><\/td>\n<td><img decoding=\"async\" class=\"aligncenter\" src=\"http:\/\/www.juntadeandalucia.es\/averroes\/centros-tic\/11002274\/helvia\/sitio\/upload\/img\/6_2.jpg\" border=\"0\"><\/td>\n<\/tr>\n<\/tbody>\n<\/table>\n<\/div>\n<div>\n<table border=\"1\" align=\"center\">\n<tbody>\n<tr style=\"background-color: #e3f09c\">\n<td colspan=\"2\">\n<p style=\"text-align: center\"><strong>VIDEOCONFERENCIA DE ALUMNOS\/AS DEL C.E.I.P. LAPACHAR CON ALUMNOS\/AS DE LA ESCUELA JABUKOVAC DE ZAGREB (CROACIA).<\/strong><\/p>\n<p style=\"text-align: center\">&nbsp; &nbsp;El pasado 29 de abril de 2.021, algunos de nuestros alumnos\/as de 6\u00ba de Primaria, tuvieron una videoconferencia con compa\u00f1eros de la escuela croata Jabukovac de Zagreb.&nbsp;<\/p>\n<\/td>\n<\/tr>\n<tr>\n<td colspan=\"2\">\n<p style=\"text-align: center\"><strong><a title=\"V\u00cdDEO VIDEOCONFERENCIA CON CROACIA\" href=\"http:\/\/www.juntadeandalucia.es\/averroes\/centros-tic\/11002274\/helvia\/sitio\/upload\/PresentacionVIDEOCONFERENCIA_CROACIA__copia.mp4\" target=\"_blank\" rel=\"noopener noreferrer\">Pincha aqu\u00ed<\/a>&nbsp;para ver una presentaci\u00f3n de la actividad.<\/strong><\/p>\n<\/td>\n<\/tr>\n<tr>\n<td><strong><img decoding=\"async\" class=\"aligncenter\" src=\"http:\/\/www.juntadeandalucia.es\/averroes\/centros-tic\/11002274\/helvia\/sitio\/upload\/img\/banderadecroaciaimagenanimada0007.gif\" border=\"0\"><\/strong><\/td>\n<td><img decoding=\"async\" class=\"aligncenter\" src=\"http:\/\/www.juntadeandalucia.es\/averroes\/centros-tic\/11002274\/helvia\/sitio\/upload\/img\/ESPANIA.gif\" border=\"0\"><\/td>\n<\/tr>\n<\/tbody>\n<\/table>\n<\/div>\n<div>\n<table style=\"width: 100%\" border=\"1\" align=\"center\">\n<tbody>\n<tr style=\"background-color: #d8ecf2\">\n<td style=\"width: 98.7212%\" colspan=\"3\">\n<p style=\"text-align: center\">&nbsp; &nbsp;<strong>&nbsp;PRESENTACIONES DE RECETAS T\u00cdPICAS ESPA\u00d1OLAS&nbsp; PARA NUESTROS SOCIOS EUROPEOS DE ERASMUS +&nbsp;<\/strong><\/p>\n<p style=\"text-align: center\">Os&nbsp;dejamos algunas muestras de las presentaciones que han hecho nuestros alumnos\/as para presentar a sus compa\u00f1eros europeos del programa Erasmus + Geopark con recetas t\u00edpicas espa\u00f1olas.&nbsp;<\/p>\n<p style=\"text-align: center\">Pincha en el nombre de la receta para verlas&#8230;<\/p>\n<\/td>\n<\/tr>\n<tr>\n<td style=\"width: 27.3657%;text-align: center\">&nbsp;<\/p>\n<p><strong><a title=\"V\u00cdDEO SALMOREJO\" href=\"http:\/\/www.juntadeandalucia.es\/averroes\/centros-tic\/11002274\/helvia\/sitio\/upload\/SALMOREJO_JENIFER_DIAZ_RACERO.mp4\" target=\"_blank\" rel=\"noopener noreferrer\">Salmorejo<\/a><\/strong><\/p>\n<p>&nbsp;Jennifer D\u00edaz Racero -6\u00ba A<\/p>\n<p>&nbsp;<\/td>\n<td style=\"width: 29.9233%;text-align: center\"><strong><a title=\"V\u00cdDEO TORTILLA CAMPESTRE\" href=\"http:\/\/www.juntadeandalucia.es\/averroes\/centros-tic\/11002274\/helvia\/sitio\/upload\/TORTILLA_CMPESTRE_CON_CHORIZO__JESUS_PERTOSO_RIVERO_6_B.mp4\" target=\"_blank\" rel=\"noopener noreferrer\">Tortilla campestre<\/a><\/strong><\/p>\n<p>Jes\u00fas Pertoso Rodr\u00edguez &#8211; 6\u00ba B<\/td>\n<td style=\"width: 41.4322%;text-align: center\">&nbsp;<\/p>\n<p><strong><a title=\"ESP\u00c1RRAGOS ESPARRAGADOS\" href=\"http:\/\/www.juntadeandalucia.es\/averroes\/centros-tic\/11002274\/helvia\/sitio\/upload\/Presentacion__Food_Lupe_4.mp4\" target=\"_blank\" rel=\"noopener noreferrer\">Esp\u00e1rragos esparragados<\/a><\/strong><\/p>\n<p>Guadalupe Vald\u00e9s S\u00e1nchez-Barahona &#8211; 6\u00ba B<\/p>\n<p>&nbsp;<\/td>\n<\/tr>\n<\/tbody>\n<\/table>\n<\/div>\n<div>\n<table border=\"1\" align=\"center\">\n<tbody>\n<tr style=\"background-color: #f0dac2\">\n<td>\n<p style=\"text-align: center\">&nbsp;&nbsp;<strong>&nbsp; ALUMNOS DEL C.E.I.P. LAPACHAR DE CHIPIONA MANTENDR\u00c1N UNA VIDEOCONFERENCIA CON ALUMNOS DE LA ESCUELA \u00daJLAKI DE BUDAPEST.<\/strong><\/p>\n<p style=\"text-align: center\">&nbsp; &nbsp; &nbsp;El jueves, 25 de febrero, un grupo de alumnos de 6\u00ba de nuestro colegio, tuvieron una videoconferencia con alumnos de la&nbsp;<a title=\"presentaci\u00f3n hungr\u00eda ok\" href=\"http:\/\/www.juntadeandalucia.es\/averroes\/centros-tic\/11002274\/helvia\/sitio\/upload\/G_2.O_2.A_2.L_Hungary_introduction_2.pps\" target=\"_blank\" rel=\"noopener noreferrer\"><strong>Escuela Primaria&nbsp;<\/strong><strong>\u00dajlaki<\/strong><\/a>&nbsp;de Budapest (Hungr\u00eda). Tendr\u00e1n la oportunidad de conocer a ni\u00f1os\/as de una edad similar, hablar en ingl\u00e9s y usar las nuevas tecnolog\u00edas. Esta actividad se ir\u00e1 repitiendo mensualmente con las distintas escuelas&nbsp; de Italia, Croacia, Ruman\u00eda y Turqu\u00eda, que participan en el proyecto. Es una gran oportunidad para motivar hacia el aprendizaje del ingl\u00e9s y el conocimiento y la apertura hacia otras culturas. Adem\u00e1s se tratar\u00e1n temas relacionados con nuestro proyecto de GEOPARQUES: Conservaci\u00f3n de la Naturaleza y del patrimonio geol\u00f3gico y cultural e hist\u00f3rico en torno a \u00e9l.<\/p>\n<\/td>\n<\/tr>\n<tr>\n<td style=\"text-align: center\"><strong><a title=\"VIDEOCONFERENCIA CON HUNGR\u00cdA FEBRERO 2021\" href=\"http:\/\/www.juntadeandalucia.es\/averroes\/centros-tic\/11002274\/helvia\/sitio\/upload\/Videoconferencia_con_Budapest_Hungria.mp4\" target=\"_blank\" rel=\"noopener noreferrer\">Pincha aqu\u00ed<\/a>&nbsp;&nbsp;para ver una presentaci\u00f3n de la actividad.<\/strong><\/td>\n<\/tr>\n<\/tbody>\n<\/table>\n<table border=\"0\" align=\"center\">\n<tbody>\n<tr>\n<td>&nbsp; &nbsp; &nbsp; &nbsp; &nbsp; &nbsp; &nbsp; &nbsp;<img decoding=\"async\" src=\"http:\/\/www.juntadeandalucia.es\/averroes\/centros-tic\/11002274\/helvia\/sitio\/upload\/img\/Hungria.gif\" border=\"0\">&nbsp; &nbsp; &nbsp;&nbsp; &nbsp; &nbsp; &nbsp; &nbsp;&nbsp;<\/td>\n<td>&nbsp; &nbsp; &nbsp; &nbsp; &nbsp; &nbsp; &nbsp; &nbsp;<img decoding=\"async\" src=\"http:\/\/www.juntadeandalucia.es\/averroes\/centros-tic\/11002274\/helvia\/sitio\/upload\/img\/ESPANIA.gif\" border=\"0\">&nbsp; &nbsp; &nbsp; &nbsp; &nbsp; &nbsp;&nbsp;<\/td>\n<\/tr>\n<\/tbody>\n<\/table>\n<\/div>\n<\/div>\n<div>&nbsp;<\/div>\n","protected":false},"excerpt":{"rendered":"<p>Actividades Erasmus + VIDEOCONFERENCIAS &#8211; PROYECTO ERASMUS + G.O.A.L. &nbsp; &nbsp; &nbsp; VIDEOCONFERENCIA&nbsp; &nbsp;DE ALUMNOS\/AS DEL C.E.I.P. LAPACHAR CON SUS COMPA\u00d1EROS\/AS&nbsp; DEL COLEGIO MERSINLI SEHIT AHMET ULUDAG ORTAOKULU DE TURQU\u00cdA. &nbsp;&nbsp;&nbsp; &nbsp;El pasado jueves,&#46;&#46;&#46;<\/p>\n","protected":false},"author":11673,"featured_media":0,"parent":0,"menu_order":0,"comment_status":"closed","ping_status":"closed","template":"","meta":{"ngg_post_thumbnail":0,"footnotes":"","_mc_calendar":[]},"aioseo_notices":[],"_links":{"self":[{"href":"https:\/\/blogsaverroes.juntadeandalucia.es\/ceiplapachar\/wp-json\/wp\/v2\/pages\/2582"}],"collection":[{"href":"https:\/\/blogsaverroes.juntadeandalucia.es\/ceiplapachar\/wp-json\/wp\/v2\/pages"}],"about":[{"href":"https:\/\/blogsaverroes.juntadeandalucia.es\/ceiplapachar\/wp-json\/wp\/v2\/types\/page"}],"author":[{"embeddable":true,"href":"https:\/\/blogsaverroes.juntadeandalucia.es\/ceiplapachar\/wp-json\/wp\/v2\/users\/11673"}],"replies":[{"embeddable":true,"href":"https:\/\/blogsaverroes.juntadeandalucia.es\/ceiplapachar\/wp-json\/wp\/v2\/comments?post=2582"}],"version-history":[{"count":3,"href":"https:\/\/blogsaverroes.juntadeandalucia.es\/ceiplapachar\/wp-json\/wp\/v2\/pages\/2582\/revisions"}],"predecessor-version":[{"id":2588,"href":"https:\/\/blogsaverroes.juntadeandalucia.es\/ceiplapachar\/wp-json\/wp\/v2\/pages\/2582\/revisions\/2588"}],"wp:attachment":[{"href":"https:\/\/blogsaverroes.juntadeandalucia.es\/ceiplapachar\/wp-json\/wp\/v2\/media?parent=2582"}],"curies":[{"name":"wp","href":"https:\/\/api.w.org\/{rel}","templated":true}]}}