{"id":2627,"date":"2021-11-03T16:24:06","date_gmt":"2021-11-03T16:24:06","guid":{"rendered":"https:\/\/blogsaverroes.juntadeandalucia.es\/ceiplapachar\/?page_id=2627"},"modified":"2021-11-03T16:47:40","modified_gmt":"2021-11-03T16:47:40","slug":"presentacion-de-nuestro-geoparque","status":"publish","type":"page","link":"https:\/\/blogsaverroes.juntadeandalucia.es\/ceiplapachar\/presentacion-de-nuestro-geoparque\/","title":{"rendered":"PRESENTACI\u00d3N DE NUESTRO GEOPARQUE."},"content":{"rendered":"<h2 style=\"text-align: center\"><strong>PRESENTACI\u00d3N DE NUESTRO GEOPARQUE EN ESPA\u00d1OL&#8230;<\/strong><\/h2>\n<div style=\"width: 1080px;\" class=\"wp-video\"><!--[if lt IE 9]><script>document.createElement('video');<\/script><![endif]-->\n<video class=\"wp-video-shortcode\" id=\"video-2627-1\" width=\"1080\" height=\"1080\" preload=\"metadata\" controls=\"controls\"><source type=\"video\/mp4\" src=\"https:\/\/blogsaverroes.juntadeandalucia.es\/ceiplapachar\/files\/2021\/11\/ESPA\u00d1OL-PRESENTACI\u00d3N-NUESTRO-GEOPARQUE-1.mp4?_=1\" \/><a href=\"https:\/\/blogsaverroes.juntadeandalucia.es\/ceiplapachar\/files\/2021\/11\/ESPA\u00d1OL-PRESENTACI\u00d3N-NUESTRO-GEOPARQUE-1.mp4\">https:\/\/blogsaverroes.juntadeandalucia.es\/ceiplapachar\/files\/2021\/11\/ESPA\u00d1OL-PRESENTACI\u00d3N-NUESTRO-GEOPARQUE-1.mp4<\/a><\/video><\/div>\n<h2 style=\"text-align: center\"><strong>PRESENTACI\u00d3N DE NUESTRO GEOPARQUE EN INGL\u00c9S&#8230;<\/strong><\/h2>\n<div style=\"width: 1080px;\" class=\"wp-video\"><video class=\"wp-video-shortcode\" id=\"video-2627-2\" width=\"1080\" height=\"1080\" preload=\"metadata\" controls=\"controls\"><source type=\"video\/mp4\" src=\"https:\/\/blogsaverroes.juntadeandalucia.es\/ceiplapachar\/files\/2021\/11\/INGL\u00c9S-PRESENTACI\u00d3N-NUESTRO-GEOPARQUE.mp4?_=2\" \/><a href=\"https:\/\/blogsaverroes.juntadeandalucia.es\/ceiplapachar\/files\/2021\/11\/INGL\u00c9S-PRESENTACI\u00d3N-NUESTRO-GEOPARQUE.mp4\">https:\/\/blogsaverroes.juntadeandalucia.es\/ceiplapachar\/files\/2021\/11\/INGL\u00c9S-PRESENTACI\u00d3N-NUESTRO-GEOPARQUE.mp4<\/a><\/video><\/div>\n<p>&nbsp;<\/p>\n","protected":false},"excerpt":{"rendered":"<p>PRESENTACI\u00d3N DE NUESTRO GEOPARQUE EN ESPA\u00d1OL&#8230; PRESENTACI\u00d3N DE NUESTRO GEOPARQUE EN INGL\u00c9S&#8230; &nbsp;<\/p>\n","protected":false},"author":11673,"featured_media":0,"parent":0,"menu_order":0,"comment_status":"closed","ping_status":"closed","template":"","meta":{"ngg_post_thumbnail":0,"footnotes":"","_mc_calendar":[]},"aioseo_notices":[],"_links":{"self":[{"href":"https:\/\/blogsaverroes.juntadeandalucia.es\/ceiplapachar\/wp-json\/wp\/v2\/pages\/2627"}],"collection":[{"href":"https:\/\/blogsaverroes.juntadeandalucia.es\/ceiplapachar\/wp-json\/wp\/v2\/pages"}],"about":[{"href":"https:\/\/blogsaverroes.juntadeandalucia.es\/ceiplapachar\/wp-json\/wp\/v2\/types\/page"}],"author":[{"embeddable":true,"href":"https:\/\/blogsaverroes.juntadeandalucia.es\/ceiplapachar\/wp-json\/wp\/v2\/users\/11673"}],"replies":[{"embeddable":true,"href":"https:\/\/blogsaverroes.juntadeandalucia.es\/ceiplapachar\/wp-json\/wp\/v2\/comments?post=2627"}],"version-history":[{"count":12,"href":"https:\/\/blogsaverroes.juntadeandalucia.es\/ceiplapachar\/wp-json\/wp\/v2\/pages\/2627\/revisions"}],"predecessor-version":[{"id":2648,"href":"https:\/\/blogsaverroes.juntadeandalucia.es\/ceiplapachar\/wp-json\/wp\/v2\/pages\/2627\/revisions\/2648"}],"wp:attachment":[{"href":"https:\/\/blogsaverroes.juntadeandalucia.es\/ceiplapachar\/wp-json\/wp\/v2\/media?parent=2627"}],"curies":[{"name":"wp","href":"https:\/\/api.w.org\/{rel}","templated":true}]}}