{"id":2944,"date":"2021-11-23T16:46:12","date_gmt":"2021-11-23T16:46:12","guid":{"rendered":"https:\/\/blogsaverroes.juntadeandalucia.es\/ceiplapachar\/?page_id=2944"},"modified":"2023-12-17T19:27:44","modified_gmt":"2023-12-17T19:27:44","slug":"critertios-de-evaluacion-tercer-ciclo","status":"publish","type":"page","link":"https:\/\/blogsaverroes.juntadeandalucia.es\/ceiplapachar\/critertios-de-evaluacion-tercer-ciclo\/","title":{"rendered":"Criterios de Evaluaci\u00f3n Tercer Ciclo."},"content":{"rendered":"<div id=\"contenido_sitio\">\n<p>&nbsp;&nbsp;Los <strong><span style=\"color: #0000ff\">Criterios de<\/span><\/strong> <span style=\"color: #0000ff\"><strong>Evaluaci\u00f3n<\/strong><\/span> est\u00e1n asociados a cada Competencia Espec\u00edfica de cada \u00e1rea y curso y a los <strong><span style=\"color: #0000ff\">Saberes B\u00e1sicos<\/span><\/strong> correspondientes.&nbsp;<\/p>\n<p style=\"text-align: center\">&nbsp; &nbsp; &nbsp;Pod\u00e9is consultarlos pinchando en el dibujo de abajo<\/p>\n<p><a href=\"https:\/\/blogsaverroes.juntadeandalucia.es\/ceiplapachar\/files\/2023\/10\/ANEXO-II-ESTRUCTURA-CURRICULAR-E.-PRIMARIA.pdf\"><img decoding=\"async\" class=\"wp-image-3766 aligncenter\" src=\"https:\/\/blogsaverroes.juntadeandalucia.es\/ceiplapachar\/files\/2021\/12\/lengua7.jpg\" alt=\"\" width=\"200\" height=\"140\"><\/a><\/p>\n<p style=\"text-align: center\">&nbsp; &nbsp; &nbsp; &nbsp; &nbsp; &nbsp; &nbsp; &nbsp; &nbsp; &nbsp; &nbsp; &nbsp; &nbsp; &nbsp; &nbsp; &nbsp; &nbsp; &nbsp; &nbsp; &nbsp; &nbsp; &nbsp; &nbsp; &nbsp; &nbsp; &nbsp; &nbsp; &nbsp; &nbsp; &nbsp; &nbsp; &nbsp; &nbsp; &nbsp; &nbsp; &nbsp; &nbsp; &nbsp; &nbsp; &nbsp; &nbsp; &nbsp; &nbsp; &nbsp; &nbsp; &nbsp;<\/p>\n<\/div>\n<div>&nbsp;<\/div>\n","protected":false},"excerpt":{"rendered":"<p>&nbsp;&nbsp;Los Criterios de Evaluaci\u00f3n est\u00e1n asociados a cada Competencia Espec\u00edfica de cada \u00e1rea y curso y a los Saberes B\u00e1sicos correspondientes.&nbsp; &nbsp; &nbsp; &nbsp;Pod\u00e9is consultarlos pinchando en el dibujo de abajo &nbsp; &nbsp; &nbsp;&#46;&#46;&#46;<\/p>\n","protected":false},"author":11673,"featured_media":0,"parent":0,"menu_order":0,"comment_status":"closed","ping_status":"closed","template":"","meta":{"ngg_post_thumbnail":0,"footnotes":"","_mc_calendar":[]},"aioseo_notices":[],"_links":{"self":[{"href":"https:\/\/blogsaverroes.juntadeandalucia.es\/ceiplapachar\/wp-json\/wp\/v2\/pages\/2944"}],"collection":[{"href":"https:\/\/blogsaverroes.juntadeandalucia.es\/ceiplapachar\/wp-json\/wp\/v2\/pages"}],"about":[{"href":"https:\/\/blogsaverroes.juntadeandalucia.es\/ceiplapachar\/wp-json\/wp\/v2\/types\/page"}],"author":[{"embeddable":true,"href":"https:\/\/blogsaverroes.juntadeandalucia.es\/ceiplapachar\/wp-json\/wp\/v2\/users\/11673"}],"replies":[{"embeddable":true,"href":"https:\/\/blogsaverroes.juntadeandalucia.es\/ceiplapachar\/wp-json\/wp\/v2\/comments?post=2944"}],"version-history":[{"count":22,"href":"https:\/\/blogsaverroes.juntadeandalucia.es\/ceiplapachar\/wp-json\/wp\/v2\/pages\/2944\/revisions"}],"predecessor-version":[{"id":5883,"href":"https:\/\/blogsaverroes.juntadeandalucia.es\/ceiplapachar\/wp-json\/wp\/v2\/pages\/2944\/revisions\/5883"}],"wp:attachment":[{"href":"https:\/\/blogsaverroes.juntadeandalucia.es\/ceiplapachar\/wp-json\/wp\/v2\/media?parent=2944"}],"curies":[{"name":"wp","href":"https:\/\/api.w.org\/{rel}","templated":true}]}}