{"id":3006,"date":"2021-11-24T18:17:38","date_gmt":"2021-11-24T18:17:38","guid":{"rendered":"https:\/\/blogsaverroes.juntadeandalucia.es\/ceiplapachar\/?page_id=3006"},"modified":"2021-11-24T18:59:40","modified_gmt":"2021-11-24T18:59:40","slug":"relacion-historica","status":"publish","type":"page","link":"https:\/\/blogsaverroes.juntadeandalucia.es\/ceiplapachar\/relacion-historica\/","title":{"rendered":"RELACI\u00d3N HIST\u00d3RICA DE MAESTROS\/AS."},"content":{"rendered":"<p>Esta es la relaci\u00f3n de maestros y maestras que ejercieron o ejercen su profesi\u00f3n en nuestro centro&nbsp;<strong><span style=\"color: #0000ff\">(en azul, los directores\/as).<\/span><\/strong><\/p>\n<table style=\"height: 3575px;width: 87.8643%;background-color: #dff2e5\" border=\"2\" cellpadding=\"5\">\n<tbody>\n<tr class=\"titulo\" style=\"height: 3575px\">\n<td style=\"height: 3575px\" align=\"left\" valign=\"top\">\n<address><span style=\"color: #0000ff\">D. Sabas Gamero Izquierdo<\/span><\/address>\n<address><span style=\"color: #0000ff\">D. Jos\u00e9 Puerto P\u00e9rez<\/span><br \/>\nD. Lorenzo G\u00f3mez Bella<br \/>\nD\u00aa Ana Mar\u00eda Becerra Corbacho<br \/>\nD\u00aa M\u00aa Eugenia Sim\u00f3n D\u00edez<br \/>\nD\u00aa \u00c1urea Dom\u00ednguez Dom\u00ednguez<br \/>\nD\u00aa Isabel G\u00e1mez Mendez<br \/>\nD\u00aa Pilar Mateos<br \/>\nD\u00aa M\u00aa Teresa Fern\u00e1ndez del Campo<br \/>\nD. Santiago Morgado<br \/>\nD\u00aa Concepci\u00f3n Campos Cisneros<br \/>\nD. Fulgencio L\u00f3pez<br \/>\nD. Miguel Fern\u00e1ndez Risco<br \/>\nD\u00aa M\u00aa del Carmen Ruano<br \/>\nD. Jos\u00e9 Miguel Gonz\u00e1lez Saborido<br \/>\nD\u00aa Juana Zarzuela Dom\u00ednguez<br \/>\nD\u00aa Manuela Hern\u00e1ndez<br \/>\nD. Jos\u00e9 Mart\u00edn<br \/>\nD. Andr\u00e9s P\u00fblido Luengo<br \/>\nD. Jos\u00e9 Alvarez Medina<br \/>\nD. Angel Delgado Salvador<br \/>\nD\u00aa Hortensia Mor\u00e1n Losada<br \/>\nD. Jes\u00fas Cabello Mart\u00edn<br \/>\nD\u00aa Rufina Garc\u00eda P\u00e9rez<br \/>\nD. Antonio Garc\u00eda Mart\u00ednez<br \/>\nD\u00aa Teresa Ubeda Gallego<br \/>\nD. Pablo Vald\u00e9s Bauzano<br \/>\nD. Juan Gallardo Rodr\u00edguez<br \/>\nD\u00aa Carmen Nu\u00f1ez Mediavilla<br \/>\nD\u00aa Josefa Molano Rom\u00e1n<br \/>\nD. Luis Alvarez Pla<br \/>\nD\u00aa Roc\u00edo Ramos de la Rosa<br \/>\nD. Jos\u00e9 Mar\u00eda Moreno Casc\u00f3n<br \/>\nD. Victorino Maldonado Mor\u00e1n<br \/>\nD. Victor Peralbo Gil<br \/>\nD. Francisco Gonz\u00e1lez Cordero<br \/>\nD. Gaspar P\u00e9rez S\u00e1nchez<br \/>\nD. Daniel de Tapia S\u00e1nchez<br \/>\nD. Jos\u00e9 Antonio Gallego Alvarez<br \/>\nD. Enrique Rinc\u00f3n Guevara<br \/>\nD\u00aa Visitaci\u00f3n Ar\u00e9valo Jim\u00e9nez<br \/>\nD\u00aa Vicenta Ram\u00edrez<br \/>\nD\u00aa Pilar Garc\u00eda de Le\u00f3n S\u00e1nchez<br \/>\nD. Angel Mart\u00edn Junco<br \/>\nD\u00aa Juana Jim\u00e9nez Barriga<br \/>\nD\u00aa Florentina Blazquez Mulas<br \/>\nD\u00aa M\u00aa del Castillo Merch\u00e1n Palacios<br \/>\nD. Evaristo Nafrias L\u00f3pez<br \/>\n<span style=\"color: #0000ff\">D\u00aa Aurelia Casado Melado<\/span><br \/>\nD\u00aa Isabel Palomino M\u00e1rquez<br \/>\nD\u00aa Andrea Fern\u00e1ndez Lebre<br \/>\nD. In\u00e9s Guti\u00e9rrez<br \/>\nD\u00aa Ana Ortiz de Galisteo<br \/>\nD\u00aa Ascensi\u00f3n Fuentes<br \/>\nD\u00aa Encarnaci\u00f3n Sierra Aguilar<br \/>\nD\u00aa Juana Rubio Palomino<br \/>\nD\u00aa M\u00aa Carmen Rodr\u00edguez Romero<br \/>\nD\u00aa M\u00aa Carmen Torres<br \/>\nD. Domingo Rosado Garrido<br \/>\n<span style=\"color: #0000ff\">D. Jos\u00e9 Moreno Duque<\/span><br \/>\nD. Eloy Rubio Herrero<br \/>\n<span style=\"color: #0000ff\">D. Manuel Aparicio Casas<\/span><br \/>\nD. Juan Carlos Prieto Toribio<br \/>\nD. Rafael Cepero Mesa<br \/>\nD. Jes\u00fas del Sol S\u00e1nchez<br \/>\nD. Antonio Bay\u00f3n Hermidas<br \/>\nD. Juan Rosco Madruga<br \/>\nD\u00aa Carmen Aguilar Freire<br \/>\n<span style=\"color: #0000ff\">D. Miguel Santos Ben\u00edtez<\/span><br \/>\nD. Miguel D\u00edaz Mu\u00f1oz<br \/>\n<span style=\"color: #0000ff\">D. Pedro del Moral Berja<\/span><br \/>\nD. Antonio Ambrosio Garlito<br \/>\nD. Alfonso Cerro Prieto<br \/>\nD. Jos\u00e9 Jim\u00e9nez Torrijo<br \/>\nD. Mart\u00edn Alonso Fern\u00e1ndez<br \/>\nD\u00aa M\u00aa Carmen S\u00e1nchez<br \/>\nD. Julio Morcillo Almaraz<br \/>\nD\u00aa Rosa Ben-Hassoun Garrido<br \/>\nD\u00aa Ana Mar\u00eda Ruiz Humanes<br \/>\nD. Luis Mario&nbsp;Aparcero Fern\u00e1ndez de Retana<br \/>\nD\u00aa Isabel Gil Solanes<br \/>\nD\u00aa M\u00aa Paz Santos Romero<br \/>\nD\u00aa F\u00e1tima Florido Torres<br \/>\nD\u00aa M\u00aa Teresa L\u00f3pez D\u00edaz<br \/>\nD. Javier Merchante Hern\u00e1ndez<br \/>\nD\u00aa Araceli Morales<br \/>\nD. Luis S\u00e1nchez Carlos<br \/>\nD\u00aa Blanca Alonso Sanz<br \/>\nD\u00aa M\u00aa Auxiliadora Matos Alvarez<br \/>\nD. Vicente Castro Gonz\u00e1lez<br \/>\nD\u00aa M\u00aa Rosario Valderrama Barbero<br \/>\nD. Manuel Saenz Garc\u00eda<br \/>\nD\u00aa M\u00aa Teresa D\u00edaz Blanco<br \/>\nD. Manuel Reyes<br \/>\nD. Fernando Mej\u00edas Prieto&nbsp;<br \/>\nD. M\u00aa Angeles Sa\u00e9lices Rom\u00e1n<br \/>\n<span style=\"color: #0000ff\">D. Manuel Rico Ruiz<\/span><br \/>\nD. Francisco Vielba In\u00e9s<br \/>\nD\u00aa Rosario Calvo<br \/>\nD\u00aa Araceli Miguel Iglesias<br \/>\nD\u00aa Josefa Aurora Bujalance Trujillo<br \/>\nD\u00aa M\u00aa Teresa Garc\u00eda Mart\u00ednez<br \/>\nD\u00aa Purificaci\u00f3n Reyes Ram\u00edrez<br \/>\nD\u00aa Inmaculada Gonz\u00e1lez Velazquez<br \/>\nD. Juan Emilio Junquero Garc\u00eda<br \/>\nD\u00aa M\u00aa Carmen Gil Vald\u00e9s<br \/>\nD\u00aa Carmen G\u00f3mez Vidal<br \/>\nD\u00aa M\u00aa Angeles Reche Silva<br \/>\nD. Juan Jos\u00e9 Su\u00e1rez Dur\u00e1n<br \/>\nD. Rom\u00e1n Gea Garc\u00eda<br \/>\nD. Juan Manuel Arriba Crego<br \/>\nD\u00aa Caridad Mart\u00ednez Ib\u00e1\u00f1ez<br \/>\nD. Francisco Ebrero Su\u00e1rez<br \/>\nD. Juli\u00e1n Hortig\u00f3n Pedregal<br \/>\nD\u00aa M\u00aa Carmen Romero Pozuelo<br \/>\nD\u00aa M\u00aa Ilda Molina Rivilla<br \/>\nD\u00aa Encarnaci\u00f3n Mesa Jim\u00e9nez<br \/>\nD\u00aa M\u00aa Carmen Mar\u00edn Arag\u00f3n<br \/>\nD\u00aa M\u00aa Carmen Barajas L\u00f3pez<br \/>\nD. Angel Bote Collazos<br \/>\nD\u00aa Ana Coca Herrador<br \/>\nD\u00aa Ascensi\u00f3n Garc\u00eda Aguilera<br \/>\nD\u00aa M\u00aa Carmen Valle Garc\u00eda<br \/>\nD\u00aa Carmen Cabral Bustillo<br \/>\nD\u00aa \u00c1frica Mesa Rubio<br \/>\nD. Ferm\u00edn Pe\u00f1a Lebrero<br \/>\nD\u00aa Inmaculada Saenz Garc\u00eda<br \/>\nD\u00aa M\u00aa del Pilar Melchor Galindo<br \/>\nD. J. Luis Calle<br \/>\nD. J. A. Salvador<br \/>\nD\u00aa Milagrosa S\u00e1nchez Garc\u00eda<br \/>\nD\u00aa Rosario P\u00e9rez Ojeda<br \/>\nD. Ildefonso Su\u00e1rez Lagares<br \/>\nD\u00aa M\u00aa Jes\u00fas G\u00f3mez P\u00e9rez<br \/>\nD\u00aa Luisa M\u00aa Fern\u00e1ndez Mu\u00f1oz<br \/>\nD\u00aa M\u00aa Dolores Medina Cebri\u00e1n<br \/>\nD. Angel Lacruz Casamayor<br \/>\nD. Pedro Romero P\u00e9rez<br \/>\nD\u00aa Caridad Zarazaga P\u00e9rez<br \/>\nD\u00aa Josefina Medina Villalba<br \/>\nD. Francisco S\u00e1nchez S\u00e1nchez<br \/>\nD\u00aa Encarnaci\u00f3n Miranda Reyes<br \/>\nD. Fernando Mej\u00edas Cerro<br \/>\nD\u00aa M\u00aa Amparo Prado Fern\u00e1ndez<br \/>\nD\u00aa Ana Ar\u00e1nega Ortega<br \/>\nD. Isaac D\u00edaz Risco<br \/>\nD\u00aa M\u00aa Jos\u00e9 Lara Alvarez<\/address>\n<address>\n<address>D\u00aa Josefa Rend\u00f3n Rosell\u00f3<br \/>\nD\u00aa M\u00aa Luisa de la Cruz Le\u00f3n<br \/>\nD. Andr\u00e9s G\u00f3mez de la Torre&nbsp;<br \/>\nD\u00aa M\u00aa Carmen Garc\u00eda Dom\u00ednguez<br \/>\nD\u00aa Rosario Mart\u00edn Ortega<br \/>\nD\u00aa F\u00e1tima Cuadrado Reyes<br \/>\nD\u00aa Piedad Ortiz Atienza<br \/>\nD\u00aa Ana Bel\u00e9n Urbano<br \/>\nD. Jos\u00e9 M\u00aa D\u00edaz Alameda<\/address>\n<address>D\u00aa M\u00aa Amparo Prado Fern\u00e1ndez<\/address>\n<address>D\u00aa Ana Ar\u00e1nega Ortega<br \/>\nD. Isaac D\u00edaz Risco&nbsp;<br \/>\nD\u00aa M\u00aa Jos\u00e9 Lara Alvarez<br \/>\nD\u00aa Josefa Rend\u00f3n Rosell\u00f3<br \/>\nD\u00aa M\u00aa Luisa de la Cruz Le\u00f3n<br \/>\nD. Andr\u00e9s G\u00f3mez de la Torre<br \/>\nD\u00aa M\u00aa Carmen Garc\u00eda Dom\u00ednguez<br \/>\nD\u00aa Rosario Mart\u00edn Ortega<\/address>\n<address>\n<address>D\u00aa F\u00e1tima Cuadrado Reyes<br \/>\nD\u00aa Piedad Ortiz Atienza<br \/>\nD\u00aa Ana Bel\u00e9n Urbano<br \/>\nD. Jos\u00e9 M\u00aa D\u00edaz Alameda<\/address>\n<address>D\u00aa Manuela Garc\u00eda Guerrero<br \/>\nD\u00aa Sagrario<\/address>\n<\/address>\n<\/address>\n<\/td>\n<td style=\"height: 3575px\" colspan=\"2\" align=\"left\" valign=\"top\">\n<address>D\u00aa Lourdes de Cos Saiz<br \/>\nD\u00aa M\u00aa Dolores Ubeda Ram\u00edrez<br \/>\nD\u00aa \u00c1urea L\u00f3pez Ram\u00edrez<br \/>\nD\u00aa Soledad Real Jim\u00e9nez<br \/>\nD\u00aa M\u00aa Carmen Mart\u00ednez Zafra<br \/>\nD\u00aa M\u00aa Dolores Ben\u00edtez Angulo<br \/>\nD\u00aa Inmaculada Caballero Ruiz<br \/>\nD. Ra\u00fal Calvo Cala<br \/>\nD\u00aa Concepci\u00f3n Cebri\u00e1n Claver<br \/>\nD\u00aa M\u00aa Carmen Gonz\u00e1lez Chamorro<br \/>\nD. Andr\u00e9s L\u00f3pez Mellado<br \/>\nD\u00aa M\u00aa Carmen Moreno L\u00f3pez<br \/>\nD\u00aa Ana Robles Gonz\u00e1lez<br \/>\nD\u00aa M\u00aa Jos\u00e9 Caballero Ruiz<br \/>\nD. Rafael Lama Selma<br \/>\nD. Juan S\u00e1nchez Alonso<br \/>\nD\u00aa Mercedes Guti\u00e9rrez<br \/>\nD\u00aa Susana Gavela Ciudad<br \/>\nD. Juan Manuel Mart\u00ednez<\/address>\n<address>D\u00aa Ana Morente<br \/>\nD. Angel S\u00e1nchez<br \/>\nD. Jos\u00e9 Mar\u00eda Fortea Moriana<br \/>\nD\u00aa Luisa M\u00aa Alvarez<br \/>\nD\u00aa M\u00aa Teresa Piote<br \/>\nD\u00aa M\u00aa Regla Herrero Gonz\u00e1lez<br \/>\nD\u00aa Filomena Calder\u00f3n Castro<br \/>\nD\u00aa M\u00aa Luisa Fern\u00e1ndez Gonz\u00e1lez<br \/>\nD. Seraf\u00edn Mu\u00f1oz Montero<br \/>\nD\u00aa M\u00aa Carmen Gonz\u00e1lvez S\u00e1nchez<br \/>\nD\u00aa M\u00aa Carmen Rodr\u00edguez Jaraiz<br \/>\nD\u00aa M\u00aa Luisa Granado Barrag\u00e1n<br \/>\nD\u00aa Filomena Cubillo Esquinas<br \/>\nD\u00aa Luisa Tellez Jim\u00e9nez<br \/>\nD\u00aa M\u00aa Carmen Gonz\u00e1lez<br \/>\nD\u00aa Joaquina<br \/>\nD\u00aa M\u00aa Dolores Aguilar Camis\u00f3n<br \/>\nD\u00aa M\u00aa Lourdes N\u00fa\u00f1ez Casta\u00f1o<br \/>\nD\u00aa Ascensi\u00f3n Olave Guti\u00e9rrez<br \/>\nD\u00aa Sheila P\u00e9rez Cordero<br \/>\nD\u00aa Patricia Carmona Cuadrado<br \/>\nD\u00aa M\u00f3nica Guevara Burbano<br \/>\nD\u00aa Mar\u00eda Jos\u00e9 Espinosa Santos<br \/>\nD. Jos\u00e9 Antonio Gonz\u00e1lez Medina<br \/>\nD\u00aa Francisca L\u00f3pez Gonz\u00e1lez<br \/>\nD. Jos\u00e9 Antonio Cabezudo Yag\u00fce<br \/>\nD\u00aa M\u00aa Teresa Palomino Palomino<br \/>\nD\u00aa Rosa M\u00aa Saborido \u00c1lvarez<br \/>\nD\u00aa Aurora Magdalena Barbadillo Eyzaguirre<br \/>\nD. Jos\u00e9 Manuel G\u00e1lvez Espinar<br \/>\n<span style=\"color: #0000ff\">D. Jos\u00e9 Luis Garc\u00eda Moreno<\/span><br \/>\nD\u00aa Candelaria Moreno Reyes<br \/>\nD\u00aa M\u00aa \u00c1ngeles G\u00f3mez Marfil<br \/>\nD\u00aa Concepci\u00f3n Lobera Liquete<br \/>\nD\u00aa Raquel Gonz\u00e1lez Clemente<br \/>\nD\u00aa Mar\u00eda Teresa L\u00f3pez Vidal<br \/>\nD\u00aa Manuela N\u00fa\u00f1ez Reyes<br \/>\nD. Miguel Andrades Calvo<br \/>\nD\u00aa Mar\u00eda Jes\u00fas Ruiz Fern\u00e1ndez<br \/>\nD\u00aa Mercedes Florido Harana<br \/>\nD. David Tena Paredes<br \/>\nD. Jos\u00e9 Manuel Salas Gonz\u00e1lez<br \/>\nD\u00aa M\u00aa Rosario Mart\u00edn-Bejarano M\u00e1rquez<br \/>\nD\u00aa Esther Gonz\u00e1lez Cabrera<br \/>\nD. Jorge Rodr\u00edguez S\u00e1nchez<br \/>\nD\u00aa M\u00aa Inmaculada Alc\u00f3n Gallego<br \/>\nD\u00aa Pen\u00e9lope Flori\u00e1n Balbuena<br \/>\n<span style=\"color: #0000ff\">D. Jos\u00e9 Manuel \u00c1vila Saborido<\/span><br \/>\nD\u00aa Aurora Caro Caraballo<br \/>\nD\u00aa Antonia Garc\u00eda Mata<br \/>\nD. Jos\u00e9 \u00c1ngel Mellado Herm\u00e1n<br \/>\nD\u00aa Rosal\u00eda Molina Garc\u00eda<br \/>\nD\u00aa Mar\u00eda Victoria Pozo S\u00e1nchez<br \/>\nD. Sergio Bernal Ram\u00edrez<br \/>\nD\u00aa Ar\u00e1nzazu Escudero Mart\u00edn<br \/>\nD\u00aa Beatriz Ortega Ruiz<br \/>\nD\u00aa M\u00aa Carmen Cabo Mart\u00edn-Arroyo<br \/>\nD. Jorge Ortiz de Villate Astillero<br \/>\nD\u00aa Ana Bel\u00e9n Rom\u00e1n Escobar<br \/>\nD\u00aa Rosario del Moral Jurado<br \/>\nD\u00aa Manuela Ben\u00edtez Gonz\u00e1lez<br \/>\nD\u00aa Virginia Cabello Garc\u00eda<br \/>\nD\u00aa Manuela Ca\u00f1a G\u00f3mez<br \/>\nD\u00aa Rosario Corbeto Alonso<br \/>\nD\u00aa Loreto Gal\u00e1n S\u00e1nchez<br \/>\nD\u00aa Alicia del Rosario P\u00e9rez Sumariva<br \/>\nD\u00aa Rosario Lanzarote Alcedo<br \/>\nD\u00aa Eva Mar\u00eda Mellado Tirado<br \/>\n<span style=\"color: #0000ff\">D. Andr\u00e9s Cabaco Mart\u00edn<\/span><br \/>\nD\u00aa Concepci\u00f3n V\u00e1zquez V\u00e1zquez<br \/>\nD\u00aa Mar\u00eda Tomasa G\u00f3mez Escudero<br \/>\nD\u00aa Roc\u00edo Soto G\u00f3mez<br \/>\nD\u00aa Mar\u00eda Teresa Axpe Lasagabaster<br \/>\nD\u00aa Raquel de Regla Lorenzo Ben\u00edtez<br \/>\nD\u00aa M\u00aa Piedad Gonz\u00e1lez Guisado<br \/>\nD\u00aa Rosario Calvo Conejo<br \/>\nD. Francisco Fern\u00e1ndez Ca\u00f1ero<br \/>\nD\u00aa Esperanza Naval Molero<br \/>\nD. Fernando P\u00e9rez Castillo<br \/>\nD. Manuel Jes\u00fas Pizones C\u00f3rdoba<br \/>\nD\u00aa Rosario Prieto Ruiz<br \/>\nD\u00aa M\u00aa Rosario Romero Pastrana<br \/>\nD\u00aa Mar\u00eda Dolores Cordero Cordero<br \/>\nD. Abraham Andrade Mill\u00e1n<br \/>\nD. Antonio Ben\u00edtez Z\u00e1jara<br \/>\nD. Antonio Luis Li\u00f1\u00e1n Dom\u00ednguez<br \/>\nD. Salvador&nbsp; P\u00e9rez Ductor<br \/>\nD\u00aa Ana Mar\u00eda Garc\u00eda Cruz<br \/>\nD\u00aa Ana Bel\u00e9n Carrera Armario<br \/>\nD\u00aa Ana Mar\u00eda Espinosa Tora\u00f1o<br \/>\nD\u00aa Mar\u00eda Garc\u00eda Blanco<br \/>\nD\u00aa Mar\u00eda Puerta Gar\u00edn<br \/>\nD\u00aa Alicia Soriano Guichot<br \/>\nD\u00aa Carla Valiente Aparicio<br \/>\nD\u00aa Sara Fern\u00e1ndez Bocanegra<br \/>\nD\u00aa Estrella Fuentes Santos<br \/>\nD\u00aa Daniela Mej\u00edas \u00c1lvarez<\/address>\n<address>D\u00aa Catalina S\u00e1nchezMoreno<\/address>\n<address>D\u00aa Ana Cristina Mar\u00edn Gallego<\/address>\n<address>D\u00aa Ana Mar\u00eda Moreno<\/address>\n<address>D\u00aa Carmen V\u00edlchez Melero<\/address>\n<address>D\u00aa Jennifer Carrasco Espinilla<\/address>\n<address>D\u00aa R. Susana Fern\u00e1ndez Fern\u00e1ndez<\/address>\n<address>D\u00aa Mar\u00eda del Mar Fern\u00e1ndez L\u00f3pez<\/address>\n<address>D\u00aa Ursula Perej\u00f3n Moreno<\/address>\n<address>D\u00aa Mar\u00eda Jos\u00e9 Alcedo Ruiz.<\/address>\n<address>D\u00aa Mar\u00eda Jos\u00e9 Armero S\u00e1nchez<\/address>\n<address>D\u00aa Ana del Valle Benjumea Montero<\/address>\n<address>D\u00aa Ester Blanco Castro<\/address>\n<address>D\u00aa Asunci\u00f3n C\u00f3rdoba Pe\u00f1a<\/address>\n<address>D. Iv\u00e1n Flores Garc\u00eda<\/address>\n<address>D\u00aa Estefan\u00eda Jim\u00e9nez Guill\u00e9n<\/address>\n<address>D\u00aa Ana Mar\u00eda Laynez Linares<\/address>\n<address>D\u00aa Isabel Mac\u00edas Navarro<\/address>\n<address>D\u00aa Milagros Mancera Corrales.<\/address>\n<address>D\u00aa Silvia Mateos Pernil<\/address>\n<address>D\u00aa Coral Morales Mena<\/address>\n<address>D Juan Ignacio P\u00e9rez Ruiz-Herrera<\/address>\n<address>D\u00aa Ana Pozo Canales<\/address>\n<address>D\u00aa Mar\u00eda Jos\u00e9 Reyes Carrera<\/address>\n<address>D\u00aa Roc\u00edo Rodr\u00edguez Garc\u00eda<\/address>\n<address>D\u00aa Sara S\u00e1nchez Carballo<\/address>\n<address>D\u00aa Juana Sobrino Ruiz<\/address>\n<address>D\u00aa Marta Isabel Tejero Florido<\/address>\n<address>D\u00aa Eva Mar\u00eda Valverde Wenceslao<\/address>\n<address>D Fernando Trivi\u00f1o Alonso<\/address>\n<address>D\u00aa Ana Margarita Arjona Bravo<\/address>\n<address>D\u00aa Ana Roc\u00edo Bernab\u00e9 Granados<\/address>\n<address>D\u00aa Blanca Camacho S\u00e1nchez<\/address>\n<address>D\u00aa Mar\u00eda Luisa Cantos Miranda<\/address>\n<address>D\u00aa Teresa Dur\u00e1n Garc\u00eda<\/address>\n<address>D\u00aa Patricia Herrezuelo Aparicio<\/address>\n<address>D\u00aa Mar\u00eda Jos\u00e9 L\u00e1zaro S\u00e1nchez<\/address>\n<address>D Andr\u00e9s Mellado L\u00f3pez<\/address>\n<address>D\u00aa Elena Morcillo Parrondo<\/address>\n<address>D\u00aa Mar\u00eda Jos\u00e9 Vital Rond\u00e1n<\/address>\n<address>&nbsp;<\/address>\n<address>&nbsp;<\/address>\n<\/td>\n<\/tr>\n<\/tbody>\n<\/table>\n","protected":false},"excerpt":{"rendered":"<p>Esta es la relaci\u00f3n de maestros y maestras que ejercieron o ejercen su profesi\u00f3n en nuestro centro&nbsp;(en azul, los directores\/as). D. Sabas Gamero Izquierdo D. Jos\u00e9 Puerto P\u00e9rez D. Lorenzo G\u00f3mez Bella D\u00aa Ana&#46;&#46;&#46;<\/p>\n","protected":false},"author":11673,"featured_media":0,"parent":0,"menu_order":0,"comment_status":"closed","ping_status":"closed","template":"","meta":{"ngg_post_thumbnail":0,"footnotes":"","_mc_calendar":[]},"aioseo_notices":[],"_links":{"self":[{"href":"https:\/\/blogsaverroes.juntadeandalucia.es\/ceiplapachar\/wp-json\/wp\/v2\/pages\/3006"}],"collection":[{"href":"https:\/\/blogsaverroes.juntadeandalucia.es\/ceiplapachar\/wp-json\/wp\/v2\/pages"}],"about":[{"href":"https:\/\/blogsaverroes.juntadeandalucia.es\/ceiplapachar\/wp-json\/wp\/v2\/types\/page"}],"author":[{"embeddable":true,"href":"https:\/\/blogsaverroes.juntadeandalucia.es\/ceiplapachar\/wp-json\/wp\/v2\/users\/11673"}],"replies":[{"embeddable":true,"href":"https:\/\/blogsaverroes.juntadeandalucia.es\/ceiplapachar\/wp-json\/wp\/v2\/comments?post=3006"}],"version-history":[{"count":4,"href":"https:\/\/blogsaverroes.juntadeandalucia.es\/ceiplapachar\/wp-json\/wp\/v2\/pages\/3006\/revisions"}],"predecessor-version":[{"id":3014,"href":"https:\/\/blogsaverroes.juntadeandalucia.es\/ceiplapachar\/wp-json\/wp\/v2\/pages\/3006\/revisions\/3014"}],"wp:attachment":[{"href":"https:\/\/blogsaverroes.juntadeandalucia.es\/ceiplapachar\/wp-json\/wp\/v2\/media?parent=3006"}],"curies":[{"name":"wp","href":"https:\/\/api.w.org\/{rel}","templated":true}]}}