{"id":3021,"date":"2021-11-24T19:13:25","date_gmt":"2021-11-24T19:13:25","guid":{"rendered":"https:\/\/blogsaverroes.juntadeandalucia.es\/ceiplapachar\/?page_id=3021"},"modified":"2025-05-21T17:35:12","modified_gmt":"2025-05-21T17:35:12","slug":"matriculacion-21-22","status":"publish","type":"page","link":"https:\/\/blogsaverroes.juntadeandalucia.es\/ceiplapachar\/matriculacion-21-22\/","title":{"rendered":"MATRICULACI\u00d3N 25-26."},"content":{"rendered":"<table style=\"background-color: #a6edd1;width: 98%\" border=\"1\" align=\"center\">\n<tbody>\n<tr>\n<td style=\"width: 55.0914%\"><a href=\"https:\/\/blogsaverroes.juntadeandalucia.es\/ceiplapachar\/files\/2025\/05\/matricula.png\"><img decoding=\"async\" class=\"size-medium wp-image-6756 aligncenter\" src=\"https:\/\/blogsaverroes.juntadeandalucia.es\/ceiplapachar\/files\/2025\/05\/matricula-300x106.png\" alt=\"\" width=\"300\" height=\"106\" srcset=\"https:\/\/blogsaverroes.juntadeandalucia.es\/ceiplapachar\/files\/2025\/05\/matricula-300x106.png 300w, https:\/\/blogsaverroes.juntadeandalucia.es\/ceiplapachar\/files\/2025\/05\/matricula.png 600w\" sizes=\"(max-width: 300px) 100vw, 300px\" \/><\/a><img decoding=\"async\" src=\"http:\/\/www.juntadeandalucia.es\/averroes\/centros-tic\/11002274\/helvia\/sitio\/upload\/img\/ESCUDO_LAPACHAR.jpg\" border=\"0\"><\/td>\n<td style=\"background-color: #ea91f2;width: 44.9086%\">\n<h3 style=\"text-align: center\">&nbsp;&nbsp;<span style=\"color: #ff99cc\"><strong>&nbsp; <span style=\"color: #333300\">MATRICULACI\u00d3N&nbsp; &nbsp;<\/span><\/strong><\/span><\/h3>\n<h3 style=\"text-align: center\"><span style=\"color: #333300\"><strong>&nbsp;CURSO 2.025-26.<\/strong><\/span><\/h3>\n<\/td>\n<\/tr>\n<\/tbody>\n<\/table>\n<h3 style=\"text-align: center\"><strong>&nbsp;<span style=\"color: #008000\"> &nbsp;<em><span style=\"text-decoration: underline\">MATRICULACI\u00d3N DE ALUMNOS\/AS DE INFANTIL Y PRIMARIA:<\/span><\/em><\/span><\/strong><\/h3>\n<p><span style=\"color: #0000ff\"><strong>PLAZO:<\/strong><\/span> <strong>Entre el <span style=\"text-decoration: underline\">1 y el 9 de junio de 2.025<\/span>, ambos inclusive.<\/strong><\/p>\n<p style=\"text-align: justify\">&nbsp; &nbsp; Este curso, la matr\u00edcula se har\u00e1 TELEM\u00c1TICA, salvo el alumnado de E. Infantil de 3 a\u00f1os&nbsp; que, al no tener todav\u00eda <strong><span style=\"color: #ff0000\">clave iANDE<\/span><\/strong>, tendr\u00e1n que hacerse de forma presencial en el centro.<\/p>\n<p><strong>A) <span style=\"text-decoration: underline\">DE FORMA TELEM\u00c1TICA<\/span><\/strong>, a trav\u00e9s del formulario habilitado en la&nbsp;<strong><span style=\"color: #0000ff\"><a style=\"color: #0000ff\" href=\"https:\/\/www.juntadeandalucia.es\/educacion\/secretariavirtual\/\">SECRETAR\u00cdA VIRTUAL<\/a><\/span><\/strong>&nbsp;(pincha para acceder)&nbsp;de los centros docentes educativos del portal web de la Consejer\u00eda de Educaci\u00f3n y Deportes.<\/p>\n<p style=\"text-align: center\">&nbsp; &nbsp; &nbsp; <a href=\"https:\/\/www.youtube.com\/watch?v=7D1QzGex7SQ\"><span style=\"text-decoration: underline\"><span style=\"color: #0000ff;text-decoration: underline\">Aqu\u00ed tienes un peque\u00f1o tutorial de c\u00f3mo hacer la MATR\u00cdCULA de forma telem\u00e1tica (pincha).<\/span><\/span><\/a><\/p>\n<p>&nbsp; &nbsp;Para hacer la matr\u00edcula telem\u00e1tica, necesitas la <span style=\"color: #993366\"><strong>clave iANDe. <\/strong><\/span><span style=\"color: #000000\">Si no la recuerdas, la puedes encontrar en el PRIMER MENSAJE DE ENTRADA de tu iPASEN (nunca se borra).<\/span><\/p>\n<table style=\"border-collapse: collapse;width: 100%\">\n<tbody>\n<tr>\n<td style=\"width: 70.7161%;background-color: #e7ebb2;text-align: center\">&nbsp; &nbsp; &nbsp; En secretar\u00eda se habilitar\u00e1n varios ordenadores para que puedas hacer la&nbsp; &nbsp; &nbsp; &nbsp; &nbsp; MATR\u00cdCULA, ven&nbsp; y&#8230;&nbsp;<span style=\"text-decoration: underline\"><em><strong><span style=\"color: #ff0000;text-decoration: underline\"> te ayudamos a hacerla.<\/span><\/strong><\/em><\/span><\/td>\n<td style=\"width: 29.2839%\"><a href=\"https:\/\/blogsaverroes.juntadeandalucia.es\/ceiplapachar\/files\/2022\/05\/MATR\u00cdCULA-DIGITAL.png\"><img fetchpriority=\"high\" decoding=\"async\" class=\"alignnone size-medium wp-image-4492\" src=\"https:\/\/blogsaverroes.juntadeandalucia.es\/ceiplapachar\/files\/2022\/05\/MATR\u00cdCULA-DIGITAL-300x212.png\" alt=\"\" width=\"300\" height=\"212\" srcset=\"https:\/\/blogsaverroes.juntadeandalucia.es\/ceiplapachar\/files\/2022\/05\/MATR\u00cdCULA-DIGITAL-300x212.png 300w, https:\/\/blogsaverroes.juntadeandalucia.es\/ceiplapachar\/files\/2022\/05\/MATR\u00cdCULA-DIGITAL-1024x724.png 1024w, https:\/\/blogsaverroes.juntadeandalucia.es\/ceiplapachar\/files\/2022\/05\/MATR\u00cdCULA-DIGITAL-768x543.png 768w, https:\/\/blogsaverroes.juntadeandalucia.es\/ceiplapachar\/files\/2022\/05\/MATR\u00cdCULA-DIGITAL-1536x1086.png 1536w, https:\/\/blogsaverroes.juntadeandalucia.es\/ceiplapachar\/files\/2022\/05\/MATR\u00cdCULA-DIGITAL-2048x1448.png 2048w, https:\/\/blogsaverroes.juntadeandalucia.es\/ceiplapachar\/files\/2022\/05\/MATR\u00cdCULA-DIGITAL.png 1600w\" sizes=\"(max-width: 300px) 100vw, 300px\" \/><\/a><\/td>\n<\/tr>\n<\/tbody>\n<\/table>\n<p><strong>B) <span style=\"text-decoration: underline\">PRESENCIAL en el centro&nbsp; (s\u00f3lo alumnos de Educaci\u00f3n Infantil de 3 a\u00f1os):<\/span><\/strong><\/p>\n<table style=\"height: 96px;width: 100%;border-collapse: collapse;background-color: #d9f0a1\">\n<tbody>\n<tr style=\"height: 24px\">\n<td style=\"width: 100%;height: 24px;text-align: center\"><strong>DESCARGA LOS IMPRESOS DE MATR\u00cdCULA PINCHANDO SOBRE ELLOS.<\/strong><\/td>\n<\/tr>\n<tr style=\"height: 24px\">\n<td style=\"width: 100%;height: 24px;text-align: center\"><span style=\"color: #0000ff\"><a style=\"color: #0000ff\" href=\"https:\/\/blogsaverroes.juntadeandalucia.es\/ceiplapachar\/files\/2022\/05\/ANEXO-IV-MATRICULACI%C3%93N-INFANTIL.pdf\">Impreso de matr\u00edcula de INFANTIL.<\/a><\/span><\/td>\n<\/tr>\n<tr style=\"height: 24px\">\n<td style=\"width: 100%;height: 24px;text-align: center\"><span style=\"color: #0000ff\"><a style=\"color: #0000ff\" href=\"https:\/\/blogsaverroes.juntadeandalucia.es\/ceiplapachar\/files\/2022\/05\/ANEXO-V-MATRICULACI%C3%93N-PRIMARIA.pdf\">Impreso de matr\u00edcula de PRIMARIA.<\/a><\/span><\/td>\n<\/tr>\n<tr style=\"height: 24px\">\n<td style=\"width: 100%;height: 24px;text-align: center\"><a href=\"https:\/\/www.juntadeandalucia.es\/educacion\/portals\/delegate\/content\/844db161-0cb7-4320-9443-9f182c86014a\/06.%20ANEXO%20RELIGI%C3%93N\"><span style=\"color: #0000ff\">Impreso para petici\u00f3n de RELIGI\u00d3N.<\/span><\/a><\/td>\n<\/tr>\n<tr>\n<td style=\"width: 100%;text-align: center\"><a href=\"https:\/\/blogsaverroes.juntadeandalucia.es\/ceiplapachar\/files\/2024\/05\/O.K.-CUESTIONARIO-FONDO-SOCIAL-EUROPEO.pdf\"><span style=\"color: #0000ff\"><span style=\"text-decoration: underline\">Cuestionario del FONDO SOCIAL EUROPEO.<\/span><\/span><\/a><\/td>\n<\/tr>\n<tr>\n<td style=\"width: 100%;text-align: center\"><a href=\"https:\/\/blogsaverroes.juntadeandalucia.es\/ceiplapachar\/files\/2024\/05\/0.K.-CONSENTIMIE-NTO-INFORMADO-TRATAMIENTO-DE-LA-IMAGEN.pdf\"><span style=\"color: #0000ff\"><span style=\"text-decoration: underline\">CONSENTIMIENTO PARA EL TRATAMIENTO DE LA IMAGEN.<\/span><\/span><\/a><\/td>\n<\/tr>\n<\/tbody>\n<\/table>\n<p><strong>&nbsp;<\/strong><\/p>\n<h3 style=\"text-align: center\"><strong>&nbsp;&nbsp;<\/strong><strong>&nbsp; <span style=\"color: #008000\"><span style=\"text-decoration: underline\">MATRICULACI\u00d3N DE ALUMNOS\/AS QUE PASAN AL I.E.S. SALMEDINA: <\/span>&nbsp;<\/span><\/strong><\/h3>\n<p>&nbsp; &nbsp;EL <span style=\"text-decoration: underline\"><strong>PLAZO<\/strong><\/span> DE MATR\u00cdCULA ES <strong>DEL 1 AL 10 DE JULIO<\/strong>. Organizaremos en colaboraci\u00f3n con el IES SALMEDINA, la matriculaci\u00f3n para facilitar el tr\u00e1mite a las familias.<\/p>\n<p>&nbsp; &nbsp;Pasaremos toda la informaci\u00f3n que nos facilite el I.E.S&nbsp; &#8212;&#8211;&nbsp; &nbsp;<span style=\"text-decoration: underline\"><strong><span style=\"color: #0000ff\"><a style=\"color: #0000ff;text-decoration: underline\" href=\"https:\/\/iessalmedina.es\/\">Pincha para acceder a su p\u00e1gina web.<\/a><\/span><\/strong><\/span><\/p>\n<p>&nbsp;<\/p>\n<h3 style=\"text-align: center\"><strong>&nbsp; <span style=\"text-decoration: underline;color: #008000\">ALUMNOS\/AS QUE SE MATRICULAN EN OTROS I.E.S.:<\/span><\/strong><\/h3>\n<p>&nbsp; Deben realizar su matriculaci\u00f3n en el I.E.S. donde ha sido admitido, entre el 1 y el 10 de julio.<\/p>\n<p>&nbsp;<\/p>\n<p>&nbsp;<\/p>\n<p>&nbsp;<\/p>\n","protected":false},"excerpt":{"rendered":"<p>&nbsp;&nbsp;&nbsp; MATRICULACI\u00d3N&nbsp; &nbsp; &nbsp;CURSO 2.025-26. &nbsp; &nbsp;MATRICULACI\u00d3N DE ALUMNOS\/AS DE INFANTIL Y PRIMARIA: PLAZO: Entre el 1 y el 9 de junio de 2.025, ambos inclusive. &nbsp; &nbsp; Este curso, la matr\u00edcula se har\u00e1&#46;&#46;&#46;<\/p>\n","protected":false},"author":11673,"featured_media":0,"parent":0,"menu_order":0,"comment_status":"closed","ping_status":"closed","template":"","meta":{"ngg_post_thumbnail":0,"footnotes":"","_mc_calendar":[]},"aioseo_notices":[],"_links":{"self":[{"href":"https:\/\/blogsaverroes.juntadeandalucia.es\/ceiplapachar\/wp-json\/wp\/v2\/pages\/3021"}],"collection":[{"href":"https:\/\/blogsaverroes.juntadeandalucia.es\/ceiplapachar\/wp-json\/wp\/v2\/pages"}],"about":[{"href":"https:\/\/blogsaverroes.juntadeandalucia.es\/ceiplapachar\/wp-json\/wp\/v2\/types\/page"}],"author":[{"embeddable":true,"href":"https:\/\/blogsaverroes.juntadeandalucia.es\/ceiplapachar\/wp-json\/wp\/v2\/users\/11673"}],"replies":[{"embeddable":true,"href":"https:\/\/blogsaverroes.juntadeandalucia.es\/ceiplapachar\/wp-json\/wp\/v2\/comments?post=3021"}],"version-history":[{"count":38,"href":"https:\/\/blogsaverroes.juntadeandalucia.es\/ceiplapachar\/wp-json\/wp\/v2\/pages\/3021\/revisions"}],"predecessor-version":[{"id":6757,"href":"https:\/\/blogsaverroes.juntadeandalucia.es\/ceiplapachar\/wp-json\/wp\/v2\/pages\/3021\/revisions\/6757"}],"wp:attachment":[{"href":"https:\/\/blogsaverroes.juntadeandalucia.es\/ceiplapachar\/wp-json\/wp\/v2\/media?parent=3021"}],"curies":[{"name":"wp","href":"https:\/\/api.w.org\/{rel}","templated":true}]}}