{"id":3121,"date":"2021-11-30T15:52:50","date_gmt":"2021-11-30T15:52:50","guid":{"rendered":"https:\/\/blogsaverroes.juntadeandalucia.es\/ceiplapachar\/?page_id=3121"},"modified":"2021-11-30T19:24:55","modified_gmt":"2021-11-30T19:24:55","slug":"calculo-mental","status":"publish","type":"page","link":"https:\/\/blogsaverroes.juntadeandalucia.es\/ceiplapachar\/calculo-mental\/","title":{"rendered":"C\u00c1LCULO MENTAL."},"content":{"rendered":"<div id=\"tituloItem\" class=\"blockTituloItem\"><span class=\"tituloItem\">Aqu\u00ed puedes encontrar las fichas para trabajar las Fases de la suma y resta &#8211; C\u00e1lculo mental.<\/span><\/div>\n<div id=\"contenido_sitio\">\n<h3 style=\"text-align: center\"><strong>C\u00c1LCULO MENTAL &#8211; FASES DE LA SUMA.<\/strong><\/h3>\n<p><a href=\"https:\/\/blogsaverroes.juntadeandalucia.es\/ceiplapachar\/files\/2021\/11\/C\u00c1LCULO-MENTAL1.jpg\"><img decoding=\"async\" class=\"wp-image-3126 aligncenter\" src=\"https:\/\/blogsaverroes.juntadeandalucia.es\/ceiplapachar\/files\/2021\/11\/C\u00c1LCULO-MENTAL1-300x272.jpg\" alt=\"\" width=\"161\" height=\"146\" srcset=\"https:\/\/blogsaverroes.juntadeandalucia.es\/ceiplapachar\/files\/2021\/11\/C\u00c1LCULO-MENTAL1-300x272.jpg 300w, https:\/\/blogsaverroes.juntadeandalucia.es\/ceiplapachar\/files\/2021\/11\/C\u00c1LCULO-MENTAL1.jpg 338w\" sizes=\"(max-width: 161px) 100vw, 161px\" \/><\/a><\/p>\n<p><strong>&nbsp; &nbsp;Pincha en cada fase y PR\u00c1CTICA&#8230;&nbsp; &nbsp; <\/strong><\/p>\n<table style=\"width: 99.5125%;border-collapse: collapse;height: 416px\" border=\"1\">\n<tbody>\n<tr style=\"background-color: #e8f277\">\n<td style=\"text-align: center;width: 75.9705%;height: 26px\" colspan=\"2\">\n<h2><em><strong>C\u00c1LCULO MENTAL &#8211; FASES DE LA SUMA.<\/strong><\/em><\/h2>\n<\/td>\n<td style=\"width: 99.7121%;height: 416px;background-color: #f7f6c1;text-align: center\" rowspan=\"16\"><em><strong><br \/>\n<\/strong><\/em><strong><br \/>\n<\/strong><strong><br \/>\n<\/strong><strong><br \/>\n<\/strong><strong><br \/>\n<\/strong><strong><br \/>\n<\/strong><strong><a href=\"https:\/\/blogsaverroes.juntadeandalucia.es\/ceiplapachar\/files\/2021\/11\/ni\u00f1ocon-libro.gif\"><img decoding=\"async\" class=\"size-full wp-image-3201 aligncenter\" src=\"https:\/\/blogsaverroes.juntadeandalucia.es\/ceiplapachar\/files\/2021\/11\/ni\u00f1ocon-libro.gif\" alt=\"\" width=\"182\" height=\"208\"><\/a><\/strong><strong><br \/>\n<\/strong><strong><br \/>\n<\/strong><strong><br \/>\n<\/strong><strong><br \/>\n<\/strong><strong><br \/>\n<\/strong><\/td>\n<\/tr>\n<tr style=\"height: 26px\">\n<td style=\"width: 14.4725%;text-align: center;background-color: #edceed;height: 26px\"><a href=\"https:\/\/blogsaverroes.juntadeandalucia.es\/ceiplapachar\/files\/2021\/11\/A-FASE-1.pdf\"><strong>FASE 1<\/strong><\/a><\/td>\n<td style=\"width: 61.498%;text-align: center;background-color: #f7e6f6;height: 26px\">Tabla de sumar.<\/td>\n<\/tr>\n<tr style=\"height: 26px\">\n<td style=\"width: 14.4725%;text-align: center;background-color: #edceed;height: 26px\"><a href=\"https:\/\/blogsaverroes.juntadeandalucia.es\/ceiplapachar\/files\/2021\/11\/A-FASE-2.1.pdf\"><strong>FASE 2.1<\/strong><\/a><\/td>\n<td style=\"width: 61.498%;text-align: center;background-color: #f7e6f6;height: 26px\">Tres sumandos sin rebasar la decena.<\/td>\n<\/tr>\n<tr style=\"height: 26px\">\n<td style=\"width: 14.4725%;text-align: center;background-color: #edceed;height: 26px\"><a href=\"https:\/\/blogsaverroes.juntadeandalucia.es\/ceiplapachar\/files\/2021\/11\/A-FASE-2.2.pdf\"><strong>FASE 2.2<\/strong><\/a><\/td>\n<td style=\"width: 61.498%;text-align: center;background-color: #f7e6f6;height: 26px\">Tres sumandos rebasando la decena en la \u00faltima combinaci\u00f3n.<\/td>\n<\/tr>\n<tr style=\"height: 26px\">\n<td style=\"width: 14.4725%;text-align: center;background-color: #edceed;height: 26px\"><a href=\"https:\/\/blogsaverroes.juntadeandalucia.es\/ceiplapachar\/files\/2021\/11\/FASE-2.3.pdf\"><strong>FASE 2.3<\/strong><\/a><\/td>\n<td style=\"width: 61.498%;text-align: center;background-color: #f7e6f6;height: 26px\">Tres sumandos rebasando decenas en la primera combinaci\u00f3n.<\/td>\n<\/tr>\n<tr style=\"height: 26px\">\n<td style=\"width: 14.4725%;text-align: center;background-color: #edceed;height: 26px\"><a href=\"https:\/\/blogsaverroes.juntadeandalucia.es\/ceiplapachar\/files\/2021\/11\/FASE-2.4.pdf\"><strong>FASE 2.4<\/strong><\/a><\/td>\n<td style=\"width: 61.498%;text-align: center;background-color: #f7e6f6;height: 26px\">Tres sumandos rebasando decena en las dos combinaciones.<\/td>\n<\/tr>\n<tr style=\"height: 26px\">\n<td style=\"width: 14.4725%;background-color: #edceed;text-align: center;height: 26px\"><a href=\"https:\/\/blogsaverroes.juntadeandalucia.es\/ceiplapachar\/files\/2021\/11\/FASE-3.pdf\"><strong>FASE 3<\/strong><\/a><\/td>\n<td style=\"width: 61.498%;text-align: center;background-color: #f7e6f6;height: 26px\">Decenas Completas + Unidades.<\/td>\n<\/tr>\n<tr style=\"height: 26px\">\n<td style=\"width: 14.4725%;background-color: #edceed;text-align: center;height: 26px\"><a href=\"https:\/\/blogsaverroes.juntadeandalucia.es\/ceiplapachar\/files\/2021\/11\/FASE-4.pdf\"><strong>FASE 4<\/strong><\/a><\/td>\n<td style=\"width: 61.498%;text-align: center;background-color: #f7e6f6;height: 26px\">Decenas Completas + Decenas Completas.<\/td>\n<\/tr>\n<tr style=\"height: 26px\">\n<td style=\"width: 14.4725%;background-color: #edceed;text-align: center;height: 26px\"><a href=\"https:\/\/blogsaverroes.juntadeandalucia.es\/ceiplapachar\/files\/2021\/11\/FASE-5.pdf\"><strong>FASE 5<\/strong><\/a><\/td>\n<td style=\"width: 61.498%;text-align: center;background-color: #f7e6f6;height: 26px\">Decenas Completas + Decenas Incompletas.<\/td>\n<\/tr>\n<tr style=\"height: 26px\">\n<td style=\"width: 14.4725%;background-color: #edceed;text-align: center;height: 26px\"><a href=\"https:\/\/blogsaverroes.juntadeandalucia.es\/ceiplapachar\/files\/2021\/11\/FASE-6.pdf\"><strong>FASE 6<\/strong><\/a><\/td>\n<td style=\"width: 61.498%;text-align: center;background-color: #f7e6f6;height: 26px\">Decenas Incompletas + Unidades.<\/td>\n<\/tr>\n<tr style=\"height: 26px\">\n<td style=\"width: 14.4725%;background-color: #edceed;text-align: center;height: 26px\"><a href=\"https:\/\/blogsaverroes.juntadeandalucia.es\/ceiplapachar\/files\/2021\/11\/FASE-7.pdf\"><strong>FASE 7<\/strong><\/a><\/td>\n<td style=\"width: 61.498%;text-align: center;background-color: #f7e6f6;height: 26px\">Decenas Incompletas + Decenas Incompletas.<\/td>\n<\/tr>\n<tr style=\"height: 26px\">\n<td style=\"width: 14.4725%;background-color: #edceed;text-align: center;height: 26px\"><a href=\"https:\/\/blogsaverroes.juntadeandalucia.es\/ceiplapachar\/files\/2021\/11\/FASE-8.pdf\"><strong>FASE 8<\/strong><\/a><\/td>\n<td style=\"width: 61.498%;text-align: center;background-color: #f7e6f6;height: 26px\">Centenas Completas + Decenas Completas + Unidades.<\/td>\n<\/tr>\n<tr style=\"height: 26px\">\n<td style=\"width: 14.4725%;background-color: #edceed;text-align: center;height: 26px\"><a href=\"https:\/\/blogsaverroes.juntadeandalucia.es\/ceiplapachar\/files\/2021\/11\/FASE-9.pdf\"><strong>FASE 9<\/strong><\/a><\/td>\n<td style=\"width: 61.498%;background-color: #f7e6f6;text-align: center;height: 26px\">Centenas Incompletas + Unidades.<\/td>\n<\/tr>\n<tr style=\"height: 26px\">\n<td style=\"width: 14.4725%;background-color: #edceed;text-align: center;height: 26px\"><a href=\"https:\/\/blogsaverroes.juntadeandalucia.es\/ceiplapachar\/files\/2021\/11\/FASE-10.pdf\"><strong>FASE 10<\/strong><\/a><\/td>\n<td style=\"width: 61.498%;background-color: #f7e6f6;text-align: center;height: 26px\">Centenas Incompletas + Decenas Completas.<\/td>\n<\/tr>\n<tr style=\"height: 26px\">\n<td style=\"width: 14.4725%;background-color: #edceed;text-align: center;height: 26px\"><a href=\"https:\/\/blogsaverroes.juntadeandalucia.es\/ceiplapachar\/files\/2021\/11\/FASE-11.pdf\"><strong>FASE 11<\/strong><\/a><\/td>\n<td style=\"width: 61.498%;background-color: #f7e6f6;text-align: center;height: 26px\">Centenas Incompletas + Decenas Incompletas.<\/td>\n<\/tr>\n<tr style=\"height: 26px\">\n<td style=\"width: 14.4725%;background-color: #edceed;text-align: center;height: 26px\"><a href=\"https:\/\/blogsaverroes.juntadeandalucia.es\/ceiplapachar\/files\/2021\/11\/FASE-12.pdf\"><strong>FASE 12<\/strong><\/a><\/td>\n<td style=\"width: 61.498%;background-color: #f7e6f6;text-align: center;height: 26px\">Centenas Incompletas + Centenas Incompletas.<\/td>\n<\/tr>\n<\/tbody>\n<\/table>\n<p><strong>&nbsp; &nbsp; &nbsp;<\/strong><\/p>\n<\/div>\n<div>\n<p style=\"text-align: right\"><a href=\"https:\/\/blogsaverroes.juntadeandalucia.es\/ceiplapachar\/files\/2021\/11\/C\u00c1LCULO-MENTAL-2.jpg\"><img fetchpriority=\"high\" decoding=\"async\" class=\"size-medium wp-image-3207 aligncenter\" src=\"https:\/\/blogsaverroes.juntadeandalucia.es\/ceiplapachar\/files\/2021\/11\/C\u00c1LCULO-MENTAL-2-300x169.jpg\" alt=\"\" width=\"300\" height=\"169\" srcset=\"https:\/\/blogsaverroes.juntadeandalucia.es\/ceiplapachar\/files\/2021\/11\/C\u00c1LCULO-MENTAL-2-300x169.jpg 300w, https:\/\/blogsaverroes.juntadeandalucia.es\/ceiplapachar\/files\/2021\/11\/C\u00c1LCULO-MENTAL-2-1024x576.jpg 1024w, https:\/\/blogsaverroes.juntadeandalucia.es\/ceiplapachar\/files\/2021\/11\/C\u00c1LCULO-MENTAL-2-768x432.jpg 768w, https:\/\/blogsaverroes.juntadeandalucia.es\/ceiplapachar\/files\/2021\/11\/C\u00c1LCULO-MENTAL-2.jpg 1280w\" sizes=\"(max-width: 300px) 100vw, 300px\" \/><\/a><\/p>\n<table style=\"height: 312px;width: 92.0182%;border-collapse: collapse\" border=\"1\">\n<tbody>\n<tr style=\"background-color: #e8f277\">\n<td style=\"text-align: center;width: 210.471%;height: 48px\" colspan=\"3\">\n<h2><em><strong>C\u00c1LCULO MENTAL &#8211; FASES DE LA RESTA.<\/strong><\/em><\/h2>\n<\/td>\n<\/tr>\n<tr style=\"height: 24px\">\n<td style=\"width: 15.5265%;text-align: center;background-color: #8cf5d9;height: 24px\"><a href=\"https:\/\/blogsaverroes.juntadeandalucia.es\/ceiplapachar\/files\/2021\/11\/FASE-1-.pdf\"><strong>FASE 1<\/strong><\/a><\/td>\n<td style=\"width: 62.9096%;text-align: center;background-color: #d5f2eb;height: 24px\">TABLA DE SUMAR INVERSA<\/td>\n<td style=\"width: 132.035%;height: 96px;text-align: center\" rowspan=\"4\"><strong><a href=\"https:\/\/blogsaverroes.juntadeandalucia.es\/ceiplapachar\/files\/2021\/11\/NUMEROSd-1.gif\"><img loading=\"lazy\" decoding=\"async\" class=\"alignnone size-medium wp-image-3243\" src=\"https:\/\/blogsaverroes.juntadeandalucia.es\/ceiplapachar\/files\/2021\/11\/NUMEROSd-1-300x225.gif\" alt=\"\" width=\"300\" height=\"225\" srcset=\"https:\/\/blogsaverroes.juntadeandalucia.es\/ceiplapachar\/files\/2021\/11\/NUMEROSd-1-300x225.gif 300w, https:\/\/blogsaverroes.juntadeandalucia.es\/ceiplapachar\/files\/2021\/11\/NUMEROSd-1-768x576.gif 768w\" sizes=\"(max-width: 300px) 100vw, 300px\" \/><\/a><\/strong><strong><br \/>\n<\/strong><\/td>\n<\/tr>\n<tr style=\"height: 24px\">\n<td style=\"width: 15.5265%;text-align: center;background-color: #8cf5d9;height: 24px\"><a href=\"https:\/\/blogsaverroes.juntadeandalucia.es\/ceiplapachar\/files\/2021\/11\/FASE-2-.pdf\"><strong>FASE 2<\/strong><\/a><\/td>\n<td style=\"width: 62.9096%;text-align: center;background-color: #d5f2eb;height: 24px\">DECENAS COMPLETAS &#8211; DECEMAS COMPLETAS.<\/td>\n<\/tr>\n<tr style=\"height: 24px\">\n<td style=\"width: 15.5265%;text-align: center;background-color: #8cf5d9;height: 24px\"><a href=\"https:\/\/blogsaverroes.juntadeandalucia.es\/ceiplapachar\/files\/2021\/11\/FASE-3-.pdf\"><strong>FASE 3<\/strong><\/a><\/td>\n<td style=\"width: 62.9096%;text-align: center;background-color: #d5f2eb;height: 24px\">DECENAS INCOMPLETAS &#8211; DECENAS COMPLETAS.<\/td>\n<\/tr>\n<tr style=\"height: 24px\">\n<td style=\"width: 15.5265%;text-align: center;background-color: #8cf5d9;height: 24px\"><a href=\"https:\/\/blogsaverroes.juntadeandalucia.es\/ceiplapachar\/files\/2021\/11\/FASE-4-.pdf\"><strong>FASE 4<\/strong><\/a><\/td>\n<td style=\"width: 62.9096%;text-align: center;background-color: #d5f2eb;height: 24px\">DECENAS COMPLETAS &#8211; UNIDADES.<\/td>\n<\/tr>\n<tr style=\"height: 24px\">\n<td style=\"width: 15.5265%;text-align: center;background-color: #8cf5d9;height: 24px\"><a href=\"https:\/\/blogsaverroes.juntadeandalucia.es\/ceiplapachar\/files\/2021\/11\/FASE-5-1-.pdf\"><strong>FASE 5.1<\/strong><\/a><\/td>\n<td style=\"text-align: center;background-color: #d5f2eb;height: 24px\" colspan=\"2\">DECENAS INCOMPLETAS &#8211; DECENAS INCOMPLETAS<\/p>\n<p>MISMO N\u00daMERO DE UNIDADES&nbsp;&nbsp;<\/td>\n<\/tr>\n<tr>\n<td style=\"width: 15.5265%;text-align: center;background-color: #8cf5d9\"><a href=\"https:\/\/blogsaverroes.juntadeandalucia.es\/ceiplapachar\/files\/2021\/11\/FASE-5-2-.pdf\"><strong>FASE 5.2<\/strong><\/a><\/td>\n<td style=\"text-align: center;background-color: #d5f2eb\" colspan=\"2\">DECENAS INCOMPLETAS &#8211; DECENAS INCOMPLETAS<\/p>\n<p>MENOR N\u00daMERO DE UNIDADES EN EL SUSTRAENDO&nbsp;<\/td>\n<\/tr>\n<tr>\n<td style=\"width: 15.5265%;text-align: center;background-color: #8cf5d9\"><a href=\"https:\/\/blogsaverroes.juntadeandalucia.es\/ceiplapachar\/files\/2021\/11\/FASE-5-3-.pdf\"><strong>FASE 5.3<\/strong><\/a><\/td>\n<td style=\"width: 62.9096%;text-align: center;background-color: #d5f2eb\" colspan=\"2\">DECENAS INCOMPLETAS &#8211; DECENAS INCOMPLETAS<\/p>\n<p>MAYOR&nbsp; N\u00daMERO DE UNIDADES&nbsp; &nbsp;EN EL SUSTRAENDO<\/td>\n<\/tr>\n<tr style=\"height: 24px\">\n<td style=\"width: 15.5265%;text-align: center;background-color: #8cf5d9;height: 24px\"><a href=\"https:\/\/blogsaverroes.juntadeandalucia.es\/ceiplapachar\/files\/2021\/11\/FASE-6-.pdf\"><strong>FASE 6<\/strong><\/a><\/td>\n<td style=\"width: 62.9096%;text-align: center;background-color: #d5f2eb;height: 24px\" colspan=\"2\">CENTENAS COMPLETAS . CENTENAS COMPLETAS&nbsp;<\/td>\n<\/tr>\n<tr style=\"height: 24px\">\n<td style=\"width: 15.5265%;text-align: center;background-color: #8cf5d9;height: 24px\"><a href=\"https:\/\/blogsaverroes.juntadeandalucia.es\/ceiplapachar\/files\/2021\/11\/FASE-7-.pdf\"><strong>FASE 7<\/strong><\/a><\/td>\n<td style=\"width: 62.9096%;text-align: center;background-color: #d5f2eb;height: 24px\" colspan=\"2\">CENTENAS INCOMPLETAS &#8211; CENTENAS COMPLETAS&nbsp;<\/td>\n<\/tr>\n<tr style=\"height: 24px\">\n<td style=\"width: 15.5265%;text-align: center;background-color: #8cf5d9;height: 24px\"><a href=\"https:\/\/blogsaverroes.juntadeandalucia.es\/ceiplapachar\/files\/2021\/11\/FASE-8-.pdf\"><strong>FASE 8<\/strong><\/a><\/td>\n<td style=\"width: 62.9096%;text-align: center;background-color: #d5f2eb;height: 24px\" colspan=\"2\">CENTENAS COMPLETAS &#8211; CENTENAS CON DECENAS&nbsp;<\/td>\n<\/tr>\n<tr style=\"height: 24px\">\n<td style=\"width: 15.5265%;text-align: center;background-color: #8cf5d9;height: 24px\"><a href=\"https:\/\/blogsaverroes.juntadeandalucia.es\/ceiplapachar\/files\/2021\/11\/FASE-9-.pdf\"><strong>FASE 9<\/strong><\/a><\/td>\n<td style=\"text-align: center;background-color: #d5f2eb;height: 24px\" colspan=\"2\">CENTENAS CON DECENAS &#8211; CENTENAS CON DECENAS&nbsp;<\/td>\n<\/tr>\n<tr style=\"height: 24px\">\n<td style=\"width: 15.5265%;text-align: center;background-color: #8cf5d9;height: 24px\"><a href=\"https:\/\/blogsaverroes.juntadeandalucia.es\/ceiplapachar\/files\/2021\/11\/FASE-10-.pdf\"><strong>FASE 10<\/strong><\/a><\/td>\n<td style=\"width: 62.9096%;text-align: center;background-color: #d5f2eb;height: 24px\" colspan=\"2\">CENTENAS COMPLETAS &#8211; CENTENAS INCOMPLETAS&nbsp;<\/td>\n<\/tr>\n<tr style=\"height: 24px\">\n<td style=\"width: 15.5265%;text-align: center;background-color: #8cf5d9;height: 24px\"><a href=\"https:\/\/blogsaverroes.juntadeandalucia.es\/ceiplapachar\/files\/2021\/11\/FASE-11-.pdf\"><strong>FASE 11<\/strong><\/a><\/td>\n<td style=\"width: 62.9096%;text-align: center;background-color: #d5f2eb;height: 24px\" colspan=\"2\">CENTENAS INCOMPLETAS &#8211; CENTENAS INCOMPLETAS&nbsp;<\/td>\n<\/tr>\n<\/tbody>\n<\/table>\n<p><strong>&nbsp; &nbsp; &nbsp;<\/strong><\/p>\n<\/div>\n","protected":false},"excerpt":{"rendered":"<p>Aqu\u00ed puedes encontrar las fichas para trabajar las Fases de la suma y resta &#8211; C\u00e1lculo mental. C\u00c1LCULO MENTAL &#8211; FASES DE LA SUMA. &nbsp; &nbsp;Pincha en cada fase y PR\u00c1CTICA&#8230;&nbsp; &nbsp; C\u00c1LCULO MENTAL&#46;&#46;&#46;<\/p>\n","protected":false},"author":11673,"featured_media":0,"parent":0,"menu_order":0,"comment_status":"closed","ping_status":"closed","template":"","meta":{"ngg_post_thumbnail":0,"footnotes":"","_mc_calendar":[]},"aioseo_notices":[],"_links":{"self":[{"href":"https:\/\/blogsaverroes.juntadeandalucia.es\/ceiplapachar\/wp-json\/wp\/v2\/pages\/3121"}],"collection":[{"href":"https:\/\/blogsaverroes.juntadeandalucia.es\/ceiplapachar\/wp-json\/wp\/v2\/pages"}],"about":[{"href":"https:\/\/blogsaverroes.juntadeandalucia.es\/ceiplapachar\/wp-json\/wp\/v2\/types\/page"}],"author":[{"embeddable":true,"href":"https:\/\/blogsaverroes.juntadeandalucia.es\/ceiplapachar\/wp-json\/wp\/v2\/users\/11673"}],"replies":[{"embeddable":true,"href":"https:\/\/blogsaverroes.juntadeandalucia.es\/ceiplapachar\/wp-json\/wp\/v2\/comments?post=3121"}],"version-history":[{"count":49,"href":"https:\/\/blogsaverroes.juntadeandalucia.es\/ceiplapachar\/wp-json\/wp\/v2\/pages\/3121\/revisions"}],"predecessor-version":[{"id":3244,"href":"https:\/\/blogsaverroes.juntadeandalucia.es\/ceiplapachar\/wp-json\/wp\/v2\/pages\/3121\/revisions\/3244"}],"wp:attachment":[{"href":"https:\/\/blogsaverroes.juntadeandalucia.es\/ceiplapachar\/wp-json\/wp\/v2\/media?parent=3121"}],"curies":[{"name":"wp","href":"https:\/\/api.w.org\/{rel}","templated":true}]}}