{"id":3370,"date":"2021-12-04T18:27:33","date_gmt":"2021-12-04T18:27:33","guid":{"rendered":"https:\/\/blogsaverroes.juntadeandalucia.es\/ceiplapachar\/?page_id=3370"},"modified":"2026-04-29T11:59:58","modified_gmt":"2026-04-29T11:59:58","slug":"servicione-complementarios","status":"publish","type":"page","link":"https:\/\/blogsaverroes.juntadeandalucia.es\/ceiplapachar\/servicione-complementarios\/","title":{"rendered":"SERVICIOS COMPLEMENTARIOS."},"content":{"rendered":"<div id=\"contenido_sitio\">\n<h3 style=\"text-align: center\"><em><span style=\"text-decoration: underline;color: #000080\"><strong>SOLICITUD DE SERVICIOS COMPLEMENTARIOS CURSO 26-27: <\/strong><\/span><\/em><\/h3>\n<h3 style=\"text-align: center\"><em><span style=\"text-decoration: underline;color: #000080\"><strong>COMEDOR ESCOLAR, AULA MATINAL, TRANSPORTE Y ACTIVIDADES EXTRAESCOLARES.<\/strong><\/span><\/em><\/h3>\n<p>&nbsp;<\/p>\n<p style=\"text-align: center\"><strong><span style=\"color: #ff0000\">FORMAS DE SOLICITARLO:<\/span><\/strong><\/p>\n<p>1- <strong><span style=\"text-decoration: underline\"><span style=\"color: #ff0000;text-decoration: underline\">RECOMENDADA<\/span><\/span><\/strong>: <strong><a href=\"https:\/\/www.juntadeandalucia.es\/educacion\/secretariavirtual\/\">A trav\u00e9s de la SECRETAR\u00cdA VIRTUAL DE LA CONSEJER\u00cdA (pincha para acceder).<\/a><\/strong><\/p>\n<p>&nbsp;<\/p>\n<p>2- <strong><span style=\"color: #000080\">De forma presencial (los impresos se pueden descargas desde esta p\u00e1gina).<\/span><\/strong><\/p>\n<p>&nbsp;<\/p>\n<p style=\"text-align: justify\">&nbsp; &nbsp;Desde esta p\u00e1gina podr\u00e1s descargarte los impresos para solicitar los SERVICIOS COMPLEMENTARIOS QUE OFERTA NUESTRO COLEGIO:&nbsp;<span style=\"color: #0000ff\"><strong>Comedor Escolar, Aula Matinal, Actividades Extraescolares y Transporte Escolar<\/strong><\/span>. Tambi\u00e9n podr\u00e1s disponer de las solicitudes para pedir<span style=\"color: #0000ff\"><strong> B<\/strong><strong>ONIFICACIONES EN LOS SERVICIOS COMPLEMENTARIOS<\/strong><\/span> y una lista con toda la documentaci\u00f3n que debes aportar para ello.<\/p>\n<p>&nbsp;<\/p>\n<table style=\"border-collapse: collapse;width: 100%\">\n<tbody>\n<tr>\n<td style=\"width: 25%\"><a href=\"https:\/\/blogsaverroes.juntadeandalucia.es\/ceiplapachar\/files\/2021\/12\/AULA-MATINAL.png\"><img fetchpriority=\"high\" decoding=\"async\" class=\"size-medium wp-image-3377 aligncenter\" src=\"https:\/\/blogsaverroes.juntadeandalucia.es\/ceiplapachar\/files\/2021\/12\/AULA-MATINAL-300x183.png\" alt=\"\" width=\"300\" height=\"183\" srcset=\"https:\/\/blogsaverroes.juntadeandalucia.es\/ceiplapachar\/files\/2021\/12\/AULA-MATINAL-300x183.png 300w, https:\/\/blogsaverroes.juntadeandalucia.es\/ceiplapachar\/files\/2021\/12\/AULA-MATINAL-768x467.png 768w, https:\/\/blogsaverroes.juntadeandalucia.es\/ceiplapachar\/files\/2021\/12\/AULA-MATINAL.png 1024w\" sizes=\"(max-width: 300px) 100vw, 300px\" \/><\/a><\/td>\n<td style=\"width: 25%\"><a href=\"https:\/\/blogsaverroes.juntadeandalucia.es\/ceiplapachar\/files\/2021\/12\/COMEDOR-ESCOLAR.png\"><img decoding=\"async\" class=\"size-medium wp-image-3378 aligncenter\" src=\"https:\/\/blogsaverroes.juntadeandalucia.es\/ceiplapachar\/files\/2021\/12\/COMEDOR-ESCOLAR-300x232.png\" alt=\"\" width=\"300\" height=\"232\" srcset=\"https:\/\/blogsaverroes.juntadeandalucia.es\/ceiplapachar\/files\/2021\/12\/COMEDOR-ESCOLAR-300x232.png 300w, https:\/\/blogsaverroes.juntadeandalucia.es\/ceiplapachar\/files\/2021\/12\/COMEDOR-ESCOLAR-768x593.png 768w, https:\/\/blogsaverroes.juntadeandalucia.es\/ceiplapachar\/files\/2021\/12\/COMEDOR-ESCOLAR.png 1024w\" sizes=\"(max-width: 300px) 100vw, 300px\" \/><\/a><\/td>\n<td style=\"width: 25%\"><a href=\"https:\/\/blogsaverroes.juntadeandalucia.es\/ceiplapachar\/files\/2021\/12\/TRANSPORTE-ESCOLAR.jpg\"><img decoding=\"async\" class=\"size-medium wp-image-3379 aligncenter\" src=\"https:\/\/blogsaverroes.juntadeandalucia.es\/ceiplapachar\/files\/2021\/12\/TRANSPORTE-ESCOLAR-300x185.jpg\" alt=\"\" width=\"300\" height=\"185\" srcset=\"https:\/\/blogsaverroes.juntadeandalucia.es\/ceiplapachar\/files\/2021\/12\/TRANSPORTE-ESCOLAR-300x185.jpg 300w, https:\/\/blogsaverroes.juntadeandalucia.es\/ceiplapachar\/files\/2021\/12\/TRANSPORTE-ESCOLAR.jpg 650w\" sizes=\"(max-width: 300px) 100vw, 300px\" \/><\/a><\/td>\n<td style=\"width: 25%\"><a href=\"https:\/\/blogsaverroes.juntadeandalucia.es\/ceiplapachar\/files\/2021\/12\/Actividades-Extraescolares.jpg\"><img loading=\"lazy\" decoding=\"async\" class=\"size-medium wp-image-3380 aligncenter\" src=\"https:\/\/blogsaverroes.juntadeandalucia.es\/ceiplapachar\/files\/2021\/12\/Actividades-Extraescolares-300x150.jpg\" alt=\"\" width=\"300\" height=\"150\" srcset=\"https:\/\/blogsaverroes.juntadeandalucia.es\/ceiplapachar\/files\/2021\/12\/Actividades-Extraescolares-300x150.jpg 300w, https:\/\/blogsaverroes.juntadeandalucia.es\/ceiplapachar\/files\/2021\/12\/Actividades-Extraescolares-1024x511.jpg 1024w, https:\/\/blogsaverroes.juntadeandalucia.es\/ceiplapachar\/files\/2021\/12\/Actividades-Extraescolares-768x383.jpg 768w, https:\/\/blogsaverroes.juntadeandalucia.es\/ceiplapachar\/files\/2021\/12\/Actividades-Extraescolares.jpg 1156w\" sizes=\"(max-width: 300px) 100vw, 300px\" \/><\/a><\/td>\n<\/tr>\n<\/tbody>\n<\/table>\n<p>&nbsp;<\/p>\n<p>&nbsp; &nbsp; &nbsp;Tenemos secciones en la web dedicadas al Comedor Escolar, el <a href=\"https:\/\/blogsaverroes.juntadeandalucia.es\/ceiplapachar\/aula-matinal\/\">Aula Matinal<\/a>, el <a href=\"https:\/\/blogsaverroes.juntadeandalucia.es\/ceiplapachar\/transporte-escolar\/\">Transporte Escolar<\/a> y las <a href=\"https:\/\/blogsaverroes.juntadeandalucia.es\/ceiplapachar\/actividades-extraescolares\/\">Actividades Extraescolares<\/a>, en ellas podr\u00e1s conseguir informaci\u00f3n sobre estos servicios, te invitamos a que las consultes.<\/p>\n<p>&nbsp;<\/p>\n<p>&nbsp; &nbsp;Puedes consultar tambi\u00e9n en el&nbsp;<strong><a href=\"https:\/\/www.juntadeandalucia.es\/educacion\/portals\/web\/ced\/servicios-complementarios\">PORTAL DE LA JUNTA DE ANDALUC\u00cdA<\/a><\/strong>&nbsp;(pincha para acceder a \u00e9l).<\/p>\n<p>&nbsp;<\/p>\n<table style=\"width: 100%;height: 320px\" border=\"1\" align=\"center\">\n<tbody>\n<tr style=\"background-color: #29f0e9\">\n<td style=\"background-color: #f7f431;text-align: center;height: 75px\">\n<h2><strong>SOLICITUDES A SERIVICIOS COMPLEMENTARIOS: COMEDOR, AULA MATINAL Y TRANSPORTE ESCOLAR.<\/strong><\/h2>\n<h2><strong><span style=\"color: #ff0000\">PLAZOS<\/span>&nbsp;<\/strong> &nbsp;<\/h2>\n<\/td>\n<\/tr>\n<tr style=\"height: 30px\">\n<td style=\"background-color: #e4f2ee;text-align: center;height: 30px\">\n<h3><span style=\"color: #993366\"><strong>PARA EL ALUMNADO DEL C.E.I.P. LAPACHAR.<\/strong><\/span><\/h3>\n<\/td>\n<\/tr>\n<tr style=\"height: 23px\">\n<td style=\"background-color: #e4f2ee;height: 23px\">&nbsp; &nbsp;<span style=\"color: #000080\">PRESENTACI\u00d3N DE SOLICITUDES: <\/span>&nbsp;<strong><span style=\"color: #ff0000\">Del 1 al 10 de junio de 2.026, ambos inclusive.<\/span>&nbsp;<\/strong><\/td>\n<\/tr>\n<tr style=\"height: 47px\">\n<td style=\"background-color: #e4f2ee;height: 47px\">&nbsp; &nbsp;<span style=\"color: #000080\">PUBLICACI\u00d3N DE LISTAS PROVISIONALES DE ADMITIDOS Y SUPLENTES<\/span>:<span style=\"color: #ff0000\"><strong> Viernes 12&nbsp; de junio de 2.026.&nbsp;<\/strong> &nbsp;<\/span><\/td>\n<\/tr>\n<tr style=\"height: 23px\">\n<td style=\"background-color: #e4f2ee;height: 23px\">&nbsp; &nbsp;<span style=\"color: #000080\">PLAZO DE RECLAMACIONES A LA LISTA PROVISIONAL<\/span>: <strong><span style=\"color: #ff0000\">Del s\u00e1bado 13 al viernes 26 de junio de 2.026, ambos inclusive.<\/span><\/strong><\/td>\n<\/tr>\n<tr style=\"height: 23px\">\n<td style=\"background-color: #e4f2ee;height: 23px\">&nbsp; &nbsp;<span style=\"color: #000080\">PUBLICACI\u00d3N DE LISTA DEFINITIVA DE ADMITIDOS Y SUPLENTES<\/span>: Martes<span style=\"color: #ff0000\"><strong> 30 de junio de 2.026.<\/strong><\/span><\/td>\n<\/tr>\n<tr style=\"height: 47px\">\n<td style=\"background-color: #e4f2ee;height: 47px\">&nbsp; &nbsp;<span style=\"color: #000080\">RECLAMACIONES (RECURSO DE ALZADA) ANTE LA DELEGACI\u00d3N TERRITORIAL:<\/span> <strong><span style=\"color: #ff0000\">Del 1 al 31 de julio de 2.026.<\/span><\/strong><\/td>\n<\/tr>\n<tr style=\"height: 30px\">\n<td style=\"text-align: center;height: 30px;background-color: #f3cbf5\">\n<h3><strong>PARA EL ALUMNADO DEL I.E.S. SALMEDINA.<\/strong><\/h3>\n<\/td>\n<\/tr>\n<tr style=\"height: 22px\">\n<td style=\"height: 22px;background-color: #f3cbf5\">&nbsp;<span style=\"color: #000080\"> &nbsp;PRESENTACI\u00d3N DE SOLICITUDES:<\/span>&nbsp;<\/td>\n<\/tr>\n<tr>\n<td style=\"background-color: #f3cbf5\"><span style=\"color: #000080\">PUBLICACI\u00d3N DE LISTAS PROVISIONALES DE ADMITIDOS Y SUPLENTES<\/span>:<span style=\"color: #ff0000\"><strong> &nbsp;<\/strong><\/span><\/td>\n<\/tr>\n<tr>\n<td style=\"background-color: #f3cbf5\">&nbsp;<span style=\"color: #000080\">PLAZO DE RECLAMACIONES A LA LISTA PROVISIONAL<\/span>:&nbsp;<\/td>\n<\/tr>\n<tr>\n<td style=\"background-color: #f3cbf5\"><span style=\"color: #000080\">PUBLICACI\u00d3N DE LISTA DEFINITIVA DE ADMITIDOS Y SUPLENTES<\/span>: <strong><span style=\"color: #ff0000\">&nbsp;<\/span><\/strong><\/td>\n<\/tr>\n<tr>\n<td style=\"background-color: #f3cbf5\"><span style=\"color: #000080\">RECLAMACIONES (RECURSO DE ALZADA) ANTE LA DELEGACI\u00d3N TERRITORIAL:&nbsp;<\/span><\/td>\n<\/tr>\n<tr>\n<td style=\"background-color: #f5cfcb;text-align: center\">\n<h3><strong><span style=\"color: #993366\">EN SEPTIEMBRE &#8211; PLAZAS&nbsp; RESERVADAS PARA EL I.E.S. SALMEDINA, que puedan quedar vacantes.<\/span><\/strong><\/h3>\n<\/td>\n<\/tr>\n<tr>\n<td style=\"background-color: #f5cfcb;text-align: center\">\n<p style=\"text-align: left\"><span style=\"color: #000000\"><strong><span style=\"color: #ff0000\">LUNES 1 DE SEPTIEMBRE DE 2.025:<\/span>&nbsp; Relaci\u00f3n PROVISIONAL de admitidos y suplentes.<\/strong><\/span><\/p>\n<\/td>\n<\/tr>\n<tr>\n<td style=\"background-color: #f5cfcb;text-align: center\">\n<p style=\"text-align: left\"><span style=\"color: #000000\"><strong><span style=\"color: #ff0000\">DEL MARTES 2 AL LUNES 15 DE SEPTIEMBRE DE 2.025:<\/span> Plazo de alegaciones.<\/strong><\/span><\/p>\n<\/td>\n<\/tr>\n<tr>\n<td style=\"background-color: #f5cfcb;text-align: center\">\n<p style=\"text-align: left\"><span style=\"color: #000000\"><strong><span style=\"color: #ff0000\">MI\u00c9RCOLES 17 DE SEPTIEMBRE DE 2.025:<\/span> Resoluci\u00f3n definitiva de admitidos y suplentes.<\/strong><\/span><\/p>\n<\/td>\n<\/tr>\n<\/tbody>\n<\/table>\n<\/div>\n<p>&nbsp;<\/p>\n<table style=\"height: 188px;width: 100%;border-collapse: collapse;background-color: #f5f4b0\" border=\"1\">\n<tbody>\n<tr style=\"background-color: #da88e3\">\n<td style=\"width: 100%;height: 95px;background-color: #ede7a4\">\n<h3 style=\"text-align: center\"><strong>BONIFICACIONES A LOS SERVICIOS COMPLEMENTARIOS<\/strong><\/h3>\n<h3 style=\"text-align: center\"><span style=\"color: #ff0000\"><strong>PLAZOS<\/strong><\/span><\/h3>\n<\/td>\n<\/tr>\n<tr style=\"height: 47px;background-color: #edea3b\">\n<td style=\"width: 100%;height: 47px;background-color: #ede7a4\">&nbsp; &nbsp;<span style=\"color: #000080\">SOLICITUD DE BONIFICACIONES A LOS SERVICOS COMPLEMENTARIOS:<\/span> <strong><span style=\"color: #ff0000\">Del 1 al 7 de septiembre,<\/span><\/strong><\/td>\n<\/tr>\n<\/tbody>\n<\/table>\n<p>&nbsp;<\/p>\n<div id=\"contenido_sitio\">\n<table class=\"borde_con_rayas\" style=\"width: 98%;height: 132px\" border=\"1\" align=\"center\">\n<tbody>\n<tr style=\"background-color: #78e864\">\n<td style=\"text-align: center;height: 22px\">&nbsp;<strong> &nbsp;Pincha para obtener la siguiente documentaci\u00f3n&#8230;&nbsp; &nbsp;<\/strong><\/td>\n<\/tr>\n<tr style=\"height: 22px\">\n<td style=\"background-color: #acf2a7;height: 22px\"><strong><span style=\"color: #993366\">ANEXO II:<\/span><\/strong><a href=\"https:\/\/blogsaverroes.juntadeandalucia.es\/ceiplapachar\/files\/2025\/05\/SOLICITUD-SERVICIOS-COMPLEMENTARIOS-ANEXO-II-corregido.pdf\"> SOLICITUD DE SERVICIO DE AULA MATINAL, COMEDOR ESCOLAR O ACTIVIDADES EXTRAESCOLARES.<\/a><\/td>\n<\/tr>\n<tr style=\"height: 22px\">\n<td style=\"background-color: #acf2a7;height: 22px\"><span style=\"color: #993366\"><strong>ANEXO III<\/strong>:<\/span> <a href=\"https:\/\/blogsaverroes.juntadeandalucia.es\/ceiplapachar\/files\/2024\/05\/Anexo-III-Solicitud-Transporte-Escolar.pdf\">SOLICITUD DE TRANSPORTE ESCOLAR.<\/a><\/td>\n<\/tr>\n<tr style=\"height: 22px\">\n<td style=\"background-color: #acf2a7;height: 22px\"><strong><span style=\"color: #993366\">ANEXO V:<\/span><\/strong> <a href=\"https:\/\/blogsaverroes.juntadeandalucia.es\/ceiplapachar\/files\/2025\/05\/SOLICITUD-BONIFICACIONES_ANEXO_V.pdf\">SOLICITUD DE BONIFICACIONES PARA LOS SERVICIOS COMPLEMENTARIOS.<\/a><\/td>\n<\/tr>\n<tr style=\"height: 44px\">\n<td style=\"background-color: #acf2a7;height: 44px\"><a href=\"https:\/\/blogsaverroes.juntadeandalucia.es\/ceiplapachar\/files\/2025\/05\/DOCUMENTOS-NECESARIOS-PARA-SOLICITAR-COMEDOR-Y-AULA-MATINAL-23-24.pdf\">DOCUMENTOS NECESARIOS PARA SOLICITAR EL COMEDOR ESCOLAR Y EL AULA MATINAL PARA EL CURSO 2.025-26.<\/a><\/td>\n<\/tr>\n<\/tbody>\n<\/table>\n<\/div>\n<div>&nbsp;<\/div>\n<div>\n<table style=\"border-collapse: collapse;width: 100%\">\n<tbody>\n<tr>\n<td style=\"width: 760.545px;background-color: #f5b8d7;text-align: center\"><strong>PRECIO DE LOS SERVICIOS COMPLEMENTARIOS (instrucciones de 30 de julio de 2.024)<\/strong><\/td>\n<\/tr>\n<tr>\n<td style=\"width: 760.545px\"><strong><span style=\"color: #ff0000\">AULA MATINAL<\/span> PRECIO <span style=\"color: #ff0000\">MENSUA<\/span>L<\/strong>: 17\u00b451 \u20ac<\/p>\n<p><strong><span style=\"color: #ff0000\">AULA MATINAL<\/span> PRECIO POR <span style=\"color: #ff0000\">D\u00cdA<\/span><\/strong>: 1\u00b433 \u20ac<\/p>\n<p><strong><span style=\"color: #ff0000\">COMEDOR<\/span> ESCOLAR PRECIO POR <span style=\"color: #ff0000\">D\u00cdA<\/span><\/strong>: 5\u00b454 \u20ac<\/p>\n<p><strong><span style=\"color: #ff0000\">ACTIVIDADES EXTRAESCOLARES<\/span> PRECIO <span style=\"color: #ff0000\">MENSUAL<\/span><\/strong>: 17\u00b451 \u20ac cada actividad.<\/td>\n<\/tr>\n<\/tbody>\n<\/table>\n<\/div>\n","protected":false},"excerpt":{"rendered":"<p>SOLICITUD DE SERVICIOS COMPLEMENTARIOS CURSO 26-27: COMEDOR ESCOLAR, AULA MATINAL, TRANSPORTE Y ACTIVIDADES EXTRAESCOLARES. &nbsp; FORMAS DE SOLICITARLO: 1- RECOMENDADA: A trav\u00e9s de la SECRETAR\u00cdA VIRTUAL DE LA CONSEJER\u00cdA (pincha para acceder). &nbsp; 2-&#46;&#46;&#46;<\/p>\n","protected":false},"author":11673,"featured_media":0,"parent":0,"menu_order":0,"comment_status":"closed","ping_status":"closed","template":"","meta":{"ngg_post_thumbnail":0,"footnotes":"","_mc_calendar":[]},"aioseo_notices":[],"_links":{"self":[{"href":"https:\/\/blogsaverroes.juntadeandalucia.es\/ceiplapachar\/wp-json\/wp\/v2\/pages\/3370"}],"collection":[{"href":"https:\/\/blogsaverroes.juntadeandalucia.es\/ceiplapachar\/wp-json\/wp\/v2\/pages"}],"about":[{"href":"https:\/\/blogsaverroes.juntadeandalucia.es\/ceiplapachar\/wp-json\/wp\/v2\/types\/page"}],"author":[{"embeddable":true,"href":"https:\/\/blogsaverroes.juntadeandalucia.es\/ceiplapachar\/wp-json\/wp\/v2\/users\/11673"}],"replies":[{"embeddable":true,"href":"https:\/\/blogsaverroes.juntadeandalucia.es\/ceiplapachar\/wp-json\/wp\/v2\/comments?post=3370"}],"version-history":[{"count":34,"href":"https:\/\/blogsaverroes.juntadeandalucia.es\/ceiplapachar\/wp-json\/wp\/v2\/pages\/3370\/revisions"}],"predecessor-version":[{"id":7341,"href":"https:\/\/blogsaverroes.juntadeandalucia.es\/ceiplapachar\/wp-json\/wp\/v2\/pages\/3370\/revisions\/7341"}],"wp:attachment":[{"href":"https:\/\/blogsaverroes.juntadeandalucia.es\/ceiplapachar\/wp-json\/wp\/v2\/media?parent=3370"}],"curies":[{"name":"wp","href":"https:\/\/api.w.org\/{rel}","templated":true}]}}