{"id":3776,"date":"2021-12-19T16:55:32","date_gmt":"2021-12-19T16:55:32","guid":{"rendered":"https:\/\/blogsaverroes.juntadeandalucia.es\/ceiplapachar\/?page_id=3776"},"modified":"2021-12-19T17:01:39","modified_gmt":"2021-12-19T17:01:39","slug":"frances","status":"publish","type":"page","link":"https:\/\/blogsaverroes.juntadeandalucia.es\/ceiplapachar\/frances\/","title":{"rendered":"FRANC\u00c9S."},"content":{"rendered":"<div id=\"tituloItem\" class=\"blockTituloItem\"><span class=\"tituloItem\">FRANC\u00c9S Segundo Ciclo.<\/span><\/div>\n<div id=\"contenido_sitio\">\n<table style=\"width: 51.214%\" border=\"0\" align=\"center\">\n<tbody>\n<tr>\n<td style=\"width: 124px\"><img decoding=\"async\" class=\"aligncenter\" src=\"http:\/\/www.juntadeandalucia.es\/averroes\/centros-tic\/11002274\/helvia\/sitio\/upload\/img\/FRANCES_1.png\" border=\"0\"><\/td>\n<td style=\"width: 277px;background-color: #facdf9\">\n<p style=\"text-align: center\"><strong>ACTIVIDADES INTERACTIVAS&nbsp;<\/strong><\/p>\n<p style=\"text-align: center\"><strong>DE&nbsp;FRANC\u00c9S&nbsp;&#8211;&nbsp;SEGUNDO CICLO.<\/strong><\/p>\n<\/td>\n<\/tr>\n<\/tbody>\n<\/table>\n<p>&nbsp; &nbsp; &nbsp;Pincha&nbsp;en los apartados correspondientes para acceder a los&nbsp;<strong>&nbsp;V\u00cdDEOS Y CANCIONES DE FRANC\u00c9S<\/strong>.<\/p>\n<table style=\"background-color: #e7f57a\" border=\"2\" align=\"center\">\n<tbody>\n<tr>\n<td style=\"text-align: center\"><strong><a href=\"https:\/\/youtu.be\/xHyzxYV8b5E\">LAS BEBIDAS<\/a>.&nbsp;<\/strong><\/td>\n<td style=\"text-align: center\"><strong><a href=\"https:\/\/youtu.be\/3qkF-kgLZU0\">IR A LA COMIDA<\/a>.&nbsp;&nbsp;<\/strong><\/td>\n<\/tr>\n<tr>\n<td style=\"text-align: center\"><strong><a href=\"https:\/\/youtu.be\/T6_kicioBvk\">EXPRESIONES COMUNES EN FRANC\u00c9S<\/a>.&nbsp;&nbsp;<\/strong><\/td>\n<td style=\"text-align: center\"><strong><a href=\"https:\/\/youtu.be\/Ax9KrY6puUg\">LOS COLORES<\/a>.<\/strong><\/td>\n<\/tr>\n<tr>\n<td style=\"text-align: center\"><strong><a href=\"https:\/\/youtu.be\/Lpwf5N0rfVE\">LOS D\u00cdAS DE LA SEMANA (CANCI\u00d3N)<\/a>.<\/strong><\/td>\n<td style=\"text-align: center\"><strong><a href=\"https:\/\/youtu.be\/-4kNeFGBAcw\">LOS COLORES&nbsp; &nbsp; &nbsp; &nbsp; &nbsp;(CANCI\u00d3N)<\/a>.&nbsp;&nbsp;<\/strong><\/td>\n<\/tr>\n<tr>\n<td style=\"text-align: center\"><strong><a href=\"https:\/\/youtu.be\/7_u2SigckNQ\">LOS MESES DEL A\u00d1O&nbsp; &nbsp; &nbsp;&nbsp;<\/a><\/strong><strong><a href=\"https:\/\/youtu.be\/7_u2SigckNQ\">(CANCI\u00d3N)<\/a>.<\/strong><\/td>\n<td style=\"text-align: center\"><strong><a href=\"https:\/\/youtu.be\/7c20ah4Gglw?list=TLPQMTEwNjIwMjCKvs71Lw2sPQ\">LAS PRESENTACIONES<\/a>.<\/strong><\/td>\n<\/tr>\n<tr>\n<td style=\"text-align: center\"><strong><a href=\"https:\/\/youtu.be\/PBGyTrfhVRE?list=TLPQMTEwNjIwMjCKvs71Lw2sPQ\">EL MATERIAL ESCOLAR<\/a>.<\/strong><\/td>\n<td style=\"text-align: center\"><strong><a href=\"https:\/\/youtu.be\/UsEz58BblMY?list=TLPQMTEwNjIwMjCKvs71Lw2sPQ\">LOS N\u00daMEROS (1-20)<\/a>.<\/strong><\/td>\n<\/tr>\n<\/tbody>\n<\/table>\n<\/div>\n<p>&nbsp;<\/p>\n<div id=\"tituloItem\" class=\"blockTituloItem\"><span class=\"tituloItem\">FRANC\u00c9S Tercer Ciclo.<\/span><\/div>\n<div id=\"contenido_sitio\">\n<table style=\"width: 49.2131%\" border=\"0\" align=\"center\">\n<tbody>\n<tr>\n<td style=\"width: 260px;background-color: #f7c8f7\">\n<p style=\"text-align: center\">ACTIVIDADES INTERACTIVAS&nbsp;<\/p>\n<p style=\"text-align: center\">DE&nbsp;<strong>FRANC\u00c9S<\/strong>&nbsp;&#8211;&nbsp;<strong>TERCER&nbsp;CICLO<\/strong>.<\/p>\n<\/td>\n<td style=\"width: 123px\"><img decoding=\"async\" class=\"aligncenter\" src=\"http:\/\/www.juntadeandalucia.es\/averroes\/centros-tic\/11002274\/helvia\/sitio\/upload\/img\/FRANCES_2.jpg\" border=\"0\"><\/td>\n<\/tr>\n<\/tbody>\n<\/table>\n<p>&nbsp; &nbsp;&nbsp;&nbsp;Pincha&nbsp;en los apartados correspondientes para acceder a las&nbsp;<strong>ACTIVIDADES INTERACTIVAS, JUEGOS, V\u00cdDEOS Y CANCIONES DE FRANC\u00c9S<\/strong>.<\/p>\n<div>\n<table style=\"width: 17.6191%\" border=\"1\" align=\"center\">\n<tbody>\n<tr>\n<td style=\"background-color: #f5bcbc;text-align: center;width: 43.1373%\" colspan=\"2\"><strong>&nbsp; JUEGOS&nbsp;&nbsp;<\/strong><\/td>\n<\/tr>\n<tr>\n<td style=\"text-align: center;width: 43.1373%\" colspan=\"2\">&nbsp;&nbsp;<a href=\"https:\/\/www.french-games.net\/es\/temas-en-franc%C3%A9s\">P\u00c1GINA WEB 1<\/a>&nbsp;&nbsp;<\/td>\n<\/tr>\n<\/tbody>\n<\/table>\n<table border=\"1\" align=\"center\">\n<tbody>\n<tr>\n<td style=\"background-color: #f5baba;text-align: center\" colspan=\"4\"><strong>&nbsp;LA&nbsp; ROPA&nbsp;<\/strong>&nbsp;<\/td>\n<\/tr>\n<tr>\n<td style=\"text-align: center\">&nbsp;&nbsp;<a href=\"https:\/\/youtu.be\/7ZotmBF-5Xg\">P\u00c1GINA WEB 1<\/a>&nbsp;&nbsp;<\/td>\n<td style=\"text-align: center\">&nbsp;&nbsp;<a href=\"https:\/\/youtu.be\/DHRB52I6dYE\">P\u00c1GINA WEB 2<\/a>&nbsp;&nbsp;<\/td>\n<td style=\"text-align: center\">&nbsp;&nbsp;<a href=\"https:\/\/youtu.be\/pB83KLDgzd8\">P\u00c1GINA WEB 3<\/a>&nbsp;&nbsp;<\/td>\n<td style=\"text-align: center\">&nbsp;&nbsp;<a href=\"https:\/\/youtu.be\/Bg-S5XFgxjg\">P\u00c1GINA WEB 4<\/a>&nbsp;&nbsp;<\/td>\n<\/tr>\n<tr>\n<td style=\"text-align: center\" colspan=\"2\"><a href=\"https:\/\/youtu.be\/JDidxfQ4qB4\">CANCI\u00d3N 5<\/a><\/td>\n<td style=\"text-align: center\" colspan=\"2\"><a href=\"https:\/\/youtu.be\/Ax9KrY6puUg\">CANCI\u00d3N 6<\/a><\/td>\n<\/tr>\n<\/tbody>\n<\/table>\n<\/div>\n<div>\n<table border=\"1\" align=\"center\">\n<tbody>\n<tr>\n<td style=\"text-align: center\">&nbsp;&nbsp;<a href=\"https:\/\/youtu.be\/hA_31Qre1Rw\">LOS OFICIOS.<\/a>&nbsp;&nbsp;<\/td>\n<td style=\"text-align: center\">&nbsp;<a href=\"https:\/\/youtu.be\/d5U4kDDBCVA\">&nbsp;LOS&nbsp; ALIMENTOS.<\/a>&nbsp;&nbsp;<\/td>\n<td style=\"text-align: center\">&nbsp;&nbsp;<a href=\"https:\/\/youtu.be\/nWGq6bFKJ20\">LA HORA.<\/a>&nbsp;&nbsp;<\/td>\n<\/tr>\n<tr>\n<td style=\"text-align: center\">&nbsp;&nbsp;<a href=\"https:\/\/youtu.be\/mc50nn9mkQE\">FRUTAS.<\/a><\/td>\n<td style=\"text-align: center\">&nbsp;&nbsp;<a href=\"https:\/\/youtu.be\/HrWNcq_r9DQ\">DIFERENTES ALIMENTOS.<\/a>&nbsp;&nbsp;<\/td>\n<td style=\"text-align: center\">&nbsp;&nbsp;<a href=\"https:\/\/youtu.be\/GYJxoK7PKwM?list=TLPQMTEwNjIwMjCKvs71Lw2sP\">LOS N\u00daMEROS (1-100).<\/a>&nbsp;&nbsp;<\/td>\n<\/tr>\n<tr>\n<td style=\"text-align: center\" colspan=\"3\"><a href=\"https:\/\/youtu.be\/CUAsT_mI5TY?list=TLPQMTEwNjIwMjCKvs71Lw2sPQ\">MI HABITACI\u00d3N&nbsp; ( CANCI\u00d3N ).<\/a><\/td>\n<\/tr>\n<\/tbody>\n<\/table>\n<\/div>\n<\/div>\n<div>&nbsp;<\/div>\n","protected":false},"excerpt":{"rendered":"<p>FRANC\u00c9S Segundo Ciclo. ACTIVIDADES INTERACTIVAS&nbsp; DE&nbsp;FRANC\u00c9S&nbsp;&#8211;&nbsp;SEGUNDO CICLO. &nbsp; &nbsp; &nbsp;Pincha&nbsp;en los apartados correspondientes para acceder a los&nbsp;&nbsp;V\u00cdDEOS Y CANCIONES DE FRANC\u00c9S. LAS BEBIDAS.&nbsp; IR A LA COMIDA.&nbsp;&nbsp; EXPRESIONES COMUNES EN FRANC\u00c9S.&nbsp;&nbsp; LOS COLORES. LOS&#46;&#46;&#46;<\/p>\n","protected":false},"author":11673,"featured_media":0,"parent":0,"menu_order":0,"comment_status":"closed","ping_status":"closed","template":"","meta":{"ngg_post_thumbnail":0,"footnotes":"","_mc_calendar":[]},"aioseo_notices":[],"_links":{"self":[{"href":"https:\/\/blogsaverroes.juntadeandalucia.es\/ceiplapachar\/wp-json\/wp\/v2\/pages\/3776"}],"collection":[{"href":"https:\/\/blogsaverroes.juntadeandalucia.es\/ceiplapachar\/wp-json\/wp\/v2\/pages"}],"about":[{"href":"https:\/\/blogsaverroes.juntadeandalucia.es\/ceiplapachar\/wp-json\/wp\/v2\/types\/page"}],"author":[{"embeddable":true,"href":"https:\/\/blogsaverroes.juntadeandalucia.es\/ceiplapachar\/wp-json\/wp\/v2\/users\/11673"}],"replies":[{"embeddable":true,"href":"https:\/\/blogsaverroes.juntadeandalucia.es\/ceiplapachar\/wp-json\/wp\/v2\/comments?post=3776"}],"version-history":[{"count":3,"href":"https:\/\/blogsaverroes.juntadeandalucia.es\/ceiplapachar\/wp-json\/wp\/v2\/pages\/3776\/revisions"}],"predecessor-version":[{"id":3793,"href":"https:\/\/blogsaverroes.juntadeandalucia.es\/ceiplapachar\/wp-json\/wp\/v2\/pages\/3776\/revisions\/3793"}],"wp:attachment":[{"href":"https:\/\/blogsaverroes.juntadeandalucia.es\/ceiplapachar\/wp-json\/wp\/v2\/media?parent=3776"}],"curies":[{"name":"wp","href":"https:\/\/api.w.org\/{rel}","templated":true}]}}