{"id":3778,"date":"2021-12-19T16:55:32","date_gmt":"2021-12-19T16:55:32","guid":{"rendered":"https:\/\/blogsaverroes.juntadeandalucia.es\/ceiplapachar\/?page_id=3778"},"modified":"2021-12-19T17:07:22","modified_gmt":"2021-12-19T17:07:22","slug":"audicion-y-lenguaje-a-l","status":"publish","type":"page","link":"https:\/\/blogsaverroes.juntadeandalucia.es\/ceiplapachar\/audicion-y-lenguaje-a-l\/","title":{"rendered":"AUDICI\u00d3N Y LENGUAJE A.L."},"content":{"rendered":"<div id=\"tituloItem\" class=\"blockTituloItem\"><span class=\"tituloItem\">Audici\u00f3n y Lenguaje.<\/span><\/div>\n<div id=\"contenido_sitio\">\n<table style=\"width: 400px\" border=\"0\" align=\"center\">\n<tbody>\n<tr>\n<td><img decoding=\"async\" class=\"aligncenter\" src=\"https:\/\/www.juntadeandalucia.es\/averroes\/centros-tic\/11002274\/helvia\/sitio\/upload\/img\/audicion_y_lenguale.jpg\" width=\"135\" height=\"109\" border=\"0\"><\/td>\n<td>\n<p style=\"text-align: center\">&nbsp; &nbsp; &nbsp; <strong>ACTIVIDADES INTERACTIVAS&nbsp; &nbsp; &nbsp;DE&nbsp; &nbsp; &nbsp;<\/strong><\/p>\n<p style=\"text-align: center\"><strong>AUDICI\u00d3N Y LENGUAJE.<\/strong><\/p>\n<\/td>\n<\/tr>\n<\/tbody>\n<\/table>\n<p>&nbsp;<\/p>\n<table border=\"0\">\n<tbody>\n<tr>\n<td><img decoding=\"async\" class=\"aligncenter\" title=\"dedo-2\" src=\"https:\/\/www.juntadeandalucia.es\/averroes\/centros-tic\/11002274\/helvia\/sitio\/upload\/img\/DEDO_2.jpg\" alt=\"dedo-2\" border=\"0\"><\/td>\n<td style=\"text-align: center\"><a href=\"https:\/\/view.genial.ly\/5e73527766abcc0f6863c46b\/presentation-actividades-para-el-aprendizaje-y-desarrollo-de-habilidades-linguisticas?fbclid=IwAR29mM5zXMZnkO5R58qddEdkwm3fbkNXawm4mYd3TmL7bPXjQlAMzPGYT-Q\"><strong>Pincha<\/strong> aqu\u00ed para acceder a las actividades interactivas de Audici\u00f3n y Lenguaje<\/a>.<\/td>\n<\/tr>\n<\/tbody>\n<\/table>\n<table style=\"background-color: #f7ee6a\" border=\"1\" align=\"center\">\n<tbody>\n<tr>\n<td style=\"text-align: center\"><strong>INSTRUCCIONES<\/strong><\/td>\n<\/tr>\n<tr>\n<td style=\"text-align: center\"><strong>Pulsar<\/strong>:&nbsp;<strong>&nbsp;CASTELLANO<\/strong>.<\/p>\n<p><strong>Pulsar<\/strong>:&nbsp;<strong>&nbsp;\u00a1 COMENZAMOS !<\/strong><\/p>\n<p><strong>Pulsar el nivel<\/strong>:&nbsp;<strong>INFANTIL, PRIMER, SEGUNDO Y TERCER CICLO.<\/strong><\/p>\n<p><strong>Pulsar la TAREA 1,2,3, etc:<\/strong>&nbsp;<strong>Cada tarea incluye 4 actividades interactivas.<\/strong><\/td>\n<\/tr>\n<\/tbody>\n<\/table>\n<\/div>\n<div>&nbsp;<\/div>\n","protected":false},"excerpt":{"rendered":"<p>Audici\u00f3n y Lenguaje. &nbsp; &nbsp; &nbsp; ACTIVIDADES INTERACTIVAS&nbsp; &nbsp; &nbsp;DE&nbsp; &nbsp; &nbsp; AUDICI\u00d3N Y LENGUAJE. &nbsp; Pincha aqu\u00ed para acceder a las actividades interactivas de Audici\u00f3n y Lenguaje. INSTRUCCIONES Pulsar:&nbsp;&nbsp;CASTELLANO. Pulsar:&nbsp;&nbsp;\u00a1 COMENZAMOS ! Pulsar&#46;&#46;&#46;<\/p>\n","protected":false},"author":11673,"featured_media":0,"parent":0,"menu_order":0,"comment_status":"closed","ping_status":"closed","template":"","meta":{"ngg_post_thumbnail":0,"footnotes":"","_mc_calendar":[]},"aioseo_notices":[],"_links":{"self":[{"href":"https:\/\/blogsaverroes.juntadeandalucia.es\/ceiplapachar\/wp-json\/wp\/v2\/pages\/3778"}],"collection":[{"href":"https:\/\/blogsaverroes.juntadeandalucia.es\/ceiplapachar\/wp-json\/wp\/v2\/pages"}],"about":[{"href":"https:\/\/blogsaverroes.juntadeandalucia.es\/ceiplapachar\/wp-json\/wp\/v2\/types\/page"}],"author":[{"embeddable":true,"href":"https:\/\/blogsaverroes.juntadeandalucia.es\/ceiplapachar\/wp-json\/wp\/v2\/users\/11673"}],"replies":[{"embeddable":true,"href":"https:\/\/blogsaverroes.juntadeandalucia.es\/ceiplapachar\/wp-json\/wp\/v2\/comments?post=3778"}],"version-history":[{"count":5,"href":"https:\/\/blogsaverroes.juntadeandalucia.es\/ceiplapachar\/wp-json\/wp\/v2\/pages\/3778\/revisions"}],"predecessor-version":[{"id":3797,"href":"https:\/\/blogsaverroes.juntadeandalucia.es\/ceiplapachar\/wp-json\/wp\/v2\/pages\/3778\/revisions\/3797"}],"wp:attachment":[{"href":"https:\/\/blogsaverroes.juntadeandalucia.es\/ceiplapachar\/wp-json\/wp\/v2\/media?parent=3778"}],"curies":[{"name":"wp","href":"https:\/\/api.w.org\/{rel}","templated":true}]}}