{"id":3857,"date":"2021-12-19T19:29:19","date_gmt":"2021-12-19T19:29:19","guid":{"rendered":"https:\/\/blogsaverroes.juntadeandalucia.es\/ceiplapachar\/?page_id=3857"},"modified":"2021-12-19T19:31:13","modified_gmt":"2021-12-19T19:31:13","slug":"impresos-de-matricula","status":"publish","type":"page","link":"https:\/\/blogsaverroes.juntadeandalucia.es\/ceiplapachar\/impresos-de-matricula\/","title":{"rendered":"IMPRESOS DE MATR\u00cdCULA."},"content":{"rendered":"<h2 id=\"tituloItem\" class=\"blockTituloItem\" style=\"text-align: center\"><strong><span class=\"tituloItem\">IMPRESOS DE MATR\u00cdCULA 21-22.<\/span><\/strong><\/h2>\n<div id=\"contenido_sitio\">\n<p>&nbsp; &nbsp;Desde aqu\u00ed podr\u00e1s descargarte los impresos para la matriculaci\u00f3n en el curso 2.021-22.&nbsp;Recuerda&nbsp;que puedes hacerlo tambi\u00e9n a trav\u00e9s de la SECRETAR\u00cdA VIRTUAL (puedes acceder desde una secci\u00f3n de nuestra WEB).<\/p>\n<table style=\"background-color: #ebed72\" border=\"1\" align=\"center\">\n<tbody>\n<tr>\n<td style=\"text-align: center\">&nbsp; <strong>&nbsp;Pincha en cada impreso para descargarlo.&nbsp;<\/strong> &nbsp;<\/td>\n<\/tr>\n<tr>\n<td>&nbsp; &nbsp;<a title=\"IMPRESO MATR\u00cdCULA 2\u00ba CICLO DE INFANTIL-ANEXO IV\" href=\"http:\/\/www.juntadeandalucia.es\/averroes\/centros-tic\/11002274\/helvia\/sitio\/upload\/ANEXO_IV_MATRICULA_INFANTIL.pdf\" target=\"_blank\" rel=\"noopener noreferrer\">IMPRESO DE MATR\u00cdCULA PARA EDUCACI\u00d3N INFANTIL<\/a><\/td>\n<\/tr>\n<tr>\n<td>&nbsp; &nbsp;<a title=\"IMPRESO MATR\u00cdCULA DE PRIMARIA 21-22\" href=\"http:\/\/www.juntadeandalucia.es\/averroes\/centros-tic\/11002274\/helvia\/sitio\/upload\/ANEXO_V_PRIMARIA.pdf\" target=\"_blank\" rel=\"noopener noreferrer\">IMPRESO DE MATR\u00cdCULA PARA EDUCACI\u00d3N PRIMARIA<\/a>.<\/td>\n<\/tr>\n<tr>\n<td>&nbsp;&nbsp;<a title=\"IMPRESO MATRICULACI\u00d3N EN RELIGI\u00d3N- ANEXO I\" href=\"http:\/\/www.juntadeandalucia.es\/averroes\/centros-tic\/11002274\/helvia\/sitio\/upload\/ANEXO_I_MATRICULA_RELIGION.pdf\" target=\"_blank\" rel=\"noopener noreferrer\">&nbsp;IMPRESO DE SOLICITUD PARA CURSAR LA ENSE\u00d1ANZA DE RELIGI\u00d3N<\/a>&nbsp; &nbsp;<\/td>\n<\/tr>\n<\/tbody>\n<\/table>\n<\/div>\n","protected":false},"excerpt":{"rendered":"<p>IMPRESOS DE MATR\u00cdCULA 21-22. &nbsp; &nbsp;Desde aqu\u00ed podr\u00e1s descargarte los impresos para la matriculaci\u00f3n en el curso 2.021-22.&nbsp;Recuerda&nbsp;que puedes hacerlo tambi\u00e9n a trav\u00e9s de la SECRETAR\u00cdA VIRTUAL (puedes acceder desde una secci\u00f3n de nuestra&#46;&#46;&#46;<\/p>\n","protected":false},"author":11673,"featured_media":0,"parent":0,"menu_order":0,"comment_status":"closed","ping_status":"closed","template":"","meta":{"ngg_post_thumbnail":0,"footnotes":"","_mc_calendar":[]},"aioseo_notices":[],"_links":{"self":[{"href":"https:\/\/blogsaverroes.juntadeandalucia.es\/ceiplapachar\/wp-json\/wp\/v2\/pages\/3857"}],"collection":[{"href":"https:\/\/blogsaverroes.juntadeandalucia.es\/ceiplapachar\/wp-json\/wp\/v2\/pages"}],"about":[{"href":"https:\/\/blogsaverroes.juntadeandalucia.es\/ceiplapachar\/wp-json\/wp\/v2\/types\/page"}],"author":[{"embeddable":true,"href":"https:\/\/blogsaverroes.juntadeandalucia.es\/ceiplapachar\/wp-json\/wp\/v2\/users\/11673"}],"replies":[{"embeddable":true,"href":"https:\/\/blogsaverroes.juntadeandalucia.es\/ceiplapachar\/wp-json\/wp\/v2\/comments?post=3857"}],"version-history":[{"count":4,"href":"https:\/\/blogsaverroes.juntadeandalucia.es\/ceiplapachar\/wp-json\/wp\/v2\/pages\/3857\/revisions"}],"predecessor-version":[{"id":3863,"href":"https:\/\/blogsaverroes.juntadeandalucia.es\/ceiplapachar\/wp-json\/wp\/v2\/pages\/3857\/revisions\/3863"}],"wp:attachment":[{"href":"https:\/\/blogsaverroes.juntadeandalucia.es\/ceiplapachar\/wp-json\/wp\/v2\/media?parent=3857"}],"curies":[{"name":"wp","href":"https:\/\/api.w.org\/{rel}","templated":true}]}}